{"id":656,"date":"2020-07-15T10:39:06","date_gmt":"2020-07-15T10:39:06","guid":{"rendered":"https:\/\/kemoton.com\/datenschutz-cookies-politik\/"},"modified":"2020-07-15T10:39:08","modified_gmt":"2020-07-15T10:39:08","slug":"datenschutz-cookies-politik","status":"publish","type":"page","link":"https:\/\/kemoton.com\/de\/datenschutz-cookies-politik\/","title":{"rendered":"DATENSCHUTZ &#038; COOKIES-POLITIK"},"content":{"rendered":"\n<p>DATENSCHUTZ &amp; COOKIES-POLITIK<\/p>\n\n<p>INFORMATIONSHINWEIS<\/p>\n\n<p>Diese Seite beschreibt die Methoden, mit denen diese Site verwaltet wird, unter Bezugnahme auf die Verarbeitung der pers\u00f6nlichen Daten der Benutzer, die sie besuchen.<\/p>\n\n<p>Diese Informationsmitteilung wurde ebenfalls gem\u00e4\u00df Artikel 13 der EU-Verordnung 679\/2016 erstellt und richtet sich an die Personen, die mit den Diensten dieser Website interagieren.<\/p>\n\n<p>Der Hinweis bezieht sich nur auf diese Internetseite und nicht auf andere Websites, die der Benutzer \u00fcber Links besuchen kann.<\/p>\n\n<p>Der Informationshinweis ist auch von der Empfehlung Nr. 2\/2001, dass die europ\u00e4ischen Datenschutzbeh\u00f6rden, Mitglieder der Gruppe nach Art. 29 der Richtlinie 95\/46 \/ EG, die am 17. Mai 2001 verabschiedet wurde, um bestimmte Mindestanforderungen f\u00fcr die Online-Erhebung personenbezogener Daten und insbesondere die Methoden, den Zeitpunkt und die Art der Informationen festzulegen, die die f\u00fcr die Verarbeitung Verantwortlichen den Nutzern zur Verf\u00fcgung stellen m\u00fcssen , wenn sie eine Verbindung zu Webseiten herstellen, unabh\u00e4ngig vom Zweck der Verbindung.<\/p>\n\n<p>DER DATENREGLER<\/p>\n\n<p>Die Navigation auf dieser Website kann zur Verarbeitung von Daten f\u00fchren, die sich auf identifizierte oder identifizierbare Personen beziehen. Der &#8222;Verantwortliche&#8220; f\u00fcr die Verarbeitung dieser Daten ist KEMOTON GROUP Ltd. Zagreb, Kroatien, Umsatzsteuer-Identifikationsnummer 74618727774.<\/p>\n\n<p>ORT DER DATENVERARBEITUNG UND -KOMMUNIKATION<\/p>\n\n<p>Die Verarbeitung der Webservices dieser Website erfolgt am Sitz der Gesellschaft und wird dem zur Verarbeitung befugten Personal anvertraut. Die Daten k\u00f6nnen auch von Drittunternehmen verarbeitet werden, die in unserem Auftrag die Verwaltung des Online-Verkaufs und \/ oder der IT-Verwaltung (einschlie\u00dflich Hosting) der Website und \/ oder die Verwaltung anderer Aktivit\u00e4ten im Zusammenhang mit den Diensten dieser Website \u00fcbernehmen. Diese Unternehmen k\u00f6nnen in der Europ\u00e4ischen Union niedergelassen sein oder nicht und garantieren ein angemessenes Datenschutzniveau.<\/p>\n\n<p>Die Daten, die nicht verbreitet werden, k\u00f6nnen auch an andere Unternehmen der KEMOTON GROUP weitergegeben werden, die ebenfalls nicht in der Europ\u00e4ischen Union ans\u00e4ssig sind und ein angemessenes Datenschutzniveau gew\u00e4hrleisten.&#13;\n<\/p>\n\n<p>Arten von Daten, die verarbeitet werden<\/p>\n\n<p>Navigationsdaten<\/p>\n\n<p>Die IT-Systeme und Softwareverfahren, die den Betrieb dieser Website erm\u00f6glichen, erfassen w\u00e4hrend ihres normalen Betriebs bestimmte personenbezogene Daten, die von Natur aus \u00fcber Internetkommunikationsprotokolle \u00fcbertragen werden.<\/p>\n\n<p>Diese Informationen werden nicht gesammelt, um identifizierten betroffenen Personen zugeordnet zu werden, sondern k\u00f6nnen naturgem\u00e4\u00df durch Verarbeitung und Verkn\u00fcpfung mit Daten Dritter die Identifizierung von Benutzern erm\u00f6glichen.<\/p>\n\n<p>Diese Datenkategorie umfasst IP-Adressen oder die Dom\u00e4nennamen der Computer, die von den Benutzern f\u00fcr den Zugriff auf die Site verwendet werden, URI-Adressen (Uniform Resource Identifier) der angeforderten Ressourcen, den Zeitpunkt der Anforderung und die Methode zum Senden der Anforderung an die Server, die Gr\u00f6\u00dfe der als Antwort empfangenen Datei, der numerische Code, der den Status der vom Server gegebenen Antwort (erfolgreich, Fehler usw.) und andere Parameter in Bezug auf das Betriebssystem und die IT-Umgebung des Benutzers anzeigt.<\/p>\n\n<p>Diese Daten werden nur verwendet, um anonyme statistische Informationen \u00fcber die Nutzung der Website abzurufen und um deren reibungslosen Betrieb zu kontrollieren. Sie werden sofort nach der Verarbeitung gel\u00f6scht. Die Daten k\u00f6nnten zur Feststellung der Haftung bei Computerkriminalit\u00e4t gegen die Website verwendet werden: Derzeit bleiben die Webkontaktdaten mit Ausnahme dieses Falls nicht l\u00e4nger als sieben Tage erhalten.<\/p>\n\n<p>Vom Benutzer bereitwillig bereitgestellte Daten<\/p>\n\n<p>Das optionale, explizite und willk\u00fcrliche Versenden von E-Mails an die auf dieser Website genannten Adressen f\u00fchrt zur anschlie\u00dfenden Erfassung der Absenderadresse, die f\u00fcr den Versand einer Antwort erforderlich ist, sowie aller anderen in der Botschaft.<\/p>\n\n<p>Spezifische zusammenfassende Informationen zu bestimmten Diensten werden auf Anfrage bereitgestellt oder auf den Webseiten angezeigt.<\/p>\n\n<p>Cookies&#13;\nCookies sind Textelemente, die auf der Festplatte des Computers eingegeben werden. Cookies dienen dazu, die Analyse des Webverkehrs zu beschleunigen oder darauf hinzuweisen, wann eine bestimmte Website besucht wird, und erm\u00f6glichen es Webanwendungen, Informationen an einzelne Benutzer zu senden.<\/p>\n\n<p>Arten von Cookies, die von der Website verwendet werden<\/p>\n\n<p>Sicherheit: Cookies, die einen sicheren Zugriff auf das Konto erm\u00f6glichen&#13;\nEinstellungen: Cookies, die zum Speichern der Benutzereinstellungen verwendet werden, z. die Sprache oder Anzeige der Positionssuchergebnisse&#13;\nAnalyse: \u00dcberwachung der Verkehrsstr\u00f6me auf der Website, um die beliebtesten Inhalte und Probleme auf der Website zu identifizieren&#13;\nWebsite-Funktionen: \u00dcberwachung der vom Benutzer besuchten Positionen, um eine gr\u00f6\u00dfere Anzahl \u00e4hnlicher Positionen anzubieten. Der Datenverantwortliche verwendet Cookies auch, um Benutzer in Gruppen zu unterteilen und neue Website-Funktionen zu testen&#13;\nWerbung: Der f\u00fcr die Datenverarbeitung Verantwortliche verwendet nicht identifizierbare Informationen, um dem Benutzer Werbebanner auf seiner Website zu pr\u00e4sentieren&#13;\nDie Zustimmung des Nutzers ist nur f\u00fcr die Profilerstellung von Cookies erforderlich (Funktionen der Website und Werbung)<\/p>\n\n<p>Der Benutzer kann beschlie\u00dfen, die Cookies der Website abzulehnen \/ zu deaktivieren, sofern der Browser diese M\u00f6glichkeit bietet. In diesem Fall sind jedoch einige Seiten der Website m\u00f6glicherweise nicht zug\u00e4nglich und \/ oder funktionieren nicht ordnungsgem\u00e4\u00df, was die Bereitstellung des Dienstes behindert.<\/p>\n\n<p>OPTIONALE NATUR DER DATENBESTIMMUNG<\/p>\n\n<p>Abgesehen von den Angaben zu den Navigationsdaten steht es dem Benutzer frei, die in den Anforderungsformularen oder in den Mitteilungen angegebenen personenbezogenen Daten dem Unternehmen f\u00fcr den Versand der bestellten Produkte oder f\u00fcr die Anforderung von Newslettern, Informationsmaterial oder anderen Mitteilungen zur Verf\u00fcgung zu stellen.<\/p>\n\n<p>Wenn solche Daten nicht angegeben werden, kann der Benutzer m\u00f6glicherweise nicht die gew\u00fcnschten Produkte oder Dienstleistungen erhalten.&#13;\n<\/p>\n\n<p>Aus Gr\u00fcnden der Gr\u00fcndlichkeit m\u00f6chten wir Sie daran erinnern, dass die Beh\u00f6rden in einigen F\u00e4llen (die nicht unter die normale Verwaltung dieser Website fallen) Nachrichten und Informationen gem\u00e4\u00df Artikel 157 des Kodex zum Schutz von Personen anfordern k\u00f6nnen Daten, um die Verarbeitung personenbezogener Daten zu kontrollieren. In diesen F\u00e4llen ist eine Antwort obligatorisch, andernfalls besteht die Gefahr von Verwaltungssanktionen.<\/p>\n\n<p>VERFAHREN ZUR DATENVERARBEITUNG<\/p>\n\n<p>Personenbezogene Daten werden mit automatisierten Tools f\u00fcr die Zeit verarbeitet, die zur Erf\u00fcllung der Zwecke, f\u00fcr die sie erhoben werden, unbedingt erforderlich ist.<\/p>\n\n<p>Sitzungscookies verfallen, wenn der Browser geschlossen wird.<\/p>\n\n<p>Permanente Cookies verbleiben auch nach dem Verlassen der Website auf dem Computer des Benutzers und haben 38 Monate nach dem letzten durch die Cookies registrierten Zugriff keine Auswirkungen mehr.<\/p>\n\n<p>Anleitung zur Verwaltung von Cookies<\/p>\n\n<p>Wenn Sie einen anderen Browsertyp oder eine andere Version verwenden, lesen Sie bitte das Men\u00fc \u201eHilfe\u201c Ihres Browsers.<\/p>\n\n<p>Internet Explorer 7, 8, and 9<\/p>\n\n<p>Klicken Sie auf das Men\u00fc Extras und w\u00e4hlen Sie Internetoptionen.&#13;\nKlicken Sie auf den Bereich Datenschutz.&#13;\nVerwenden Sie den Cursor, um Ihre Optionen auszuw\u00e4hlen.&#13;\nF\u00fcr erweiterte Cookie-Einstellungen klicken Sie auf Websites oder Erweitert.<\/p>\n\n<p>Google Chrome<\/p>\n\n<p>Klicken Sie auf das Chrome-Men\u00fc und w\u00e4hlen Sie Einstellungen.&#13;\nKlicken Sie auf Erweiterte Einstellungen anzeigen.&#13;\nKlicken Sie auf Inhaltseinstellungen, um Ihre Optionen auszuw\u00e4hlen.<\/p>\n\n<p>Mozilla Firefox 14, 15, and 16<\/p>\n\n<p>Klicken Sie auf das Men\u00fc Extras und w\u00e4hlen Sie Optionen.&#13;\nKlicken Sie auf die Registerkarte Datenschutz und w\u00e4hlen Sie Ihre Optionen aus.&#13;\nF\u00fcr erweiterte Cookie-Einstellungen w\u00e4hlen Sie in den Verlaufseinstellungen die Option Benutzerdefinierte Einstellungen verwenden.<\/p>\n\n<p>Safari 5.1 and subsequent versions (Mac OS X)<\/p>\n\n<p>Klicken Sie auf das Safari-Men\u00fc und w\u00e4hlen Sie Favoriten.&#13;\nKlicken Sie auf den Abschnitt Datenschutz, um die Cookie-Einstellungen anzuzeigen.&#13;\nW\u00e4hlen Sie Ihre Optionen.&#13;\nF\u00fcr erweiterte Cookie-Einstellungen klicken Sie auf Details.&#13;\nEs werden spezielle Sicherheitsma\u00dfnahmen getroffen, um Datenverlust, rechtswidrige oder fehlerhafte Verwendung und unbefugten Zugriff zu verhindern.<\/p>\n\n<p>Opera 10, 11, and 12<\/p>\n\n<p>Klicken Sie auf das Opera-Men\u00fc und w\u00e4hlen Sie Einstellungen.&#13;\nKlicken Sie auf die Registerkarte Erweitert.&#13;\nKlicken Sie auf Cookies, um Ihre Optionen auszuw\u00e4hlen.<\/p>\n\n<p>RECHTE DER DATENGEGENST\u00c4NDE<\/p>\n\n<p>Zuletzt m\u00f6chten wir Sie dar\u00fcber informieren, dass Sie die durch die Verordnung gew\u00e4hrten Rechte aus\u00fcben k\u00f6nnen, indem Sie an privacy@spickandspan.info schreiben. Sie k\u00f6nnen auch anfordern, die Quelle der Daten sowie die Logik und Methoden ihrer Verarbeitung zu kennen. Um ihre L\u00f6schung zu erhalten, lassen Sie sie in eine anonyme Form \u00e4ndern oder blockieren Sie alle Daten, die unter Versto\u00df gegen das Gesetz verarbeitet wurden, und lassen Sie sie aktualisieren, korrigieren oder, wenn Sie das berechtigte Interesse haben, integrieren. Sie k\u00f6nnen der Verarbeitung auch aus legitimen Gr\u00fcnden widersprechen. Sie haben das Recht, Ihre Einwilligung jederzeit zu widerrufen, unbeschadet der Rechtm\u00e4\u00dfigkeit der Verarbeitung aufgrund der vor dem Widerruf erteilten Einwilligung. Ihnen wird das Recht auf Portabilit\u00e4t der Daten und die Einreichung einer Beschwerde bei einer Aufsichtsbeh\u00f6rde garantiert.<\/p>\n","protected":false},"excerpt":{"rendered":"<p>DATENSCHUTZ &amp; COOKIES-POLITIK INFORMATIONSHINWEIS Diese Seite beschreibt die Methoden, mit denen diese Site verwaltet wird, unter Bezugnahme auf die Verarbeitung der pers\u00f6nlichen Daten der Benutzer, die sie besuchen. Diese Informationsmitteilung wurde ebenfalls gem\u00e4\u00df Artikel 13 der EU-Verordnung 679\/2016 erstellt und richtet sich an die Personen, die mit den Diensten dieser Website interagieren. Der Hinweis bezieht [&#8230;]\n","protected":false},"author":1,"featured_media":0,"parent":0,"menu_order":0,"comment_status":"closed","ping_status":"closed","template":"page-right-sidebar.php","meta":{"_monsterinsights_skip_tracking":false,"_monsterinsights_sitenote_active":false,"_monsterinsights_sitenote_note":"","_monsterinsights_sitenote_category":0,"footnotes":""},"class_list":["post-656","page","type-page","status-publish","hentry"],"yoast_head":"<!-- This site is optimized with the Yoast SEO plugin v26.6 - https:\/\/yoast.com\/wordpress\/plugins\/seo\/ -->\n<title>DATENSCHUTZ &amp; COOKIES-POLITIK - KEMOTON SHOP<\/title>\n<meta name=\"robots\" content=\"index, follow, max-snippet:-1, max-image-preview:large, max-video-preview:-1\" \/>\n<link rel=\"canonical\" href=\"https:\/\/kemoton.com\/de\/datenschutz-cookies-politik\/\" \/>\n<meta property=\"og:locale\" content=\"de_DE\" \/>\n<meta property=\"og:type\" content=\"article\" \/>\n<meta property=\"og:title\" content=\"DATENSCHUTZ &amp; COOKIES-POLITIK - KEMOTON SHOP\" \/>\n<meta property=\"og:description\" content=\"DATENSCHUTZ &amp; COOKIES-POLITIK INFORMATIONSHINWEIS Diese Seite beschreibt die Methoden, mit denen diese Site verwaltet wird, unter Bezugnahme auf die Verarbeitung der pers\u00f6nlichen Daten der Benutzer, die sie besuchen. Diese Informationsmitteilung wurde ebenfalls gem\u00e4\u00df Artikel 13 der EU-Verordnung 679\/2016 erstellt und richtet sich an die Personen, die mit den Diensten dieser Website interagieren. Der Hinweis bezieht [...]\" \/>\n<meta property=\"og:url\" content=\"https:\/\/kemoton.com\/de\/datenschutz-cookies-politik\/\" \/>\n<meta property=\"og:site_name\" content=\"KEMOTON SHOP\" \/>\n<meta property=\"article:modified_time\" content=\"2020-07-15T10:39:08+00:00\" \/>\n<meta name=\"twitter:card\" content=\"summary_large_image\" \/>\n<meta name=\"twitter:label1\" content=\"Gesch\u00e4tzte Lesezeit\" \/>\n\t<meta name=\"twitter:data1\" content=\"7\u00a0Minuten\" \/>\n<script type=\"application\/ld+json\" class=\"yoast-schema-graph\">{\"@context\":\"https:\/\/schema.org\",\"@graph\":[{\"@type\":\"WebPage\",\"@id\":\"https:\/\/kemoton.com\/de\/datenschutz-cookies-politik\/\",\"url\":\"https:\/\/kemoton.com\/de\/datenschutz-cookies-politik\/\",\"name\":\"DATENSCHUTZ & COOKIES-POLITIK - KEMOTON SHOP\",\"isPartOf\":{\"@id\":\"https:\/\/kemoton.com\/hr\/#website\"},\"datePublished\":\"2020-07-15T10:39:06+00:00\",\"dateModified\":\"2020-07-15T10:39:08+00:00\",\"breadcrumb\":{\"@id\":\"https:\/\/kemoton.com\/de\/datenschutz-cookies-politik\/#breadcrumb\"},\"inLanguage\":\"de\",\"potentialAction\":[{\"@type\":\"ReadAction\",\"target\":[\"https:\/\/kemoton.com\/de\/datenschutz-cookies-politik\/\"]}]},{\"@type\":\"BreadcrumbList\",\"@id\":\"https:\/\/kemoton.com\/de\/datenschutz-cookies-politik\/#breadcrumb\",\"itemListElement\":[{\"@type\":\"ListItem\",\"position\":1,\"name\":\"Home\",\"item\":\"https:\/\/kemoton.com\/de\/\"},{\"@type\":\"ListItem\",\"position\":2,\"name\":\"DATENSCHUTZ &#038; COOKIES-POLITIK\"}]},{\"@type\":\"WebSite\",\"@id\":\"https:\/\/kemoton.com\/hr\/#website\",\"url\":\"https:\/\/kemoton.com\/hr\/\",\"name\":\"KEMOTON SHOP\",\"description\":\"Home of Brands\",\"potentialAction\":[{\"@type\":\"SearchAction\",\"target\":{\"@type\":\"EntryPoint\",\"urlTemplate\":\"https:\/\/kemoton.com\/hr\/?s={search_term_string}\"},\"query-input\":{\"@type\":\"PropertyValueSpecification\",\"valueRequired\":true,\"valueName\":\"search_term_string\"}}],\"inLanguage\":\"de\"}]}<\/script>\n<!-- \/ Yoast SEO plugin. -->","yoast_head_json":{"title":"DATENSCHUTZ & COOKIES-POLITIK - KEMOTON SHOP","robots":{"index":"index","follow":"follow","max-snippet":"max-snippet:-1","max-image-preview":"max-image-preview:large","max-video-preview":"max-video-preview:-1"},"canonical":"https:\/\/kemoton.com\/de\/datenschutz-cookies-politik\/","og_locale":"de_DE","og_type":"article","og_title":"DATENSCHUTZ & COOKIES-POLITIK - KEMOTON SHOP","og_description":"DATENSCHUTZ &amp; COOKIES-POLITIK INFORMATIONSHINWEIS Diese Seite beschreibt die Methoden, mit denen diese Site verwaltet wird, unter Bezugnahme auf die Verarbeitung der pers\u00f6nlichen Daten der Benutzer, die sie besuchen. Diese Informationsmitteilung wurde ebenfalls gem\u00e4\u00df Artikel 13 der EU-Verordnung 679\/2016 erstellt und richtet sich an die Personen, die mit den Diensten dieser Website interagieren. Der Hinweis bezieht [...]","og_url":"https:\/\/kemoton.com\/de\/datenschutz-cookies-politik\/","og_site_name":"KEMOTON SHOP","article_modified_time":"2020-07-15T10:39:08+00:00","twitter_card":"summary_large_image","twitter_misc":{"Gesch\u00e4tzte Lesezeit":"7\u00a0Minuten"},"schema":{"@context":"https:\/\/schema.org","@graph":[{"@type":"WebPage","@id":"https:\/\/kemoton.com\/de\/datenschutz-cookies-politik\/","url":"https:\/\/kemoton.com\/de\/datenschutz-cookies-politik\/","name":"DATENSCHUTZ & COOKIES-POLITIK - KEMOTON SHOP","isPartOf":{"@id":"https:\/\/kemoton.com\/hr\/#website"},"datePublished":"2020-07-15T10:39:06+00:00","dateModified":"2020-07-15T10:39:08+00:00","breadcrumb":{"@id":"https:\/\/kemoton.com\/de\/datenschutz-cookies-politik\/#breadcrumb"},"inLanguage":"de","potentialAction":[{"@type":"ReadAction","target":["https:\/\/kemoton.com\/de\/datenschutz-cookies-politik\/"]}]},{"@type":"BreadcrumbList","@id":"https:\/\/kemoton.com\/de\/datenschutz-cookies-politik\/#breadcrumb","itemListElement":[{"@type":"ListItem","position":1,"name":"Home","item":"https:\/\/kemoton.com\/de\/"},{"@type":"ListItem","position":2,"name":"DATENSCHUTZ &#038; COOKIES-POLITIK"}]},{"@type":"WebSite","@id":"https:\/\/kemoton.com\/hr\/#website","url":"https:\/\/kemoton.com\/hr\/","name":"KEMOTON SHOP","description":"Home of Brands","potentialAction":[{"@type":"SearchAction","target":{"@type":"EntryPoint","urlTemplate":"https:\/\/kemoton.com\/hr\/?s={search_term_string}"},"query-input":{"@type":"PropertyValueSpecification","valueRequired":true,"valueName":"search_term_string"}}],"inLanguage":"de"}]}},"jetpack_sharing_enabled":true,"_links":{"self":[{"href":"https:\/\/kemoton.com\/de\/wp-json\/wp\/v2\/pages\/656","targetHints":{"allow":["GET"]}}],"collection":[{"href":"https:\/\/kemoton.com\/de\/wp-json\/wp\/v2\/pages"}],"about":[{"href":"https:\/\/kemoton.com\/de\/wp-json\/wp\/v2\/types\/page"}],"author":[{"embeddable":true,"href":"https:\/\/kemoton.com\/de\/wp-json\/wp\/v2\/users\/1"}],"replies":[{"embeddable":true,"href":"https:\/\/kemoton.com\/de\/wp-json\/wp\/v2\/comments?post=656"}],"version-history":[{"count":0,"href":"https:\/\/kemoton.com\/de\/wp-json\/wp\/v2\/pages\/656\/revisions"}],"wp:attachment":[{"href":"https:\/\/kemoton.com\/de\/wp-json\/wp\/v2\/media?parent=656"}],"curies":[{"name":"wp","href":"https:\/\/api.w.org\/{rel}","templated":true}]}}