{"id":684,"date":"2020-07-15T12:00:33","date_gmt":"2020-07-15T12:00:33","guid":{"rendered":"https:\/\/kemoton.com\/ueber-uns\/"},"modified":"2020-07-21T00:05:54","modified_gmt":"2020-07-20T22:05:54","slug":"ueber-uns","status":"publish","type":"page","link":"https:\/\/kemoton.com\/de\/ueber-uns\/","title":{"rendered":"\u00dcber uns"},"content":{"rendered":"\n\n  <div class=\"banner has-hover has-video has-parallax\" id=\"banner-615448684\">\n          <div class=\"banner-inner fill\">\n        <div class=\"banner-bg fill\" data-parallax=\"-3\" data-parallax-container=\".banner\" data-parallax-background>\n            <div class=\"bg fill bg-fill \"><\/div>\n            \t<div class=\"video-overlay no-click fill hide-for-medium\"><\/div>\n\t<video class=\"video-bg fill hide-for-medium\" preload playsinline autoplay\n\t\tmuted\t\tloop>\n\t\t<source src=\"https:\/\/kemoton.com\/wp-content\/uploads\/2020\/07\/LadestaMain-1280x720-1.mp4\" type=\"video\/mp4\">\t<\/video>\n            <div class=\"overlay\"><\/div>            \n                    <\/div>\n\t\t\n        <div class=\"banner-layers container\">\n            <div class=\"fill banner-link\"><\/div>            \n\n   <div id=\"text-box-1657050015\" class=\"text-box banner-layer x50 md-x50 lg-x50 y80 md-y80 lg-y80 res-text\">\n                                <div class=\"text-box-content text dark\">\n              \n              <div class=\"text-inner text-center\">\n                  &#13;\n<h1 class=\"lead\">\u00dcber uns<\/h1>&#13;\n<p class=\"lead\">Der Webshop von Kemoton.com verkauft Produkte von Spick &amp; Span, Xantor Protector, Ladesta und Kemoton.<\/p>&#13;\n              <\/div>\n           <\/div>\n                            \n<style>\n#text-box-1657050015 {\n  width: 60%;\n}\n#text-box-1657050015 .text-box-content {\n  font-size: 100%;\n}\n<\/style>\n    <\/div>\n \n\n        <\/div>\n      <\/div>\n\n            \n<style>\n#banner-615448684 {\n  padding-top: 507px;\n}\n#banner-615448684 .bg.bg-loaded {\n  background-image: url(https:\/\/i0.wp.com\/kemoton.com\/wp-content\/uploads\/2016\/08\/dummy-2.jpg?fit=1000%2C650&ssl=1);\n}\n#banner-615448684 .overlay {\n  background-color: rgba(0, 0, 0, 0.49);\n}\n#banner-615448684 .ux-shape-divider--top svg {\n  height: 150px;\n  --divider-top-width: 100%;\n}\n#banner-615448684 .ux-shape-divider--bottom svg {\n  height: 150px;\n  --divider-width: 100%;\n}\n<\/style>\n  <\/div>\n\n\n<div class=\"row\"  id=\"row-1016377977\">\n\n\n\t<div id=\"col-1299587166\" class=\"col small-12 large-12\"  >\n\t\t\t\t<div class=\"col-inner\"  >\n\t\t\t\n\t\t\t\n\n<div>Spick &amp; Span ist Teil der KEMOTON GROUP. Die Produktlinie von Spick &amp; Span mit ihrer optimalen Formulierung ist auf alle Benutzer zugeschnitten, die nach den besten Produkten f\u00fcr die Wartung ihres Fahrzeugs suchen. Das Team von Menschen, die an der Entwicklung der Produkte arbeiten, ist Teil einer Gemeinschaft von Autoenthusiasten.<\/div>&#13;\n<div><\/div>&#13;\n<div>Brand Spick and Span wurde 2005 in dem Wunsch eines Gr\u00fcnders gegr\u00fcndet, das qualitativ hochwertigste Produkt zu einem erschwinglichen Preis anzubieten. Durch die Entwicklung einer Produktlinie haben wir eine optimale Formulierung gefunden, die wir bis heute nicht aufgeh\u00f6rt haben zu entwickeln. Jedes neu gestaltete Produkt in diesen 13 Produktionsjahren wurde reibungslos formuliert, sodass unsere Benutzer immer Produkte von h\u00f6chster Qualit\u00e4t f\u00fcr ihre Haustiere aus Metall hatten.<\/div>&#13;\n<div>Spick and Span ist eine englische Phrase f\u00fcr perfekt sauber und dies ist der richtige Ausdruck f\u00fcr den Zustand Ihres Haustieres. Es ist ein Spick &amp; Span!<\/div>&#13;\n<div><\/div>&#13;\n<div>WARUM SPICK &amp; SPAN W\u00c4HLEN?<\/div>&#13;\n<div><\/div>&#13;\n<div>Spick &amp; Span-Produkte werden nach den Bed\u00fcrfnissen des Benutzers hergestellt. Durch die lange Tradition der Herstellung hochwertiger Produkte und st\u00e4ndiger Marktforschung sowie der Entwicklung unserer Produkte mit den branchenweit h\u00f6chsten Standards sind Spick &amp; Span-Produkte auf h\u00f6chstem Niveau und bieten das Beste f\u00fcr Ihr Haustier, ohne Angst vor dem M\u00f6glichen Besch\u00e4digung eines Lackes des Fahrzeugs.<\/div>&#13;\n<div><\/div>&#13;\n<div>-eine lange Tradition der Produktion<\/div>&#13;\n<div>-Qualit\u00e4t und Preis<\/div>&#13;\n<div>-Benutzerfreundlichkeit<\/div>&#13;\n<div>-Sicherheit Ihres Fahrzeugs<\/div>&#13;\n<div>-st\u00e4ndige Produktentwicklung nach h\u00f6chsten Standards<\/div>&#13;\n<div><div class=\"text-center\"><div class=\"is-divider divider clearfix\" ><\/div><\/div><\/div>\n\n\n\t\t<\/div>\n\t\t\t\t\t<\/div>\n\n\t\n\n<\/div>\n\n","protected":false},"excerpt":{"rendered":"","protected":false},"author":1,"featured_media":737,"parent":0,"menu_order":0,"comment_status":"closed","ping_status":"closed","template":"page-transparent-header-light.php","meta":{"_monsterinsights_skip_tracking":false,"_monsterinsights_sitenote_active":false,"_monsterinsights_sitenote_note":"","_monsterinsights_sitenote_category":0,"footnotes":""},"class_list":["post-684","page","type-page","status-publish","has-post-thumbnail","hentry"],"yoast_head":"<!-- This site is optimized with the Yoast SEO plugin v26.6 - https:\/\/yoast.com\/wordpress\/plugins\/seo\/ -->\n<title>\u00dcber uns - KEMOTON SHOP<\/title>\n<meta name=\"robots\" content=\"index, follow, max-snippet:-1, max-image-preview:large, max-video-preview:-1\" \/>\n<link rel=\"canonical\" href=\"https:\/\/kemoton.com\/de\/ueber-uns\/\" \/>\n<meta property=\"og:locale\" content=\"de_DE\" \/>\n<meta property=\"og:type\" content=\"article\" \/>\n<meta property=\"og:title\" content=\"\u00dcber uns - KEMOTON SHOP\" \/>\n<meta property=\"og:url\" content=\"https:\/\/kemoton.com\/de\/ueber-uns\/\" \/>\n<meta property=\"og:site_name\" content=\"KEMOTON SHOP\" \/>\n<meta property=\"article:modified_time\" content=\"2020-07-20T22:05:54+00:00\" \/>\n<meta property=\"og:image\" content=\"https:\/\/i0.wp.com\/kemoton.com\/wp-content\/uploads\/2020\/07\/ClorActiveBanner.png?fit=1417%2C867&ssl=1\" \/>\n\t<meta property=\"og:image:width\" content=\"1417\" \/>\n\t<meta property=\"og:image:height\" content=\"867\" \/>\n\t<meta property=\"og:image:type\" content=\"image\/png\" \/>\n<meta name=\"twitter:card\" content=\"summary_large_image\" \/>\n<meta name=\"twitter:label1\" content=\"Gesch\u00e4tzte Lesezeit\" \/>\n\t<meta name=\"twitter:data1\" content=\"1\u00a0Minute\" \/>\n<script type=\"application\/ld+json\" class=\"yoast-schema-graph\">{\"@context\":\"https:\/\/schema.org\",\"@graph\":[{\"@type\":\"WebPage\",\"@id\":\"https:\/\/kemoton.com\/de\/ueber-uns\/\",\"url\":\"https:\/\/kemoton.com\/de\/ueber-uns\/\",\"name\":\"\u00dcber uns - KEMOTON SHOP\",\"isPartOf\":{\"@id\":\"https:\/\/kemoton.com\/hr\/#website\"},\"primaryImageOfPage\":{\"@id\":\"https:\/\/kemoton.com\/de\/ueber-uns\/#primaryimage\"},\"image\":{\"@id\":\"https:\/\/kemoton.com\/de\/ueber-uns\/#primaryimage\"},\"thumbnailUrl\":\"https:\/\/i0.wp.com\/kemoton.com\/wp-content\/uploads\/2020\/07\/ClorActiveBanner.png?fit=1417%2C867&ssl=1\",\"datePublished\":\"2020-07-15T12:00:33+00:00\",\"dateModified\":\"2020-07-20T22:05:54+00:00\",\"breadcrumb\":{\"@id\":\"https:\/\/kemoton.com\/de\/ueber-uns\/#breadcrumb\"},\"inLanguage\":\"de\",\"potentialAction\":[{\"@type\":\"ReadAction\",\"target\":[\"https:\/\/kemoton.com\/de\/ueber-uns\/\"]}]},{\"@type\":\"ImageObject\",\"inLanguage\":\"de\",\"@id\":\"https:\/\/kemoton.com\/de\/ueber-uns\/#primaryimage\",\"url\":\"https:\/\/i0.wp.com\/kemoton.com\/wp-content\/uploads\/2020\/07\/ClorActiveBanner.png?fit=1417%2C867&ssl=1\",\"contentUrl\":\"https:\/\/i0.wp.com\/kemoton.com\/wp-content\/uploads\/2020\/07\/ClorActiveBanner.png?fit=1417%2C867&ssl=1\",\"width\":1417,\"height\":867},{\"@type\":\"BreadcrumbList\",\"@id\":\"https:\/\/kemoton.com\/de\/ueber-uns\/#breadcrumb\",\"itemListElement\":[{\"@type\":\"ListItem\",\"position\":1,\"name\":\"Home\",\"item\":\"https:\/\/kemoton.com\/de\/\"},{\"@type\":\"ListItem\",\"position\":2,\"name\":\"\u00dcber uns\"}]},{\"@type\":\"WebSite\",\"@id\":\"https:\/\/kemoton.com\/hr\/#website\",\"url\":\"https:\/\/kemoton.com\/hr\/\",\"name\":\"KEMOTON SHOP\",\"description\":\"Home of Brands\",\"potentialAction\":[{\"@type\":\"SearchAction\",\"target\":{\"@type\":\"EntryPoint\",\"urlTemplate\":\"https:\/\/kemoton.com\/hr\/?s={search_term_string}\"},\"query-input\":{\"@type\":\"PropertyValueSpecification\",\"valueRequired\":true,\"valueName\":\"search_term_string\"}}],\"inLanguage\":\"de\"}]}<\/script>\n<!-- \/ Yoast SEO plugin. -->","yoast_head_json":{"title":"\u00dcber uns - KEMOTON SHOP","robots":{"index":"index","follow":"follow","max-snippet":"max-snippet:-1","max-image-preview":"max-image-preview:large","max-video-preview":"max-video-preview:-1"},"canonical":"https:\/\/kemoton.com\/de\/ueber-uns\/","og_locale":"de_DE","og_type":"article","og_title":"\u00dcber uns - KEMOTON SHOP","og_url":"https:\/\/kemoton.com\/de\/ueber-uns\/","og_site_name":"KEMOTON SHOP","article_modified_time":"2020-07-20T22:05:54+00:00","og_image":[{"width":1417,"height":867,"url":"https:\/\/i0.wp.com\/kemoton.com\/wp-content\/uploads\/2020\/07\/ClorActiveBanner.png?fit=1417%2C867&ssl=1","type":"image\/png"}],"twitter_card":"summary_large_image","twitter_misc":{"Gesch\u00e4tzte Lesezeit":"1\u00a0Minute"},"schema":{"@context":"https:\/\/schema.org","@graph":[{"@type":"WebPage","@id":"https:\/\/kemoton.com\/de\/ueber-uns\/","url":"https:\/\/kemoton.com\/de\/ueber-uns\/","name":"\u00dcber uns - KEMOTON SHOP","isPartOf":{"@id":"https:\/\/kemoton.com\/hr\/#website"},"primaryImageOfPage":{"@id":"https:\/\/kemoton.com\/de\/ueber-uns\/#primaryimage"},"image":{"@id":"https:\/\/kemoton.com\/de\/ueber-uns\/#primaryimage"},"thumbnailUrl":"https:\/\/i0.wp.com\/kemoton.com\/wp-content\/uploads\/2020\/07\/ClorActiveBanner.png?fit=1417%2C867&ssl=1","datePublished":"2020-07-15T12:00:33+00:00","dateModified":"2020-07-20T22:05:54+00:00","breadcrumb":{"@id":"https:\/\/kemoton.com\/de\/ueber-uns\/#breadcrumb"},"inLanguage":"de","potentialAction":[{"@type":"ReadAction","target":["https:\/\/kemoton.com\/de\/ueber-uns\/"]}]},{"@type":"ImageObject","inLanguage":"de","@id":"https:\/\/kemoton.com\/de\/ueber-uns\/#primaryimage","url":"https:\/\/i0.wp.com\/kemoton.com\/wp-content\/uploads\/2020\/07\/ClorActiveBanner.png?fit=1417%2C867&ssl=1","contentUrl":"https:\/\/i0.wp.com\/kemoton.com\/wp-content\/uploads\/2020\/07\/ClorActiveBanner.png?fit=1417%2C867&ssl=1","width":1417,"height":867},{"@type":"BreadcrumbList","@id":"https:\/\/kemoton.com\/de\/ueber-uns\/#breadcrumb","itemListElement":[{"@type":"ListItem","position":1,"name":"Home","item":"https:\/\/kemoton.com\/de\/"},{"@type":"ListItem","position":2,"name":"\u00dcber uns"}]},{"@type":"WebSite","@id":"https:\/\/kemoton.com\/hr\/#website","url":"https:\/\/kemoton.com\/hr\/","name":"KEMOTON SHOP","description":"Home of Brands","potentialAction":[{"@type":"SearchAction","target":{"@type":"EntryPoint","urlTemplate":"https:\/\/kemoton.com\/hr\/?s={search_term_string}"},"query-input":{"@type":"PropertyValueSpecification","valueRequired":true,"valueName":"search_term_string"}}],"inLanguage":"de"}]}},"jetpack_sharing_enabled":true,"_links":{"self":[{"href":"https:\/\/kemoton.com\/de\/wp-json\/wp\/v2\/pages\/684","targetHints":{"allow":["GET"]}}],"collection":[{"href":"https:\/\/kemoton.com\/de\/wp-json\/wp\/v2\/pages"}],"about":[{"href":"https:\/\/kemoton.com\/de\/wp-json\/wp\/v2\/types\/page"}],"author":[{"embeddable":true,"href":"https:\/\/kemoton.com\/de\/wp-json\/wp\/v2\/users\/1"}],"replies":[{"embeddable":true,"href":"https:\/\/kemoton.com\/de\/wp-json\/wp\/v2\/comments?post=684"}],"version-history":[{"count":0,"href":"https:\/\/kemoton.com\/de\/wp-json\/wp\/v2\/pages\/684\/revisions"}],"wp:featuredmedia":[{"embeddable":true,"href":"https:\/\/kemoton.com\/de\/wp-json\/wp\/v2\/media\/737"}],"wp:attachment":[{"href":"https:\/\/kemoton.com\/de\/wp-json\/wp\/v2\/media?parent=684"}],"curies":[{"name":"wp","href":"https:\/\/api.w.org\/{rel}","templated":true}]}}