{"id":328,"date":"2020-06-11T16:08:34","date_gmt":"2020-06-11T16:08:34","guid":{"rendered":"https:\/\/kemoton.com\/product\/xantor-fresh-power\/"},"modified":"2020-06-11T16:08:34","modified_gmt":"2020-06-11T16:08:34","slug":"xantor-fresh-power","status":"publish","type":"product","link":"https:\/\/kemoton.com\/de\/produkt\/xantor-fresh-power\/","title":{"rendered":"XANTOR FRESH POWER"},"content":{"rendered":"<p>Bestimmt zum Reinigen und Entfernen von Kalk. Unverd\u00fcnnt verwenden. Sehr aktiv, reinigt die behandelte Oberfl\u00e4che nach kurzem Kontakt mit dem Produkt gr\u00fcndlich. Verwendung zur Reinigung verschiedener Arten von Keramik- und Kunststoffoberfl\u00e4chen, Edelstahl und Chrom in Badezimmern, K\u00fcchen und allen wasserdichten Oberfl\u00e4chen.<\/p>\n<p>Tragen Sie unverd\u00fcnnte L\u00f6sung auf die zu behandelnden Oberfl\u00e4chen auf und warten Sie einige Minuten (3-5), bis die Arbeit abgeschlossen ist. Nach einigen Minuten mit einem Schwamm oder Tuch abwischen und gr\u00fcndlich mit Wasser absp\u00fclen.<\/p>\n","protected":false},"excerpt":{"rendered":"<p>Bestimmt zum Reinigen und Entfernen von Kalk. Unverd\u00fcnnt verwenden. Sehr aktiv, reinigt die behandelte Oberfl\u00e4che nach kurzem Kontakt mit dem Produkt gr\u00fcndlich. Verwendung zur Reinigung verschiedener Arten von Keramik- und Kunststoffoberfl\u00e4chen, Edelstahl und Chrom in Badezimmern, K\u00fcchen und allen wasserdichten Oberfl\u00e4chen. Tragen Sie unverd\u00fcnnte L\u00f6sung auf die zu behandelnden Oberfl\u00e4chen auf und warten Sie einige [&#8230;]\n","protected":false},"featured_media":0,"comment_status":"open","ping_status":"closed","template":"","meta":{"_monsterinsights_skip_tracking":false,"_monsterinsights_sitenote_active":false,"_monsterinsights_sitenote_note":"","_monsterinsights_sitenote_category":0},"product_brand":[],"product_cat":[57],"product_tag":[],"class_list":{"0":"post-328","1":"product","2":"type-product","3":"status-publish","5":"product_cat-xantor-de","7":"first","8":"instock","9":"taxable","10":"shipping-taxable","11":"product-type-simple"},"yoast_head":"<!-- This site is optimized with the Yoast SEO plugin v26.6 - https:\/\/yoast.com\/wordpress\/plugins\/seo\/ -->\n<title>XANTOR FRESH POWER - KEMOTON SHOP<\/title>\n<meta name=\"robots\" content=\"index, follow, max-snippet:-1, max-image-preview:large, max-video-preview:-1\" \/>\n<link rel=\"canonical\" href=\"https:\/\/kemoton.com\/de\/produkt\/xantor-fresh-power\/\" \/>\n<meta property=\"og:locale\" content=\"de_DE\" \/>\n<meta property=\"og:type\" content=\"article\" \/>\n<meta property=\"og:title\" content=\"XANTOR FRESH POWER - KEMOTON SHOP\" \/>\n<meta property=\"og:description\" content=\"Bestimmt zum Reinigen und Entfernen von Kalk. Unverd\u00fcnnt verwenden. Sehr aktiv, reinigt die behandelte Oberfl\u00e4che nach kurzem Kontakt mit dem Produkt gr\u00fcndlich. Verwendung zur Reinigung verschiedener Arten von Keramik- und Kunststoffoberfl\u00e4chen, Edelstahl und Chrom in Badezimmern, K\u00fcchen und allen wasserdichten Oberfl\u00e4chen. Tragen Sie unverd\u00fcnnte L\u00f6sung auf die zu behandelnden Oberfl\u00e4chen auf und warten Sie einige [...]\" \/>\n<meta property=\"og:url\" content=\"https:\/\/kemoton.com\/de\/produkt\/xantor-fresh-power\/\" \/>\n<meta property=\"og:site_name\" content=\"KEMOTON SHOP\" \/>\n<meta name=\"twitter:card\" content=\"summary_large_image\" \/>\n<script type=\"application\/ld+json\" class=\"yoast-schema-graph\">{\"@context\":\"https:\/\/schema.org\",\"@graph\":[{\"@type\":\"WebPage\",\"@id\":\"https:\/\/kemoton.com\/de\/produkt\/xantor-fresh-power\/\",\"url\":\"https:\/\/kemoton.com\/de\/produkt\/xantor-fresh-power\/\",\"name\":\"XANTOR FRESH POWER - KEMOTON SHOP\",\"isPartOf\":{\"@id\":\"https:\/\/kemoton.com\/hr\/#website\"},\"datePublished\":\"2020-06-11T16:08:34+00:00\",\"breadcrumb\":{\"@id\":\"https:\/\/kemoton.com\/de\/produkt\/xantor-fresh-power\/#breadcrumb\"},\"inLanguage\":\"de\",\"potentialAction\":[{\"@type\":\"ReadAction\",\"target\":[\"https:\/\/kemoton.com\/de\/produkt\/xantor-fresh-power\/\"]}]},{\"@type\":\"BreadcrumbList\",\"@id\":\"https:\/\/kemoton.com\/de\/produkt\/xantor-fresh-power\/#breadcrumb\",\"itemListElement\":[{\"@type\":\"ListItem\",\"position\":1,\"name\":\"Home\",\"item\":\"https:\/\/kemoton.com\/de\/\"},{\"@type\":\"ListItem\",\"position\":2,\"name\":\"Shop\",\"item\":\"https:\/\/kemoton.com\/hr\/shop-2\/\"},{\"@type\":\"ListItem\",\"position\":3,\"name\":\"XANTOR FRESH POWER\"}]},{\"@type\":\"WebSite\",\"@id\":\"https:\/\/kemoton.com\/hr\/#website\",\"url\":\"https:\/\/kemoton.com\/hr\/\",\"name\":\"KEMOTON SHOP\",\"description\":\"Home of Brands\",\"potentialAction\":[{\"@type\":\"SearchAction\",\"target\":{\"@type\":\"EntryPoint\",\"urlTemplate\":\"https:\/\/kemoton.com\/hr\/?s={search_term_string}\"},\"query-input\":{\"@type\":\"PropertyValueSpecification\",\"valueRequired\":true,\"valueName\":\"search_term_string\"}}],\"inLanguage\":\"de\"}]}<\/script>\n<!-- \/ Yoast SEO plugin. -->","yoast_head_json":{"title":"XANTOR FRESH POWER - KEMOTON SHOP","robots":{"index":"index","follow":"follow","max-snippet":"max-snippet:-1","max-image-preview":"max-image-preview:large","max-video-preview":"max-video-preview:-1"},"canonical":"https:\/\/kemoton.com\/de\/produkt\/xantor-fresh-power\/","og_locale":"de_DE","og_type":"article","og_title":"XANTOR FRESH POWER - KEMOTON SHOP","og_description":"Bestimmt zum Reinigen und Entfernen von Kalk. Unverd\u00fcnnt verwenden. Sehr aktiv, reinigt die behandelte Oberfl\u00e4che nach kurzem Kontakt mit dem Produkt gr\u00fcndlich. Verwendung zur Reinigung verschiedener Arten von Keramik- und Kunststoffoberfl\u00e4chen, Edelstahl und Chrom in Badezimmern, K\u00fcchen und allen wasserdichten Oberfl\u00e4chen. Tragen Sie unverd\u00fcnnte L\u00f6sung auf die zu behandelnden Oberfl\u00e4chen auf und warten Sie einige [...]","og_url":"https:\/\/kemoton.com\/de\/produkt\/xantor-fresh-power\/","og_site_name":"KEMOTON SHOP","twitter_card":"summary_large_image","schema":{"@context":"https:\/\/schema.org","@graph":[{"@type":"WebPage","@id":"https:\/\/kemoton.com\/de\/produkt\/xantor-fresh-power\/","url":"https:\/\/kemoton.com\/de\/produkt\/xantor-fresh-power\/","name":"XANTOR FRESH POWER - KEMOTON SHOP","isPartOf":{"@id":"https:\/\/kemoton.com\/hr\/#website"},"datePublished":"2020-06-11T16:08:34+00:00","breadcrumb":{"@id":"https:\/\/kemoton.com\/de\/produkt\/xantor-fresh-power\/#breadcrumb"},"inLanguage":"de","potentialAction":[{"@type":"ReadAction","target":["https:\/\/kemoton.com\/de\/produkt\/xantor-fresh-power\/"]}]},{"@type":"BreadcrumbList","@id":"https:\/\/kemoton.com\/de\/produkt\/xantor-fresh-power\/#breadcrumb","itemListElement":[{"@type":"ListItem","position":1,"name":"Home","item":"https:\/\/kemoton.com\/de\/"},{"@type":"ListItem","position":2,"name":"Shop","item":"https:\/\/kemoton.com\/hr\/shop-2\/"},{"@type":"ListItem","position":3,"name":"XANTOR FRESH POWER"}]},{"@type":"WebSite","@id":"https:\/\/kemoton.com\/hr\/#website","url":"https:\/\/kemoton.com\/hr\/","name":"KEMOTON SHOP","description":"Home of Brands","potentialAction":[{"@type":"SearchAction","target":{"@type":"EntryPoint","urlTemplate":"https:\/\/kemoton.com\/hr\/?s={search_term_string}"},"query-input":{"@type":"PropertyValueSpecification","valueRequired":true,"valueName":"search_term_string"}}],"inLanguage":"de"}]}},"jetpack_sharing_enabled":true,"_links":{"self":[{"href":"https:\/\/kemoton.com\/de\/wp-json\/wp\/v2\/product\/328","targetHints":{"allow":["GET"]}}],"collection":[{"href":"https:\/\/kemoton.com\/de\/wp-json\/wp\/v2\/product"}],"about":[{"href":"https:\/\/kemoton.com\/de\/wp-json\/wp\/v2\/types\/product"}],"replies":[{"embeddable":true,"href":"https:\/\/kemoton.com\/de\/wp-json\/wp\/v2\/comments?post=328"}],"wp:attachment":[{"href":"https:\/\/kemoton.com\/de\/wp-json\/wp\/v2\/media?parent=328"}],"wp:term":[{"taxonomy":"product_brand","embeddable":true,"href":"https:\/\/kemoton.com\/de\/wp-json\/wp\/v2\/product_brand?post=328"},{"taxonomy":"product_cat","embeddable":true,"href":"https:\/\/kemoton.com\/de\/wp-json\/wp\/v2\/product_cat?post=328"},{"taxonomy":"product_tag","embeddable":true,"href":"https:\/\/kemoton.com\/de\/wp-json\/wp\/v2\/product_tag?post=328"}],"curies":[{"name":"wp","href":"https:\/\/api.w.org\/{rel}","templated":true}]}}