{"id":335,"date":"2020-06-11T16:14:34","date_gmt":"2020-06-11T16:14:34","guid":{"rendered":"https:\/\/kemoton.com\/product\/xantor-mega-power\/"},"modified":"2020-06-11T16:15:55","modified_gmt":"2020-06-11T16:15:55","slug":"xantor-mega-power","status":"publish","type":"product","link":"https:\/\/kemoton.com\/de\/produkt\/xantor-mega-power\/","title":{"rendered":"XANTOR MEGA POWER"},"content":{"rendered":"<p>Bestimmt zum Reinigen und Entfernen von Kalk, Rost und hartn\u00e4ckigen Flecken. Verleiht gereinigten Oberfl\u00e4chen wieder Glanz. Zum Reinigen verschiedener Keramik- und Kunststoffoberfl\u00e4chen, Edelstahl und Chrom.<\/p>\n<p>Unverd\u00fcnnt auf die zu reinigenden Oberfl\u00e4chen auftragen, einige Minuten (3-5) warten und die Farbe von rot nach gelb \u00e4ndern. Auf harten Kalkschichten &#8211; Anwendung wiederholen. \u00dcberpr\u00fcfen Sie auf empfindlichen Oberfl\u00e4chen zuerst die versteckten Stellen. ANWENDUNG AUF MARMOR- UND STEINOBERFL\u00c4CHEN NICHT EMPFOHLEN!<\/p>\n","protected":false},"excerpt":{"rendered":"<p>Bestimmt zum Reinigen und Entfernen von Kalk, Rost und hartn\u00e4ckigen Flecken. Verleiht gereinigten Oberfl\u00e4chen wieder Glanz. Zum Reinigen verschiedener Keramik- und Kunststoffoberfl\u00e4chen, Edelstahl und Chrom. Unverd\u00fcnnt auf die zu reinigenden Oberfl\u00e4chen auftragen, einige Minuten (3-5) warten und die Farbe von rot nach gelb \u00e4ndern. Auf harten Kalkschichten &#8211; Anwendung wiederholen. \u00dcberpr\u00fcfen Sie auf empfindlichen Oberfl\u00e4chen [&#8230;]\n","protected":false},"featured_media":332,"comment_status":"open","ping_status":"closed","template":"","meta":{"_monsterinsights_skip_tracking":false,"_monsterinsights_sitenote_active":false,"_monsterinsights_sitenote_note":"","_monsterinsights_sitenote_category":0},"product_brand":[],"product_cat":[57],"product_tag":[],"class_list":{"0":"post-335","1":"product","2":"type-product","3":"status-publish","4":"has-post-thumbnail","6":"product_cat-xantor-de","8":"first","9":"instock","10":"taxable","11":"shipping-taxable","12":"purchasable","13":"product-type-simple"},"yoast_head":"<!-- This site is optimized with the Yoast SEO plugin v26.6 - https:\/\/yoast.com\/wordpress\/plugins\/seo\/ -->\n<title>XANTOR MEGA POWER - KEMOTON SHOP<\/title>\n<meta name=\"robots\" content=\"index, follow, max-snippet:-1, max-image-preview:large, max-video-preview:-1\" \/>\n<link rel=\"canonical\" href=\"https:\/\/kemoton.com\/de\/produkt\/xantor-mega-power\/\" \/>\n<meta property=\"og:locale\" content=\"de_DE\" \/>\n<meta property=\"og:type\" content=\"article\" \/>\n<meta property=\"og:title\" content=\"XANTOR MEGA POWER - KEMOTON SHOP\" \/>\n<meta property=\"og:description\" content=\"Bestimmt zum Reinigen und Entfernen von Kalk, Rost und hartn\u00e4ckigen Flecken. Verleiht gereinigten Oberfl\u00e4chen wieder Glanz. Zum Reinigen verschiedener Keramik- und Kunststoffoberfl\u00e4chen, Edelstahl und Chrom. Unverd\u00fcnnt auf die zu reinigenden Oberfl\u00e4chen auftragen, einige Minuten (3-5) warten und die Farbe von rot nach gelb \u00e4ndern. Auf harten Kalkschichten &#8211; Anwendung wiederholen. \u00dcberpr\u00fcfen Sie auf empfindlichen Oberfl\u00e4chen [...]\" \/>\n<meta property=\"og:url\" content=\"https:\/\/kemoton.com\/de\/produkt\/xantor-mega-power\/\" \/>\n<meta property=\"og:site_name\" content=\"KEMOTON SHOP\" \/>\n<meta property=\"article:modified_time\" content=\"2020-06-11T16:15:55+00:00\" \/>\n<meta property=\"og:image\" content=\"https:\/\/i0.wp.com\/kemoton.com\/wp-content\/uploads\/2020\/06\/XANTOR-MEGAPOWER-750ml.jpg?fit=1786%2C1786&ssl=1\" \/>\n\t<meta property=\"og:image:width\" content=\"1786\" \/>\n\t<meta property=\"og:image:height\" content=\"1786\" \/>\n\t<meta property=\"og:image:type\" content=\"image\/jpeg\" \/>\n<meta name=\"twitter:card\" content=\"summary_large_image\" \/>\n<script type=\"application\/ld+json\" class=\"yoast-schema-graph\">{\"@context\":\"https:\/\/schema.org\",\"@graph\":[{\"@type\":\"WebPage\",\"@id\":\"https:\/\/kemoton.com\/de\/produkt\/xantor-mega-power\/\",\"url\":\"https:\/\/kemoton.com\/de\/produkt\/xantor-mega-power\/\",\"name\":\"XANTOR MEGA POWER - KEMOTON SHOP\",\"isPartOf\":{\"@id\":\"https:\/\/kemoton.com\/hr\/#website\"},\"primaryImageOfPage\":{\"@id\":\"https:\/\/kemoton.com\/de\/produkt\/xantor-mega-power\/#primaryimage\"},\"image\":{\"@id\":\"https:\/\/kemoton.com\/de\/produkt\/xantor-mega-power\/#primaryimage\"},\"thumbnailUrl\":\"https:\/\/i0.wp.com\/kemoton.com\/wp-content\/uploads\/2020\/06\/XANTOR-MEGAPOWER-750ml.jpg?fit=1786%2C1786&ssl=1\",\"datePublished\":\"2020-06-11T16:14:34+00:00\",\"dateModified\":\"2020-06-11T16:15:55+00:00\",\"breadcrumb\":{\"@id\":\"https:\/\/kemoton.com\/de\/produkt\/xantor-mega-power\/#breadcrumb\"},\"inLanguage\":\"de\",\"potentialAction\":[{\"@type\":\"ReadAction\",\"target\":[\"https:\/\/kemoton.com\/de\/produkt\/xantor-mega-power\/\"]}]},{\"@type\":\"ImageObject\",\"inLanguage\":\"de\",\"@id\":\"https:\/\/kemoton.com\/de\/produkt\/xantor-mega-power\/#primaryimage\",\"url\":\"https:\/\/i0.wp.com\/kemoton.com\/wp-content\/uploads\/2020\/06\/XANTOR-MEGAPOWER-750ml.jpg?fit=1786%2C1786&ssl=1\",\"contentUrl\":\"https:\/\/i0.wp.com\/kemoton.com\/wp-content\/uploads\/2020\/06\/XANTOR-MEGAPOWER-750ml.jpg?fit=1786%2C1786&ssl=1\",\"width\":1786,\"height\":1786,\"caption\":\"xantor-megapower\"},{\"@type\":\"BreadcrumbList\",\"@id\":\"https:\/\/kemoton.com\/de\/produkt\/xantor-mega-power\/#breadcrumb\",\"itemListElement\":[{\"@type\":\"ListItem\",\"position\":1,\"name\":\"Home\",\"item\":\"https:\/\/kemoton.com\/de\/\"},{\"@type\":\"ListItem\",\"position\":2,\"name\":\"Shop\",\"item\":\"https:\/\/kemoton.com\/hr\/shop-2\/\"},{\"@type\":\"ListItem\",\"position\":3,\"name\":\"XANTOR MEGA POWER\"}]},{\"@type\":\"WebSite\",\"@id\":\"https:\/\/kemoton.com\/hr\/#website\",\"url\":\"https:\/\/kemoton.com\/hr\/\",\"name\":\"KEMOTON SHOP\",\"description\":\"Home of Brands\",\"potentialAction\":[{\"@type\":\"SearchAction\",\"target\":{\"@type\":\"EntryPoint\",\"urlTemplate\":\"https:\/\/kemoton.com\/hr\/?s={search_term_string}\"},\"query-input\":{\"@type\":\"PropertyValueSpecification\",\"valueRequired\":true,\"valueName\":\"search_term_string\"}}],\"inLanguage\":\"de\"}]}<\/script>\n<!-- \/ Yoast SEO plugin. -->","yoast_head_json":{"title":"XANTOR MEGA POWER - KEMOTON SHOP","robots":{"index":"index","follow":"follow","max-snippet":"max-snippet:-1","max-image-preview":"max-image-preview:large","max-video-preview":"max-video-preview:-1"},"canonical":"https:\/\/kemoton.com\/de\/produkt\/xantor-mega-power\/","og_locale":"de_DE","og_type":"article","og_title":"XANTOR MEGA POWER - KEMOTON SHOP","og_description":"Bestimmt zum Reinigen und Entfernen von Kalk, Rost und hartn\u00e4ckigen Flecken. Verleiht gereinigten Oberfl\u00e4chen wieder Glanz. Zum Reinigen verschiedener Keramik- und Kunststoffoberfl\u00e4chen, Edelstahl und Chrom. Unverd\u00fcnnt auf die zu reinigenden Oberfl\u00e4chen auftragen, einige Minuten (3-5) warten und die Farbe von rot nach gelb \u00e4ndern. Auf harten Kalkschichten &#8211; Anwendung wiederholen. \u00dcberpr\u00fcfen Sie auf empfindlichen Oberfl\u00e4chen [...]","og_url":"https:\/\/kemoton.com\/de\/produkt\/xantor-mega-power\/","og_site_name":"KEMOTON SHOP","article_modified_time":"2020-06-11T16:15:55+00:00","og_image":[{"width":1786,"height":1786,"url":"https:\/\/i0.wp.com\/kemoton.com\/wp-content\/uploads\/2020\/06\/XANTOR-MEGAPOWER-750ml.jpg?fit=1786%2C1786&ssl=1","type":"image\/jpeg"}],"twitter_card":"summary_large_image","schema":{"@context":"https:\/\/schema.org","@graph":[{"@type":"WebPage","@id":"https:\/\/kemoton.com\/de\/produkt\/xantor-mega-power\/","url":"https:\/\/kemoton.com\/de\/produkt\/xantor-mega-power\/","name":"XANTOR MEGA POWER - KEMOTON SHOP","isPartOf":{"@id":"https:\/\/kemoton.com\/hr\/#website"},"primaryImageOfPage":{"@id":"https:\/\/kemoton.com\/de\/produkt\/xantor-mega-power\/#primaryimage"},"image":{"@id":"https:\/\/kemoton.com\/de\/produkt\/xantor-mega-power\/#primaryimage"},"thumbnailUrl":"https:\/\/i0.wp.com\/kemoton.com\/wp-content\/uploads\/2020\/06\/XANTOR-MEGAPOWER-750ml.jpg?fit=1786%2C1786&ssl=1","datePublished":"2020-06-11T16:14:34+00:00","dateModified":"2020-06-11T16:15:55+00:00","breadcrumb":{"@id":"https:\/\/kemoton.com\/de\/produkt\/xantor-mega-power\/#breadcrumb"},"inLanguage":"de","potentialAction":[{"@type":"ReadAction","target":["https:\/\/kemoton.com\/de\/produkt\/xantor-mega-power\/"]}]},{"@type":"ImageObject","inLanguage":"de","@id":"https:\/\/kemoton.com\/de\/produkt\/xantor-mega-power\/#primaryimage","url":"https:\/\/i0.wp.com\/kemoton.com\/wp-content\/uploads\/2020\/06\/XANTOR-MEGAPOWER-750ml.jpg?fit=1786%2C1786&ssl=1","contentUrl":"https:\/\/i0.wp.com\/kemoton.com\/wp-content\/uploads\/2020\/06\/XANTOR-MEGAPOWER-750ml.jpg?fit=1786%2C1786&ssl=1","width":1786,"height":1786,"caption":"xantor-megapower"},{"@type":"BreadcrumbList","@id":"https:\/\/kemoton.com\/de\/produkt\/xantor-mega-power\/#breadcrumb","itemListElement":[{"@type":"ListItem","position":1,"name":"Home","item":"https:\/\/kemoton.com\/de\/"},{"@type":"ListItem","position":2,"name":"Shop","item":"https:\/\/kemoton.com\/hr\/shop-2\/"},{"@type":"ListItem","position":3,"name":"XANTOR MEGA POWER"}]},{"@type":"WebSite","@id":"https:\/\/kemoton.com\/hr\/#website","url":"https:\/\/kemoton.com\/hr\/","name":"KEMOTON SHOP","description":"Home of Brands","potentialAction":[{"@type":"SearchAction","target":{"@type":"EntryPoint","urlTemplate":"https:\/\/kemoton.com\/hr\/?s={search_term_string}"},"query-input":{"@type":"PropertyValueSpecification","valueRequired":true,"valueName":"search_term_string"}}],"inLanguage":"de"}]}},"jetpack_sharing_enabled":true,"_links":{"self":[{"href":"https:\/\/kemoton.com\/de\/wp-json\/wp\/v2\/product\/335","targetHints":{"allow":["GET"]}}],"collection":[{"href":"https:\/\/kemoton.com\/de\/wp-json\/wp\/v2\/product"}],"about":[{"href":"https:\/\/kemoton.com\/de\/wp-json\/wp\/v2\/types\/product"}],"replies":[{"embeddable":true,"href":"https:\/\/kemoton.com\/de\/wp-json\/wp\/v2\/comments?post=335"}],"wp:featuredmedia":[{"embeddable":true,"href":"https:\/\/kemoton.com\/de\/wp-json\/wp\/v2\/media\/332"}],"wp:attachment":[{"href":"https:\/\/kemoton.com\/de\/wp-json\/wp\/v2\/media?parent=335"}],"wp:term":[{"taxonomy":"product_brand","embeddable":true,"href":"https:\/\/kemoton.com\/de\/wp-json\/wp\/v2\/product_brand?post=335"},{"taxonomy":"product_cat","embeddable":true,"href":"https:\/\/kemoton.com\/de\/wp-json\/wp\/v2\/product_cat?post=335"},{"taxonomy":"product_tag","embeddable":true,"href":"https:\/\/kemoton.com\/de\/wp-json\/wp\/v2\/product_tag?post=335"}],"curies":[{"name":"wp","href":"https:\/\/api.w.org\/{rel}","templated":true}]}}