{"id":343,"date":"2020-06-11T16:18:03","date_gmt":"2020-06-11T16:18:03","guid":{"rendered":"https:\/\/kemoton.com\/product\/xantor-protector\/"},"modified":"2020-06-11T16:18:03","modified_gmt":"2020-06-11T16:18:03","slug":"xantor-protector","status":"publish","type":"product","link":"https:\/\/kemoton.com\/de\/produkt\/xantor-protector\/","title":{"rendered":"XANTOR PROTECTOR"},"content":{"rendered":"<p>Mehrzweck-Desinfektionsmittel zum Reinigen und Entfernen von Kalk. T\u00f6tet Bakterien ab und entfernt unangenehme Ger\u00fcche.<\/p>\n<p>UNVERD\u00dcNNT:<br \/>\nTragen Sie unverd\u00fcnnte L\u00f6sung auf die zu behandelnden Oberfl\u00e4chen auf und warten Sie einige Minuten (5-6), bis die Arbeit abgeschlossen ist. Nach einigen Minuten mit einem Schwamm oder Tuch abwischen und gr\u00fcndlich mit Wasser absp\u00fclen. Auf harten Kalkschichten &#8211; Anwendung wiederholen.<br \/>\nVERD\u00dcNNT:<br \/>\nGr\u00f6\u00dfere Oberfl\u00e4chen (Fliesen, B\u00f6den und \u00e4hnliches) &#8211; 50 ml bis 5 l Wasser hinzuf\u00fcgen, um die Oberfl\u00e4chen zu verd\u00fcnnen und abzuwischen.<\/p>\n","protected":false},"excerpt":{"rendered":"<p>Mehrzweck-Desinfektionsmittel zum Reinigen und Entfernen von Kalk. T\u00f6tet Bakterien ab und entfernt unangenehme Ger\u00fcche. UNVERD\u00dcNNT: Tragen Sie unverd\u00fcnnte L\u00f6sung auf die zu behandelnden Oberfl\u00e4chen auf und warten Sie einige Minuten (5-6), bis die Arbeit abgeschlossen ist. Nach einigen Minuten mit einem Schwamm oder Tuch abwischen und gr\u00fcndlich mit Wasser absp\u00fclen. Auf harten Kalkschichten &#8211; Anwendung [&#8230;]\n","protected":false},"featured_media":341,"comment_status":"open","ping_status":"closed","template":"","meta":{"_monsterinsights_skip_tracking":false,"_monsterinsights_sitenote_active":false,"_monsterinsights_sitenote_note":"","_monsterinsights_sitenote_category":0},"product_brand":[],"product_cat":[57],"product_tag":[],"class_list":{"0":"post-343","1":"product","2":"type-product","3":"status-publish","4":"has-post-thumbnail","6":"product_cat-xantor-de","8":"first","9":"instock","10":"taxable","11":"shipping-taxable","12":"purchasable","13":"product-type-simple"},"yoast_head":"<!-- This site is optimized with the Yoast SEO plugin v26.6 - https:\/\/yoast.com\/wordpress\/plugins\/seo\/ -->\n<title>XANTOR PROTECTOR - KEMOTON SHOP<\/title>\n<meta name=\"robots\" content=\"index, follow, max-snippet:-1, max-image-preview:large, max-video-preview:-1\" \/>\n<link rel=\"canonical\" href=\"https:\/\/kemoton.com\/de\/produkt\/xantor-protector\/\" \/>\n<meta property=\"og:locale\" content=\"de_DE\" \/>\n<meta property=\"og:type\" content=\"article\" \/>\n<meta property=\"og:title\" content=\"XANTOR PROTECTOR - KEMOTON SHOP\" \/>\n<meta property=\"og:description\" content=\"Mehrzweck-Desinfektionsmittel zum Reinigen und Entfernen von Kalk. T\u00f6tet Bakterien ab und entfernt unangenehme Ger\u00fcche. UNVERD\u00dcNNT: Tragen Sie unverd\u00fcnnte L\u00f6sung auf die zu behandelnden Oberfl\u00e4chen auf und warten Sie einige Minuten (5-6), bis die Arbeit abgeschlossen ist. Nach einigen Minuten mit einem Schwamm oder Tuch abwischen und gr\u00fcndlich mit Wasser absp\u00fclen. Auf harten Kalkschichten &#8211; Anwendung [...]\" \/>\n<meta property=\"og:url\" content=\"https:\/\/kemoton.com\/de\/produkt\/xantor-protector\/\" \/>\n<meta property=\"og:site_name\" content=\"KEMOTON SHOP\" \/>\n<meta property=\"og:image\" content=\"https:\/\/i0.wp.com\/kemoton.com\/wp-content\/uploads\/2020\/06\/XANTOR-PROTECTOR-750ml.jpg?fit=1786%2C1786&ssl=1\" \/>\n\t<meta property=\"og:image:width\" content=\"1786\" \/>\n\t<meta property=\"og:image:height\" content=\"1786\" \/>\n\t<meta property=\"og:image:type\" content=\"image\/jpeg\" \/>\n<meta name=\"twitter:card\" content=\"summary_large_image\" \/>\n<script type=\"application\/ld+json\" class=\"yoast-schema-graph\">{\"@context\":\"https:\/\/schema.org\",\"@graph\":[{\"@type\":\"WebPage\",\"@id\":\"https:\/\/kemoton.com\/de\/produkt\/xantor-protector\/\",\"url\":\"https:\/\/kemoton.com\/de\/produkt\/xantor-protector\/\",\"name\":\"XANTOR PROTECTOR - KEMOTON SHOP\",\"isPartOf\":{\"@id\":\"https:\/\/kemoton.com\/hr\/#website\"},\"primaryImageOfPage\":{\"@id\":\"https:\/\/kemoton.com\/de\/produkt\/xantor-protector\/#primaryimage\"},\"image\":{\"@id\":\"https:\/\/kemoton.com\/de\/produkt\/xantor-protector\/#primaryimage\"},\"thumbnailUrl\":\"https:\/\/i0.wp.com\/kemoton.com\/wp-content\/uploads\/2020\/06\/XANTOR-PROTECTOR-750ml.jpg?fit=1786%2C1786&ssl=1\",\"datePublished\":\"2020-06-11T16:18:03+00:00\",\"breadcrumb\":{\"@id\":\"https:\/\/kemoton.com\/de\/produkt\/xantor-protector\/#breadcrumb\"},\"inLanguage\":\"de\",\"potentialAction\":[{\"@type\":\"ReadAction\",\"target\":[\"https:\/\/kemoton.com\/de\/produkt\/xantor-protector\/\"]}]},{\"@type\":\"ImageObject\",\"inLanguage\":\"de\",\"@id\":\"https:\/\/kemoton.com\/de\/produkt\/xantor-protector\/#primaryimage\",\"url\":\"https:\/\/i0.wp.com\/kemoton.com\/wp-content\/uploads\/2020\/06\/XANTOR-PROTECTOR-750ml.jpg?fit=1786%2C1786&ssl=1\",\"contentUrl\":\"https:\/\/i0.wp.com\/kemoton.com\/wp-content\/uploads\/2020\/06\/XANTOR-PROTECTOR-750ml.jpg?fit=1786%2C1786&ssl=1\",\"width\":1786,\"height\":1786,\"caption\":\"xantor-protector\"},{\"@type\":\"BreadcrumbList\",\"@id\":\"https:\/\/kemoton.com\/de\/produkt\/xantor-protector\/#breadcrumb\",\"itemListElement\":[{\"@type\":\"ListItem\",\"position\":1,\"name\":\"Home\",\"item\":\"https:\/\/kemoton.com\/de\/\"},{\"@type\":\"ListItem\",\"position\":2,\"name\":\"Shop\",\"item\":\"https:\/\/kemoton.com\/hr\/shop-2\/\"},{\"@type\":\"ListItem\",\"position\":3,\"name\":\"XANTOR PROTECTOR\"}]},{\"@type\":\"WebSite\",\"@id\":\"https:\/\/kemoton.com\/hr\/#website\",\"url\":\"https:\/\/kemoton.com\/hr\/\",\"name\":\"KEMOTON SHOP\",\"description\":\"Home of Brands\",\"potentialAction\":[{\"@type\":\"SearchAction\",\"target\":{\"@type\":\"EntryPoint\",\"urlTemplate\":\"https:\/\/kemoton.com\/hr\/?s={search_term_string}\"},\"query-input\":{\"@type\":\"PropertyValueSpecification\",\"valueRequired\":true,\"valueName\":\"search_term_string\"}}],\"inLanguage\":\"de\"}]}<\/script>\n<!-- \/ Yoast SEO plugin. -->","yoast_head_json":{"title":"XANTOR PROTECTOR - KEMOTON SHOP","robots":{"index":"index","follow":"follow","max-snippet":"max-snippet:-1","max-image-preview":"max-image-preview:large","max-video-preview":"max-video-preview:-1"},"canonical":"https:\/\/kemoton.com\/de\/produkt\/xantor-protector\/","og_locale":"de_DE","og_type":"article","og_title":"XANTOR PROTECTOR - KEMOTON SHOP","og_description":"Mehrzweck-Desinfektionsmittel zum Reinigen und Entfernen von Kalk. T\u00f6tet Bakterien ab und entfernt unangenehme Ger\u00fcche. UNVERD\u00dcNNT: Tragen Sie unverd\u00fcnnte L\u00f6sung auf die zu behandelnden Oberfl\u00e4chen auf und warten Sie einige Minuten (5-6), bis die Arbeit abgeschlossen ist. Nach einigen Minuten mit einem Schwamm oder Tuch abwischen und gr\u00fcndlich mit Wasser absp\u00fclen. Auf harten Kalkschichten &#8211; Anwendung [...]","og_url":"https:\/\/kemoton.com\/de\/produkt\/xantor-protector\/","og_site_name":"KEMOTON SHOP","og_image":[{"width":1786,"height":1786,"url":"https:\/\/i0.wp.com\/kemoton.com\/wp-content\/uploads\/2020\/06\/XANTOR-PROTECTOR-750ml.jpg?fit=1786%2C1786&ssl=1","type":"image\/jpeg"}],"twitter_card":"summary_large_image","schema":{"@context":"https:\/\/schema.org","@graph":[{"@type":"WebPage","@id":"https:\/\/kemoton.com\/de\/produkt\/xantor-protector\/","url":"https:\/\/kemoton.com\/de\/produkt\/xantor-protector\/","name":"XANTOR PROTECTOR - KEMOTON SHOP","isPartOf":{"@id":"https:\/\/kemoton.com\/hr\/#website"},"primaryImageOfPage":{"@id":"https:\/\/kemoton.com\/de\/produkt\/xantor-protector\/#primaryimage"},"image":{"@id":"https:\/\/kemoton.com\/de\/produkt\/xantor-protector\/#primaryimage"},"thumbnailUrl":"https:\/\/i0.wp.com\/kemoton.com\/wp-content\/uploads\/2020\/06\/XANTOR-PROTECTOR-750ml.jpg?fit=1786%2C1786&ssl=1","datePublished":"2020-06-11T16:18:03+00:00","breadcrumb":{"@id":"https:\/\/kemoton.com\/de\/produkt\/xantor-protector\/#breadcrumb"},"inLanguage":"de","potentialAction":[{"@type":"ReadAction","target":["https:\/\/kemoton.com\/de\/produkt\/xantor-protector\/"]}]},{"@type":"ImageObject","inLanguage":"de","@id":"https:\/\/kemoton.com\/de\/produkt\/xantor-protector\/#primaryimage","url":"https:\/\/i0.wp.com\/kemoton.com\/wp-content\/uploads\/2020\/06\/XANTOR-PROTECTOR-750ml.jpg?fit=1786%2C1786&ssl=1","contentUrl":"https:\/\/i0.wp.com\/kemoton.com\/wp-content\/uploads\/2020\/06\/XANTOR-PROTECTOR-750ml.jpg?fit=1786%2C1786&ssl=1","width":1786,"height":1786,"caption":"xantor-protector"},{"@type":"BreadcrumbList","@id":"https:\/\/kemoton.com\/de\/produkt\/xantor-protector\/#breadcrumb","itemListElement":[{"@type":"ListItem","position":1,"name":"Home","item":"https:\/\/kemoton.com\/de\/"},{"@type":"ListItem","position":2,"name":"Shop","item":"https:\/\/kemoton.com\/hr\/shop-2\/"},{"@type":"ListItem","position":3,"name":"XANTOR PROTECTOR"}]},{"@type":"WebSite","@id":"https:\/\/kemoton.com\/hr\/#website","url":"https:\/\/kemoton.com\/hr\/","name":"KEMOTON SHOP","description":"Home of Brands","potentialAction":[{"@type":"SearchAction","target":{"@type":"EntryPoint","urlTemplate":"https:\/\/kemoton.com\/hr\/?s={search_term_string}"},"query-input":{"@type":"PropertyValueSpecification","valueRequired":true,"valueName":"search_term_string"}}],"inLanguage":"de"}]}},"jetpack_sharing_enabled":true,"_links":{"self":[{"href":"https:\/\/kemoton.com\/de\/wp-json\/wp\/v2\/product\/343","targetHints":{"allow":["GET"]}}],"collection":[{"href":"https:\/\/kemoton.com\/de\/wp-json\/wp\/v2\/product"}],"about":[{"href":"https:\/\/kemoton.com\/de\/wp-json\/wp\/v2\/types\/product"}],"replies":[{"embeddable":true,"href":"https:\/\/kemoton.com\/de\/wp-json\/wp\/v2\/comments?post=343"}],"wp:featuredmedia":[{"embeddable":true,"href":"https:\/\/kemoton.com\/de\/wp-json\/wp\/v2\/media\/341"}],"wp:attachment":[{"href":"https:\/\/kemoton.com\/de\/wp-json\/wp\/v2\/media?parent=343"}],"wp:term":[{"taxonomy":"product_brand","embeddable":true,"href":"https:\/\/kemoton.com\/de\/wp-json\/wp\/v2\/product_brand?post=343"},{"taxonomy":"product_cat","embeddable":true,"href":"https:\/\/kemoton.com\/de\/wp-json\/wp\/v2\/product_cat?post=343"},{"taxonomy":"product_tag","embeddable":true,"href":"https:\/\/kemoton.com\/de\/wp-json\/wp\/v2\/product_tag?post=343"}],"curies":[{"name":"wp","href":"https:\/\/api.w.org\/{rel}","templated":true}]}}