{"id":347,"date":"2020-06-11T16:27:11","date_gmt":"2020-06-11T16:27:11","guid":{"rendered":"https:\/\/kemoton.com\/product\/xantor-hydrochlorsaure-19\/"},"modified":"2020-06-11T16:27:11","modified_gmt":"2020-06-11T16:27:11","slug":"xantor-hydrochlorsaure-19","status":"publish","type":"product","link":"https:\/\/kemoton.com\/de\/produkt\/xantor-hydrochlorsaure-19\/","title":{"rendered":"XANTOR HYDROCHLORS\u00c4URE 19%"},"content":{"rendered":"<p>Bestimmt zur Entfernung von Kalk auf s\u00e4urebest\u00e4ndigen Keramikoberfl\u00e4chen, Porzellan und Kunststoffen. Chlors\u00e4ure.<\/p>\n<p>Auf die behandelte Oberfl\u00e4che auftragen und 10-15 min einwirken lassen. Mit viel Wasser absp\u00fclen. Wiederholen Sie die Anwendung bei hartn\u00e4ckigen Flecken. Verwenden Sie unverd\u00fcnnt oder mit Wasser (1: 1) verd\u00fcnnt &#8211; je nach Fleck. Wenn verwendet, verd\u00fcnnt, gie\u00dfen Sie Wasser allm\u00e4hlich unter intensivem Mischen. NOTWENDIGER Schutz f\u00fcr Augen, Gesicht und H\u00e4nde. Bewahren Sie das Produkt in der Originalverpackung auf und schlie\u00dfen Sie es in gut bel\u00fcfteten R\u00e4umen fest. F\u00fcllen oder versch\u00fctten Sie keine Beh\u00e4lter, in denen Lebensmittel aufbewahrt werden. In dem Raum, in dem das Produkt verwendet wurde, nicht essen, trinken oder rauchen und f\u00fcr gute Bel\u00fcftung sorgen. Bei Haut- oder Augenkontakt mindestens 15 Minuten lang mit Wasser absp\u00fclen, dann SOFORT einen Arzt aufsuchen. Personen mit empfindlicher oder gesch\u00e4digter Haut sollten die Dosierungsanweisungen strikt einhalten und einen l\u00e4ngeren Kontakt mit der Waschl\u00f6sung vermeiden. Bei Einatmen dringend an die frische Luft lassen. Wenn verschluckt, versuchen Sie nicht, das Werfen zu provozieren. Im Brandfall den Raum nicht ohne Schutz der oberen Atemwege betreten. Bei Versch\u00fctten im Freien die Stelle mit viel Wasser absp\u00fclen.<\/p>\n","protected":false},"excerpt":{"rendered":"<p>Bestimmt zur Entfernung von Kalk auf s\u00e4urebest\u00e4ndigen Keramikoberfl\u00e4chen, Porzellan und Kunststoffen. Chlors\u00e4ure. Auf die behandelte Oberfl\u00e4che auftragen und 10-15 min einwirken lassen. Mit viel Wasser absp\u00fclen. Wiederholen Sie die Anwendung bei hartn\u00e4ckigen Flecken. Verwenden Sie unverd\u00fcnnt oder mit Wasser (1: 1) verd\u00fcnnt &#8211; je nach Fleck. Wenn verwendet, verd\u00fcnnt, gie\u00dfen Sie Wasser allm\u00e4hlich unter intensivem [&#8230;]\n","protected":false},"featured_media":0,"comment_status":"open","ping_status":"closed","template":"","meta":{"_monsterinsights_skip_tracking":false,"_monsterinsights_sitenote_active":false,"_monsterinsights_sitenote_note":"","_monsterinsights_sitenote_category":0},"product_brand":[],"product_cat":[57],"product_tag":[],"class_list":{"0":"post-347","1":"product","2":"type-product","3":"status-publish","5":"product_cat-xantor-de","7":"first","8":"instock","9":"taxable","10":"shipping-taxable","11":"purchasable","12":"product-type-simple"},"yoast_head":"<!-- This site is optimized with the Yoast SEO plugin v26.6 - https:\/\/yoast.com\/wordpress\/plugins\/seo\/ -->\n<title>XANTOR HYDROCHLORS\u00c4URE 19% - KEMOTON SHOP<\/title>\n<meta name=\"robots\" content=\"index, follow, max-snippet:-1, max-image-preview:large, max-video-preview:-1\" \/>\n<link rel=\"canonical\" href=\"https:\/\/kemoton.com\/de\/produkt\/xantor-hydrochlorsaure-19\/\" \/>\n<meta property=\"og:locale\" content=\"de_DE\" \/>\n<meta property=\"og:type\" content=\"article\" \/>\n<meta property=\"og:title\" content=\"XANTOR HYDROCHLORS\u00c4URE 19% - KEMOTON SHOP\" \/>\n<meta property=\"og:description\" content=\"Bestimmt zur Entfernung von Kalk auf s\u00e4urebest\u00e4ndigen Keramikoberfl\u00e4chen, Porzellan und Kunststoffen. Chlors\u00e4ure. Auf die behandelte Oberfl\u00e4che auftragen und 10-15 min einwirken lassen. Mit viel Wasser absp\u00fclen. Wiederholen Sie die Anwendung bei hartn\u00e4ckigen Flecken. Verwenden Sie unverd\u00fcnnt oder mit Wasser (1: 1) verd\u00fcnnt &#8211; je nach Fleck. Wenn verwendet, verd\u00fcnnt, gie\u00dfen Sie Wasser allm\u00e4hlich unter intensivem [...]\" \/>\n<meta property=\"og:url\" content=\"https:\/\/kemoton.com\/de\/produkt\/xantor-hydrochlorsaure-19\/\" \/>\n<meta property=\"og:site_name\" content=\"KEMOTON SHOP\" \/>\n<meta name=\"twitter:card\" content=\"summary_large_image\" \/>\n<meta name=\"twitter:label1\" content=\"Gesch\u00e4tzte Lesezeit\" \/>\n\t<meta name=\"twitter:data1\" content=\"1\u00a0Minute\" \/>\n<script type=\"application\/ld+json\" class=\"yoast-schema-graph\">{\"@context\":\"https:\/\/schema.org\",\"@graph\":[{\"@type\":\"WebPage\",\"@id\":\"https:\/\/kemoton.com\/de\/produkt\/xantor-hydrochlorsaure-19\/\",\"url\":\"https:\/\/kemoton.com\/de\/produkt\/xantor-hydrochlorsaure-19\/\",\"name\":\"XANTOR HYDROCHLORS\u00c4URE 19% - KEMOTON SHOP\",\"isPartOf\":{\"@id\":\"https:\/\/kemoton.com\/hr\/#website\"},\"datePublished\":\"2020-06-11T16:27:11+00:00\",\"breadcrumb\":{\"@id\":\"https:\/\/kemoton.com\/de\/produkt\/xantor-hydrochlorsaure-19\/#breadcrumb\"},\"inLanguage\":\"de\",\"potentialAction\":[{\"@type\":\"ReadAction\",\"target\":[\"https:\/\/kemoton.com\/de\/produkt\/xantor-hydrochlorsaure-19\/\"]}]},{\"@type\":\"BreadcrumbList\",\"@id\":\"https:\/\/kemoton.com\/de\/produkt\/xantor-hydrochlorsaure-19\/#breadcrumb\",\"itemListElement\":[{\"@type\":\"ListItem\",\"position\":1,\"name\":\"Home\",\"item\":\"https:\/\/kemoton.com\/de\/\"},{\"@type\":\"ListItem\",\"position\":2,\"name\":\"Shop\",\"item\":\"https:\/\/kemoton.com\/hr\/shop-2\/\"},{\"@type\":\"ListItem\",\"position\":3,\"name\":\"XANTOR HYDROCHLORS\u00c4URE 19%\"}]},{\"@type\":\"WebSite\",\"@id\":\"https:\/\/kemoton.com\/hr\/#website\",\"url\":\"https:\/\/kemoton.com\/hr\/\",\"name\":\"KEMOTON SHOP\",\"description\":\"Home of Brands\",\"potentialAction\":[{\"@type\":\"SearchAction\",\"target\":{\"@type\":\"EntryPoint\",\"urlTemplate\":\"https:\/\/kemoton.com\/hr\/?s={search_term_string}\"},\"query-input\":{\"@type\":\"PropertyValueSpecification\",\"valueRequired\":true,\"valueName\":\"search_term_string\"}}],\"inLanguage\":\"de\"}]}<\/script>\n<!-- \/ Yoast SEO plugin. -->","yoast_head_json":{"title":"XANTOR HYDROCHLORS\u00c4URE 19% - KEMOTON SHOP","robots":{"index":"index","follow":"follow","max-snippet":"max-snippet:-1","max-image-preview":"max-image-preview:large","max-video-preview":"max-video-preview:-1"},"canonical":"https:\/\/kemoton.com\/de\/produkt\/xantor-hydrochlorsaure-19\/","og_locale":"de_DE","og_type":"article","og_title":"XANTOR HYDROCHLORS\u00c4URE 19% - KEMOTON SHOP","og_description":"Bestimmt zur Entfernung von Kalk auf s\u00e4urebest\u00e4ndigen Keramikoberfl\u00e4chen, Porzellan und Kunststoffen. Chlors\u00e4ure. Auf die behandelte Oberfl\u00e4che auftragen und 10-15 min einwirken lassen. Mit viel Wasser absp\u00fclen. Wiederholen Sie die Anwendung bei hartn\u00e4ckigen Flecken. Verwenden Sie unverd\u00fcnnt oder mit Wasser (1: 1) verd\u00fcnnt &#8211; je nach Fleck. Wenn verwendet, verd\u00fcnnt, gie\u00dfen Sie Wasser allm\u00e4hlich unter intensivem [...]","og_url":"https:\/\/kemoton.com\/de\/produkt\/xantor-hydrochlorsaure-19\/","og_site_name":"KEMOTON SHOP","twitter_card":"summary_large_image","twitter_misc":{"Gesch\u00e4tzte Lesezeit":"1\u00a0Minute"},"schema":{"@context":"https:\/\/schema.org","@graph":[{"@type":"WebPage","@id":"https:\/\/kemoton.com\/de\/produkt\/xantor-hydrochlorsaure-19\/","url":"https:\/\/kemoton.com\/de\/produkt\/xantor-hydrochlorsaure-19\/","name":"XANTOR HYDROCHLORS\u00c4URE 19% - KEMOTON SHOP","isPartOf":{"@id":"https:\/\/kemoton.com\/hr\/#website"},"datePublished":"2020-06-11T16:27:11+00:00","breadcrumb":{"@id":"https:\/\/kemoton.com\/de\/produkt\/xantor-hydrochlorsaure-19\/#breadcrumb"},"inLanguage":"de","potentialAction":[{"@type":"ReadAction","target":["https:\/\/kemoton.com\/de\/produkt\/xantor-hydrochlorsaure-19\/"]}]},{"@type":"BreadcrumbList","@id":"https:\/\/kemoton.com\/de\/produkt\/xantor-hydrochlorsaure-19\/#breadcrumb","itemListElement":[{"@type":"ListItem","position":1,"name":"Home","item":"https:\/\/kemoton.com\/de\/"},{"@type":"ListItem","position":2,"name":"Shop","item":"https:\/\/kemoton.com\/hr\/shop-2\/"},{"@type":"ListItem","position":3,"name":"XANTOR HYDROCHLORS\u00c4URE 19%"}]},{"@type":"WebSite","@id":"https:\/\/kemoton.com\/hr\/#website","url":"https:\/\/kemoton.com\/hr\/","name":"KEMOTON SHOP","description":"Home of Brands","potentialAction":[{"@type":"SearchAction","target":{"@type":"EntryPoint","urlTemplate":"https:\/\/kemoton.com\/hr\/?s={search_term_string}"},"query-input":{"@type":"PropertyValueSpecification","valueRequired":true,"valueName":"search_term_string"}}],"inLanguage":"de"}]}},"jetpack_sharing_enabled":true,"_links":{"self":[{"href":"https:\/\/kemoton.com\/de\/wp-json\/wp\/v2\/product\/347","targetHints":{"allow":["GET"]}}],"collection":[{"href":"https:\/\/kemoton.com\/de\/wp-json\/wp\/v2\/product"}],"about":[{"href":"https:\/\/kemoton.com\/de\/wp-json\/wp\/v2\/types\/product"}],"replies":[{"embeddable":true,"href":"https:\/\/kemoton.com\/de\/wp-json\/wp\/v2\/comments?post=347"}],"wp:attachment":[{"href":"https:\/\/kemoton.com\/de\/wp-json\/wp\/v2\/media?parent=347"}],"wp:term":[{"taxonomy":"product_brand","embeddable":true,"href":"https:\/\/kemoton.com\/de\/wp-json\/wp\/v2\/product_brand?post=347"},{"taxonomy":"product_cat","embeddable":true,"href":"https:\/\/kemoton.com\/de\/wp-json\/wp\/v2\/product_cat?post=347"},{"taxonomy":"product_tag","embeddable":true,"href":"https:\/\/kemoton.com\/de\/wp-json\/wp\/v2\/product_tag?post=347"}],"curies":[{"name":"wp","href":"https:\/\/api.w.org\/{rel}","templated":true}]}}