{"id":370,"date":"2020-06-11T16:48:02","date_gmt":"2020-06-11T16:48:02","guid":{"rendered":"https:\/\/kemoton.com\/product\/xantor-kitchen-fantasy\/"},"modified":"2020-06-11T16:49:43","modified_gmt":"2020-06-11T16:49:43","slug":"xantor-kitchen-fantasy","status":"publish","type":"product","link":"https:\/\/kemoton.com\/de\/produkt\/xantor-kitchen-fantasy\/","title":{"rendered":"XANTOR KITCHEN FANTASY"},"content":{"rendered":"<p>Reiniger zur Reinigung von K\u00fcchenoberfl\u00e4chen. Entfernt fettige Flecken und Verunreinigungen auf K\u00fcchenm\u00f6beln und erm\u00f6glicht einwandfreie Reinheit. Leuchtet und sorgt f\u00fcr angenehme Ger\u00fcche im ganzen Haus. Zum Reinigen aller Oberfl\u00e4chen in K\u00fcche, Schreibtisch, Holz, Keramik, Kunststoff (alle wasserdichten Oberfl\u00e4chen).<\/p>\n<p>Drehen Sie die Spr\u00fchd\u00fcse auf SPRAY oder STREAM, spr\u00fchen Sie auf die Oberfl\u00e4che, lassen Sie sie 1-2 Minuten einwirken und wischen Sie sie mit einem trockenen Tuch sauber. Nach dem Reinigen die Spr\u00fchd\u00fcse auf OFF stellen. Nicht auf vergoldeten Oberfl\u00e4chen verwenden.<\/p>\n","protected":false},"excerpt":{"rendered":"<p>Reiniger zur Reinigung von K\u00fcchenoberfl\u00e4chen. Entfernt fettige Flecken und Verunreinigungen auf K\u00fcchenm\u00f6beln und erm\u00f6glicht einwandfreie Reinheit. Leuchtet und sorgt f\u00fcr angenehme Ger\u00fcche im ganzen Haus. Zum Reinigen aller Oberfl\u00e4chen in K\u00fcche, Schreibtisch, Holz, Keramik, Kunststoff (alle wasserdichten Oberfl\u00e4chen). Drehen Sie die Spr\u00fchd\u00fcse auf SPRAY oder STREAM, spr\u00fchen Sie auf die Oberfl\u00e4che, lassen Sie sie 1-2 [&#8230;]\n","protected":false},"featured_media":368,"comment_status":"open","ping_status":"closed","template":"","meta":{"_monsterinsights_skip_tracking":false,"_monsterinsights_sitenote_active":false,"_monsterinsights_sitenote_note":"","_monsterinsights_sitenote_category":0},"product_brand":[],"product_cat":[57],"product_tag":[],"class_list":{"0":"post-370","1":"product","2":"type-product","3":"status-publish","4":"has-post-thumbnail","6":"product_cat-xantor-de","8":"first","9":"instock","10":"taxable","11":"shipping-taxable","12":"purchasable","13":"product-type-simple"},"yoast_head":"<!-- This site is optimized with the Yoast SEO plugin v26.6 - https:\/\/yoast.com\/wordpress\/plugins\/seo\/ -->\n<title>XANTOR KITCHEN FANTASY - KEMOTON SHOP<\/title>\n<meta name=\"robots\" content=\"index, follow, max-snippet:-1, max-image-preview:large, max-video-preview:-1\" \/>\n<link rel=\"canonical\" href=\"https:\/\/kemoton.com\/de\/produkt\/xantor-kitchen-fantasy\/\" \/>\n<meta property=\"og:locale\" content=\"de_DE\" \/>\n<meta property=\"og:type\" content=\"article\" \/>\n<meta property=\"og:title\" content=\"XANTOR KITCHEN FANTASY - KEMOTON SHOP\" \/>\n<meta property=\"og:description\" content=\"Reiniger zur Reinigung von K\u00fcchenoberfl\u00e4chen. Entfernt fettige Flecken und Verunreinigungen auf K\u00fcchenm\u00f6beln und erm\u00f6glicht einwandfreie Reinheit. Leuchtet und sorgt f\u00fcr angenehme Ger\u00fcche im ganzen Haus. Zum Reinigen aller Oberfl\u00e4chen in K\u00fcche, Schreibtisch, Holz, Keramik, Kunststoff (alle wasserdichten Oberfl\u00e4chen). Drehen Sie die Spr\u00fchd\u00fcse auf SPRAY oder STREAM, spr\u00fchen Sie auf die Oberfl\u00e4che, lassen Sie sie 1-2 [...]\" \/>\n<meta property=\"og:url\" content=\"https:\/\/kemoton.com\/de\/produkt\/xantor-kitchen-fantasy\/\" \/>\n<meta property=\"og:site_name\" content=\"KEMOTON SHOP\" \/>\n<meta property=\"article:modified_time\" content=\"2020-06-11T16:49:43+00:00\" \/>\n<meta property=\"og:image\" content=\"https:\/\/i0.wp.com\/kemoton.com\/wp-content\/uploads\/2020\/06\/XANTOR-KITCHENFANTASY-SPRICA.jpg?fit=1891%2C1891&ssl=1\" \/>\n\t<meta property=\"og:image:width\" content=\"1891\" \/>\n\t<meta property=\"og:image:height\" content=\"1891\" \/>\n\t<meta property=\"og:image:type\" content=\"image\/jpeg\" \/>\n<meta name=\"twitter:card\" content=\"summary_large_image\" \/>\n<script type=\"application\/ld+json\" class=\"yoast-schema-graph\">{\"@context\":\"https:\/\/schema.org\",\"@graph\":[{\"@type\":\"WebPage\",\"@id\":\"https:\/\/kemoton.com\/de\/produkt\/xantor-kitchen-fantasy\/\",\"url\":\"https:\/\/kemoton.com\/de\/produkt\/xantor-kitchen-fantasy\/\",\"name\":\"XANTOR KITCHEN FANTASY - KEMOTON SHOP\",\"isPartOf\":{\"@id\":\"https:\/\/kemoton.com\/hr\/#website\"},\"primaryImageOfPage\":{\"@id\":\"https:\/\/kemoton.com\/de\/produkt\/xantor-kitchen-fantasy\/#primaryimage\"},\"image\":{\"@id\":\"https:\/\/kemoton.com\/de\/produkt\/xantor-kitchen-fantasy\/#primaryimage\"},\"thumbnailUrl\":\"https:\/\/i0.wp.com\/kemoton.com\/wp-content\/uploads\/2020\/06\/XANTOR-KITCHENFANTASY-SPRICA.jpg?fit=1891%2C1891&ssl=1\",\"datePublished\":\"2020-06-11T16:48:02+00:00\",\"dateModified\":\"2020-06-11T16:49:43+00:00\",\"breadcrumb\":{\"@id\":\"https:\/\/kemoton.com\/de\/produkt\/xantor-kitchen-fantasy\/#breadcrumb\"},\"inLanguage\":\"de\",\"potentialAction\":[{\"@type\":\"ReadAction\",\"target\":[\"https:\/\/kemoton.com\/de\/produkt\/xantor-kitchen-fantasy\/\"]}]},{\"@type\":\"ImageObject\",\"inLanguage\":\"de\",\"@id\":\"https:\/\/kemoton.com\/de\/produkt\/xantor-kitchen-fantasy\/#primaryimage\",\"url\":\"https:\/\/i0.wp.com\/kemoton.com\/wp-content\/uploads\/2020\/06\/XANTOR-KITCHENFANTASY-SPRICA.jpg?fit=1891%2C1891&ssl=1\",\"contentUrl\":\"https:\/\/i0.wp.com\/kemoton.com\/wp-content\/uploads\/2020\/06\/XANTOR-KITCHENFANTASY-SPRICA.jpg?fit=1891%2C1891&ssl=1\",\"width\":1891,\"height\":1891},{\"@type\":\"BreadcrumbList\",\"@id\":\"https:\/\/kemoton.com\/de\/produkt\/xantor-kitchen-fantasy\/#breadcrumb\",\"itemListElement\":[{\"@type\":\"ListItem\",\"position\":1,\"name\":\"Home\",\"item\":\"https:\/\/kemoton.com\/de\/\"},{\"@type\":\"ListItem\",\"position\":2,\"name\":\"Shop\",\"item\":\"https:\/\/kemoton.com\/hr\/shop-2\/\"},{\"@type\":\"ListItem\",\"position\":3,\"name\":\"XANTOR KITCHEN FANTASY\"}]},{\"@type\":\"WebSite\",\"@id\":\"https:\/\/kemoton.com\/hr\/#website\",\"url\":\"https:\/\/kemoton.com\/hr\/\",\"name\":\"KEMOTON SHOP\",\"description\":\"Home of Brands\",\"potentialAction\":[{\"@type\":\"SearchAction\",\"target\":{\"@type\":\"EntryPoint\",\"urlTemplate\":\"https:\/\/kemoton.com\/hr\/?s={search_term_string}\"},\"query-input\":{\"@type\":\"PropertyValueSpecification\",\"valueRequired\":true,\"valueName\":\"search_term_string\"}}],\"inLanguage\":\"de\"}]}<\/script>\n<!-- \/ Yoast SEO plugin. -->","yoast_head_json":{"title":"XANTOR KITCHEN FANTASY - KEMOTON SHOP","robots":{"index":"index","follow":"follow","max-snippet":"max-snippet:-1","max-image-preview":"max-image-preview:large","max-video-preview":"max-video-preview:-1"},"canonical":"https:\/\/kemoton.com\/de\/produkt\/xantor-kitchen-fantasy\/","og_locale":"de_DE","og_type":"article","og_title":"XANTOR KITCHEN FANTASY - KEMOTON SHOP","og_description":"Reiniger zur Reinigung von K\u00fcchenoberfl\u00e4chen. Entfernt fettige Flecken und Verunreinigungen auf K\u00fcchenm\u00f6beln und erm\u00f6glicht einwandfreie Reinheit. Leuchtet und sorgt f\u00fcr angenehme Ger\u00fcche im ganzen Haus. Zum Reinigen aller Oberfl\u00e4chen in K\u00fcche, Schreibtisch, Holz, Keramik, Kunststoff (alle wasserdichten Oberfl\u00e4chen). Drehen Sie die Spr\u00fchd\u00fcse auf SPRAY oder STREAM, spr\u00fchen Sie auf die Oberfl\u00e4che, lassen Sie sie 1-2 [...]","og_url":"https:\/\/kemoton.com\/de\/produkt\/xantor-kitchen-fantasy\/","og_site_name":"KEMOTON SHOP","article_modified_time":"2020-06-11T16:49:43+00:00","og_image":[{"width":1891,"height":1891,"url":"https:\/\/i0.wp.com\/kemoton.com\/wp-content\/uploads\/2020\/06\/XANTOR-KITCHENFANTASY-SPRICA.jpg?fit=1891%2C1891&ssl=1","type":"image\/jpeg"}],"twitter_card":"summary_large_image","schema":{"@context":"https:\/\/schema.org","@graph":[{"@type":"WebPage","@id":"https:\/\/kemoton.com\/de\/produkt\/xantor-kitchen-fantasy\/","url":"https:\/\/kemoton.com\/de\/produkt\/xantor-kitchen-fantasy\/","name":"XANTOR KITCHEN FANTASY - KEMOTON SHOP","isPartOf":{"@id":"https:\/\/kemoton.com\/hr\/#website"},"primaryImageOfPage":{"@id":"https:\/\/kemoton.com\/de\/produkt\/xantor-kitchen-fantasy\/#primaryimage"},"image":{"@id":"https:\/\/kemoton.com\/de\/produkt\/xantor-kitchen-fantasy\/#primaryimage"},"thumbnailUrl":"https:\/\/i0.wp.com\/kemoton.com\/wp-content\/uploads\/2020\/06\/XANTOR-KITCHENFANTASY-SPRICA.jpg?fit=1891%2C1891&ssl=1","datePublished":"2020-06-11T16:48:02+00:00","dateModified":"2020-06-11T16:49:43+00:00","breadcrumb":{"@id":"https:\/\/kemoton.com\/de\/produkt\/xantor-kitchen-fantasy\/#breadcrumb"},"inLanguage":"de","potentialAction":[{"@type":"ReadAction","target":["https:\/\/kemoton.com\/de\/produkt\/xantor-kitchen-fantasy\/"]}]},{"@type":"ImageObject","inLanguage":"de","@id":"https:\/\/kemoton.com\/de\/produkt\/xantor-kitchen-fantasy\/#primaryimage","url":"https:\/\/i0.wp.com\/kemoton.com\/wp-content\/uploads\/2020\/06\/XANTOR-KITCHENFANTASY-SPRICA.jpg?fit=1891%2C1891&ssl=1","contentUrl":"https:\/\/i0.wp.com\/kemoton.com\/wp-content\/uploads\/2020\/06\/XANTOR-KITCHENFANTASY-SPRICA.jpg?fit=1891%2C1891&ssl=1","width":1891,"height":1891},{"@type":"BreadcrumbList","@id":"https:\/\/kemoton.com\/de\/produkt\/xantor-kitchen-fantasy\/#breadcrumb","itemListElement":[{"@type":"ListItem","position":1,"name":"Home","item":"https:\/\/kemoton.com\/de\/"},{"@type":"ListItem","position":2,"name":"Shop","item":"https:\/\/kemoton.com\/hr\/shop-2\/"},{"@type":"ListItem","position":3,"name":"XANTOR KITCHEN FANTASY"}]},{"@type":"WebSite","@id":"https:\/\/kemoton.com\/hr\/#website","url":"https:\/\/kemoton.com\/hr\/","name":"KEMOTON SHOP","description":"Home of Brands","potentialAction":[{"@type":"SearchAction","target":{"@type":"EntryPoint","urlTemplate":"https:\/\/kemoton.com\/hr\/?s={search_term_string}"},"query-input":{"@type":"PropertyValueSpecification","valueRequired":true,"valueName":"search_term_string"}}],"inLanguage":"de"}]}},"jetpack_sharing_enabled":true,"_links":{"self":[{"href":"https:\/\/kemoton.com\/de\/wp-json\/wp\/v2\/product\/370","targetHints":{"allow":["GET"]}}],"collection":[{"href":"https:\/\/kemoton.com\/de\/wp-json\/wp\/v2\/product"}],"about":[{"href":"https:\/\/kemoton.com\/de\/wp-json\/wp\/v2\/types\/product"}],"replies":[{"embeddable":true,"href":"https:\/\/kemoton.com\/de\/wp-json\/wp\/v2\/comments?post=370"}],"wp:featuredmedia":[{"embeddable":true,"href":"https:\/\/kemoton.com\/de\/wp-json\/wp\/v2\/media\/368"}],"wp:attachment":[{"href":"https:\/\/kemoton.com\/de\/wp-json\/wp\/v2\/media?parent=370"}],"wp:term":[{"taxonomy":"product_brand","embeddable":true,"href":"https:\/\/kemoton.com\/de\/wp-json\/wp\/v2\/product_brand?post=370"},{"taxonomy":"product_cat","embeddable":true,"href":"https:\/\/kemoton.com\/de\/wp-json\/wp\/v2\/product_cat?post=370"},{"taxonomy":"product_tag","embeddable":true,"href":"https:\/\/kemoton.com\/de\/wp-json\/wp\/v2\/product_tag?post=370"}],"curies":[{"name":"wp","href":"https:\/\/api.w.org\/{rel}","templated":true}]}}