{"id":388,"date":"2020-06-11T16:56:59","date_gmt":"2020-06-11T16:56:59","guid":{"rendered":"https:\/\/kemoton.com\/product\/xantor-crystal-orange-5l\/"},"modified":"2020-06-11T16:57:57","modified_gmt":"2020-06-11T16:57:57","slug":"xantor-crystal-orange-5l","status":"publish","type":"product","link":"https:\/\/kemoton.com\/de\/produkt\/xantor-crystal-orange-5l\/","title":{"rendered":"XANTOR CRYSTAL ORANGE 5L"},"content":{"rendered":"<p>Spr\u00fchreiniger f\u00fcr Glas und glatte Oberfl\u00e4chen mit Orangengeruch. Zum Reinigen von Fenstern, Spiegeln, Computer- und Fernsehbildschirmen und anderen Glasoberfl\u00e4chen. Neutralisiert statische Elektrizit\u00e4t und verhindert die Ansammlung von Staub und Smog \u00fcber einen l\u00e4ngeren Zeitraum. Verhindert das Beschlagen gereinigter Oberfl\u00e4chen. \u00d6kologisch vertr\u00e4glich.<\/p>\n<p>Drehen Sie die Spr\u00fchd\u00fcse auf SPRAY oder STREAM, spr\u00fchen Sie auf die zu reinigende Oberfl\u00e4che und wischen Sie sie mit Papier oder einem trockenen Tuch ab. Nach dem Reinigen die Spr\u00fchd\u00fcse auf AUS drehen. Auf z\u00e4hen Schichten von Verunreinigungen 30 Sekunden einwirken lassen, dann mit einem trockenen Tuch abwischen.<\/p>\n","protected":false},"excerpt":{"rendered":"<p>Spr\u00fchreiniger f\u00fcr Glas und glatte Oberfl\u00e4chen mit Orangengeruch. Zum Reinigen von Fenstern, Spiegeln, Computer- und Fernsehbildschirmen und anderen Glasoberfl\u00e4chen. Neutralisiert statische Elektrizit\u00e4t und verhindert die Ansammlung von Staub und Smog \u00fcber einen l\u00e4ngeren Zeitraum. Verhindert das Beschlagen gereinigter Oberfl\u00e4chen. \u00d6kologisch vertr\u00e4glich. Drehen Sie die Spr\u00fchd\u00fcse auf SPRAY oder STREAM, spr\u00fchen Sie auf die zu reinigende [&#8230;]\n","protected":false},"featured_media":383,"comment_status":"open","ping_status":"closed","template":"","meta":{"_monsterinsights_skip_tracking":false,"_monsterinsights_sitenote_active":false,"_monsterinsights_sitenote_note":"","_monsterinsights_sitenote_category":0},"product_brand":[],"product_cat":[57],"product_tag":[],"class_list":{"0":"post-388","1":"product","2":"type-product","3":"status-publish","4":"has-post-thumbnail","6":"product_cat-xantor-de","8":"first","9":"instock","10":"taxable","11":"shipping-taxable","12":"purchasable","13":"product-type-simple"},"yoast_head":"<!-- This site is optimized with the Yoast SEO plugin v26.6 - https:\/\/yoast.com\/wordpress\/plugins\/seo\/ -->\n<title>XANTOR CRYSTAL ORANGE 5L - KEMOTON SHOP<\/title>\n<meta name=\"robots\" content=\"index, follow, max-snippet:-1, max-image-preview:large, max-video-preview:-1\" \/>\n<link rel=\"canonical\" href=\"https:\/\/kemoton.com\/de\/produkt\/xantor-crystal-orange-5l\/\" \/>\n<meta property=\"og:locale\" content=\"de_DE\" \/>\n<meta property=\"og:type\" content=\"article\" \/>\n<meta property=\"og:title\" content=\"XANTOR CRYSTAL ORANGE 5L - KEMOTON SHOP\" \/>\n<meta property=\"og:description\" content=\"Spr\u00fchreiniger f\u00fcr Glas und glatte Oberfl\u00e4chen mit Orangengeruch. Zum Reinigen von Fenstern, Spiegeln, Computer- und Fernsehbildschirmen und anderen Glasoberfl\u00e4chen. Neutralisiert statische Elektrizit\u00e4t und verhindert die Ansammlung von Staub und Smog \u00fcber einen l\u00e4ngeren Zeitraum. Verhindert das Beschlagen gereinigter Oberfl\u00e4chen. \u00d6kologisch vertr\u00e4glich. Drehen Sie die Spr\u00fchd\u00fcse auf SPRAY oder STREAM, spr\u00fchen Sie auf die zu reinigende [...]\" \/>\n<meta property=\"og:url\" content=\"https:\/\/kemoton.com\/de\/produkt\/xantor-crystal-orange-5l\/\" \/>\n<meta property=\"og:site_name\" content=\"KEMOTON SHOP\" \/>\n<meta property=\"article:modified_time\" content=\"2020-06-11T16:57:57+00:00\" \/>\n<meta property=\"og:image\" content=\"https:\/\/i0.wp.com\/kemoton.com\/wp-content\/uploads\/2020\/06\/XANTOR-CRYSTALORANGE-SPRICA.jpg?fit=1891%2C1891&ssl=1\" \/>\n\t<meta property=\"og:image:width\" content=\"1891\" \/>\n\t<meta property=\"og:image:height\" content=\"1891\" \/>\n\t<meta property=\"og:image:type\" content=\"image\/jpeg\" \/>\n<meta name=\"twitter:card\" content=\"summary_large_image\" \/>\n<meta name=\"twitter:label1\" content=\"Gesch\u00e4tzte Lesezeit\" \/>\n\t<meta name=\"twitter:data1\" content=\"1\u00a0Minute\" \/>\n<script type=\"application\/ld+json\" class=\"yoast-schema-graph\">{\"@context\":\"https:\/\/schema.org\",\"@graph\":[{\"@type\":\"WebPage\",\"@id\":\"https:\/\/kemoton.com\/de\/produkt\/xantor-crystal-orange-5l\/\",\"url\":\"https:\/\/kemoton.com\/de\/produkt\/xantor-crystal-orange-5l\/\",\"name\":\"XANTOR CRYSTAL ORANGE 5L - KEMOTON SHOP\",\"isPartOf\":{\"@id\":\"https:\/\/kemoton.com\/hr\/#website\"},\"primaryImageOfPage\":{\"@id\":\"https:\/\/kemoton.com\/de\/produkt\/xantor-crystal-orange-5l\/#primaryimage\"},\"image\":{\"@id\":\"https:\/\/kemoton.com\/de\/produkt\/xantor-crystal-orange-5l\/#primaryimage\"},\"thumbnailUrl\":\"https:\/\/i0.wp.com\/kemoton.com\/wp-content\/uploads\/2020\/06\/XANTOR-CRYSTALORANGE-SPRICA.jpg?fit=1891%2C1891&ssl=1\",\"datePublished\":\"2020-06-11T16:56:59+00:00\",\"dateModified\":\"2020-06-11T16:57:57+00:00\",\"breadcrumb\":{\"@id\":\"https:\/\/kemoton.com\/de\/produkt\/xantor-crystal-orange-5l\/#breadcrumb\"},\"inLanguage\":\"de\",\"potentialAction\":[{\"@type\":\"ReadAction\",\"target\":[\"https:\/\/kemoton.com\/de\/produkt\/xantor-crystal-orange-5l\/\"]}]},{\"@type\":\"ImageObject\",\"inLanguage\":\"de\",\"@id\":\"https:\/\/kemoton.com\/de\/produkt\/xantor-crystal-orange-5l\/#primaryimage\",\"url\":\"https:\/\/i0.wp.com\/kemoton.com\/wp-content\/uploads\/2020\/06\/XANTOR-CRYSTALORANGE-SPRICA.jpg?fit=1891%2C1891&ssl=1\",\"contentUrl\":\"https:\/\/i0.wp.com\/kemoton.com\/wp-content\/uploads\/2020\/06\/XANTOR-CRYSTALORANGE-SPRICA.jpg?fit=1891%2C1891&ssl=1\",\"width\":1891,\"height\":1891,\"caption\":\"XANTOR-CRYSTAL-ORANGE\"},{\"@type\":\"BreadcrumbList\",\"@id\":\"https:\/\/kemoton.com\/de\/produkt\/xantor-crystal-orange-5l\/#breadcrumb\",\"itemListElement\":[{\"@type\":\"ListItem\",\"position\":1,\"name\":\"Home\",\"item\":\"https:\/\/kemoton.com\/de\/\"},{\"@type\":\"ListItem\",\"position\":2,\"name\":\"Shop\",\"item\":\"https:\/\/kemoton.com\/hr\/shop-2\/\"},{\"@type\":\"ListItem\",\"position\":3,\"name\":\"XANTOR CRYSTAL ORANGE 5L\"}]},{\"@type\":\"WebSite\",\"@id\":\"https:\/\/kemoton.com\/hr\/#website\",\"url\":\"https:\/\/kemoton.com\/hr\/\",\"name\":\"KEMOTON SHOP\",\"description\":\"Home of Brands\",\"potentialAction\":[{\"@type\":\"SearchAction\",\"target\":{\"@type\":\"EntryPoint\",\"urlTemplate\":\"https:\/\/kemoton.com\/hr\/?s={search_term_string}\"},\"query-input\":{\"@type\":\"PropertyValueSpecification\",\"valueRequired\":true,\"valueName\":\"search_term_string\"}}],\"inLanguage\":\"de\"}]}<\/script>\n<!-- \/ Yoast SEO plugin. -->","yoast_head_json":{"title":"XANTOR CRYSTAL ORANGE 5L - KEMOTON SHOP","robots":{"index":"index","follow":"follow","max-snippet":"max-snippet:-1","max-image-preview":"max-image-preview:large","max-video-preview":"max-video-preview:-1"},"canonical":"https:\/\/kemoton.com\/de\/produkt\/xantor-crystal-orange-5l\/","og_locale":"de_DE","og_type":"article","og_title":"XANTOR CRYSTAL ORANGE 5L - KEMOTON SHOP","og_description":"Spr\u00fchreiniger f\u00fcr Glas und glatte Oberfl\u00e4chen mit Orangengeruch. Zum Reinigen von Fenstern, Spiegeln, Computer- und Fernsehbildschirmen und anderen Glasoberfl\u00e4chen. Neutralisiert statische Elektrizit\u00e4t und verhindert die Ansammlung von Staub und Smog \u00fcber einen l\u00e4ngeren Zeitraum. Verhindert das Beschlagen gereinigter Oberfl\u00e4chen. \u00d6kologisch vertr\u00e4glich. Drehen Sie die Spr\u00fchd\u00fcse auf SPRAY oder STREAM, spr\u00fchen Sie auf die zu reinigende [...]","og_url":"https:\/\/kemoton.com\/de\/produkt\/xantor-crystal-orange-5l\/","og_site_name":"KEMOTON SHOP","article_modified_time":"2020-06-11T16:57:57+00:00","og_image":[{"width":1891,"height":1891,"url":"https:\/\/i0.wp.com\/kemoton.com\/wp-content\/uploads\/2020\/06\/XANTOR-CRYSTALORANGE-SPRICA.jpg?fit=1891%2C1891&ssl=1","type":"image\/jpeg"}],"twitter_card":"summary_large_image","twitter_misc":{"Gesch\u00e4tzte Lesezeit":"1\u00a0Minute"},"schema":{"@context":"https:\/\/schema.org","@graph":[{"@type":"WebPage","@id":"https:\/\/kemoton.com\/de\/produkt\/xantor-crystal-orange-5l\/","url":"https:\/\/kemoton.com\/de\/produkt\/xantor-crystal-orange-5l\/","name":"XANTOR CRYSTAL ORANGE 5L - KEMOTON SHOP","isPartOf":{"@id":"https:\/\/kemoton.com\/hr\/#website"},"primaryImageOfPage":{"@id":"https:\/\/kemoton.com\/de\/produkt\/xantor-crystal-orange-5l\/#primaryimage"},"image":{"@id":"https:\/\/kemoton.com\/de\/produkt\/xantor-crystal-orange-5l\/#primaryimage"},"thumbnailUrl":"https:\/\/i0.wp.com\/kemoton.com\/wp-content\/uploads\/2020\/06\/XANTOR-CRYSTALORANGE-SPRICA.jpg?fit=1891%2C1891&ssl=1","datePublished":"2020-06-11T16:56:59+00:00","dateModified":"2020-06-11T16:57:57+00:00","breadcrumb":{"@id":"https:\/\/kemoton.com\/de\/produkt\/xantor-crystal-orange-5l\/#breadcrumb"},"inLanguage":"de","potentialAction":[{"@type":"ReadAction","target":["https:\/\/kemoton.com\/de\/produkt\/xantor-crystal-orange-5l\/"]}]},{"@type":"ImageObject","inLanguage":"de","@id":"https:\/\/kemoton.com\/de\/produkt\/xantor-crystal-orange-5l\/#primaryimage","url":"https:\/\/i0.wp.com\/kemoton.com\/wp-content\/uploads\/2020\/06\/XANTOR-CRYSTALORANGE-SPRICA.jpg?fit=1891%2C1891&ssl=1","contentUrl":"https:\/\/i0.wp.com\/kemoton.com\/wp-content\/uploads\/2020\/06\/XANTOR-CRYSTALORANGE-SPRICA.jpg?fit=1891%2C1891&ssl=1","width":1891,"height":1891,"caption":"XANTOR-CRYSTAL-ORANGE"},{"@type":"BreadcrumbList","@id":"https:\/\/kemoton.com\/de\/produkt\/xantor-crystal-orange-5l\/#breadcrumb","itemListElement":[{"@type":"ListItem","position":1,"name":"Home","item":"https:\/\/kemoton.com\/de\/"},{"@type":"ListItem","position":2,"name":"Shop","item":"https:\/\/kemoton.com\/hr\/shop-2\/"},{"@type":"ListItem","position":3,"name":"XANTOR CRYSTAL ORANGE 5L"}]},{"@type":"WebSite","@id":"https:\/\/kemoton.com\/hr\/#website","url":"https:\/\/kemoton.com\/hr\/","name":"KEMOTON SHOP","description":"Home of Brands","potentialAction":[{"@type":"SearchAction","target":{"@type":"EntryPoint","urlTemplate":"https:\/\/kemoton.com\/hr\/?s={search_term_string}"},"query-input":{"@type":"PropertyValueSpecification","valueRequired":true,"valueName":"search_term_string"}}],"inLanguage":"de"}]}},"jetpack_sharing_enabled":true,"_links":{"self":[{"href":"https:\/\/kemoton.com\/de\/wp-json\/wp\/v2\/product\/388","targetHints":{"allow":["GET"]}}],"collection":[{"href":"https:\/\/kemoton.com\/de\/wp-json\/wp\/v2\/product"}],"about":[{"href":"https:\/\/kemoton.com\/de\/wp-json\/wp\/v2\/types\/product"}],"replies":[{"embeddable":true,"href":"https:\/\/kemoton.com\/de\/wp-json\/wp\/v2\/comments?post=388"}],"wp:featuredmedia":[{"embeddable":true,"href":"https:\/\/kemoton.com\/de\/wp-json\/wp\/v2\/media\/383"}],"wp:attachment":[{"href":"https:\/\/kemoton.com\/de\/wp-json\/wp\/v2\/media?parent=388"}],"wp:term":[{"taxonomy":"product_brand","embeddable":true,"href":"https:\/\/kemoton.com\/de\/wp-json\/wp\/v2\/product_brand?post=388"},{"taxonomy":"product_cat","embeddable":true,"href":"https:\/\/kemoton.com\/de\/wp-json\/wp\/v2\/product_cat?post=388"},{"taxonomy":"product_tag","embeddable":true,"href":"https:\/\/kemoton.com\/de\/wp-json\/wp\/v2\/product_tag?post=388"}],"curies":[{"name":"wp","href":"https:\/\/api.w.org\/{rel}","templated":true}]}}