{"id":416,"date":"2020-06-13T15:08:02","date_gmt":"2020-06-13T15:08:02","guid":{"rendered":"https:\/\/kemoton.com\/product\/ladesta-antibacterial\/"},"modified":"2022-10-09T22:33:25","modified_gmt":"2022-10-09T20:33:25","slug":"ladesta-antibacterial","status":"publish","type":"product","link":"https:\/\/kemoton.com\/de\/produkt\/ladesta-antibacterial\/","title":{"rendered":"LADESTA ANTIBACTERIAL"},"content":{"rendered":"<p>Fl\u00fcssigseife zum t\u00e4glichen Waschen und zum Schutz der Haut vor Mikrobenverschmutzung. Reichhaltiger Schaum entfernt Verunreinigungen vollst\u00e4ndig. Das nat\u00fcrliche Camille-Bakterizid Apigenin wirkt antibakteriell. Reinigt sanft die Haut und verhindert das Austrocknen. Nach dem Waschen ist die Haut weich mit angenehmem Geruch. Ph neutral.<\/p>\n<p>Gie\u00dfen Sie Fl\u00fcssigseife auf die Hand, befeuchten Sie sie mit Wasser und reiben Sie sie beim Sch\u00e4umen in die Haut ein. Nach dem Waschen die H\u00e4nde mit klarem Wasser waschen.<\/p>\n","protected":false},"excerpt":{"rendered":"<p>Fl\u00fcssigseife zum t\u00e4glichen Waschen und zum Schutz der Haut vor Mikrobenverschmutzung. Reichhaltiger Schaum entfernt Verunreinigungen vollst\u00e4ndig. Das nat\u00fcrliche Camille-Bakterizid Apigenin wirkt antibakteriell. Reinigt sanft die Haut und verhindert das Austrocknen. Nach dem Waschen ist die Haut weich mit angenehmem Geruch. Ph neutral. Gie\u00dfen Sie Fl\u00fcssigseife auf die Hand, befeuchten Sie sie mit Wasser und reiben [&#8230;]\n","protected":false},"featured_media":502,"comment_status":"open","ping_status":"closed","template":"","meta":{"_monsterinsights_skip_tracking":false,"_monsterinsights_sitenote_active":false,"_monsterinsights_sitenote_note":"","_monsterinsights_sitenote_category":0},"product_brand":[],"product_cat":[61],"product_tag":[],"class_list":{"0":"post-416","1":"product","2":"type-product","3":"status-publish","4":"has-post-thumbnail","6":"product_cat-ladesta-de","8":"first","9":"instock","10":"taxable","11":"shipping-taxable","12":"purchasable","13":"product-type-simple"},"yoast_head":"<!-- This site is optimized with the Yoast SEO plugin v26.6 - https:\/\/yoast.com\/wordpress\/plugins\/seo\/ -->\n<title>LADESTA ANTIBACTERIAL - KEMOTON SHOP<\/title>\n<meta name=\"robots\" content=\"index, follow, max-snippet:-1, max-image-preview:large, max-video-preview:-1\" \/>\n<link rel=\"canonical\" href=\"https:\/\/kemoton.com\/de\/produkt\/ladesta-antibacterial\/\" \/>\n<meta property=\"og:locale\" content=\"de_DE\" \/>\n<meta property=\"og:type\" content=\"article\" \/>\n<meta property=\"og:title\" content=\"LADESTA ANTIBACTERIAL - KEMOTON SHOP\" \/>\n<meta property=\"og:description\" content=\"Fl\u00fcssigseife zum t\u00e4glichen Waschen und zum Schutz der Haut vor Mikrobenverschmutzung. Reichhaltiger Schaum entfernt Verunreinigungen vollst\u00e4ndig. Das nat\u00fcrliche Camille-Bakterizid Apigenin wirkt antibakteriell. Reinigt sanft die Haut und verhindert das Austrocknen. Nach dem Waschen ist die Haut weich mit angenehmem Geruch. Ph neutral. Gie\u00dfen Sie Fl\u00fcssigseife auf die Hand, befeuchten Sie sie mit Wasser und reiben [...]\" \/>\n<meta property=\"og:url\" content=\"https:\/\/kemoton.com\/de\/produkt\/ladesta-antibacterial\/\" \/>\n<meta property=\"og:site_name\" content=\"KEMOTON SHOP\" \/>\n<meta property=\"article:modified_time\" content=\"2022-10-09T20:33:25+00:00\" \/>\n<meta property=\"og:image\" content=\"https:\/\/kemoton.com\/wp-content\/uploads\/2020\/06\/ladesta-antibacterial-800x800.png\" \/>\n\t<meta property=\"og:image:width\" content=\"800\" \/>\n\t<meta property=\"og:image:height\" content=\"800\" \/>\n\t<meta property=\"og:image:type\" content=\"image\/png\" \/>\n<meta name=\"twitter:card\" content=\"summary_large_image\" \/>\n<script type=\"application\/ld+json\" class=\"yoast-schema-graph\">{\"@context\":\"https:\/\/schema.org\",\"@graph\":[{\"@type\":\"WebPage\",\"@id\":\"https:\/\/kemoton.com\/de\/produkt\/ladesta-antibacterial\/\",\"url\":\"https:\/\/kemoton.com\/de\/produkt\/ladesta-antibacterial\/\",\"name\":\"LADESTA ANTIBACTERIAL - KEMOTON SHOP\",\"isPartOf\":{\"@id\":\"https:\/\/kemoton.com\/hr\/#website\"},\"primaryImageOfPage\":{\"@id\":\"https:\/\/kemoton.com\/de\/produkt\/ladesta-antibacterial\/#primaryimage\"},\"image\":{\"@id\":\"https:\/\/kemoton.com\/de\/produkt\/ladesta-antibacterial\/#primaryimage\"},\"thumbnailUrl\":\"https:\/\/i0.wp.com\/kemoton.com\/wp-content\/uploads\/2020\/06\/ladesta-antibacterial.png?fit=3543%2C3543&ssl=1\",\"datePublished\":\"2020-06-13T15:08:02+00:00\",\"dateModified\":\"2022-10-09T20:33:25+00:00\",\"breadcrumb\":{\"@id\":\"https:\/\/kemoton.com\/de\/produkt\/ladesta-antibacterial\/#breadcrumb\"},\"inLanguage\":\"de\",\"potentialAction\":[{\"@type\":\"ReadAction\",\"target\":[\"https:\/\/kemoton.com\/de\/produkt\/ladesta-antibacterial\/\"]}]},{\"@type\":\"ImageObject\",\"inLanguage\":\"de\",\"@id\":\"https:\/\/kemoton.com\/de\/produkt\/ladesta-antibacterial\/#primaryimage\",\"url\":\"https:\/\/i0.wp.com\/kemoton.com\/wp-content\/uploads\/2020\/06\/ladesta-antibacterial.png?fit=3543%2C3543&ssl=1\",\"contentUrl\":\"https:\/\/i0.wp.com\/kemoton.com\/wp-content\/uploads\/2020\/06\/ladesta-antibacterial.png?fit=3543%2C3543&ssl=1\",\"width\":3543,\"height\":3543,\"caption\":\"ladesta-antibacterial\"},{\"@type\":\"BreadcrumbList\",\"@id\":\"https:\/\/kemoton.com\/de\/produkt\/ladesta-antibacterial\/#breadcrumb\",\"itemListElement\":[{\"@type\":\"ListItem\",\"position\":1,\"name\":\"Home\",\"item\":\"https:\/\/kemoton.com\/de\/\"},{\"@type\":\"ListItem\",\"position\":2,\"name\":\"Shop\",\"item\":\"https:\/\/kemoton.com\/hr\/shop-2\/\"},{\"@type\":\"ListItem\",\"position\":3,\"name\":\"LADESTA ANTIBACTERIAL\"}]},{\"@type\":\"WebSite\",\"@id\":\"https:\/\/kemoton.com\/hr\/#website\",\"url\":\"https:\/\/kemoton.com\/hr\/\",\"name\":\"KEMOTON SHOP\",\"description\":\"Home of Brands\",\"potentialAction\":[{\"@type\":\"SearchAction\",\"target\":{\"@type\":\"EntryPoint\",\"urlTemplate\":\"https:\/\/kemoton.com\/hr\/?s={search_term_string}\"},\"query-input\":{\"@type\":\"PropertyValueSpecification\",\"valueRequired\":true,\"valueName\":\"search_term_string\"}}],\"inLanguage\":\"de\"}]}<\/script>\n<!-- \/ Yoast SEO plugin. -->","yoast_head_json":{"title":"LADESTA ANTIBACTERIAL - KEMOTON SHOP","robots":{"index":"index","follow":"follow","max-snippet":"max-snippet:-1","max-image-preview":"max-image-preview:large","max-video-preview":"max-video-preview:-1"},"canonical":"https:\/\/kemoton.com\/de\/produkt\/ladesta-antibacterial\/","og_locale":"de_DE","og_type":"article","og_title":"LADESTA ANTIBACTERIAL - KEMOTON SHOP","og_description":"Fl\u00fcssigseife zum t\u00e4glichen Waschen und zum Schutz der Haut vor Mikrobenverschmutzung. Reichhaltiger Schaum entfernt Verunreinigungen vollst\u00e4ndig. Das nat\u00fcrliche Camille-Bakterizid Apigenin wirkt antibakteriell. Reinigt sanft die Haut und verhindert das Austrocknen. Nach dem Waschen ist die Haut weich mit angenehmem Geruch. Ph neutral. Gie\u00dfen Sie Fl\u00fcssigseife auf die Hand, befeuchten Sie sie mit Wasser und reiben [...]","og_url":"https:\/\/kemoton.com\/de\/produkt\/ladesta-antibacterial\/","og_site_name":"KEMOTON SHOP","article_modified_time":"2022-10-09T20:33:25+00:00","og_image":[{"width":800,"height":800,"url":"https:\/\/kemoton.com\/wp-content\/uploads\/2020\/06\/ladesta-antibacterial-800x800.png","type":"image\/png"}],"twitter_card":"summary_large_image","schema":{"@context":"https:\/\/schema.org","@graph":[{"@type":"WebPage","@id":"https:\/\/kemoton.com\/de\/produkt\/ladesta-antibacterial\/","url":"https:\/\/kemoton.com\/de\/produkt\/ladesta-antibacterial\/","name":"LADESTA ANTIBACTERIAL - KEMOTON SHOP","isPartOf":{"@id":"https:\/\/kemoton.com\/hr\/#website"},"primaryImageOfPage":{"@id":"https:\/\/kemoton.com\/de\/produkt\/ladesta-antibacterial\/#primaryimage"},"image":{"@id":"https:\/\/kemoton.com\/de\/produkt\/ladesta-antibacterial\/#primaryimage"},"thumbnailUrl":"https:\/\/i0.wp.com\/kemoton.com\/wp-content\/uploads\/2020\/06\/ladesta-antibacterial.png?fit=3543%2C3543&ssl=1","datePublished":"2020-06-13T15:08:02+00:00","dateModified":"2022-10-09T20:33:25+00:00","breadcrumb":{"@id":"https:\/\/kemoton.com\/de\/produkt\/ladesta-antibacterial\/#breadcrumb"},"inLanguage":"de","potentialAction":[{"@type":"ReadAction","target":["https:\/\/kemoton.com\/de\/produkt\/ladesta-antibacterial\/"]}]},{"@type":"ImageObject","inLanguage":"de","@id":"https:\/\/kemoton.com\/de\/produkt\/ladesta-antibacterial\/#primaryimage","url":"https:\/\/i0.wp.com\/kemoton.com\/wp-content\/uploads\/2020\/06\/ladesta-antibacterial.png?fit=3543%2C3543&ssl=1","contentUrl":"https:\/\/i0.wp.com\/kemoton.com\/wp-content\/uploads\/2020\/06\/ladesta-antibacterial.png?fit=3543%2C3543&ssl=1","width":3543,"height":3543,"caption":"ladesta-antibacterial"},{"@type":"BreadcrumbList","@id":"https:\/\/kemoton.com\/de\/produkt\/ladesta-antibacterial\/#breadcrumb","itemListElement":[{"@type":"ListItem","position":1,"name":"Home","item":"https:\/\/kemoton.com\/de\/"},{"@type":"ListItem","position":2,"name":"Shop","item":"https:\/\/kemoton.com\/hr\/shop-2\/"},{"@type":"ListItem","position":3,"name":"LADESTA ANTIBACTERIAL"}]},{"@type":"WebSite","@id":"https:\/\/kemoton.com\/hr\/#website","url":"https:\/\/kemoton.com\/hr\/","name":"KEMOTON SHOP","description":"Home of Brands","potentialAction":[{"@type":"SearchAction","target":{"@type":"EntryPoint","urlTemplate":"https:\/\/kemoton.com\/hr\/?s={search_term_string}"},"query-input":{"@type":"PropertyValueSpecification","valueRequired":true,"valueName":"search_term_string"}}],"inLanguage":"de"}]}},"jetpack_sharing_enabled":true,"_links":{"self":[{"href":"https:\/\/kemoton.com\/de\/wp-json\/wp\/v2\/product\/416","targetHints":{"allow":["GET"]}}],"collection":[{"href":"https:\/\/kemoton.com\/de\/wp-json\/wp\/v2\/product"}],"about":[{"href":"https:\/\/kemoton.com\/de\/wp-json\/wp\/v2\/types\/product"}],"replies":[{"embeddable":true,"href":"https:\/\/kemoton.com\/de\/wp-json\/wp\/v2\/comments?post=416"}],"wp:featuredmedia":[{"embeddable":true,"href":"https:\/\/kemoton.com\/de\/wp-json\/wp\/v2\/media\/502"}],"wp:attachment":[{"href":"https:\/\/kemoton.com\/de\/wp-json\/wp\/v2\/media?parent=416"}],"wp:term":[{"taxonomy":"product_brand","embeddable":true,"href":"https:\/\/kemoton.com\/de\/wp-json\/wp\/v2\/product_brand?post=416"},{"taxonomy":"product_cat","embeddable":true,"href":"https:\/\/kemoton.com\/de\/wp-json\/wp\/v2\/product_cat?post=416"},{"taxonomy":"product_tag","embeddable":true,"href":"https:\/\/kemoton.com\/de\/wp-json\/wp\/v2\/product_tag?post=416"}],"curies":[{"name":"wp","href":"https:\/\/api.w.org\/{rel}","templated":true}]}}