{"id":448,"date":"2020-06-13T15:26:40","date_gmt":"2020-06-13T15:26:40","guid":{"rendered":"https:\/\/kemoton.com\/product\/ladesta-gelbe-tulpe\/"},"modified":"2020-06-13T15:26:40","modified_gmt":"2020-06-13T15:26:40","slug":"ladesta-gelbe-tulpe","status":"publish","type":"product","link":"https:\/\/kemoton.com\/de\/produkt\/ladesta-gelbe-tulpe\/","title":{"rendered":"LADESTA GELBE TULPE"},"content":{"rendered":"<p>Weichsp\u00fcler &#8211; Konzentrat 1l = 4l. Das Hinzuf\u00fcgen des Weichmachers zur endg\u00fcltigen Sp\u00fclwasserw\u00e4sche wird weicher und duftender und erleichtert das B\u00fcgeln. Entfernt statische Elektrizit\u00e4t. W\u00e4sche ist bequemer zu tragen. Verk\u00fcrzt die Trocknungszeit. Bestimmt f\u00fcr alle Arten von Stoffen. Biologisch abbaubar &#8211; keine Phosphate.<\/p>\n<p>F\u00fcgen Sie dem letzten Sp\u00fclwasser Weichsp\u00fcler hinzu. Dosierung gem\u00e4\u00df Herstellerangaben (siehe Tabelle). Dosierung: 35 ml Weichsp\u00fcler auf 4-5 kg W\u00e4sche.<\/p>\n","protected":false},"excerpt":{"rendered":"<p>Weichsp\u00fcler &#8211; Konzentrat 1l = 4l. Das Hinzuf\u00fcgen des Weichmachers zur endg\u00fcltigen Sp\u00fclwasserw\u00e4sche wird weicher und duftender und erleichtert das B\u00fcgeln. Entfernt statische Elektrizit\u00e4t. W\u00e4sche ist bequemer zu tragen. Verk\u00fcrzt die Trocknungszeit. Bestimmt f\u00fcr alle Arten von Stoffen. Biologisch abbaubar &#8211; keine Phosphate. F\u00fcgen Sie dem letzten Sp\u00fclwasser Weichsp\u00fcler hinzu. Dosierung gem\u00e4\u00df Herstellerangaben (siehe Tabelle). [&#8230;]\n","protected":false},"featured_media":445,"comment_status":"open","ping_status":"closed","template":"","meta":{"_monsterinsights_skip_tracking":false,"_monsterinsights_sitenote_active":false,"_monsterinsights_sitenote_note":"","_monsterinsights_sitenote_category":0},"product_brand":[],"product_cat":[61],"product_tag":[],"class_list":{"0":"post-448","1":"product","2":"type-product","3":"status-publish","4":"has-post-thumbnail","6":"product_cat-ladesta-de","8":"first","9":"instock","10":"taxable","11":"shipping-taxable","12":"purchasable","13":"product-type-simple"},"yoast_head":"<!-- This site is optimized with the Yoast SEO plugin v26.6 - https:\/\/yoast.com\/wordpress\/plugins\/seo\/ -->\n<title>LADESTA GELBE TULPE - KEMOTON SHOP<\/title>\n<meta name=\"robots\" content=\"index, follow, max-snippet:-1, max-image-preview:large, max-video-preview:-1\" \/>\n<link rel=\"canonical\" href=\"https:\/\/kemoton.com\/de\/produkt\/ladesta-gelbe-tulpe\/\" \/>\n<meta property=\"og:locale\" content=\"de_DE\" \/>\n<meta property=\"og:type\" content=\"article\" \/>\n<meta property=\"og:title\" content=\"LADESTA GELBE TULPE - KEMOTON SHOP\" \/>\n<meta property=\"og:description\" content=\"Weichsp\u00fcler &#8211; Konzentrat 1l = 4l. Das Hinzuf\u00fcgen des Weichmachers zur endg\u00fcltigen Sp\u00fclwasserw\u00e4sche wird weicher und duftender und erleichtert das B\u00fcgeln. Entfernt statische Elektrizit\u00e4t. W\u00e4sche ist bequemer zu tragen. Verk\u00fcrzt die Trocknungszeit. Bestimmt f\u00fcr alle Arten von Stoffen. Biologisch abbaubar &#8211; keine Phosphate. F\u00fcgen Sie dem letzten Sp\u00fclwasser Weichsp\u00fcler hinzu. Dosierung gem\u00e4\u00df Herstellerangaben (siehe Tabelle). [...]\" \/>\n<meta property=\"og:url\" content=\"https:\/\/kemoton.com\/de\/produkt\/ladesta-gelbe-tulpe\/\" \/>\n<meta property=\"og:site_name\" content=\"KEMOTON SHOP\" \/>\n<meta property=\"og:image\" content=\"https:\/\/i0.wp.com\/kemoton.com\/wp-content\/uploads\/2020\/06\/ladesta-zuti-tulipan.png?fit=793%2C793&ssl=1\" \/>\n\t<meta property=\"og:image:width\" content=\"793\" \/>\n\t<meta property=\"og:image:height\" content=\"793\" \/>\n\t<meta property=\"og:image:type\" content=\"image\/png\" \/>\n<meta name=\"twitter:card\" content=\"summary_large_image\" \/>\n<script type=\"application\/ld+json\" class=\"yoast-schema-graph\">{\"@context\":\"https:\/\/schema.org\",\"@graph\":[{\"@type\":\"WebPage\",\"@id\":\"https:\/\/kemoton.com\/de\/produkt\/ladesta-gelbe-tulpe\/\",\"url\":\"https:\/\/kemoton.com\/de\/produkt\/ladesta-gelbe-tulpe\/\",\"name\":\"LADESTA GELBE TULPE - KEMOTON SHOP\",\"isPartOf\":{\"@id\":\"https:\/\/kemoton.com\/hr\/#website\"},\"primaryImageOfPage\":{\"@id\":\"https:\/\/kemoton.com\/de\/produkt\/ladesta-gelbe-tulpe\/#primaryimage\"},\"image\":{\"@id\":\"https:\/\/kemoton.com\/de\/produkt\/ladesta-gelbe-tulpe\/#primaryimage\"},\"thumbnailUrl\":\"https:\/\/i0.wp.com\/kemoton.com\/wp-content\/uploads\/2020\/06\/ladesta-zuti-tulipan.png?fit=793%2C793&ssl=1\",\"datePublished\":\"2020-06-13T15:26:40+00:00\",\"breadcrumb\":{\"@id\":\"https:\/\/kemoton.com\/de\/produkt\/ladesta-gelbe-tulpe\/#breadcrumb\"},\"inLanguage\":\"de\",\"potentialAction\":[{\"@type\":\"ReadAction\",\"target\":[\"https:\/\/kemoton.com\/de\/produkt\/ladesta-gelbe-tulpe\/\"]}]},{\"@type\":\"ImageObject\",\"inLanguage\":\"de\",\"@id\":\"https:\/\/kemoton.com\/de\/produkt\/ladesta-gelbe-tulpe\/#primaryimage\",\"url\":\"https:\/\/i0.wp.com\/kemoton.com\/wp-content\/uploads\/2020\/06\/ladesta-zuti-tulipan.png?fit=793%2C793&ssl=1\",\"contentUrl\":\"https:\/\/i0.wp.com\/kemoton.com\/wp-content\/uploads\/2020\/06\/ladesta-zuti-tulipan.png?fit=793%2C793&ssl=1\",\"width\":793,\"height\":793,\"caption\":\"ladesta-zuti-tulipan\"},{\"@type\":\"BreadcrumbList\",\"@id\":\"https:\/\/kemoton.com\/de\/produkt\/ladesta-gelbe-tulpe\/#breadcrumb\",\"itemListElement\":[{\"@type\":\"ListItem\",\"position\":1,\"name\":\"Home\",\"item\":\"https:\/\/kemoton.com\/de\/\"},{\"@type\":\"ListItem\",\"position\":2,\"name\":\"Shop\",\"item\":\"https:\/\/kemoton.com\/hr\/shop-2\/\"},{\"@type\":\"ListItem\",\"position\":3,\"name\":\"LADESTA GELBE TULPE\"}]},{\"@type\":\"WebSite\",\"@id\":\"https:\/\/kemoton.com\/hr\/#website\",\"url\":\"https:\/\/kemoton.com\/hr\/\",\"name\":\"KEMOTON SHOP\",\"description\":\"Home of Brands\",\"potentialAction\":[{\"@type\":\"SearchAction\",\"target\":{\"@type\":\"EntryPoint\",\"urlTemplate\":\"https:\/\/kemoton.com\/hr\/?s={search_term_string}\"},\"query-input\":{\"@type\":\"PropertyValueSpecification\",\"valueRequired\":true,\"valueName\":\"search_term_string\"}}],\"inLanguage\":\"de\"}]}<\/script>\n<!-- \/ Yoast SEO plugin. -->","yoast_head_json":{"title":"LADESTA GELBE TULPE - KEMOTON SHOP","robots":{"index":"index","follow":"follow","max-snippet":"max-snippet:-1","max-image-preview":"max-image-preview:large","max-video-preview":"max-video-preview:-1"},"canonical":"https:\/\/kemoton.com\/de\/produkt\/ladesta-gelbe-tulpe\/","og_locale":"de_DE","og_type":"article","og_title":"LADESTA GELBE TULPE - KEMOTON SHOP","og_description":"Weichsp\u00fcler &#8211; Konzentrat 1l = 4l. Das Hinzuf\u00fcgen des Weichmachers zur endg\u00fcltigen Sp\u00fclwasserw\u00e4sche wird weicher und duftender und erleichtert das B\u00fcgeln. Entfernt statische Elektrizit\u00e4t. W\u00e4sche ist bequemer zu tragen. Verk\u00fcrzt die Trocknungszeit. Bestimmt f\u00fcr alle Arten von Stoffen. Biologisch abbaubar &#8211; keine Phosphate. F\u00fcgen Sie dem letzten Sp\u00fclwasser Weichsp\u00fcler hinzu. Dosierung gem\u00e4\u00df Herstellerangaben (siehe Tabelle). [...]","og_url":"https:\/\/kemoton.com\/de\/produkt\/ladesta-gelbe-tulpe\/","og_site_name":"KEMOTON SHOP","og_image":[{"width":793,"height":793,"url":"https:\/\/i0.wp.com\/kemoton.com\/wp-content\/uploads\/2020\/06\/ladesta-zuti-tulipan.png?fit=793%2C793&ssl=1","type":"image\/png"}],"twitter_card":"summary_large_image","schema":{"@context":"https:\/\/schema.org","@graph":[{"@type":"WebPage","@id":"https:\/\/kemoton.com\/de\/produkt\/ladesta-gelbe-tulpe\/","url":"https:\/\/kemoton.com\/de\/produkt\/ladesta-gelbe-tulpe\/","name":"LADESTA GELBE TULPE - KEMOTON SHOP","isPartOf":{"@id":"https:\/\/kemoton.com\/hr\/#website"},"primaryImageOfPage":{"@id":"https:\/\/kemoton.com\/de\/produkt\/ladesta-gelbe-tulpe\/#primaryimage"},"image":{"@id":"https:\/\/kemoton.com\/de\/produkt\/ladesta-gelbe-tulpe\/#primaryimage"},"thumbnailUrl":"https:\/\/i0.wp.com\/kemoton.com\/wp-content\/uploads\/2020\/06\/ladesta-zuti-tulipan.png?fit=793%2C793&ssl=1","datePublished":"2020-06-13T15:26:40+00:00","breadcrumb":{"@id":"https:\/\/kemoton.com\/de\/produkt\/ladesta-gelbe-tulpe\/#breadcrumb"},"inLanguage":"de","potentialAction":[{"@type":"ReadAction","target":["https:\/\/kemoton.com\/de\/produkt\/ladesta-gelbe-tulpe\/"]}]},{"@type":"ImageObject","inLanguage":"de","@id":"https:\/\/kemoton.com\/de\/produkt\/ladesta-gelbe-tulpe\/#primaryimage","url":"https:\/\/i0.wp.com\/kemoton.com\/wp-content\/uploads\/2020\/06\/ladesta-zuti-tulipan.png?fit=793%2C793&ssl=1","contentUrl":"https:\/\/i0.wp.com\/kemoton.com\/wp-content\/uploads\/2020\/06\/ladesta-zuti-tulipan.png?fit=793%2C793&ssl=1","width":793,"height":793,"caption":"ladesta-zuti-tulipan"},{"@type":"BreadcrumbList","@id":"https:\/\/kemoton.com\/de\/produkt\/ladesta-gelbe-tulpe\/#breadcrumb","itemListElement":[{"@type":"ListItem","position":1,"name":"Home","item":"https:\/\/kemoton.com\/de\/"},{"@type":"ListItem","position":2,"name":"Shop","item":"https:\/\/kemoton.com\/hr\/shop-2\/"},{"@type":"ListItem","position":3,"name":"LADESTA GELBE TULPE"}]},{"@type":"WebSite","@id":"https:\/\/kemoton.com\/hr\/#website","url":"https:\/\/kemoton.com\/hr\/","name":"KEMOTON SHOP","description":"Home of Brands","potentialAction":[{"@type":"SearchAction","target":{"@type":"EntryPoint","urlTemplate":"https:\/\/kemoton.com\/hr\/?s={search_term_string}"},"query-input":{"@type":"PropertyValueSpecification","valueRequired":true,"valueName":"search_term_string"}}],"inLanguage":"de"}]}},"jetpack_sharing_enabled":true,"_links":{"self":[{"href":"https:\/\/kemoton.com\/de\/wp-json\/wp\/v2\/product\/448","targetHints":{"allow":["GET"]}}],"collection":[{"href":"https:\/\/kemoton.com\/de\/wp-json\/wp\/v2\/product"}],"about":[{"href":"https:\/\/kemoton.com\/de\/wp-json\/wp\/v2\/types\/product"}],"replies":[{"embeddable":true,"href":"https:\/\/kemoton.com\/de\/wp-json\/wp\/v2\/comments?post=448"}],"wp:featuredmedia":[{"embeddable":true,"href":"https:\/\/kemoton.com\/de\/wp-json\/wp\/v2\/media\/445"}],"wp:attachment":[{"href":"https:\/\/kemoton.com\/de\/wp-json\/wp\/v2\/media?parent=448"}],"wp:term":[{"taxonomy":"product_brand","embeddable":true,"href":"https:\/\/kemoton.com\/de\/wp-json\/wp\/v2\/product_brand?post=448"},{"taxonomy":"product_cat","embeddable":true,"href":"https:\/\/kemoton.com\/de\/wp-json\/wp\/v2\/product_cat?post=448"},{"taxonomy":"product_tag","embeddable":true,"href":"https:\/\/kemoton.com\/de\/wp-json\/wp\/v2\/product_tag?post=448"}],"curies":[{"name":"wp","href":"https:\/\/api.w.org\/{rel}","templated":true}]}}