{"id":532,"date":"2020-06-09T12:17:13","date_gmt":"2020-06-09T12:17:13","guid":{"rendered":"https:\/\/kemoton.com\/product\/532\/"},"modified":"2020-07-15T10:22:41","modified_gmt":"2020-07-15T10:22:41","slug":"gumello-reifenbeschichtung","status":"publish","type":"product","link":"https:\/\/kemoton.com\/de\/produkt\/gumello-reifenbeschichtung\/","title":{"rendered":"GUMELLO &#8211; Reifenbeschichtung"},"content":{"rendered":"<div>Dieses Produkt ist ein Ester, der durch chemische Reaktion von Ascorbins\u00e4ure (Vitamin C) und Glycerin (h\u00f6herer Alkohol) gebildet wird. Es kann auf schmutzigen trockenen Reifen gehen oder nass reinigen.<\/div>\n<div>Stellt das urspr\u00fcngliche Erscheinungsbild Ihrer Reifen wieder her, indem es neutralisiert, ohne fettig auszusehen.<\/div>\n<div><\/div>\n<div>Vorteile:<\/div>\n<div><\/div>\n<ul>\n<li>angewendet auf sauberen oder schmutzigen trockenen Gummi<\/li>\n<li>enth\u00e4lt Antioxidans (Vitamin C)<\/li>\n<li>Langzeitschutz<\/li>\n<li>zieht keinen Staub an<\/li>\n<li>gibt einen hohen Glanz, der mehrere Tage anh\u00e4lt<\/li>\n<\/ul>\n","protected":false},"excerpt":{"rendered":"<p>Dieses Produkt ist ein Ester, der durch chemische Reaktion von Ascorbins\u00e4ure (Vitamin C) und Glycerin (h\u00f6herer Alkohol) gebildet wird. Es kann auf schmutzigen trockenen Reifen gehen oder nass reinigen. Stellt das urspr\u00fcngliche Erscheinungsbild Ihrer Reifen wieder her, indem es neutralisiert, ohne fettig auszusehen. Vorteile: angewendet auf sauberen oder schmutzigen trockenen Gummi enth\u00e4lt Antioxidans (Vitamin C) [&#8230;]\n","protected":false},"featured_media":289,"comment_status":"open","ping_status":"closed","template":"","meta":{"_monsterinsights_skip_tracking":false,"_monsterinsights_sitenote_active":false,"_monsterinsights_sitenote_note":"","_monsterinsights_sitenote_category":0},"product_brand":[],"product_cat":[62],"product_tag":[],"class_list":{"0":"post-532","1":"product","2":"type-product","3":"status-publish","4":"has-post-thumbnail","6":"product_cat-kemoton-professional-de","8":"first","9":"instock","10":"taxable","11":"shipping-taxable","12":"purchasable","13":"product-type-simple"},"yoast_head":"<!-- This site is optimized with the Yoast SEO plugin v26.6 - https:\/\/yoast.com\/wordpress\/plugins\/seo\/ -->\n<title>GUMELLO - Reifenbeschichtung - KEMOTON SHOP<\/title>\n<meta name=\"robots\" content=\"index, follow, max-snippet:-1, max-image-preview:large, max-video-preview:-1\" \/>\n<link rel=\"canonical\" href=\"https:\/\/kemoton.com\/de\/produkt\/gumello-reifenbeschichtung\/\" \/>\n<meta property=\"og:locale\" content=\"de_DE\" \/>\n<meta property=\"og:type\" content=\"article\" \/>\n<meta property=\"og:title\" content=\"GUMELLO - Reifenbeschichtung - KEMOTON SHOP\" \/>\n<meta property=\"og:description\" content=\"Dieses Produkt ist ein Ester, der durch chemische Reaktion von Ascorbins\u00e4ure (Vitamin C) und Glycerin (h\u00f6herer Alkohol) gebildet wird. Es kann auf schmutzigen trockenen Reifen gehen oder nass reinigen. Stellt das urspr\u00fcngliche Erscheinungsbild Ihrer Reifen wieder her, indem es neutralisiert, ohne fettig auszusehen. Vorteile: angewendet auf sauberen oder schmutzigen trockenen Gummi enth\u00e4lt Antioxidans (Vitamin C) [...]\" \/>\n<meta property=\"og:url\" content=\"https:\/\/kemoton.com\/de\/produkt\/gumello-reifenbeschichtung\/\" \/>\n<meta property=\"og:site_name\" content=\"KEMOTON SHOP\" \/>\n<meta property=\"article:modified_time\" content=\"2020-07-15T10:22:41+00:00\" \/>\n<meta property=\"og:image\" content=\"https:\/\/i0.wp.com\/kemoton.com\/wp-content\/uploads\/2020\/06\/GumelloProSHOP.png?fit=800%2C800&ssl=1\" \/>\n\t<meta property=\"og:image:width\" content=\"800\" \/>\n\t<meta property=\"og:image:height\" content=\"800\" \/>\n\t<meta property=\"og:image:type\" content=\"image\/png\" \/>\n<meta name=\"twitter:card\" content=\"summary_large_image\" \/>\n<script type=\"application\/ld+json\" class=\"yoast-schema-graph\">{\"@context\":\"https:\/\/schema.org\",\"@graph\":[{\"@type\":\"WebPage\",\"@id\":\"https:\/\/kemoton.com\/de\/produkt\/gumello-reifenbeschichtung\/\",\"url\":\"https:\/\/kemoton.com\/de\/produkt\/gumello-reifenbeschichtung\/\",\"name\":\"GUMELLO - Reifenbeschichtung - KEMOTON SHOP\",\"isPartOf\":{\"@id\":\"https:\/\/kemoton.com\/hr\/#website\"},\"primaryImageOfPage\":{\"@id\":\"https:\/\/kemoton.com\/de\/produkt\/gumello-reifenbeschichtung\/#primaryimage\"},\"image\":{\"@id\":\"https:\/\/kemoton.com\/de\/produkt\/gumello-reifenbeschichtung\/#primaryimage\"},\"thumbnailUrl\":\"https:\/\/i0.wp.com\/kemoton.com\/wp-content\/uploads\/2020\/06\/GumelloProSHOP.png?fit=800%2C800&ssl=1\",\"datePublished\":\"2020-06-09T12:17:13+00:00\",\"dateModified\":\"2020-07-15T10:22:41+00:00\",\"breadcrumb\":{\"@id\":\"https:\/\/kemoton.com\/de\/produkt\/gumello-reifenbeschichtung\/#breadcrumb\"},\"inLanguage\":\"de\",\"potentialAction\":[{\"@type\":\"ReadAction\",\"target\":[\"https:\/\/kemoton.com\/de\/produkt\/gumello-reifenbeschichtung\/\"]}]},{\"@type\":\"ImageObject\",\"inLanguage\":\"de\",\"@id\":\"https:\/\/kemoton.com\/de\/produkt\/gumello-reifenbeschichtung\/#primaryimage\",\"url\":\"https:\/\/i0.wp.com\/kemoton.com\/wp-content\/uploads\/2020\/06\/GumelloProSHOP.png?fit=800%2C800&ssl=1\",\"contentUrl\":\"https:\/\/i0.wp.com\/kemoton.com\/wp-content\/uploads\/2020\/06\/GumelloProSHOP.png?fit=800%2C800&ssl=1\",\"width\":800,\"height\":800},{\"@type\":\"BreadcrumbList\",\"@id\":\"https:\/\/kemoton.com\/de\/produkt\/gumello-reifenbeschichtung\/#breadcrumb\",\"itemListElement\":[{\"@type\":\"ListItem\",\"position\":1,\"name\":\"Home\",\"item\":\"https:\/\/kemoton.com\/de\/\"},{\"@type\":\"ListItem\",\"position\":2,\"name\":\"Shop\",\"item\":\"https:\/\/kemoton.com\/hr\/shop-2\/\"},{\"@type\":\"ListItem\",\"position\":3,\"name\":\"GUMELLO &#8211; Reifenbeschichtung\"}]},{\"@type\":\"WebSite\",\"@id\":\"https:\/\/kemoton.com\/hr\/#website\",\"url\":\"https:\/\/kemoton.com\/hr\/\",\"name\":\"KEMOTON SHOP\",\"description\":\"Home of Brands\",\"potentialAction\":[{\"@type\":\"SearchAction\",\"target\":{\"@type\":\"EntryPoint\",\"urlTemplate\":\"https:\/\/kemoton.com\/hr\/?s={search_term_string}\"},\"query-input\":{\"@type\":\"PropertyValueSpecification\",\"valueRequired\":true,\"valueName\":\"search_term_string\"}}],\"inLanguage\":\"de\"}]}<\/script>\n<!-- \/ Yoast SEO plugin. -->","yoast_head_json":{"title":"GUMELLO - Reifenbeschichtung - KEMOTON SHOP","robots":{"index":"index","follow":"follow","max-snippet":"max-snippet:-1","max-image-preview":"max-image-preview:large","max-video-preview":"max-video-preview:-1"},"canonical":"https:\/\/kemoton.com\/de\/produkt\/gumello-reifenbeschichtung\/","og_locale":"de_DE","og_type":"article","og_title":"GUMELLO - Reifenbeschichtung - KEMOTON SHOP","og_description":"Dieses Produkt ist ein Ester, der durch chemische Reaktion von Ascorbins\u00e4ure (Vitamin C) und Glycerin (h\u00f6herer Alkohol) gebildet wird. Es kann auf schmutzigen trockenen Reifen gehen oder nass reinigen. Stellt das urspr\u00fcngliche Erscheinungsbild Ihrer Reifen wieder her, indem es neutralisiert, ohne fettig auszusehen. Vorteile: angewendet auf sauberen oder schmutzigen trockenen Gummi enth\u00e4lt Antioxidans (Vitamin C) [...]","og_url":"https:\/\/kemoton.com\/de\/produkt\/gumello-reifenbeschichtung\/","og_site_name":"KEMOTON SHOP","article_modified_time":"2020-07-15T10:22:41+00:00","og_image":[{"width":800,"height":800,"url":"https:\/\/i0.wp.com\/kemoton.com\/wp-content\/uploads\/2020\/06\/GumelloProSHOP.png?fit=800%2C800&ssl=1","type":"image\/png"}],"twitter_card":"summary_large_image","schema":{"@context":"https:\/\/schema.org","@graph":[{"@type":"WebPage","@id":"https:\/\/kemoton.com\/de\/produkt\/gumello-reifenbeschichtung\/","url":"https:\/\/kemoton.com\/de\/produkt\/gumello-reifenbeschichtung\/","name":"GUMELLO - Reifenbeschichtung - KEMOTON SHOP","isPartOf":{"@id":"https:\/\/kemoton.com\/hr\/#website"},"primaryImageOfPage":{"@id":"https:\/\/kemoton.com\/de\/produkt\/gumello-reifenbeschichtung\/#primaryimage"},"image":{"@id":"https:\/\/kemoton.com\/de\/produkt\/gumello-reifenbeschichtung\/#primaryimage"},"thumbnailUrl":"https:\/\/i0.wp.com\/kemoton.com\/wp-content\/uploads\/2020\/06\/GumelloProSHOP.png?fit=800%2C800&ssl=1","datePublished":"2020-06-09T12:17:13+00:00","dateModified":"2020-07-15T10:22:41+00:00","breadcrumb":{"@id":"https:\/\/kemoton.com\/de\/produkt\/gumello-reifenbeschichtung\/#breadcrumb"},"inLanguage":"de","potentialAction":[{"@type":"ReadAction","target":["https:\/\/kemoton.com\/de\/produkt\/gumello-reifenbeschichtung\/"]}]},{"@type":"ImageObject","inLanguage":"de","@id":"https:\/\/kemoton.com\/de\/produkt\/gumello-reifenbeschichtung\/#primaryimage","url":"https:\/\/i0.wp.com\/kemoton.com\/wp-content\/uploads\/2020\/06\/GumelloProSHOP.png?fit=800%2C800&ssl=1","contentUrl":"https:\/\/i0.wp.com\/kemoton.com\/wp-content\/uploads\/2020\/06\/GumelloProSHOP.png?fit=800%2C800&ssl=1","width":800,"height":800},{"@type":"BreadcrumbList","@id":"https:\/\/kemoton.com\/de\/produkt\/gumello-reifenbeschichtung\/#breadcrumb","itemListElement":[{"@type":"ListItem","position":1,"name":"Home","item":"https:\/\/kemoton.com\/de\/"},{"@type":"ListItem","position":2,"name":"Shop","item":"https:\/\/kemoton.com\/hr\/shop-2\/"},{"@type":"ListItem","position":3,"name":"GUMELLO &#8211; Reifenbeschichtung"}]},{"@type":"WebSite","@id":"https:\/\/kemoton.com\/hr\/#website","url":"https:\/\/kemoton.com\/hr\/","name":"KEMOTON SHOP","description":"Home of Brands","potentialAction":[{"@type":"SearchAction","target":{"@type":"EntryPoint","urlTemplate":"https:\/\/kemoton.com\/hr\/?s={search_term_string}"},"query-input":{"@type":"PropertyValueSpecification","valueRequired":true,"valueName":"search_term_string"}}],"inLanguage":"de"}]}},"jetpack_sharing_enabled":true,"_links":{"self":[{"href":"https:\/\/kemoton.com\/de\/wp-json\/wp\/v2\/product\/532","targetHints":{"allow":["GET"]}}],"collection":[{"href":"https:\/\/kemoton.com\/de\/wp-json\/wp\/v2\/product"}],"about":[{"href":"https:\/\/kemoton.com\/de\/wp-json\/wp\/v2\/types\/product"}],"replies":[{"embeddable":true,"href":"https:\/\/kemoton.com\/de\/wp-json\/wp\/v2\/comments?post=532"}],"wp:featuredmedia":[{"embeddable":true,"href":"https:\/\/kemoton.com\/de\/wp-json\/wp\/v2\/media\/289"}],"wp:attachment":[{"href":"https:\/\/kemoton.com\/de\/wp-json\/wp\/v2\/media?parent=532"}],"wp:term":[{"taxonomy":"product_brand","embeddable":true,"href":"https:\/\/kemoton.com\/de\/wp-json\/wp\/v2\/product_brand?post=532"},{"taxonomy":"product_cat","embeddable":true,"href":"https:\/\/kemoton.com\/de\/wp-json\/wp\/v2\/product_cat?post=532"},{"taxonomy":"product_tag","embeddable":true,"href":"https:\/\/kemoton.com\/de\/wp-json\/wp\/v2\/product_tag?post=532"}],"curies":[{"name":"wp","href":"https:\/\/api.w.org\/{rel}","templated":true}]}}