{"id":621,"date":"2020-06-09T12:17:10","date_gmt":"2020-06-09T12:17:10","guid":{"rendered":"https:\/\/kemoton.com\/product\/auto-blitz-wachs-shampoo-fur-handwaschfahrzeuge-mit-wachs\/"},"modified":"2020-06-09T12:17:10","modified_gmt":"2020-06-09T12:17:10","slug":"auto-blitz-wachs-shampoo-fur-handwaschfahrzeuge-mit-wachs","status":"publish","type":"product","link":"https:\/\/kemoton.com\/de\/produkt\/auto-blitz-wachs-shampoo-fur-handwaschfahrzeuge-mit-wachs\/","title":{"rendered":"AUTO BLITZ &#8211; Wachs &#8211; Shampoo f\u00fcr Handwaschfahrzeuge mit Wachs"},"content":{"rendered":"<div>Auto Blitz &#8211; Wachs<\/div>\n<div>Shampoo f\u00fcr Handwaschfahrzeuge mit Wachs<\/div>\n<div><\/div>\n<div>Das Produkt ist f\u00fcr gewartete Fahrzeuge bestimmt. Das lackierte Vehikel muss gewartet werden, damit das Shampoo mit Wachs den gew\u00fcnschten Effekt erzielt. Das Produkt enth\u00e4lt echtes Carnaubawachs und hinterl\u00e4sst nach dem Waschen gl\u00e4nzende und praktisch trockene Oberfl\u00e4chenfahrzeuge.<\/div>\n<div><\/div>\n<div>Vorteile:<\/div>\n<div><\/div>\n<ul>\n<li>eine kleine Dosierung<\/li>\n<li>echtes Karnaubawachs<\/li>\n<li>l\u00e4ngerer und stabilerer Schaum<\/li>\n<li>verl\u00e4sst die gl\u00e4nzende und trockene Oberfl\u00e4che des Fahrzeugs<\/li>\n<\/ul>\n","protected":false},"excerpt":{"rendered":"<p>Auto Blitz &#8211; Wachs Shampoo f\u00fcr Handwaschfahrzeuge mit Wachs Das Produkt ist f\u00fcr gewartete Fahrzeuge bestimmt. Das lackierte Vehikel muss gewartet werden, damit das Shampoo mit Wachs den gew\u00fcnschten Effekt erzielt. Das Produkt enth\u00e4lt echtes Carnaubawachs und hinterl\u00e4sst nach dem Waschen gl\u00e4nzende und praktisch trockene Oberfl\u00e4chenfahrzeuge. Vorteile: eine kleine Dosierung echtes Karnaubawachs l\u00e4ngerer und stabilerer [&#8230;]\n","protected":false},"featured_media":0,"comment_status":"open","ping_status":"closed","template":"","meta":{"_monsterinsights_skip_tracking":false,"_monsterinsights_sitenote_active":false,"_monsterinsights_sitenote_note":"","_monsterinsights_sitenote_category":0},"product_brand":[],"product_cat":[58],"product_tag":[],"class_list":{"0":"post-621","1":"product","2":"type-product","3":"status-publish","5":"product_cat-spick-span-de","7":"first","8":"instock","9":"featured","10":"taxable","11":"shipping-taxable","12":"purchasable","13":"product-type-simple"},"yoast_head":"<!-- This site is optimized with the Yoast SEO plugin v26.6 - https:\/\/yoast.com\/wordpress\/plugins\/seo\/ -->\n<title>AUTO BLITZ - Wachs - Shampoo f\u00fcr Handwaschfahrzeuge mit Wachs - KEMOTON SHOP<\/title>\n<meta name=\"robots\" content=\"index, follow, max-snippet:-1, max-image-preview:large, max-video-preview:-1\" \/>\n<link rel=\"canonical\" href=\"https:\/\/kemoton.com\/de\/produkt\/auto-blitz-wachs-shampoo-fur-handwaschfahrzeuge-mit-wachs\/\" \/>\n<meta property=\"og:locale\" content=\"de_DE\" \/>\n<meta property=\"og:type\" content=\"article\" \/>\n<meta property=\"og:title\" content=\"AUTO BLITZ - Wachs - Shampoo f\u00fcr Handwaschfahrzeuge mit Wachs - KEMOTON SHOP\" \/>\n<meta property=\"og:description\" content=\"Auto Blitz &#8211; Wachs Shampoo f\u00fcr Handwaschfahrzeuge mit Wachs Das Produkt ist f\u00fcr gewartete Fahrzeuge bestimmt. Das lackierte Vehikel muss gewartet werden, damit das Shampoo mit Wachs den gew\u00fcnschten Effekt erzielt. Das Produkt enth\u00e4lt echtes Carnaubawachs und hinterl\u00e4sst nach dem Waschen gl\u00e4nzende und praktisch trockene Oberfl\u00e4chenfahrzeuge. Vorteile: eine kleine Dosierung echtes Karnaubawachs l\u00e4ngerer und stabilerer [...]\" \/>\n<meta property=\"og:url\" content=\"https:\/\/kemoton.com\/de\/produkt\/auto-blitz-wachs-shampoo-fur-handwaschfahrzeuge-mit-wachs\/\" \/>\n<meta property=\"og:site_name\" content=\"KEMOTON SHOP\" \/>\n<meta name=\"twitter:card\" content=\"summary_large_image\" \/>\n<script type=\"application\/ld+json\" class=\"yoast-schema-graph\">{\"@context\":\"https:\/\/schema.org\",\"@graph\":[{\"@type\":\"WebPage\",\"@id\":\"https:\/\/kemoton.com\/de\/produkt\/auto-blitz-wachs-shampoo-fur-handwaschfahrzeuge-mit-wachs\/\",\"url\":\"https:\/\/kemoton.com\/de\/produkt\/auto-blitz-wachs-shampoo-fur-handwaschfahrzeuge-mit-wachs\/\",\"name\":\"AUTO BLITZ - Wachs - Shampoo f\u00fcr Handwaschfahrzeuge mit Wachs - KEMOTON SHOP\",\"isPartOf\":{\"@id\":\"https:\/\/kemoton.com\/hr\/#website\"},\"datePublished\":\"2020-06-09T12:17:10+00:00\",\"breadcrumb\":{\"@id\":\"https:\/\/kemoton.com\/de\/produkt\/auto-blitz-wachs-shampoo-fur-handwaschfahrzeuge-mit-wachs\/#breadcrumb\"},\"inLanguage\":\"de\",\"potentialAction\":[{\"@type\":\"ReadAction\",\"target\":[\"https:\/\/kemoton.com\/de\/produkt\/auto-blitz-wachs-shampoo-fur-handwaschfahrzeuge-mit-wachs\/\"]}]},{\"@type\":\"BreadcrumbList\",\"@id\":\"https:\/\/kemoton.com\/de\/produkt\/auto-blitz-wachs-shampoo-fur-handwaschfahrzeuge-mit-wachs\/#breadcrumb\",\"itemListElement\":[{\"@type\":\"ListItem\",\"position\":1,\"name\":\"Home\",\"item\":\"https:\/\/kemoton.com\/de\/\"},{\"@type\":\"ListItem\",\"position\":2,\"name\":\"Shop\",\"item\":\"https:\/\/kemoton.com\/hr\/shop-2\/\"},{\"@type\":\"ListItem\",\"position\":3,\"name\":\"AUTO BLITZ &#8211; Wachs &#8211; Shampoo f\u00fcr Handwaschfahrzeuge mit Wachs\"}]},{\"@type\":\"WebSite\",\"@id\":\"https:\/\/kemoton.com\/hr\/#website\",\"url\":\"https:\/\/kemoton.com\/hr\/\",\"name\":\"KEMOTON SHOP\",\"description\":\"Home of Brands\",\"potentialAction\":[{\"@type\":\"SearchAction\",\"target\":{\"@type\":\"EntryPoint\",\"urlTemplate\":\"https:\/\/kemoton.com\/hr\/?s={search_term_string}\"},\"query-input\":{\"@type\":\"PropertyValueSpecification\",\"valueRequired\":true,\"valueName\":\"search_term_string\"}}],\"inLanguage\":\"de\"}]}<\/script>\n<!-- \/ Yoast SEO plugin. -->","yoast_head_json":{"title":"AUTO BLITZ - Wachs - Shampoo f\u00fcr Handwaschfahrzeuge mit Wachs - KEMOTON SHOP","robots":{"index":"index","follow":"follow","max-snippet":"max-snippet:-1","max-image-preview":"max-image-preview:large","max-video-preview":"max-video-preview:-1"},"canonical":"https:\/\/kemoton.com\/de\/produkt\/auto-blitz-wachs-shampoo-fur-handwaschfahrzeuge-mit-wachs\/","og_locale":"de_DE","og_type":"article","og_title":"AUTO BLITZ - Wachs - Shampoo f\u00fcr Handwaschfahrzeuge mit Wachs - KEMOTON SHOP","og_description":"Auto Blitz &#8211; Wachs Shampoo f\u00fcr Handwaschfahrzeuge mit Wachs Das Produkt ist f\u00fcr gewartete Fahrzeuge bestimmt. Das lackierte Vehikel muss gewartet werden, damit das Shampoo mit Wachs den gew\u00fcnschten Effekt erzielt. Das Produkt enth\u00e4lt echtes Carnaubawachs und hinterl\u00e4sst nach dem Waschen gl\u00e4nzende und praktisch trockene Oberfl\u00e4chenfahrzeuge. Vorteile: eine kleine Dosierung echtes Karnaubawachs l\u00e4ngerer und stabilerer [...]","og_url":"https:\/\/kemoton.com\/de\/produkt\/auto-blitz-wachs-shampoo-fur-handwaschfahrzeuge-mit-wachs\/","og_site_name":"KEMOTON SHOP","twitter_card":"summary_large_image","schema":{"@context":"https:\/\/schema.org","@graph":[{"@type":"WebPage","@id":"https:\/\/kemoton.com\/de\/produkt\/auto-blitz-wachs-shampoo-fur-handwaschfahrzeuge-mit-wachs\/","url":"https:\/\/kemoton.com\/de\/produkt\/auto-blitz-wachs-shampoo-fur-handwaschfahrzeuge-mit-wachs\/","name":"AUTO BLITZ - Wachs - Shampoo f\u00fcr Handwaschfahrzeuge mit Wachs - KEMOTON SHOP","isPartOf":{"@id":"https:\/\/kemoton.com\/hr\/#website"},"datePublished":"2020-06-09T12:17:10+00:00","breadcrumb":{"@id":"https:\/\/kemoton.com\/de\/produkt\/auto-blitz-wachs-shampoo-fur-handwaschfahrzeuge-mit-wachs\/#breadcrumb"},"inLanguage":"de","potentialAction":[{"@type":"ReadAction","target":["https:\/\/kemoton.com\/de\/produkt\/auto-blitz-wachs-shampoo-fur-handwaschfahrzeuge-mit-wachs\/"]}]},{"@type":"BreadcrumbList","@id":"https:\/\/kemoton.com\/de\/produkt\/auto-blitz-wachs-shampoo-fur-handwaschfahrzeuge-mit-wachs\/#breadcrumb","itemListElement":[{"@type":"ListItem","position":1,"name":"Home","item":"https:\/\/kemoton.com\/de\/"},{"@type":"ListItem","position":2,"name":"Shop","item":"https:\/\/kemoton.com\/hr\/shop-2\/"},{"@type":"ListItem","position":3,"name":"AUTO BLITZ &#8211; Wachs &#8211; Shampoo f\u00fcr Handwaschfahrzeuge mit Wachs"}]},{"@type":"WebSite","@id":"https:\/\/kemoton.com\/hr\/#website","url":"https:\/\/kemoton.com\/hr\/","name":"KEMOTON SHOP","description":"Home of Brands","potentialAction":[{"@type":"SearchAction","target":{"@type":"EntryPoint","urlTemplate":"https:\/\/kemoton.com\/hr\/?s={search_term_string}"},"query-input":{"@type":"PropertyValueSpecification","valueRequired":true,"valueName":"search_term_string"}}],"inLanguage":"de"}]}},"jetpack_sharing_enabled":true,"_links":{"self":[{"href":"https:\/\/kemoton.com\/de\/wp-json\/wp\/v2\/product\/621","targetHints":{"allow":["GET"]}}],"collection":[{"href":"https:\/\/kemoton.com\/de\/wp-json\/wp\/v2\/product"}],"about":[{"href":"https:\/\/kemoton.com\/de\/wp-json\/wp\/v2\/types\/product"}],"replies":[{"embeddable":true,"href":"https:\/\/kemoton.com\/de\/wp-json\/wp\/v2\/comments?post=621"}],"wp:attachment":[{"href":"https:\/\/kemoton.com\/de\/wp-json\/wp\/v2\/media?parent=621"}],"wp:term":[{"taxonomy":"product_brand","embeddable":true,"href":"https:\/\/kemoton.com\/de\/wp-json\/wp\/v2\/product_brand?post=621"},{"taxonomy":"product_cat","embeddable":true,"href":"https:\/\/kemoton.com\/de\/wp-json\/wp\/v2\/product_cat?post=621"},{"taxonomy":"product_tag","embeddable":true,"href":"https:\/\/kemoton.com\/de\/wp-json\/wp\/v2\/product_tag?post=621"}],"curies":[{"name":"wp","href":"https:\/\/api.w.org\/{rel}","templated":true}]}}