{"id":628,"date":"2020-06-09T12:17:10","date_gmt":"2020-06-09T12:17:10","guid":{"rendered":"https:\/\/kemoton.com\/product\/gumello-coating-for-tires-2\/"},"modified":"2020-06-09T12:17:10","modified_gmt":"2020-06-09T12:17:10","slug":"gumello-coating-for-tires-2","status":"publish","type":"product","link":"https:\/\/kemoton.com\/de\/produkt\/gumello-coating-for-tires-2\/","title":{"rendered":"GUMELLO &#8211; Reifenbeschichtung"},"content":{"rendered":"<div>GUMELLO &#8211; Reifenbeschichtung<\/div>\n<div><\/div>\n<div><\/div>\n<div><\/div>\n<div>Dieses Produkt ist ein Ester, der durch chemische Reaktion von Ascorbins\u00e4ure (Vitamin C) und Glycerin (h\u00f6herer Alkohol) gebildet wird. Es kann auf schmutzigen trockenen Reifen oder sauber nass gehen.<\/div>\n<div>Stellt das urspr\u00fcngliche Erscheinungsbild Ihrer Reifen wieder her, indem es neutralisiert, ohne fettig auszusehen.<\/div>\n<div><\/div>\n<div>Vorteile:<\/div>\n<div><\/div>\n<ul>\n<li>angewendet auf sauberen oder schmutzigen trockenen Gummi<\/li>\n<li>enth\u00e4lt Antioxidans (Vitamin C)<\/li>\n<li>Langzeitschutz<\/li>\n<li>zieht keinen Staub an<\/li>\n<li>gibt einen hohen Glanz, der mehrere Tage dauert<\/li>\n<\/ul>\n","protected":false},"excerpt":{"rendered":"<p>GUMELLO &#8211; Reifenbeschichtung Dieses Produkt ist ein Ester, der durch chemische Reaktion von Ascorbins\u00e4ure (Vitamin C) und Glycerin (h\u00f6herer Alkohol) gebildet wird. Es kann auf schmutzigen trockenen Reifen oder sauber nass gehen. Stellt das urspr\u00fcngliche Erscheinungsbild Ihrer Reifen wieder her, indem es neutralisiert, ohne fettig auszusehen. Vorteile: angewendet auf sauberen oder schmutzigen trockenen Gummi enth\u00e4lt [&#8230;]\n","protected":false},"featured_media":0,"comment_status":"open","ping_status":"closed","template":"","meta":{"_monsterinsights_skip_tracking":false,"_monsterinsights_sitenote_active":false,"_monsterinsights_sitenote_note":"","_monsterinsights_sitenote_category":0},"product_brand":[],"product_cat":[58],"product_tag":[],"class_list":{"0":"post-628","1":"product","2":"type-product","3":"status-publish","5":"product_cat-spick-span-de","7":"first","8":"instock","9":"featured","10":"taxable","11":"shipping-taxable","12":"purchasable","13":"product-type-simple"},"yoast_head":"<!-- This site is optimized with the Yoast SEO plugin v26.6 - https:\/\/yoast.com\/wordpress\/plugins\/seo\/ -->\n<title>GUMELLO - Reifenbeschichtung - KEMOTON SHOP<\/title>\n<meta name=\"robots\" content=\"index, follow, max-snippet:-1, max-image-preview:large, max-video-preview:-1\" \/>\n<link rel=\"canonical\" href=\"https:\/\/kemoton.com\/de\/produkt\/gumello-coating-for-tires-2\/\" \/>\n<meta property=\"og:locale\" content=\"de_DE\" \/>\n<meta property=\"og:type\" content=\"article\" \/>\n<meta property=\"og:title\" content=\"GUMELLO - Reifenbeschichtung - KEMOTON SHOP\" \/>\n<meta property=\"og:description\" content=\"GUMELLO &#8211; Reifenbeschichtung Dieses Produkt ist ein Ester, der durch chemische Reaktion von Ascorbins\u00e4ure (Vitamin C) und Glycerin (h\u00f6herer Alkohol) gebildet wird. Es kann auf schmutzigen trockenen Reifen oder sauber nass gehen. Stellt das urspr\u00fcngliche Erscheinungsbild Ihrer Reifen wieder her, indem es neutralisiert, ohne fettig auszusehen. Vorteile: angewendet auf sauberen oder schmutzigen trockenen Gummi enth\u00e4lt [...]\" \/>\n<meta property=\"og:url\" content=\"https:\/\/kemoton.com\/de\/produkt\/gumello-coating-for-tires-2\/\" \/>\n<meta property=\"og:site_name\" content=\"KEMOTON SHOP\" \/>\n<meta name=\"twitter:card\" content=\"summary_large_image\" \/>\n<script type=\"application\/ld+json\" class=\"yoast-schema-graph\">{\"@context\":\"https:\/\/schema.org\",\"@graph\":[{\"@type\":\"WebPage\",\"@id\":\"https:\/\/kemoton.com\/de\/produkt\/gumello-coating-for-tires-2\/\",\"url\":\"https:\/\/kemoton.com\/de\/produkt\/gumello-coating-for-tires-2\/\",\"name\":\"GUMELLO - Reifenbeschichtung - KEMOTON SHOP\",\"isPartOf\":{\"@id\":\"https:\/\/kemoton.com\/hr\/#website\"},\"datePublished\":\"2020-06-09T12:17:10+00:00\",\"breadcrumb\":{\"@id\":\"https:\/\/kemoton.com\/de\/produkt\/gumello-coating-for-tires-2\/#breadcrumb\"},\"inLanguage\":\"de\",\"potentialAction\":[{\"@type\":\"ReadAction\",\"target\":[\"https:\/\/kemoton.com\/de\/produkt\/gumello-coating-for-tires-2\/\"]}]},{\"@type\":\"BreadcrumbList\",\"@id\":\"https:\/\/kemoton.com\/de\/produkt\/gumello-coating-for-tires-2\/#breadcrumb\",\"itemListElement\":[{\"@type\":\"ListItem\",\"position\":1,\"name\":\"Home\",\"item\":\"https:\/\/kemoton.com\/de\/\"},{\"@type\":\"ListItem\",\"position\":2,\"name\":\"Shop\",\"item\":\"https:\/\/kemoton.com\/hr\/shop-2\/\"},{\"@type\":\"ListItem\",\"position\":3,\"name\":\"GUMELLO &#8211; Reifenbeschichtung\"}]},{\"@type\":\"WebSite\",\"@id\":\"https:\/\/kemoton.com\/hr\/#website\",\"url\":\"https:\/\/kemoton.com\/hr\/\",\"name\":\"KEMOTON SHOP\",\"description\":\"Home of Brands\",\"potentialAction\":[{\"@type\":\"SearchAction\",\"target\":{\"@type\":\"EntryPoint\",\"urlTemplate\":\"https:\/\/kemoton.com\/hr\/?s={search_term_string}\"},\"query-input\":{\"@type\":\"PropertyValueSpecification\",\"valueRequired\":true,\"valueName\":\"search_term_string\"}}],\"inLanguage\":\"de\"}]}<\/script>\n<!-- \/ Yoast SEO plugin. -->","yoast_head_json":{"title":"GUMELLO - Reifenbeschichtung - KEMOTON SHOP","robots":{"index":"index","follow":"follow","max-snippet":"max-snippet:-1","max-image-preview":"max-image-preview:large","max-video-preview":"max-video-preview:-1"},"canonical":"https:\/\/kemoton.com\/de\/produkt\/gumello-coating-for-tires-2\/","og_locale":"de_DE","og_type":"article","og_title":"GUMELLO - Reifenbeschichtung - KEMOTON SHOP","og_description":"GUMELLO &#8211; Reifenbeschichtung Dieses Produkt ist ein Ester, der durch chemische Reaktion von Ascorbins\u00e4ure (Vitamin C) und Glycerin (h\u00f6herer Alkohol) gebildet wird. Es kann auf schmutzigen trockenen Reifen oder sauber nass gehen. Stellt das urspr\u00fcngliche Erscheinungsbild Ihrer Reifen wieder her, indem es neutralisiert, ohne fettig auszusehen. Vorteile: angewendet auf sauberen oder schmutzigen trockenen Gummi enth\u00e4lt [...]","og_url":"https:\/\/kemoton.com\/de\/produkt\/gumello-coating-for-tires-2\/","og_site_name":"KEMOTON SHOP","twitter_card":"summary_large_image","schema":{"@context":"https:\/\/schema.org","@graph":[{"@type":"WebPage","@id":"https:\/\/kemoton.com\/de\/produkt\/gumello-coating-for-tires-2\/","url":"https:\/\/kemoton.com\/de\/produkt\/gumello-coating-for-tires-2\/","name":"GUMELLO - Reifenbeschichtung - KEMOTON SHOP","isPartOf":{"@id":"https:\/\/kemoton.com\/hr\/#website"},"datePublished":"2020-06-09T12:17:10+00:00","breadcrumb":{"@id":"https:\/\/kemoton.com\/de\/produkt\/gumello-coating-for-tires-2\/#breadcrumb"},"inLanguage":"de","potentialAction":[{"@type":"ReadAction","target":["https:\/\/kemoton.com\/de\/produkt\/gumello-coating-for-tires-2\/"]}]},{"@type":"BreadcrumbList","@id":"https:\/\/kemoton.com\/de\/produkt\/gumello-coating-for-tires-2\/#breadcrumb","itemListElement":[{"@type":"ListItem","position":1,"name":"Home","item":"https:\/\/kemoton.com\/de\/"},{"@type":"ListItem","position":2,"name":"Shop","item":"https:\/\/kemoton.com\/hr\/shop-2\/"},{"@type":"ListItem","position":3,"name":"GUMELLO &#8211; Reifenbeschichtung"}]},{"@type":"WebSite","@id":"https:\/\/kemoton.com\/hr\/#website","url":"https:\/\/kemoton.com\/hr\/","name":"KEMOTON SHOP","description":"Home of Brands","potentialAction":[{"@type":"SearchAction","target":{"@type":"EntryPoint","urlTemplate":"https:\/\/kemoton.com\/hr\/?s={search_term_string}"},"query-input":{"@type":"PropertyValueSpecification","valueRequired":true,"valueName":"search_term_string"}}],"inLanguage":"de"}]}},"jetpack_sharing_enabled":true,"_links":{"self":[{"href":"https:\/\/kemoton.com\/de\/wp-json\/wp\/v2\/product\/628","targetHints":{"allow":["GET"]}}],"collection":[{"href":"https:\/\/kemoton.com\/de\/wp-json\/wp\/v2\/product"}],"about":[{"href":"https:\/\/kemoton.com\/de\/wp-json\/wp\/v2\/types\/product"}],"replies":[{"embeddable":true,"href":"https:\/\/kemoton.com\/de\/wp-json\/wp\/v2\/comments?post=628"}],"wp:attachment":[{"href":"https:\/\/kemoton.com\/de\/wp-json\/wp\/v2\/media?parent=628"}],"wp:term":[{"taxonomy":"product_brand","embeddable":true,"href":"https:\/\/kemoton.com\/de\/wp-json\/wp\/v2\/product_brand?post=628"},{"taxonomy":"product_cat","embeddable":true,"href":"https:\/\/kemoton.com\/de\/wp-json\/wp\/v2\/product_cat?post=628"},{"taxonomy":"product_tag","embeddable":true,"href":"https:\/\/kemoton.com\/de\/wp-json\/wp\/v2\/product_tag?post=628"}],"curies":[{"name":"wp","href":"https:\/\/api.w.org\/{rel}","templated":true}]}}