{"id":634,"date":"2020-06-09T12:17:11","date_gmt":"2020-06-09T12:17:11","guid":{"rendered":"https:\/\/kemoton.com\/product\/v720d-flussigkeit-vorwaschen-und-entfetten-2\/"},"modified":"2020-06-09T12:17:11","modified_gmt":"2020-06-09T12:17:11","slug":"v720d-flussigkeit-vorwaschen-und-entfetten-2","status":"publish","type":"product","link":"https:\/\/kemoton.com\/de\/produkt\/v720d-flussigkeit-vorwaschen-und-entfetten-2\/","title":{"rendered":"v720D &#8211; Fl\u00fcssigkeit vorwaschen und entfetten"},"content":{"rendered":"<div>v720D &#8211; Fl\u00fcssigkeit vorwaschen und entfetten<\/div>\n<div>Top formuliertes Produkt basierend auf einem Zug, das die h\u00e4rtesten Schmutzformen reinigt und entfettet. Das Produkt ist in erster Linie f\u00fcr den professionellen Einsatz in Autowaschanlagen bestimmt und wird aufgrund seiner Qualit\u00e4tsformulierungen v720D in der Autodienstleistung und in der Industrie in Bezug auf Entfettungen jeglicher Art eingesetzt.<\/div>\n<div><\/div>\n<div>Vorteile:<\/div>\n<div><\/div>\n<ul>\n<li>Eine Formulierung, die bis zu 97% des Schmutzes von der Fahrzeugkarosserie entfernt<\/li>\n<li>Entfernt Insektenreste, bremst Staub von der Felge des Autos ab, die Teerreste an den Seiten des Fahrzeugs<\/li>\n<\/ul>\n","protected":false},"excerpt":{"rendered":"<p>v720D &#8211; Fl\u00fcssigkeit vorwaschen und entfetten Top formuliertes Produkt basierend auf einem Zug, das die h\u00e4rtesten Schmutzformen reinigt und entfettet. Das Produkt ist in erster Linie f\u00fcr den professionellen Einsatz in Autowaschanlagen bestimmt und wird aufgrund seiner Qualit\u00e4tsformulierungen v720D in der Autodienstleistung und in der Industrie in Bezug auf Entfettungen jeglicher Art eingesetzt. Vorteile: Eine [&#8230;]\n","protected":false},"featured_media":281,"comment_status":"open","ping_status":"closed","template":"","meta":{"_monsterinsights_skip_tracking":false,"_monsterinsights_sitenote_active":false,"_monsterinsights_sitenote_note":"","_monsterinsights_sitenote_category":0},"product_brand":[],"product_cat":[62],"product_tag":[],"class_list":{"0":"post-634","1":"product","2":"type-product","3":"status-publish","4":"has-post-thumbnail","6":"product_cat-kemoton-professional-de","8":"first","9":"instock","10":"taxable","11":"shipping-taxable","12":"purchasable","13":"product-type-simple"},"yoast_head":"<!-- This site is optimized with the Yoast SEO plugin v26.6 - https:\/\/yoast.com\/wordpress\/plugins\/seo\/ -->\n<title>v720D - Fl\u00fcssigkeit vorwaschen und entfetten - KEMOTON SHOP<\/title>\n<meta name=\"robots\" content=\"index, follow, max-snippet:-1, max-image-preview:large, max-video-preview:-1\" \/>\n<link rel=\"canonical\" href=\"https:\/\/kemoton.com\/de\/produkt\/v720d-flussigkeit-vorwaschen-und-entfetten-2\/\" \/>\n<meta property=\"og:locale\" content=\"de_DE\" \/>\n<meta property=\"og:type\" content=\"article\" \/>\n<meta property=\"og:title\" content=\"v720D - Fl\u00fcssigkeit vorwaschen und entfetten - KEMOTON SHOP\" \/>\n<meta property=\"og:description\" content=\"v720D &#8211; Fl\u00fcssigkeit vorwaschen und entfetten Top formuliertes Produkt basierend auf einem Zug, das die h\u00e4rtesten Schmutzformen reinigt und entfettet. Das Produkt ist in erster Linie f\u00fcr den professionellen Einsatz in Autowaschanlagen bestimmt und wird aufgrund seiner Qualit\u00e4tsformulierungen v720D in der Autodienstleistung und in der Industrie in Bezug auf Entfettungen jeglicher Art eingesetzt. Vorteile: Eine [...]\" \/>\n<meta property=\"og:url\" content=\"https:\/\/kemoton.com\/de\/produkt\/v720d-flussigkeit-vorwaschen-und-entfetten-2\/\" \/>\n<meta property=\"og:site_name\" content=\"KEMOTON SHOP\" \/>\n<meta property=\"og:image\" content=\"https:\/\/i0.wp.com\/kemoton.com\/wp-content\/uploads\/2020\/06\/V720DProSHOP.png?fit=800%2C800&ssl=1\" \/>\n\t<meta property=\"og:image:width\" content=\"800\" \/>\n\t<meta property=\"og:image:height\" content=\"800\" \/>\n\t<meta property=\"og:image:type\" content=\"image\/png\" \/>\n<meta name=\"twitter:card\" content=\"summary_large_image\" \/>\n<script type=\"application\/ld+json\" class=\"yoast-schema-graph\">{\"@context\":\"https:\/\/schema.org\",\"@graph\":[{\"@type\":\"WebPage\",\"@id\":\"https:\/\/kemoton.com\/de\/produkt\/v720d-flussigkeit-vorwaschen-und-entfetten-2\/\",\"url\":\"https:\/\/kemoton.com\/de\/produkt\/v720d-flussigkeit-vorwaschen-und-entfetten-2\/\",\"name\":\"v720D - Fl\u00fcssigkeit vorwaschen und entfetten - KEMOTON SHOP\",\"isPartOf\":{\"@id\":\"https:\/\/kemoton.com\/hr\/#website\"},\"primaryImageOfPage\":{\"@id\":\"https:\/\/kemoton.com\/de\/produkt\/v720d-flussigkeit-vorwaschen-und-entfetten-2\/#primaryimage\"},\"image\":{\"@id\":\"https:\/\/kemoton.com\/de\/produkt\/v720d-flussigkeit-vorwaschen-und-entfetten-2\/#primaryimage\"},\"thumbnailUrl\":\"https:\/\/i0.wp.com\/kemoton.com\/wp-content\/uploads\/2020\/06\/V720DProSHOP.png?fit=800%2C800&ssl=1\",\"datePublished\":\"2020-06-09T12:17:11+00:00\",\"breadcrumb\":{\"@id\":\"https:\/\/kemoton.com\/de\/produkt\/v720d-flussigkeit-vorwaschen-und-entfetten-2\/#breadcrumb\"},\"inLanguage\":\"de\",\"potentialAction\":[{\"@type\":\"ReadAction\",\"target\":[\"https:\/\/kemoton.com\/de\/produkt\/v720d-flussigkeit-vorwaschen-und-entfetten-2\/\"]}]},{\"@type\":\"ImageObject\",\"inLanguage\":\"de\",\"@id\":\"https:\/\/kemoton.com\/de\/produkt\/v720d-flussigkeit-vorwaschen-und-entfetten-2\/#primaryimage\",\"url\":\"https:\/\/i0.wp.com\/kemoton.com\/wp-content\/uploads\/2020\/06\/V720DProSHOP.png?fit=800%2C800&ssl=1\",\"contentUrl\":\"https:\/\/i0.wp.com\/kemoton.com\/wp-content\/uploads\/2020\/06\/V720DProSHOP.png?fit=800%2C800&ssl=1\",\"width\":800,\"height\":800},{\"@type\":\"BreadcrumbList\",\"@id\":\"https:\/\/kemoton.com\/de\/produkt\/v720d-flussigkeit-vorwaschen-und-entfetten-2\/#breadcrumb\",\"itemListElement\":[{\"@type\":\"ListItem\",\"position\":1,\"name\":\"Home\",\"item\":\"https:\/\/kemoton.com\/de\/\"},{\"@type\":\"ListItem\",\"position\":2,\"name\":\"Shop\",\"item\":\"https:\/\/kemoton.com\/hr\/shop-2\/\"},{\"@type\":\"ListItem\",\"position\":3,\"name\":\"v720D &#8211; Fl\u00fcssigkeit vorwaschen und entfetten\"}]},{\"@type\":\"WebSite\",\"@id\":\"https:\/\/kemoton.com\/hr\/#website\",\"url\":\"https:\/\/kemoton.com\/hr\/\",\"name\":\"KEMOTON SHOP\",\"description\":\"Home of Brands\",\"potentialAction\":[{\"@type\":\"SearchAction\",\"target\":{\"@type\":\"EntryPoint\",\"urlTemplate\":\"https:\/\/kemoton.com\/hr\/?s={search_term_string}\"},\"query-input\":{\"@type\":\"PropertyValueSpecification\",\"valueRequired\":true,\"valueName\":\"search_term_string\"}}],\"inLanguage\":\"de\"}]}<\/script>\n<!-- \/ Yoast SEO plugin. -->","yoast_head_json":{"title":"v720D - Fl\u00fcssigkeit vorwaschen und entfetten - KEMOTON SHOP","robots":{"index":"index","follow":"follow","max-snippet":"max-snippet:-1","max-image-preview":"max-image-preview:large","max-video-preview":"max-video-preview:-1"},"canonical":"https:\/\/kemoton.com\/de\/produkt\/v720d-flussigkeit-vorwaschen-und-entfetten-2\/","og_locale":"de_DE","og_type":"article","og_title":"v720D - Fl\u00fcssigkeit vorwaschen und entfetten - KEMOTON SHOP","og_description":"v720D &#8211; Fl\u00fcssigkeit vorwaschen und entfetten Top formuliertes Produkt basierend auf einem Zug, das die h\u00e4rtesten Schmutzformen reinigt und entfettet. Das Produkt ist in erster Linie f\u00fcr den professionellen Einsatz in Autowaschanlagen bestimmt und wird aufgrund seiner Qualit\u00e4tsformulierungen v720D in der Autodienstleistung und in der Industrie in Bezug auf Entfettungen jeglicher Art eingesetzt. Vorteile: Eine [...]","og_url":"https:\/\/kemoton.com\/de\/produkt\/v720d-flussigkeit-vorwaschen-und-entfetten-2\/","og_site_name":"KEMOTON SHOP","og_image":[{"width":800,"height":800,"url":"https:\/\/i0.wp.com\/kemoton.com\/wp-content\/uploads\/2020\/06\/V720DProSHOP.png?fit=800%2C800&ssl=1","type":"image\/png"}],"twitter_card":"summary_large_image","schema":{"@context":"https:\/\/schema.org","@graph":[{"@type":"WebPage","@id":"https:\/\/kemoton.com\/de\/produkt\/v720d-flussigkeit-vorwaschen-und-entfetten-2\/","url":"https:\/\/kemoton.com\/de\/produkt\/v720d-flussigkeit-vorwaschen-und-entfetten-2\/","name":"v720D - Fl\u00fcssigkeit vorwaschen und entfetten - KEMOTON SHOP","isPartOf":{"@id":"https:\/\/kemoton.com\/hr\/#website"},"primaryImageOfPage":{"@id":"https:\/\/kemoton.com\/de\/produkt\/v720d-flussigkeit-vorwaschen-und-entfetten-2\/#primaryimage"},"image":{"@id":"https:\/\/kemoton.com\/de\/produkt\/v720d-flussigkeit-vorwaschen-und-entfetten-2\/#primaryimage"},"thumbnailUrl":"https:\/\/i0.wp.com\/kemoton.com\/wp-content\/uploads\/2020\/06\/V720DProSHOP.png?fit=800%2C800&ssl=1","datePublished":"2020-06-09T12:17:11+00:00","breadcrumb":{"@id":"https:\/\/kemoton.com\/de\/produkt\/v720d-flussigkeit-vorwaschen-und-entfetten-2\/#breadcrumb"},"inLanguage":"de","potentialAction":[{"@type":"ReadAction","target":["https:\/\/kemoton.com\/de\/produkt\/v720d-flussigkeit-vorwaschen-und-entfetten-2\/"]}]},{"@type":"ImageObject","inLanguage":"de","@id":"https:\/\/kemoton.com\/de\/produkt\/v720d-flussigkeit-vorwaschen-und-entfetten-2\/#primaryimage","url":"https:\/\/i0.wp.com\/kemoton.com\/wp-content\/uploads\/2020\/06\/V720DProSHOP.png?fit=800%2C800&ssl=1","contentUrl":"https:\/\/i0.wp.com\/kemoton.com\/wp-content\/uploads\/2020\/06\/V720DProSHOP.png?fit=800%2C800&ssl=1","width":800,"height":800},{"@type":"BreadcrumbList","@id":"https:\/\/kemoton.com\/de\/produkt\/v720d-flussigkeit-vorwaschen-und-entfetten-2\/#breadcrumb","itemListElement":[{"@type":"ListItem","position":1,"name":"Home","item":"https:\/\/kemoton.com\/de\/"},{"@type":"ListItem","position":2,"name":"Shop","item":"https:\/\/kemoton.com\/hr\/shop-2\/"},{"@type":"ListItem","position":3,"name":"v720D &#8211; Fl\u00fcssigkeit vorwaschen und entfetten"}]},{"@type":"WebSite","@id":"https:\/\/kemoton.com\/hr\/#website","url":"https:\/\/kemoton.com\/hr\/","name":"KEMOTON SHOP","description":"Home of Brands","potentialAction":[{"@type":"SearchAction","target":{"@type":"EntryPoint","urlTemplate":"https:\/\/kemoton.com\/hr\/?s={search_term_string}"},"query-input":{"@type":"PropertyValueSpecification","valueRequired":true,"valueName":"search_term_string"}}],"inLanguage":"de"}]}},"jetpack_sharing_enabled":true,"_links":{"self":[{"href":"https:\/\/kemoton.com\/de\/wp-json\/wp\/v2\/product\/634","targetHints":{"allow":["GET"]}}],"collection":[{"href":"https:\/\/kemoton.com\/de\/wp-json\/wp\/v2\/product"}],"about":[{"href":"https:\/\/kemoton.com\/de\/wp-json\/wp\/v2\/types\/product"}],"replies":[{"embeddable":true,"href":"https:\/\/kemoton.com\/de\/wp-json\/wp\/v2\/comments?post=634"}],"wp:featuredmedia":[{"embeddable":true,"href":"https:\/\/kemoton.com\/de\/wp-json\/wp\/v2\/media\/281"}],"wp:attachment":[{"href":"https:\/\/kemoton.com\/de\/wp-json\/wp\/v2\/media?parent=634"}],"wp:term":[{"taxonomy":"product_brand","embeddable":true,"href":"https:\/\/kemoton.com\/de\/wp-json\/wp\/v2\/product_brand?post=634"},{"taxonomy":"product_cat","embeddable":true,"href":"https:\/\/kemoton.com\/de\/wp-json\/wp\/v2\/product_cat?post=634"},{"taxonomy":"product_tag","embeddable":true,"href":"https:\/\/kemoton.com\/de\/wp-json\/wp\/v2\/product_tag?post=634"}],"curies":[{"name":"wp","href":"https:\/\/api.w.org\/{rel}","templated":true}]}}