{"id":637,"date":"2020-06-09T12:17:11","date_gmt":"2020-06-09T12:17:11","guid":{"rendered":"https:\/\/kemoton.com\/product\/tlp-cleaner-textil-leder-und-kunststoffreiniger\/"},"modified":"2023-01-07T12:41:07","modified_gmt":"2023-01-07T11:41:07","slug":"tlp-cleaner-textil-leder-und-kunststoffreiniger","status":"publish","type":"product","link":"https:\/\/kemoton.com\/de\/produkt\/tlp-cleaner-textil-leder-und-kunststoffreiniger\/","title":{"rendered":"TLP CLEANER &#8211; Textil-, Leder- und Kunststoffreiniger"},"content":{"rendered":"<div>Reinigt Textil-, Leder- und Kunststoffteile des Autos. Universell formulierter Reiniger f\u00fcr alle Innenfl\u00e4chen des Fahrzeugs, sodass Sie den Reiniger je nach Art des behandelten Untergrunds nicht austauschen m\u00fcssen. Die universelle Formulierung spart Ihnen Zeit und Geld, w\u00e4hrend ein hochwertiges Produkt f\u00fcr jeden Fleck stark genug und f\u00fcr jeden Bereich mild genug ist.<\/div>\n<div><\/div>\n<div>Vorteile:<\/div>\n<div><\/div>\n<ul>\n<li>Die leicht duftende Fl\u00fcssigkeit, die angenehm duftet, entfernt Nikotind\u00fcfte, Tiersekrete, Speisereste und die restlichen Verunreinigungen im Fahrzeug. Textilverschmutzungen werden in Zukunft leichter zu waschen sein und eine antistatische Oberfl\u00e4che hinterlassen, die keinen Staub anzieht Oberfl\u00e4che ist angenehm zu ber\u00fchren<\/li>\n<\/ul>\n","protected":false},"excerpt":{"rendered":"<p>Reinigt Textil-, Leder- und Kunststoffteile des Autos. Universell formulierter Reiniger f\u00fcr alle Innenfl\u00e4chen des Fahrzeugs, sodass Sie den Reiniger je nach Art des behandelten Untergrunds nicht austauschen m\u00fcssen. Die universelle Formulierung spart Ihnen Zeit und Geld, w\u00e4hrend ein hochwertiges Produkt f\u00fcr jeden Fleck stark genug und f\u00fcr jeden Bereich mild genug ist. Vorteile: Die leicht [&#8230;]\n","protected":false},"featured_media":0,"comment_status":"open","ping_status":"closed","template":"","meta":{"_monsterinsights_skip_tracking":false,"_monsterinsights_sitenote_active":false,"_monsterinsights_sitenote_note":"","_monsterinsights_sitenote_category":0},"product_brand":[],"product_cat":[58],"product_tag":[],"class_list":{"0":"post-637","1":"product","2":"type-product","3":"status-publish","5":"product_cat-spick-span-de","7":"first","8":"instock","9":"featured","10":"taxable","11":"shipping-taxable","12":"purchasable","13":"product-type-simple"},"yoast_head":"<!-- This site is optimized with the Yoast SEO plugin v26.6 - https:\/\/yoast.com\/wordpress\/plugins\/seo\/ -->\n<title>TLP CLEANER - Textil-, Leder- und Kunststoffreiniger - KEMOTON SHOP<\/title>\n<meta name=\"robots\" content=\"index, follow, max-snippet:-1, max-image-preview:large, max-video-preview:-1\" \/>\n<link rel=\"canonical\" href=\"https:\/\/kemoton.com\/de\/produkt\/tlp-cleaner-textil-leder-und-kunststoffreiniger\/\" \/>\n<meta property=\"og:locale\" content=\"de_DE\" \/>\n<meta property=\"og:type\" content=\"article\" \/>\n<meta property=\"og:title\" content=\"TLP CLEANER - Textil-, Leder- und Kunststoffreiniger - KEMOTON SHOP\" \/>\n<meta property=\"og:description\" content=\"Reinigt Textil-, Leder- und Kunststoffteile des Autos. Universell formulierter Reiniger f\u00fcr alle Innenfl\u00e4chen des Fahrzeugs, sodass Sie den Reiniger je nach Art des behandelten Untergrunds nicht austauschen m\u00fcssen. Die universelle Formulierung spart Ihnen Zeit und Geld, w\u00e4hrend ein hochwertiges Produkt f\u00fcr jeden Fleck stark genug und f\u00fcr jeden Bereich mild genug ist. Vorteile: Die leicht [...]\" \/>\n<meta property=\"og:url\" content=\"https:\/\/kemoton.com\/de\/produkt\/tlp-cleaner-textil-leder-und-kunststoffreiniger\/\" \/>\n<meta property=\"og:site_name\" content=\"KEMOTON SHOP\" \/>\n<meta property=\"article:modified_time\" content=\"2023-01-07T11:41:07+00:00\" \/>\n<meta name=\"twitter:card\" content=\"summary_large_image\" \/>\n<meta name=\"twitter:label1\" content=\"Gesch\u00e4tzte Lesezeit\" \/>\n\t<meta name=\"twitter:data1\" content=\"1\u00a0Minute\" \/>\n<script type=\"application\/ld+json\" class=\"yoast-schema-graph\">{\"@context\":\"https:\/\/schema.org\",\"@graph\":[{\"@type\":\"WebPage\",\"@id\":\"https:\/\/kemoton.com\/de\/produkt\/tlp-cleaner-textil-leder-und-kunststoffreiniger\/\",\"url\":\"https:\/\/kemoton.com\/de\/produkt\/tlp-cleaner-textil-leder-und-kunststoffreiniger\/\",\"name\":\"TLP CLEANER - Textil-, Leder- und Kunststoffreiniger - KEMOTON SHOP\",\"isPartOf\":{\"@id\":\"https:\/\/kemoton.com\/hr\/#website\"},\"datePublished\":\"2020-06-09T12:17:11+00:00\",\"dateModified\":\"2023-01-07T11:41:07+00:00\",\"breadcrumb\":{\"@id\":\"https:\/\/kemoton.com\/de\/produkt\/tlp-cleaner-textil-leder-und-kunststoffreiniger\/#breadcrumb\"},\"inLanguage\":\"de\",\"potentialAction\":[{\"@type\":\"ReadAction\",\"target\":[\"https:\/\/kemoton.com\/de\/produkt\/tlp-cleaner-textil-leder-und-kunststoffreiniger\/\"]}]},{\"@type\":\"BreadcrumbList\",\"@id\":\"https:\/\/kemoton.com\/de\/produkt\/tlp-cleaner-textil-leder-und-kunststoffreiniger\/#breadcrumb\",\"itemListElement\":[{\"@type\":\"ListItem\",\"position\":1,\"name\":\"Home\",\"item\":\"https:\/\/kemoton.com\/de\/\"},{\"@type\":\"ListItem\",\"position\":2,\"name\":\"Shop\",\"item\":\"https:\/\/kemoton.com\/hr\/shop-2\/\"},{\"@type\":\"ListItem\",\"position\":3,\"name\":\"TLP CLEANER &#8211; Textil-, Leder- und Kunststoffreiniger\"}]},{\"@type\":\"WebSite\",\"@id\":\"https:\/\/kemoton.com\/hr\/#website\",\"url\":\"https:\/\/kemoton.com\/hr\/\",\"name\":\"KEMOTON SHOP\",\"description\":\"Home of Brands\",\"potentialAction\":[{\"@type\":\"SearchAction\",\"target\":{\"@type\":\"EntryPoint\",\"urlTemplate\":\"https:\/\/kemoton.com\/hr\/?s={search_term_string}\"},\"query-input\":{\"@type\":\"PropertyValueSpecification\",\"valueRequired\":true,\"valueName\":\"search_term_string\"}}],\"inLanguage\":\"de\"}]}<\/script>\n<!-- \/ Yoast SEO plugin. -->","yoast_head_json":{"title":"TLP CLEANER - Textil-, Leder- und Kunststoffreiniger - KEMOTON SHOP","robots":{"index":"index","follow":"follow","max-snippet":"max-snippet:-1","max-image-preview":"max-image-preview:large","max-video-preview":"max-video-preview:-1"},"canonical":"https:\/\/kemoton.com\/de\/produkt\/tlp-cleaner-textil-leder-und-kunststoffreiniger\/","og_locale":"de_DE","og_type":"article","og_title":"TLP CLEANER - Textil-, Leder- und Kunststoffreiniger - KEMOTON SHOP","og_description":"Reinigt Textil-, Leder- und Kunststoffteile des Autos. Universell formulierter Reiniger f\u00fcr alle Innenfl\u00e4chen des Fahrzeugs, sodass Sie den Reiniger je nach Art des behandelten Untergrunds nicht austauschen m\u00fcssen. Die universelle Formulierung spart Ihnen Zeit und Geld, w\u00e4hrend ein hochwertiges Produkt f\u00fcr jeden Fleck stark genug und f\u00fcr jeden Bereich mild genug ist. Vorteile: Die leicht [...]","og_url":"https:\/\/kemoton.com\/de\/produkt\/tlp-cleaner-textil-leder-und-kunststoffreiniger\/","og_site_name":"KEMOTON SHOP","article_modified_time":"2023-01-07T11:41:07+00:00","twitter_card":"summary_large_image","twitter_misc":{"Gesch\u00e4tzte Lesezeit":"1\u00a0Minute"},"schema":{"@context":"https:\/\/schema.org","@graph":[{"@type":"WebPage","@id":"https:\/\/kemoton.com\/de\/produkt\/tlp-cleaner-textil-leder-und-kunststoffreiniger\/","url":"https:\/\/kemoton.com\/de\/produkt\/tlp-cleaner-textil-leder-und-kunststoffreiniger\/","name":"TLP CLEANER - Textil-, Leder- und Kunststoffreiniger - KEMOTON SHOP","isPartOf":{"@id":"https:\/\/kemoton.com\/hr\/#website"},"datePublished":"2020-06-09T12:17:11+00:00","dateModified":"2023-01-07T11:41:07+00:00","breadcrumb":{"@id":"https:\/\/kemoton.com\/de\/produkt\/tlp-cleaner-textil-leder-und-kunststoffreiniger\/#breadcrumb"},"inLanguage":"de","potentialAction":[{"@type":"ReadAction","target":["https:\/\/kemoton.com\/de\/produkt\/tlp-cleaner-textil-leder-und-kunststoffreiniger\/"]}]},{"@type":"BreadcrumbList","@id":"https:\/\/kemoton.com\/de\/produkt\/tlp-cleaner-textil-leder-und-kunststoffreiniger\/#breadcrumb","itemListElement":[{"@type":"ListItem","position":1,"name":"Home","item":"https:\/\/kemoton.com\/de\/"},{"@type":"ListItem","position":2,"name":"Shop","item":"https:\/\/kemoton.com\/hr\/shop-2\/"},{"@type":"ListItem","position":3,"name":"TLP CLEANER &#8211; Textil-, Leder- und Kunststoffreiniger"}]},{"@type":"WebSite","@id":"https:\/\/kemoton.com\/hr\/#website","url":"https:\/\/kemoton.com\/hr\/","name":"KEMOTON SHOP","description":"Home of Brands","potentialAction":[{"@type":"SearchAction","target":{"@type":"EntryPoint","urlTemplate":"https:\/\/kemoton.com\/hr\/?s={search_term_string}"},"query-input":{"@type":"PropertyValueSpecification","valueRequired":true,"valueName":"search_term_string"}}],"inLanguage":"de"}]}},"jetpack_sharing_enabled":true,"_links":{"self":[{"href":"https:\/\/kemoton.com\/de\/wp-json\/wp\/v2\/product\/637","targetHints":{"allow":["GET"]}}],"collection":[{"href":"https:\/\/kemoton.com\/de\/wp-json\/wp\/v2\/product"}],"about":[{"href":"https:\/\/kemoton.com\/de\/wp-json\/wp\/v2\/types\/product"}],"replies":[{"embeddable":true,"href":"https:\/\/kemoton.com\/de\/wp-json\/wp\/v2\/comments?post=637"}],"wp:attachment":[{"href":"https:\/\/kemoton.com\/de\/wp-json\/wp\/v2\/media?parent=637"}],"wp:term":[{"taxonomy":"product_brand","embeddable":true,"href":"https:\/\/kemoton.com\/de\/wp-json\/wp\/v2\/product_brand?post=637"},{"taxonomy":"product_cat","embeddable":true,"href":"https:\/\/kemoton.com\/de\/wp-json\/wp\/v2\/product_cat?post=637"},{"taxonomy":"product_tag","embeddable":true,"href":"https:\/\/kemoton.com\/de\/wp-json\/wp\/v2\/product_tag?post=637"}],"curies":[{"name":"wp","href":"https:\/\/api.w.org\/{rel}","templated":true}]}}