{"id":640,"date":"2020-06-09T12:17:12","date_gmt":"2020-06-09T12:17:12","guid":{"rendered":"https:\/\/kemoton.com\/product\/auto-blitz-shampoo-fur-handwaschfahrzeuge\/"},"modified":"2020-06-09T12:17:12","modified_gmt":"2020-06-09T12:17:12","slug":"auto-blitz-shampoo-fur-handwaschfahrzeuge","status":"publish","type":"product","link":"https:\/\/kemoton.com\/de\/produkt\/auto-blitz-shampoo-fur-handwaschfahrzeuge\/","title":{"rendered":"Auto Blitz &#8211; Shampoo f\u00fcr Handwaschfahrzeuge"},"content":{"rendered":"<div>Shampoo f\u00fcr Handwaschfahrzeuge in konzentrierter Form. Das Produkt in seiner Formulierung enth\u00e4lt die notwendigen Bestandteile zum &#8222;Schmieren&#8220; lackierter Oberfl\u00e4chen beim Waschen von Schw\u00e4mmen, um die M\u00f6glichkeit von Kratzern auf Lackfahrzeugen zu verringern. Der reichhaltige und stabile Schaum garantiert eine gleichm\u00e4\u00dfige und qualitativ hochwertige Autow\u00e4sche, wobei ein sichtbarer stabiler Schaum auf der Oberfl\u00e4che verbleibt, was dem Bediener die Arbeit erleichtert und Zeit spart.<\/div>\n<div><\/div>\n<div>Vorteile:<\/div>\n<div><\/div>\n<ul>\n<li>eine kleine Dosierung<\/li>\n<li>lang anhaltender und stabiler Schaum<\/li>\n<li>Gibt das Leuchten der Fahrzeugoberfl\u00e4che zur\u00fcck<\/li>\n<\/ul>\n","protected":false},"excerpt":{"rendered":"<p>Shampoo f\u00fcr Handwaschfahrzeuge in konzentrierter Form. Das Produkt in seiner Formulierung enth\u00e4lt die notwendigen Bestandteile zum &#8222;Schmieren&#8220; lackierter Oberfl\u00e4chen beim Waschen von Schw\u00e4mmen, um die M\u00f6glichkeit von Kratzern auf Lackfahrzeugen zu verringern. Der reichhaltige und stabile Schaum garantiert eine gleichm\u00e4\u00dfige und qualitativ hochwertige Autow\u00e4sche, wobei ein sichtbarer stabiler Schaum auf der Oberfl\u00e4che verbleibt, was dem [&#8230;]\n","protected":false},"featured_media":283,"comment_status":"open","ping_status":"closed","template":"","meta":{"_monsterinsights_skip_tracking":false,"_monsterinsights_sitenote_active":false,"_monsterinsights_sitenote_note":"","_monsterinsights_sitenote_category":0},"product_brand":[],"product_cat":[62],"product_tag":[],"class_list":{"0":"post-640","1":"product","2":"type-product","3":"status-publish","4":"has-post-thumbnail","6":"product_cat-kemoton-professional-de","8":"first","9":"instock","10":"taxable","11":"shipping-taxable","12":"purchasable","13":"product-type-simple"},"yoast_head":"<!-- This site is optimized with the Yoast SEO plugin v26.6 - https:\/\/yoast.com\/wordpress\/plugins\/seo\/ -->\n<title>Auto Blitz - Shampoo f\u00fcr Handwaschfahrzeuge - KEMOTON SHOP<\/title>\n<meta name=\"robots\" content=\"index, follow, max-snippet:-1, max-image-preview:large, max-video-preview:-1\" \/>\n<link rel=\"canonical\" href=\"https:\/\/kemoton.com\/de\/produkt\/auto-blitz-shampoo-fur-handwaschfahrzeuge\/\" \/>\n<meta property=\"og:locale\" content=\"de_DE\" \/>\n<meta property=\"og:type\" content=\"article\" \/>\n<meta property=\"og:title\" content=\"Auto Blitz - Shampoo f\u00fcr Handwaschfahrzeuge - KEMOTON SHOP\" \/>\n<meta property=\"og:description\" content=\"Shampoo f\u00fcr Handwaschfahrzeuge in konzentrierter Form. Das Produkt in seiner Formulierung enth\u00e4lt die notwendigen Bestandteile zum &#8222;Schmieren&#8220; lackierter Oberfl\u00e4chen beim Waschen von Schw\u00e4mmen, um die M\u00f6glichkeit von Kratzern auf Lackfahrzeugen zu verringern. Der reichhaltige und stabile Schaum garantiert eine gleichm\u00e4\u00dfige und qualitativ hochwertige Autow\u00e4sche, wobei ein sichtbarer stabiler Schaum auf der Oberfl\u00e4che verbleibt, was dem [...]\" \/>\n<meta property=\"og:url\" content=\"https:\/\/kemoton.com\/de\/produkt\/auto-blitz-shampoo-fur-handwaschfahrzeuge\/\" \/>\n<meta property=\"og:site_name\" content=\"KEMOTON SHOP\" \/>\n<meta property=\"og:image\" content=\"https:\/\/i0.wp.com\/kemoton.com\/wp-content\/uploads\/2020\/06\/AutoBlitzProSHOP.png?fit=800%2C800&ssl=1\" \/>\n\t<meta property=\"og:image:width\" content=\"800\" \/>\n\t<meta property=\"og:image:height\" content=\"800\" \/>\n\t<meta property=\"og:image:type\" content=\"image\/png\" \/>\n<meta name=\"twitter:card\" content=\"summary_large_image\" \/>\n<script type=\"application\/ld+json\" class=\"yoast-schema-graph\">{\"@context\":\"https:\/\/schema.org\",\"@graph\":[{\"@type\":\"WebPage\",\"@id\":\"https:\/\/kemoton.com\/de\/produkt\/auto-blitz-shampoo-fur-handwaschfahrzeuge\/\",\"url\":\"https:\/\/kemoton.com\/de\/produkt\/auto-blitz-shampoo-fur-handwaschfahrzeuge\/\",\"name\":\"Auto Blitz - Shampoo f\u00fcr Handwaschfahrzeuge - KEMOTON SHOP\",\"isPartOf\":{\"@id\":\"https:\/\/kemoton.com\/hr\/#website\"},\"primaryImageOfPage\":{\"@id\":\"https:\/\/kemoton.com\/de\/produkt\/auto-blitz-shampoo-fur-handwaschfahrzeuge\/#primaryimage\"},\"image\":{\"@id\":\"https:\/\/kemoton.com\/de\/produkt\/auto-blitz-shampoo-fur-handwaschfahrzeuge\/#primaryimage\"},\"thumbnailUrl\":\"https:\/\/i0.wp.com\/kemoton.com\/wp-content\/uploads\/2020\/06\/AutoBlitzProSHOP.png?fit=800%2C800&ssl=1\",\"datePublished\":\"2020-06-09T12:17:12+00:00\",\"breadcrumb\":{\"@id\":\"https:\/\/kemoton.com\/de\/produkt\/auto-blitz-shampoo-fur-handwaschfahrzeuge\/#breadcrumb\"},\"inLanguage\":\"de\",\"potentialAction\":[{\"@type\":\"ReadAction\",\"target\":[\"https:\/\/kemoton.com\/de\/produkt\/auto-blitz-shampoo-fur-handwaschfahrzeuge\/\"]}]},{\"@type\":\"ImageObject\",\"inLanguage\":\"de\",\"@id\":\"https:\/\/kemoton.com\/de\/produkt\/auto-blitz-shampoo-fur-handwaschfahrzeuge\/#primaryimage\",\"url\":\"https:\/\/i0.wp.com\/kemoton.com\/wp-content\/uploads\/2020\/06\/AutoBlitzProSHOP.png?fit=800%2C800&ssl=1\",\"contentUrl\":\"https:\/\/i0.wp.com\/kemoton.com\/wp-content\/uploads\/2020\/06\/AutoBlitzProSHOP.png?fit=800%2C800&ssl=1\",\"width\":800,\"height\":800},{\"@type\":\"BreadcrumbList\",\"@id\":\"https:\/\/kemoton.com\/de\/produkt\/auto-blitz-shampoo-fur-handwaschfahrzeuge\/#breadcrumb\",\"itemListElement\":[{\"@type\":\"ListItem\",\"position\":1,\"name\":\"Home\",\"item\":\"https:\/\/kemoton.com\/de\/\"},{\"@type\":\"ListItem\",\"position\":2,\"name\":\"Shop\",\"item\":\"https:\/\/kemoton.com\/hr\/shop-2\/\"},{\"@type\":\"ListItem\",\"position\":3,\"name\":\"Auto Blitz &#8211; Shampoo f\u00fcr Handwaschfahrzeuge\"}]},{\"@type\":\"WebSite\",\"@id\":\"https:\/\/kemoton.com\/hr\/#website\",\"url\":\"https:\/\/kemoton.com\/hr\/\",\"name\":\"KEMOTON SHOP\",\"description\":\"Home of Brands\",\"potentialAction\":[{\"@type\":\"SearchAction\",\"target\":{\"@type\":\"EntryPoint\",\"urlTemplate\":\"https:\/\/kemoton.com\/hr\/?s={search_term_string}\"},\"query-input\":{\"@type\":\"PropertyValueSpecification\",\"valueRequired\":true,\"valueName\":\"search_term_string\"}}],\"inLanguage\":\"de\"}]}<\/script>\n<!-- \/ Yoast SEO plugin. -->","yoast_head_json":{"title":"Auto Blitz - Shampoo f\u00fcr Handwaschfahrzeuge - KEMOTON SHOP","robots":{"index":"index","follow":"follow","max-snippet":"max-snippet:-1","max-image-preview":"max-image-preview:large","max-video-preview":"max-video-preview:-1"},"canonical":"https:\/\/kemoton.com\/de\/produkt\/auto-blitz-shampoo-fur-handwaschfahrzeuge\/","og_locale":"de_DE","og_type":"article","og_title":"Auto Blitz - Shampoo f\u00fcr Handwaschfahrzeuge - KEMOTON SHOP","og_description":"Shampoo f\u00fcr Handwaschfahrzeuge in konzentrierter Form. Das Produkt in seiner Formulierung enth\u00e4lt die notwendigen Bestandteile zum &#8222;Schmieren&#8220; lackierter Oberfl\u00e4chen beim Waschen von Schw\u00e4mmen, um die M\u00f6glichkeit von Kratzern auf Lackfahrzeugen zu verringern. Der reichhaltige und stabile Schaum garantiert eine gleichm\u00e4\u00dfige und qualitativ hochwertige Autow\u00e4sche, wobei ein sichtbarer stabiler Schaum auf der Oberfl\u00e4che verbleibt, was dem [...]","og_url":"https:\/\/kemoton.com\/de\/produkt\/auto-blitz-shampoo-fur-handwaschfahrzeuge\/","og_site_name":"KEMOTON SHOP","og_image":[{"width":800,"height":800,"url":"https:\/\/i0.wp.com\/kemoton.com\/wp-content\/uploads\/2020\/06\/AutoBlitzProSHOP.png?fit=800%2C800&ssl=1","type":"image\/png"}],"twitter_card":"summary_large_image","schema":{"@context":"https:\/\/schema.org","@graph":[{"@type":"WebPage","@id":"https:\/\/kemoton.com\/de\/produkt\/auto-blitz-shampoo-fur-handwaschfahrzeuge\/","url":"https:\/\/kemoton.com\/de\/produkt\/auto-blitz-shampoo-fur-handwaschfahrzeuge\/","name":"Auto Blitz - Shampoo f\u00fcr Handwaschfahrzeuge - KEMOTON SHOP","isPartOf":{"@id":"https:\/\/kemoton.com\/hr\/#website"},"primaryImageOfPage":{"@id":"https:\/\/kemoton.com\/de\/produkt\/auto-blitz-shampoo-fur-handwaschfahrzeuge\/#primaryimage"},"image":{"@id":"https:\/\/kemoton.com\/de\/produkt\/auto-blitz-shampoo-fur-handwaschfahrzeuge\/#primaryimage"},"thumbnailUrl":"https:\/\/i0.wp.com\/kemoton.com\/wp-content\/uploads\/2020\/06\/AutoBlitzProSHOP.png?fit=800%2C800&ssl=1","datePublished":"2020-06-09T12:17:12+00:00","breadcrumb":{"@id":"https:\/\/kemoton.com\/de\/produkt\/auto-blitz-shampoo-fur-handwaschfahrzeuge\/#breadcrumb"},"inLanguage":"de","potentialAction":[{"@type":"ReadAction","target":["https:\/\/kemoton.com\/de\/produkt\/auto-blitz-shampoo-fur-handwaschfahrzeuge\/"]}]},{"@type":"ImageObject","inLanguage":"de","@id":"https:\/\/kemoton.com\/de\/produkt\/auto-blitz-shampoo-fur-handwaschfahrzeuge\/#primaryimage","url":"https:\/\/i0.wp.com\/kemoton.com\/wp-content\/uploads\/2020\/06\/AutoBlitzProSHOP.png?fit=800%2C800&ssl=1","contentUrl":"https:\/\/i0.wp.com\/kemoton.com\/wp-content\/uploads\/2020\/06\/AutoBlitzProSHOP.png?fit=800%2C800&ssl=1","width":800,"height":800},{"@type":"BreadcrumbList","@id":"https:\/\/kemoton.com\/de\/produkt\/auto-blitz-shampoo-fur-handwaschfahrzeuge\/#breadcrumb","itemListElement":[{"@type":"ListItem","position":1,"name":"Home","item":"https:\/\/kemoton.com\/de\/"},{"@type":"ListItem","position":2,"name":"Shop","item":"https:\/\/kemoton.com\/hr\/shop-2\/"},{"@type":"ListItem","position":3,"name":"Auto Blitz &#8211; Shampoo f\u00fcr Handwaschfahrzeuge"}]},{"@type":"WebSite","@id":"https:\/\/kemoton.com\/hr\/#website","url":"https:\/\/kemoton.com\/hr\/","name":"KEMOTON SHOP","description":"Home of Brands","potentialAction":[{"@type":"SearchAction","target":{"@type":"EntryPoint","urlTemplate":"https:\/\/kemoton.com\/hr\/?s={search_term_string}"},"query-input":{"@type":"PropertyValueSpecification","valueRequired":true,"valueName":"search_term_string"}}],"inLanguage":"de"}]}},"jetpack_sharing_enabled":true,"_links":{"self":[{"href":"https:\/\/kemoton.com\/de\/wp-json\/wp\/v2\/product\/640","targetHints":{"allow":["GET"]}}],"collection":[{"href":"https:\/\/kemoton.com\/de\/wp-json\/wp\/v2\/product"}],"about":[{"href":"https:\/\/kemoton.com\/de\/wp-json\/wp\/v2\/types\/product"}],"replies":[{"embeddable":true,"href":"https:\/\/kemoton.com\/de\/wp-json\/wp\/v2\/comments?post=640"}],"wp:featuredmedia":[{"embeddable":true,"href":"https:\/\/kemoton.com\/de\/wp-json\/wp\/v2\/media\/283"}],"wp:attachment":[{"href":"https:\/\/kemoton.com\/de\/wp-json\/wp\/v2\/media?parent=640"}],"wp:term":[{"taxonomy":"product_brand","embeddable":true,"href":"https:\/\/kemoton.com\/de\/wp-json\/wp\/v2\/product_brand?post=640"},{"taxonomy":"product_cat","embeddable":true,"href":"https:\/\/kemoton.com\/de\/wp-json\/wp\/v2\/product_cat?post=640"},{"taxonomy":"product_tag","embeddable":true,"href":"https:\/\/kemoton.com\/de\/wp-json\/wp\/v2\/product_tag?post=640"}],"curies":[{"name":"wp","href":"https:\/\/api.w.org\/{rel}","templated":true}]}}