{"id":647,"date":"2020-06-09T12:17:13","date_gmt":"2020-06-09T12:17:13","guid":{"rendered":"https:\/\/kemoton.com\/product\/jetwash-powder-mikropulver-waschmittel\/"},"modified":"2020-06-09T12:17:13","modified_gmt":"2020-06-09T12:17:13","slug":"jetwash-powder-mikropulver-waschmittel","status":"publish","type":"product","link":"https:\/\/kemoton.com\/de\/produkt\/jetwash-powder-mikropulver-waschmittel\/","title":{"rendered":"JetWash Powder &#8211; Mikropulver-Waschmittel"},"content":{"rendered":"<div>JetWash Powder ist ein Mikropulver-Waschmittel mit hoher Schaumkraft, das sich besonders f\u00fcr die Au\u00dfenwaschanlage f\u00fcr Hochdruckwaschzentren (Boxen) eignet. Die optimale Menge an Substanzen in der Formulierung und die untersuchte Alkalit\u00e4t und die spezifischen Tenside verleihen dem Produkt eine hohe Reinigungs- und Entfettungskraft und entfernen Schmutz, der durch die Verbrennungsd\u00e4mpfe, \u00d6lspuren, statischen Schmutz und insbesondere durch die Bewegung von verursacht wird schmutzige Oberfl\u00e4chen (Verkehrsfilm, anorganische Salze, Schneespuren usw.) Es ist ein Produkt von geringer Dichte und hoher Finesse, wodurch die Wasserl\u00f6slichkeit erleichtert wird. Es verhindert auch, dass das Produkt fl\u00fcchtig ist, was die Verwendung in den Trichtern erleichtert.<\/div>\n<div><\/div>\n<div>Anwendungen:<\/div>\n<div>Die empfohlene Dosis f\u00fcr das JetWash-Pulver liegt zwischen 10 und 20 g pro Minute (0,1% bis 0,5%) in der f\u00fcr Trichtersysteme ausgelegten Maschine. Verwenden Sie zur effektiven Reinigung des Fahrzeugs entkalktes Wasser, das zuvor auf 40 &#8211; 50 \u00b0 C erhitzt wurde. Steigen Sie dann gr\u00fcndlich mit erweichtem oder entsalztem Wasser auf, um das Produkt vollst\u00e4ndig zu entfernen.<\/div>\n<p>&nbsp;<\/p>\n<p><iframe loading=\"lazy\" title=\"JetWashPowder - Commercial\" width=\"1020\" height=\"574\" src=\"https:\/\/www.youtube.com\/embed\/gBiYmQTrW-0?feature=oembed\" frameborder=\"0\" allow=\"accelerometer; autoplay; encrypted-media; gyroscope; picture-in-picture\" allowfullscreen><\/iframe><\/p>\n<p>&nbsp;<\/p>\n","protected":false},"excerpt":{"rendered":"<p>JetWash Powder ist ein Mikropulver-Waschmittel mit hoher Schaumkraft, das sich besonders f\u00fcr die Au\u00dfenwaschanlage f\u00fcr Hochdruckwaschzentren (Boxen) eignet. Die optimale Menge an Substanzen in der Formulierung und die untersuchte Alkalit\u00e4t und die spezifischen Tenside verleihen dem Produkt eine hohe Reinigungs- und Entfettungskraft und entfernen Schmutz, der durch die Verbrennungsd\u00e4mpfe, \u00d6lspuren, statischen Schmutz und insbesondere durch [&#8230;]\n","protected":false},"featured_media":0,"comment_status":"open","ping_status":"closed","template":"","meta":{"_monsterinsights_skip_tracking":false,"_monsterinsights_sitenote_active":false,"_monsterinsights_sitenote_note":"","_monsterinsights_sitenote_category":0},"product_brand":[],"product_cat":[62],"product_tag":[],"class_list":{"0":"post-647","1":"product","2":"type-product","3":"status-publish","5":"product_cat-kemoton-professional-de","7":"first","8":"instock","9":"sold-individually","10":"taxable","11":"shipping-taxable","12":"purchasable","13":"product-type-simple"},"yoast_head":"<!-- This site is optimized with the Yoast SEO plugin v26.6 - https:\/\/yoast.com\/wordpress\/plugins\/seo\/ -->\n<title>JetWash Powder - Mikropulver-Waschmittel -<\/title>\n<meta name=\"description\" content=\"JetWash Powder is a micropowder detergent, with a high foaming powder, especially suitable for the exterior car wash for high pressure washing centers.|JetWash Powder je pra\u0161kasti deterd\u017eent, s visokim stupnjem stvaranja pjene, posebno pogodan za samoposlu\u017ene autopraonice.\" \/>\n<meta name=\"robots\" content=\"index, follow, max-snippet:-1, max-image-preview:large, max-video-preview:-1\" \/>\n<link rel=\"canonical\" href=\"https:\/\/kemoton.com\/de\/produkt\/jetwash-powder-mikropulver-waschmittel\/\" \/>\n<meta property=\"og:locale\" content=\"de_DE\" \/>\n<meta property=\"og:type\" content=\"article\" \/>\n<meta property=\"og:title\" content=\"JetWash Powder - Mikropulver-Waschmittel -\" \/>\n<meta property=\"og:description\" content=\"JetWash Powder is a micropowder detergent, with a high foaming powder, especially suitable for the exterior car wash for high pressure washing centers.|JetWash Powder je pra\u0161kasti deterd\u017eent, s visokim stupnjem stvaranja pjene, posebno pogodan za samoposlu\u017ene autopraonice.\" \/>\n<meta property=\"og:url\" content=\"https:\/\/kemoton.com\/de\/produkt\/jetwash-powder-mikropulver-waschmittel\/\" \/>\n<meta property=\"og:site_name\" content=\"KEMOTON SHOP\" \/>\n<meta name=\"twitter:card\" content=\"summary_large_image\" \/>\n<meta name=\"twitter:label1\" content=\"Gesch\u00e4tzte Lesezeit\" \/>\n\t<meta name=\"twitter:data1\" content=\"1\u00a0Minute\" \/>\n<script type=\"application\/ld+json\" class=\"yoast-schema-graph\">{\"@context\":\"https:\/\/schema.org\",\"@graph\":[{\"@type\":\"WebPage\",\"@id\":\"https:\/\/kemoton.com\/de\/produkt\/jetwash-powder-mikropulver-waschmittel\/\",\"url\":\"https:\/\/kemoton.com\/de\/produkt\/jetwash-powder-mikropulver-waschmittel\/\",\"name\":\"JetWash Powder - Mikropulver-Waschmittel -\",\"isPartOf\":{\"@id\":\"https:\/\/kemoton.com\/hr\/#website\"},\"datePublished\":\"2020-06-09T12:17:13+00:00\",\"description\":\"JetWash Powder is a micropowder detergent, with a high foaming powder, especially suitable for the exterior car wash for high pressure washing centers.|JetWash Powder je pra\u0161kasti deterd\u017eent, s visokim stupnjem stvaranja pjene, posebno pogodan za samoposlu\u017ene autopraonice.\",\"breadcrumb\":{\"@id\":\"https:\/\/kemoton.com\/de\/produkt\/jetwash-powder-mikropulver-waschmittel\/#breadcrumb\"},\"inLanguage\":\"de\",\"potentialAction\":[{\"@type\":\"ReadAction\",\"target\":[\"https:\/\/kemoton.com\/de\/produkt\/jetwash-powder-mikropulver-waschmittel\/\"]}]},{\"@type\":\"BreadcrumbList\",\"@id\":\"https:\/\/kemoton.com\/de\/produkt\/jetwash-powder-mikropulver-waschmittel\/#breadcrumb\",\"itemListElement\":[{\"@type\":\"ListItem\",\"position\":1,\"name\":\"Home\",\"item\":\"https:\/\/kemoton.com\/de\/\"},{\"@type\":\"ListItem\",\"position\":2,\"name\":\"Shop\",\"item\":\"https:\/\/kemoton.com\/hr\/shop-2\/\"},{\"@type\":\"ListItem\",\"position\":3,\"name\":\"JetWash Powder &#8211; Mikropulver-Waschmittel\"}]},{\"@type\":\"WebSite\",\"@id\":\"https:\/\/kemoton.com\/hr\/#website\",\"url\":\"https:\/\/kemoton.com\/hr\/\",\"name\":\"KEMOTON SHOP\",\"description\":\"Home of Brands\",\"potentialAction\":[{\"@type\":\"SearchAction\",\"target\":{\"@type\":\"EntryPoint\",\"urlTemplate\":\"https:\/\/kemoton.com\/hr\/?s={search_term_string}\"},\"query-input\":{\"@type\":\"PropertyValueSpecification\",\"valueRequired\":true,\"valueName\":\"search_term_string\"}}],\"inLanguage\":\"de\"}]}<\/script>\n<!-- \/ Yoast SEO plugin. -->","yoast_head_json":{"title":"JetWash Powder - Mikropulver-Waschmittel -","description":"JetWash Powder is a micropowder detergent, with a high foaming powder, especially suitable for the exterior car wash for high pressure washing centers.|JetWash Powder je pra\u0161kasti deterd\u017eent, s visokim stupnjem stvaranja pjene, posebno pogodan za samoposlu\u017ene autopraonice.","robots":{"index":"index","follow":"follow","max-snippet":"max-snippet:-1","max-image-preview":"max-image-preview:large","max-video-preview":"max-video-preview:-1"},"canonical":"https:\/\/kemoton.com\/de\/produkt\/jetwash-powder-mikropulver-waschmittel\/","og_locale":"de_DE","og_type":"article","og_title":"JetWash Powder - Mikropulver-Waschmittel -","og_description":"JetWash Powder is a micropowder detergent, with a high foaming powder, especially suitable for the exterior car wash for high pressure washing centers.|JetWash Powder je pra\u0161kasti deterd\u017eent, s visokim stupnjem stvaranja pjene, posebno pogodan za samoposlu\u017ene autopraonice.","og_url":"https:\/\/kemoton.com\/de\/produkt\/jetwash-powder-mikropulver-waschmittel\/","og_site_name":"KEMOTON SHOP","twitter_card":"summary_large_image","twitter_misc":{"Gesch\u00e4tzte Lesezeit":"1\u00a0Minute"},"schema":{"@context":"https:\/\/schema.org","@graph":[{"@type":"WebPage","@id":"https:\/\/kemoton.com\/de\/produkt\/jetwash-powder-mikropulver-waschmittel\/","url":"https:\/\/kemoton.com\/de\/produkt\/jetwash-powder-mikropulver-waschmittel\/","name":"JetWash Powder - Mikropulver-Waschmittel -","isPartOf":{"@id":"https:\/\/kemoton.com\/hr\/#website"},"datePublished":"2020-06-09T12:17:13+00:00","description":"JetWash Powder is a micropowder detergent, with a high foaming powder, especially suitable for the exterior car wash for high pressure washing centers.|JetWash Powder je pra\u0161kasti deterd\u017eent, s visokim stupnjem stvaranja pjene, posebno pogodan za samoposlu\u017ene autopraonice.","breadcrumb":{"@id":"https:\/\/kemoton.com\/de\/produkt\/jetwash-powder-mikropulver-waschmittel\/#breadcrumb"},"inLanguage":"de","potentialAction":[{"@type":"ReadAction","target":["https:\/\/kemoton.com\/de\/produkt\/jetwash-powder-mikropulver-waschmittel\/"]}]},{"@type":"BreadcrumbList","@id":"https:\/\/kemoton.com\/de\/produkt\/jetwash-powder-mikropulver-waschmittel\/#breadcrumb","itemListElement":[{"@type":"ListItem","position":1,"name":"Home","item":"https:\/\/kemoton.com\/de\/"},{"@type":"ListItem","position":2,"name":"Shop","item":"https:\/\/kemoton.com\/hr\/shop-2\/"},{"@type":"ListItem","position":3,"name":"JetWash Powder &#8211; Mikropulver-Waschmittel"}]},{"@type":"WebSite","@id":"https:\/\/kemoton.com\/hr\/#website","url":"https:\/\/kemoton.com\/hr\/","name":"KEMOTON SHOP","description":"Home of Brands","potentialAction":[{"@type":"SearchAction","target":{"@type":"EntryPoint","urlTemplate":"https:\/\/kemoton.com\/hr\/?s={search_term_string}"},"query-input":{"@type":"PropertyValueSpecification","valueRequired":true,"valueName":"search_term_string"}}],"inLanguage":"de"}]}},"jetpack_sharing_enabled":true,"_links":{"self":[{"href":"https:\/\/kemoton.com\/de\/wp-json\/wp\/v2\/product\/647","targetHints":{"allow":["GET"]}}],"collection":[{"href":"https:\/\/kemoton.com\/de\/wp-json\/wp\/v2\/product"}],"about":[{"href":"https:\/\/kemoton.com\/de\/wp-json\/wp\/v2\/types\/product"}],"replies":[{"embeddable":true,"href":"https:\/\/kemoton.com\/de\/wp-json\/wp\/v2\/comments?post=647"}],"wp:attachment":[{"href":"https:\/\/kemoton.com\/de\/wp-json\/wp\/v2\/media?parent=647"}],"wp:term":[{"taxonomy":"product_brand","embeddable":true,"href":"https:\/\/kemoton.com\/de\/wp-json\/wp\/v2\/product_brand?post=647"},{"taxonomy":"product_cat","embeddable":true,"href":"https:\/\/kemoton.com\/de\/wp-json\/wp\/v2\/product_cat?post=647"},{"taxonomy":"product_tag","embeddable":true,"href":"https:\/\/kemoton.com\/de\/wp-json\/wp\/v2\/product_tag?post=647"}],"curies":[{"name":"wp","href":"https:\/\/api.w.org\/{rel}","templated":true}]}}