{"id":658,"date":"2020-07-15T10:46:57","date_gmt":"2020-07-15T10:46:57","guid":{"rendered":"https:\/\/kemoton.com\/politika-privatnosti-i-kolacica\/"},"modified":"2020-07-15T10:46:59","modified_gmt":"2020-07-15T10:46:59","slug":"politika-privatnosti-i-kolacica","status":"publish","type":"page","link":"https:\/\/kemoton.com\/hr\/politika-privatnosti-i-kolacica\/","title":{"rendered":"POLITIKA PRIVATNOSTI I KOLA\u010cI\u0106A"},"content":{"rendered":"\n<p>POLITIKA PRIVATNOSTI I KOLA\u010cI\u0106A<\/p>\n\n<p>OBAVIJEST INFORMACIJE<\/p>\n\n<p>Na ovoj se stranici opisuju metode kojima se upravlja ovim web mjestom u odnosu na obradu osobnih podataka korisnika koji ga posje\u0107uju.<\/p>\n\n<p>Ova obavijest tako\u0111er se priprema u skladu s \u010dlankom 13. Uredbe EU 679\/2016 i upu\u0107uje se osobama koje komuniciraju s uslugama ove web stranice.<\/p>\n\n<p>Obavijest se odnosi samo na ovu internetsku stranicu i ne odnosi se na bilo koje druge web stranice koje korisnik mo\u017ee posjetiti putem veza.&#13;\n<\/p>\n\n<p>Informativna obavijest nadahnuta je i Preporukom br. 2\/2001 da su europska tijela za za\u0161titu osobnih podataka, \u010dlanovi Grupe osnovani \u010dl. 29 Direktive 95\/46 \/ EZ, donesene 17. svibnja 2001. kako bi se utvrdili odre\u0111eni minimalni zahtjevi za mre\u017eno prikupljanje osobnih podataka, a posebno metode, vrijeme i priroda podataka koje kontrolori podataka moraju pru\u017eiti korisnicima , kada se povezuju sa stranicama web stranice, bez obzira na svrhe veze.<\/p>\n\n<p>UPRAVLJA\u010cI PODACIMA<\/p>\n\n<p>Navigacija na ovoj web stranici mo\u017ee rezultirati obradom podataka koji se odnose na identificirane ili osobe koje se mogu identificirati. &#8220;Kontrolor&#8221; obrade navedenih podataka je KEMOTON GROUP doo Zagreb, Hrvatska PDV broj 74618727774.&#13;\n<\/p>\n\n<p>MJESTO OBRADE I KOMUNIKACIJE PODATAKA<\/p>\n\n<p>Obrada koja se odnosi na internetske usluge ove web stranice odvija se u sjedi\u0161tu tvrtke i povjerava se osoblju ovla\u0161tenom za obradu. Podatke mogu obra\u0111ivati \u200b\u200bi tre\u0107e tvrtke koje se u na\u0161e ime bave upravljanjem mre\u017enom prodajom i \/ ili informati\u010dkom upravom (uklju\u010duju\u0107i hosting) web stranice i \/ ili upravljanjem ostalim aktivnostima vezanim za usluge ove web stranice; navedene tvrtke mogu ili ne moraju biti osnovane u Europskoj uniji i jam\u010de odgovaraju\u0107u razinu za\u0161tite podataka.<\/p>\n\n<p>Podaci koji se ne\u0107e distribuirati mogu se proslijediti i drugim tvrtkama KEMOTON GRUPE, koje nisu osnovane u Europskoj uniji, a koje jam\u010de odgovaraju\u0107u razinu za\u0161tite podataka.&#13;\n<\/p>\n\n<p>VRSTE PODATAKA KOJE SE OBRADUJU<\/p>\n\n<p>Navigacijski podaci<\/p>\n\n<p>IT sustavi i softverski postupci koji omogu\u0107uju rad ove web stranice tijekom svog uobi\u010dajenog rada nabavljaju odre\u0111ene osobne podatke koji se svojstveno prenose kori\u0161tenjem internetskih komunikacijskih protokola.<\/p>\n\n<p>Te se informacije ne prikupljaju kako bi bile povezane s identificiranim subjektima podataka, ali koji bi po svojoj prirodi mogli obradom i povezivanjem s podacima koje posjeduju tre\u0107e strane omogu\u0107iti identifikaciju korisnika.<\/p>\n\n<p>Ova kategorija podataka uklju\u010duje IP adrese ili nazive domena ra\u010dunala koja korisnici koriste za pristup web mjestu, URI (Uniform Resource Identifier) \u200b\u200badrese tra\u017eenih resursa, vrijeme zahtjeva, na\u010din kori\u0161tenja za slanje zahtjeva u poslu\u017eitelj, veli\u010dina datoteke primljene u odgovoru, numeri\u010dki kod koji prikazuje status odgovora koji je dao poslu\u017eitelj (uspje\u0161an, pogre\u0161ka itd.) i ostali parametri koji se odnose na operativni sustav korisnika i IT okru\u017eenje.<\/p>\n\n<p>Ti se podaci koriste samo za dobivanje anonimnih statisti\u010dkih podataka o kori\u0161tenju web mjesta i radi kontrole njegovog nesmetanog rada, a bri\u0161u se odmah nakon obrade. Podaci bi se mogli upotrijebiti za utvr\u0111ivanje odgovornosti u slu\u010daju ra\u010dunalnih zlo\u010dina nad web stranicom: trenutno, s izuzetkom ovog slu\u010daja, podaci o web kontaktima ne ostaju dulje od sedam dana.<\/p>\n\n<p>Podaci koje korisnik pru\u017ea s voljom<\/p>\n\n<p>Neobvezno, izri\u010dito i voljno slanje e-maila na adrese spomenute na ovoj web stranici rezultira naknadnim dobijanjem po\u0161iljateljeve adrese, \u0161to je potrebno za slanje odgovora, kao i svih ostalih osobnih podataka sadr\u017eanih u poruka.<\/p>\n\n<p>Na web stranicama web stranice pru\u017eaju se ili prikazuju specifi\u010dne sa\u017eetke informacija posve\u0107enih odre\u0111enim uslugama na zahtjev.&#13;\n<\/p>\n\n<p>Kola\u010di\u0107i su tekstualni elementi koji su uneseni na tvrdi disk ra\u010dunala. Kola\u010di\u0107i slu\u017ee za ubrzavanje analize web prometa ili za ukazivanje na to kada se posje\u0107uje odre\u0111eno web mjesto i omogu\u0107avaju web aplikacijama slanje podataka pojedinim korisnicima.<\/p>\n\n<p>Vrste kola\u010di\u0107a koje koristi web stranica<\/p>\n\n<p>Sigurnost: kola\u010di\u0107i koji omogu\u0107avaju siguran pristup ra\u010dunu&#13;\nPostavka: kola\u010di\u0107i koji se koriste za pohranu korisni\u010dkih postavki, npr. jezika ili gledanja rezultata pretra\u017eivanja polo\u017eaja&#13;\nAnaliza: pra\u0107enje prometnih tokova na web mjestu radi prepoznavanja najpopularnijeg sadr\u017eaja i bilo kakvih problema na web mjestu&#13;\nFunkcije web stranice: nadzor polo\u017eaja koje je korisnik posjetio, radi pru\u017eanja ve\u0107eg broja sli\u010dnih pozicija. Upravitelj podataka tako\u0111er koristi kola\u010di\u0107e za podjelu korisnika u grupe za testiranje novih funkcija web stranica&#13;\nOgla\u0161avanje: kontrolor podataka koristi informacije koje se ne mogu prepoznati kako bi korisniku predstavio promotivne banere na svojoj web stranici&#13;\nPristanak korisnika potreban je samo za profiliranje kola\u010di\u0107a (Funkcije web stranice i ogla\u0161avanje)<\/p>\n\n<p>Korisnik mo\u017ee odlu\u010diti odbiti \/ onemogu\u0107iti kola\u010di\u0107e web stranice, gdje preglednik nudi tu mogu\u0107nost; u tom slu\u010daju, me\u0111utim, neke stranice web stranice mo\u017eda nisu dostupne i \/ ili ne funkcioniraju ispravno, \u0161to ometa pru\u017eanje usluge.<\/p>\n\n<p>OPCIJSKA PRIRODA PRU\u017dANJE PODATAKA<\/p>\n\n<p>Osim onoga \u0161to je spomenuto u vezi s navigacijskim podacima, korisnik je slobodan dati osobne podatke unesene u obrasce zahtjeva ili spomenute u misijama s tvrtkom za otpremu naru\u010denih proizvoda ili na zahtjev za biltene, informativni materijal ili druge komunikacije.<\/p>\n\n<p>Davanje takvih podataka korisniku mo\u017ee onemogu\u0107iti dobivanje tra\u017eenih proizvoda ili usluga.<\/p>\n\n<p>Radi temeljitosti, \u017eelimo vas podsjetiti da u nekim slu\u010dajevima (koji ne spadaju u uobi\u010dajeno upravljanje ovom web stranicom) vlasti mogu tra\u017eiti vijesti i informacije u skladu s \u010dlankom 157 Kodeksa o za\u0161titi osobnih podataka podataka, radi kontrole obrade osobnih podataka. U tim je slu\u010dajevima odgovaranje obvezno, jer u protivnom postoji rizik od poduzimanja administrativnih sankcija.<\/p>\n\n<p>METODE ZA OBRADU PODATAKA<\/p>\n\n<p>Osobni se podaci obra\u0111uju automatiziranim alatima za ono vrijeme koje je apsolutno neophodno za ispunjavanje svrhe u koje su prikupljeni.&#13;\n<\/p>\n\n<p>Kola\u010di\u0107i sesije istje\u010du kada je preglednik zatvoren.<\/p>\n\n<p>Trajni kola\u010di\u0107i ostaju na korisnikovom ra\u010dunalu \u010dak i nakon \u0161to je on \/ ona napustio web mjesto i prestao imati u\u010dinke 38 mjeseci nakon zadnjeg pristupa koji su kola\u010di\u0107i registrirali.<\/p>\n\n<p>Upute za upravljanje kola\u010di\u0107ima<\/p>\n\n<p>Ako koristite drugu vrstu ili verziju preglednika, molimo pogledajte izbornik &#8220;Pomo\u0107&#8221; preglednika.<\/p>\n\n<p>Internet Explorer 7, 8 i 9<\/p>\n\n<p>Kliknite izbornik Alati i odaberite Internetske mogu\u0107nosti.&#13;\nKliknite odjeljak o privatnosti.&#13;\nPomo\u0107u pokaziva\u010da odaberite svoje mogu\u0107nosti.&#13;\nZa naprednije postavke kola\u010di\u0107a kliknite Web stranice ili Napredno.<\/p>\n\n<p>Google Chrome<\/p>\n\n<p>Kliknite izbornik Chrome i odaberite Postavke.&#13;\nKliknite Prika\u017ei napredne postavke.&#13;\nKliknite na Postavke sadr\u017eaja da biste odabrali svoje mogu\u0107nosti.<\/p>\n\n<p>Mozilla Firefox 14, 15, and 16<\/p>\n\n<p>Kliknite izbornik Alati i odaberite Opcije.&#13;\nKliknite karticu Privatnost i odaberite svoje mogu\u0107nosti.&#13;\nZa naprednije postavke kola\u010di\u0107a u postavkama Povijesti odaberite kori\u0161tenje prilago\u0111enih postavki.<\/p>\n\n<p>Safari 5.1 and subsequent versions (Mac OS X)<\/p>\n\n<p>Kliknite izbornik Safari i odaberite Favoriti.&#13;\nKliknite odjeljak Privatnost za pregled postavki kola\u010di\u0107a.&#13;\nOdaberite svoje mogu\u0107nosti.&#13;\nZa naprednije postavke kola\u010di\u0107a kliknite na Detalji.&#13;\nUsvajaju se posebne sigurnosne mjere za spre\u010davanje gubitka podataka, nezakonite ili pogre\u0161ne uporabe i neovla\u0161tenog pristupa.<\/p>\n\n<p>Opera 10, 11, and 12<\/p>\n\n<p>Kliknite na izbornik Opera i odaberite Postavke.&#13;\nKliknite karticu Napredno.&#13;\nKliknite kola\u010di\u0107e za odabir opcija.<\/p>\n\n<p>PRAVA PODATAKA PODATAKA<\/p>\n\n<p>Na kraju, \u017eelimo vas obavijestiti da prava koja su propisana Uredbom mo\u017eete iskoristiti pisanjem na privacy@spickandspan.info. Tako\u0111er mo\u017eete zatra\u017eiti da se sazna izvor podataka, kao i logika i metode njihove obrade; da biste ih izbrisali, promijenite ih u anonimni oblik ili blokirajte sve podatke koji se obra\u0111uju suprotno zakonu te ih a\u017eurirajte, ispravite ili, ako imate opravdan interes, integrirajte ih; mo\u017eete tako\u0111er prigovoriti obradi iz opravdanih razloga. Zajam\u010deno vam je pravo da u bilo kojem trenutku povu\u010de svoj pristanak, ne dovode\u0107i u pitanje zakonitost obrade na temelju pristanka u\u010dinjenog prije povla\u010denja. Zajam\u010deno vam je pravo na prenosivost podataka i podno\u0161enje \u017ealbe nadzornom tijelu.<\/p>\n","protected":false},"excerpt":{"rendered":"<p>POLITIKA PRIVATNOSTI I KOLA\u010cI\u0106A OBAVIJEST INFORMACIJE Na ovoj se stranici opisuju metode kojima se upravlja ovim web mjestom u odnosu na obradu osobnih podataka korisnika koji ga posje\u0107uju. Ova obavijest tako\u0111er se priprema u skladu s \u010dlankom 13. Uredbe EU 679\/2016 i upu\u0107uje se osobama koje komuniciraju s uslugama ove web stranice. Obavijest se odnosi [&#8230;]\n","protected":false},"author":1,"featured_media":0,"parent":0,"menu_order":0,"comment_status":"closed","ping_status":"closed","template":"page-right-sidebar.php","meta":{"_monsterinsights_skip_tracking":false,"_monsterinsights_sitenote_active":false,"_monsterinsights_sitenote_note":"","_monsterinsights_sitenote_category":0,"footnotes":""},"class_list":["post-658","page","type-page","status-publish","hentry"],"yoast_head":"<!-- This site is optimized with the Yoast SEO plugin v26.6 - https:\/\/yoast.com\/wordpress\/plugins\/seo\/ -->\n<title>POLITIKA PRIVATNOSTI I KOLA\u010cI\u0106A - KEMOTON SHOP<\/title>\n<meta name=\"robots\" content=\"index, follow, max-snippet:-1, max-image-preview:large, max-video-preview:-1\" \/>\n<link rel=\"canonical\" href=\"https:\/\/kemoton.com\/hr\/politika-privatnosti-i-kolacica\/\" \/>\n<meta property=\"og:locale\" content=\"hr_HR\" \/>\n<meta property=\"og:type\" content=\"article\" \/>\n<meta property=\"og:title\" content=\"POLITIKA PRIVATNOSTI I KOLA\u010cI\u0106A - KEMOTON SHOP\" \/>\n<meta property=\"og:description\" content=\"POLITIKA PRIVATNOSTI I KOLA\u010cI\u0106A OBAVIJEST INFORMACIJE Na ovoj se stranici opisuju metode kojima se upravlja ovim web mjestom u odnosu na obradu osobnih podataka korisnika koji ga posje\u0107uju. Ova obavijest tako\u0111er se priprema u skladu s \u010dlankom 13. Uredbe EU 679\/2016 i upu\u0107uje se osobama koje komuniciraju s uslugama ove web stranice. Obavijest se odnosi [...]\" \/>\n<meta property=\"og:url\" content=\"https:\/\/kemoton.com\/hr\/politika-privatnosti-i-kolacica\/\" \/>\n<meta property=\"og:site_name\" content=\"KEMOTON SHOP\" \/>\n<meta property=\"article:modified_time\" content=\"2020-07-15T10:46:59+00:00\" \/>\n<meta name=\"twitter:card\" content=\"summary_large_image\" \/>\n<meta name=\"twitter:label1\" content=\"Procijenjeno vrijeme \u010ditanja\" \/>\n\t<meta name=\"twitter:data1\" content=\"6 minuta\" \/>\n<script type=\"application\/ld+json\" class=\"yoast-schema-graph\">{\"@context\":\"https:\/\/schema.org\",\"@graph\":[{\"@type\":\"WebPage\",\"@id\":\"https:\/\/kemoton.com\/hr\/politika-privatnosti-i-kolacica\/\",\"url\":\"https:\/\/kemoton.com\/hr\/politika-privatnosti-i-kolacica\/\",\"name\":\"POLITIKA PRIVATNOSTI I KOLA\u010cI\u0106A - KEMOTON SHOP\",\"isPartOf\":{\"@id\":\"https:\/\/kemoton.com\/hr\/#website\"},\"datePublished\":\"2020-07-15T10:46:57+00:00\",\"dateModified\":\"2020-07-15T10:46:59+00:00\",\"breadcrumb\":{\"@id\":\"https:\/\/kemoton.com\/hr\/politika-privatnosti-i-kolacica\/#breadcrumb\"},\"inLanguage\":\"hr\",\"potentialAction\":[{\"@type\":\"ReadAction\",\"target\":[\"https:\/\/kemoton.com\/hr\/politika-privatnosti-i-kolacica\/\"]}]},{\"@type\":\"BreadcrumbList\",\"@id\":\"https:\/\/kemoton.com\/hr\/politika-privatnosti-i-kolacica\/#breadcrumb\",\"itemListElement\":[{\"@type\":\"ListItem\",\"position\":1,\"name\":\"Home\",\"item\":\"https:\/\/kemoton.com\/hr\/\"},{\"@type\":\"ListItem\",\"position\":2,\"name\":\"POLITIKA PRIVATNOSTI I KOLA\u010cI\u0106A\"}]},{\"@type\":\"WebSite\",\"@id\":\"https:\/\/kemoton.com\/hr\/#website\",\"url\":\"https:\/\/kemoton.com\/hr\/\",\"name\":\"KEMOTON SHOP\",\"description\":\"Home of Brands\",\"potentialAction\":[{\"@type\":\"SearchAction\",\"target\":{\"@type\":\"EntryPoint\",\"urlTemplate\":\"https:\/\/kemoton.com\/hr\/?s={search_term_string}\"},\"query-input\":{\"@type\":\"PropertyValueSpecification\",\"valueRequired\":true,\"valueName\":\"search_term_string\"}}],\"inLanguage\":\"hr\"}]}<\/script>\n<!-- \/ Yoast SEO plugin. -->","yoast_head_json":{"title":"POLITIKA PRIVATNOSTI I KOLA\u010cI\u0106A - KEMOTON SHOP","robots":{"index":"index","follow":"follow","max-snippet":"max-snippet:-1","max-image-preview":"max-image-preview:large","max-video-preview":"max-video-preview:-1"},"canonical":"https:\/\/kemoton.com\/hr\/politika-privatnosti-i-kolacica\/","og_locale":"hr_HR","og_type":"article","og_title":"POLITIKA PRIVATNOSTI I KOLA\u010cI\u0106A - KEMOTON SHOP","og_description":"POLITIKA PRIVATNOSTI I KOLA\u010cI\u0106A OBAVIJEST INFORMACIJE Na ovoj se stranici opisuju metode kojima se upravlja ovim web mjestom u odnosu na obradu osobnih podataka korisnika koji ga posje\u0107uju. Ova obavijest tako\u0111er se priprema u skladu s \u010dlankom 13. Uredbe EU 679\/2016 i upu\u0107uje se osobama koje komuniciraju s uslugama ove web stranice. Obavijest se odnosi [...]","og_url":"https:\/\/kemoton.com\/hr\/politika-privatnosti-i-kolacica\/","og_site_name":"KEMOTON SHOP","article_modified_time":"2020-07-15T10:46:59+00:00","twitter_card":"summary_large_image","twitter_misc":{"Procijenjeno vrijeme \u010ditanja":"6 minuta"},"schema":{"@context":"https:\/\/schema.org","@graph":[{"@type":"WebPage","@id":"https:\/\/kemoton.com\/hr\/politika-privatnosti-i-kolacica\/","url":"https:\/\/kemoton.com\/hr\/politika-privatnosti-i-kolacica\/","name":"POLITIKA PRIVATNOSTI I KOLA\u010cI\u0106A - KEMOTON SHOP","isPartOf":{"@id":"https:\/\/kemoton.com\/hr\/#website"},"datePublished":"2020-07-15T10:46:57+00:00","dateModified":"2020-07-15T10:46:59+00:00","breadcrumb":{"@id":"https:\/\/kemoton.com\/hr\/politika-privatnosti-i-kolacica\/#breadcrumb"},"inLanguage":"hr","potentialAction":[{"@type":"ReadAction","target":["https:\/\/kemoton.com\/hr\/politika-privatnosti-i-kolacica\/"]}]},{"@type":"BreadcrumbList","@id":"https:\/\/kemoton.com\/hr\/politika-privatnosti-i-kolacica\/#breadcrumb","itemListElement":[{"@type":"ListItem","position":1,"name":"Home","item":"https:\/\/kemoton.com\/hr\/"},{"@type":"ListItem","position":2,"name":"POLITIKA PRIVATNOSTI I KOLA\u010cI\u0106A"}]},{"@type":"WebSite","@id":"https:\/\/kemoton.com\/hr\/#website","url":"https:\/\/kemoton.com\/hr\/","name":"KEMOTON SHOP","description":"Home of Brands","potentialAction":[{"@type":"SearchAction","target":{"@type":"EntryPoint","urlTemplate":"https:\/\/kemoton.com\/hr\/?s={search_term_string}"},"query-input":{"@type":"PropertyValueSpecification","valueRequired":true,"valueName":"search_term_string"}}],"inLanguage":"hr"}]}},"jetpack_sharing_enabled":true,"_links":{"self":[{"href":"https:\/\/kemoton.com\/hr\/wp-json\/wp\/v2\/pages\/658","targetHints":{"allow":["GET"]}}],"collection":[{"href":"https:\/\/kemoton.com\/hr\/wp-json\/wp\/v2\/pages"}],"about":[{"href":"https:\/\/kemoton.com\/hr\/wp-json\/wp\/v2\/types\/page"}],"author":[{"embeddable":true,"href":"https:\/\/kemoton.com\/hr\/wp-json\/wp\/v2\/users\/1"}],"replies":[{"embeddable":true,"href":"https:\/\/kemoton.com\/hr\/wp-json\/wp\/v2\/comments?post=658"}],"version-history":[{"count":0,"href":"https:\/\/kemoton.com\/hr\/wp-json\/wp\/v2\/pages\/658\/revisions"}],"wp:attachment":[{"href":"https:\/\/kemoton.com\/hr\/wp-json\/wp\/v2\/media?parent=658"}],"curies":[{"name":"wp","href":"https:\/\/api.w.org\/{rel}","templated":true}]}}