{"id":662,"date":"2020-07-15T10:49:25","date_gmt":"2020-07-15T10:49:25","guid":{"rendered":"https:\/\/kemoton.com\/return-refund-policy\/"},"modified":"2020-07-15T10:49:26","modified_gmt":"2020-07-15T10:49:26","slug":"return-refund-policy","status":"publish","type":"page","link":"https:\/\/kemoton.com\/hr\/return-refund-policy\/","title":{"rendered":"Return &#038; Refund Policy"},"content":{"rendered":"\n<p>Return &amp; Refund Policy<\/p>\n\n<h2 class=\"wp-block-heading\">ENG<\/h2>\n\n<p><strong>Returns<\/strong><\/p>\n\n<p>You have 30 calendar days to return an item from the date you received it.&#13;\nTo be eligible for a return, your item must be unused and in the same condition that you received it.&#13;\nYour item must be in the original packaging.&#13;\nYour item needs to have the receipt or proof of purchase.<\/p>\n\n<p><strong>Refunds<\/strong><\/p>\n\n<p>Once we receive your item, we will inspect it and notify you that we have received your returned&#13;\nitem. We will immediately notify you on the status of your refund after inspecting the item.&#13;\nIf your return is approved, we will initiate a refund to your credit card (or original method of payment).&#13;\nYou will receive the credit within a certain amount of days, depending on your card issuer\u2019s policies.<\/p>\n\n<p><strong>Shipping<\/strong><\/p>\n\n<p>You will be responsible for paying for your own shipping costs for returning your item. Shipping costs are non\u00adrefundable.&#13;\nIf you receive a refund, the cost of return shipping will be deducted from your refund.<\/p>\n\n<p><strong>Contact Us<\/strong><\/p>\n\n<p>If you have any questions on how to return your item to us, contact us.<\/p>\n\n<h2 class=\"wp-block-heading\">HR<\/h2>\n\n<p><strong>POVRAT PROIZVODA<\/strong><\/p>\n\n<p>Sukladno Zakonu o za\u0161titi potro\u0161a\u010da ovla\u0161teni ste jednostrano raskinuti ugovor ne navode\u0107i razloge za to u roku od 14 dana od datuma isporuke proizvoda te ste sukladno \u010dlanku 77. stavak 5. Zakona o za\u0161titi potro\u0161a\u010da odgovorni za svako umanjenje vrijednosti kupljenog proizvoda koje je rezultat rukovanja* kupljenim proizvodom.<\/p>\n\n<p>*Rukovanjem\/kori\u0161tenjem proizvoda smatra se primjerice kori\u0161tenje proizvoda u svrhu za koji je namjenjen.&#13;\nRukovanje proizvodom umanjuje vrijednost proizvoda.<\/p>\n\n<p>Ugovor mo\u017eete jednostrano raskinuti koriste\u0107i mail, porukom na dru\u0161tvenim mre\u017eama ili putem bilo koje druge nedvosmislene izjave u kojoj izra\u017eavate svoju volju da raskinete ugovor na trajnom mediju.<\/p>\n\n<p>Pravo na jednostrani raskid ugovora Zakonom je isklju\u010deno u vi\u0161e slu\u010dajeva i ti slu\u010dajevi uklju\u010deni su u na\u0161e Uvjete poslovanja koje mo\u017eete na\u0107i ovdje. KEMOTON GRUPA utvr\u0111uje uvjete povrata \u2013 postotke umanjenja iznosa povrata novca kupcu uslijed umanjenja vrijednosti proizvoda.<\/p>\n","protected":false},"excerpt":{"rendered":"<p>Return &amp; Refund Policy ENG Returns You have 30 calendar days to return an item from the date you received it.&#13; To be eligible for a return, your item must be unused and in the same condition that you received it.&#13; Your item must be in the original packaging.&#13; Your item needs to have the [&#8230;]\n","protected":false},"author":2,"featured_media":0,"parent":0,"menu_order":0,"comment_status":"closed","ping_status":"closed","template":"page-right-sidebar.php","meta":{"_monsterinsights_skip_tracking":false,"_monsterinsights_sitenote_active":false,"_monsterinsights_sitenote_note":"","_monsterinsights_sitenote_category":0,"footnotes":""},"class_list":["post-662","page","type-page","status-publish","hentry"],"yoast_head":"<!-- This site is optimized with the Yoast SEO plugin v26.6 - https:\/\/yoast.com\/wordpress\/plugins\/seo\/ -->\n<title>Return &amp; Refund Policy - KEMOTON SHOP<\/title>\n<meta name=\"robots\" content=\"index, follow, max-snippet:-1, max-image-preview:large, max-video-preview:-1\" \/>\n<link rel=\"canonical\" href=\"https:\/\/kemoton.com\/hr\/return-refund-policy\/\" \/>\n<meta property=\"og:locale\" content=\"hr_HR\" \/>\n<meta property=\"og:type\" content=\"article\" \/>\n<meta property=\"og:title\" content=\"Return &amp; Refund Policy - KEMOTON SHOP\" \/>\n<meta property=\"og:description\" content=\"Return &amp; Refund Policy ENG Returns You have 30 calendar days to return an item from the date you received it.&#013; To be eligible for a return, your item must be unused and in the same condition that you received it.&#013; Your item must be in the original packaging.&#013; Your item needs to have the [...]\" \/>\n<meta property=\"og:url\" content=\"https:\/\/kemoton.com\/hr\/return-refund-policy\/\" \/>\n<meta property=\"og:site_name\" content=\"KEMOTON SHOP\" \/>\n<meta property=\"article:modified_time\" content=\"2020-07-15T10:49:26+00:00\" \/>\n<meta name=\"twitter:card\" content=\"summary_large_image\" \/>\n<meta name=\"twitter:label1\" content=\"Procijenjeno vrijeme \u010ditanja\" \/>\n\t<meta name=\"twitter:data1\" content=\"2 minute\" \/>\n<script type=\"application\/ld+json\" class=\"yoast-schema-graph\">{\"@context\":\"https:\/\/schema.org\",\"@graph\":[{\"@type\":\"WebPage\",\"@id\":\"https:\/\/kemoton.com\/hr\/return-refund-policy\/\",\"url\":\"https:\/\/kemoton.com\/hr\/return-refund-policy\/\",\"name\":\"Return & Refund Policy - KEMOTON SHOP\",\"isPartOf\":{\"@id\":\"https:\/\/kemoton.com\/hr\/#website\"},\"datePublished\":\"2020-07-15T10:49:25+00:00\",\"dateModified\":\"2020-07-15T10:49:26+00:00\",\"breadcrumb\":{\"@id\":\"https:\/\/kemoton.com\/hr\/return-refund-policy\/#breadcrumb\"},\"inLanguage\":\"hr\",\"potentialAction\":[{\"@type\":\"ReadAction\",\"target\":[\"https:\/\/kemoton.com\/hr\/return-refund-policy\/\"]}]},{\"@type\":\"BreadcrumbList\",\"@id\":\"https:\/\/kemoton.com\/hr\/return-refund-policy\/#breadcrumb\",\"itemListElement\":[{\"@type\":\"ListItem\",\"position\":1,\"name\":\"Home\",\"item\":\"https:\/\/kemoton.com\/hr\/\"},{\"@type\":\"ListItem\",\"position\":2,\"name\":\"Return &#038; Refund Policy\"}]},{\"@type\":\"WebSite\",\"@id\":\"https:\/\/kemoton.com\/hr\/#website\",\"url\":\"https:\/\/kemoton.com\/hr\/\",\"name\":\"KEMOTON SHOP\",\"description\":\"Home of Brands\",\"potentialAction\":[{\"@type\":\"SearchAction\",\"target\":{\"@type\":\"EntryPoint\",\"urlTemplate\":\"https:\/\/kemoton.com\/hr\/?s={search_term_string}\"},\"query-input\":{\"@type\":\"PropertyValueSpecification\",\"valueRequired\":true,\"valueName\":\"search_term_string\"}}],\"inLanguage\":\"hr\"}]}<\/script>\n<!-- \/ Yoast SEO plugin. -->","yoast_head_json":{"title":"Return & Refund Policy - KEMOTON SHOP","robots":{"index":"index","follow":"follow","max-snippet":"max-snippet:-1","max-image-preview":"max-image-preview:large","max-video-preview":"max-video-preview:-1"},"canonical":"https:\/\/kemoton.com\/hr\/return-refund-policy\/","og_locale":"hr_HR","og_type":"article","og_title":"Return & Refund Policy - KEMOTON SHOP","og_description":"Return &amp; Refund Policy ENG Returns You have 30 calendar days to return an item from the date you received it.&#13; To be eligible for a return, your item must be unused and in the same condition that you received it.&#13; Your item must be in the original packaging.&#13; Your item needs to have the [...]","og_url":"https:\/\/kemoton.com\/hr\/return-refund-policy\/","og_site_name":"KEMOTON SHOP","article_modified_time":"2020-07-15T10:49:26+00:00","twitter_card":"summary_large_image","twitter_misc":{"Procijenjeno vrijeme \u010ditanja":"2 minute"},"schema":{"@context":"https:\/\/schema.org","@graph":[{"@type":"WebPage","@id":"https:\/\/kemoton.com\/hr\/return-refund-policy\/","url":"https:\/\/kemoton.com\/hr\/return-refund-policy\/","name":"Return & Refund Policy - KEMOTON SHOP","isPartOf":{"@id":"https:\/\/kemoton.com\/hr\/#website"},"datePublished":"2020-07-15T10:49:25+00:00","dateModified":"2020-07-15T10:49:26+00:00","breadcrumb":{"@id":"https:\/\/kemoton.com\/hr\/return-refund-policy\/#breadcrumb"},"inLanguage":"hr","potentialAction":[{"@type":"ReadAction","target":["https:\/\/kemoton.com\/hr\/return-refund-policy\/"]}]},{"@type":"BreadcrumbList","@id":"https:\/\/kemoton.com\/hr\/return-refund-policy\/#breadcrumb","itemListElement":[{"@type":"ListItem","position":1,"name":"Home","item":"https:\/\/kemoton.com\/hr\/"},{"@type":"ListItem","position":2,"name":"Return &#038; Refund Policy"}]},{"@type":"WebSite","@id":"https:\/\/kemoton.com\/hr\/#website","url":"https:\/\/kemoton.com\/hr\/","name":"KEMOTON SHOP","description":"Home of Brands","potentialAction":[{"@type":"SearchAction","target":{"@type":"EntryPoint","urlTemplate":"https:\/\/kemoton.com\/hr\/?s={search_term_string}"},"query-input":{"@type":"PropertyValueSpecification","valueRequired":true,"valueName":"search_term_string"}}],"inLanguage":"hr"}]}},"jetpack_sharing_enabled":true,"_links":{"self":[{"href":"https:\/\/kemoton.com\/hr\/wp-json\/wp\/v2\/pages\/662","targetHints":{"allow":["GET"]}}],"collection":[{"href":"https:\/\/kemoton.com\/hr\/wp-json\/wp\/v2\/pages"}],"about":[{"href":"https:\/\/kemoton.com\/hr\/wp-json\/wp\/v2\/types\/page"}],"author":[{"embeddable":true,"href":"https:\/\/kemoton.com\/hr\/wp-json\/wp\/v2\/users\/2"}],"replies":[{"embeddable":true,"href":"https:\/\/kemoton.com\/hr\/wp-json\/wp\/v2\/comments?post=662"}],"version-history":[{"count":0,"href":"https:\/\/kemoton.com\/hr\/wp-json\/wp\/v2\/pages\/662\/revisions"}],"wp:attachment":[{"href":"https:\/\/kemoton.com\/hr\/wp-json\/wp\/v2\/media?parent=662"}],"curies":[{"name":"wp","href":"https:\/\/api.w.org\/{rel}","templated":true}]}}