{"id":664,"date":"2020-07-15T10:52:29","date_gmt":"2020-07-15T10:52:29","guid":{"rendered":"https:\/\/kemoton.com\/shipping-charges\/"},"modified":"2020-07-15T10:52:32","modified_gmt":"2020-07-15T10:52:32","slug":"shipping-charges","status":"publish","type":"page","link":"https:\/\/kemoton.com\/hr\/shipping-charges\/","title":{"rendered":"Shipping charges"},"content":{"rendered":"\n<p>Shipping charges<\/p>\n\n<h2 class=\"wp-block-heading\"><strong>ENG<\/strong><\/h2>\n\n<p><strong>Shipping charges<\/strong><\/p>\n\n<p>KEMOTON GROUP Ltd. offers you several ways of shipping our products. Please check the table below for more information.<\/p>\n\n<p><strong>Croatia<\/strong><\/p>\n\n<p>We offer a variety of services depending on your needs:<\/p>\n\n<figure class=\"wp-block-table\"><table><tbody><tr><td><strong>Delivery mode<\/strong><\/td><td><strong>Description<\/strong><\/td><td><strong>Remark<\/strong><\/td><td><strong>Price<\/strong><\/td><\/tr><tr><td>Economical<\/td><td>Within 3-5 business days(7 AM-7 PM)<\/td><td>Only weekdays (orders received before 2 PM)<\/td><td><strong>FREE*<\/strong><\/td><\/tr><tr><td>Delivery within 48 hours<\/td><td>2 working days(8 AM-6 PM)<\/td><td>Only weekdays (orders received before 2 PM)<\/td><td>29,90 kn<\/td><\/tr><tr><td>PACKAGE Express \u2013 next day<\/td><td>The next workday (8 AM to noon)<\/td><td>Only weekdays (orders received before 2 PM)<\/td><td>59,90 kn<\/td><\/tr><\/tbody><\/table><\/figure>\n<p>* Free shipping (minimum order of 375 kn)<\/p>\n\n<p>Important information: We do not guarantee delivery to the islands in the written time.<\/p>\n\n<p>Note: Orders received after 4 PM will be processed the next day, which will make service shipping to move to another workday. Orders placed on Thursdays after 4 PM will be delivered to the address next workday, which is the Monday next week. For orders placed during non-working day (Saturday or Sunday) will be processed on Monday.<\/p>\n\n<p>You will have the option to update your shipping with one of the following services:<\/p>\n\n<p>Delivery next day does not include items that are not indicated on the stock.<\/p>\n\n<p>Packages whose weight exceeds 25kg may incur additional costs. In this case you will receive a notification after we receive the order.<\/p>\n\n<p>If we do not contact you, due to the volume of shipments please wait a period of 7 working days before contacting our customer service. Delivery time is approximate and may be prolonged due to various circumstances beyond our control.<\/p>\n\n<p>Delivery will not be executed on Sundays and public holidays.<\/p>\n\n<p>Delivery time will vary for items that are not indicated on the stock.<\/p>\n\n<p><strong>Countries in the region<\/strong><\/p>\n\n<p>We are able to offer a fixed-price delivery in most European countries. Unless otherwise indicated, our fixed prices do not include import duties, charges or any kind of customs duties and will not be liable for such amounts. Once received the order, we will contact you with more information.<\/p>\n\n<figure class=\"wp-block-table\"><table><tbody><tr><td><strong>Delivery in<\/strong><\/td><td><strong>Service description<\/strong><\/td><td><strong>Delivery (workdays)<\/strong><\/td><td><strong>Price<\/strong><\/td><\/tr><tr><td>BiH<\/td><td>PACKAGE CLASSIC<\/td><td>Within 3-5 wordays<\/td><td>\u20ac18,75<\/td><\/tr><tr><td>Serbia<\/td><td>PACKAGE CLASSIC<\/td><td>Within 3-5 wordays<\/td><td>\u20ac18,75<\/td><\/tr><\/tbody><\/table><\/figure>\n<p>Other EU countries<\/p>\n\n<figure class=\"wp-block-table\"><table><tbody><tr><td><strong>Delivery in<\/strong><\/td><td><strong>Service description<\/strong><\/td><td><strong>Delivery (workdays)<\/strong><\/td><td><strong>Price<\/strong><\/td><\/tr><tr><td>Austria<\/td><td>PACKAGE CLASSIC<\/td><td>Within 3-5 wordays<\/td><td>\u20ac18,75<\/td><\/tr><tr><td>Belgium<\/td><td>PACKAGE CLASSIC<\/td><td>Within 3-5 wordays<\/td><td>\u20ac25,00<\/td><\/tr><tr><td>Bulgaria<\/td><td>PACKAGE CLASSIC<\/td><td>Within 3-5 wordays<\/td><td>\u20ac25,00<\/td><\/tr><tr><td>Czech Republic<\/td><td>PACKAGE CLASSIC<\/td><td>Within 3-5 wordays<\/td><td>\u20ac18,75<\/td><\/tr><tr><td>Denmark<\/td><td>PACKAGE CLASSIC<\/td><td>Within 3-5 wordays<\/td><td>\u20ac25,00<\/td><\/tr><tr><td>Estonia<\/td><td>PACKAGE CLASSIC<\/td><td>Within 3-5 wordays<\/td><td>\u20ac25,00<\/td><\/tr><tr><td>Finland<\/td><td>PACKAGE CLASSIC<\/td><td>Within 3-5 wordays<\/td><td>\u20ac25,00<\/td><\/tr><tr><td>France<\/td><td>PACKAGE CLASSIC<\/td><td>Within 3-5 wordays<\/td><td>\u20ac25,00<\/td><\/tr><tr><td>Germany<\/td><td>PACKAGE CLASSIC<\/td><td>Within 3-5 wordays<\/td><td>\u20ac18,75<\/td><\/tr><tr><td>Greece<\/td><td>PACKAGE CLASSIC<\/td><td>Within 3-5 wordays<\/td><td>\u20ac25,00<\/td><\/tr><tr><td>Hungary<\/td><td>PACKAGE CLASSIC<\/td><td>Within 3-5 wordays<\/td><td>\u20ac18,75<\/td><\/tr><tr><td>Italy<\/td><td>PACKAGE CLASSIC<\/td><td>Within 3-5 wordays<\/td><td>\u20ac18,75<\/td><\/tr><tr><td>Lithuania<\/td><td>PACKAGE CLASSIC<\/td><td>Within 3-5 wordays<\/td><td>\u20ac25,00<\/td><\/tr><tr><td>Latvia<\/td><td>PACKAGE CLASSIC<\/td><td>Within 3-5 wordays<\/td><td>\u20ac25,00<\/td><\/tr><tr><td>Luxembourg<\/td><td>PACKAGE CLASSIC<\/td><td>Within 3-5 wordays<\/td><td>\u20ac25,00<\/td><\/tr><tr><td>Netherlands<\/td><td>PACKAGE CLASSIC<\/td><td>Within 3-5 wordays<\/td><td>\u20ac25,00<\/td><\/tr><tr><td>Poland<\/td><td>PACKAGE CLASSIC<\/td><td>Within 3-5 wordays<\/td><td>\u20ac25,00<\/td><\/tr><tr><td>Portugal<\/td><td>PACKAGE CLASSIC<\/td><td>Within 3-5 wordays<\/td><td>\u20ac25,00<\/td><\/tr><tr><td>Romanian<\/td><td>PACKAGE CLASSIC<\/td><td>Within 3-5 wordays<\/td><td>\u20ac25,00<\/td><\/tr><tr><td>Slovakia<\/td><td>PACKAGE CLASSIC<\/td><td>Within 3-5 wordays<\/td><td>\u20ac18,75<\/td><\/tr><tr><td>Slovenia<\/td><td>PACKAGE CLASSIC<\/td><td>Within 3-5 wordays<\/td><td>\u20ac18,75<\/td><\/tr><tr><td>Spain<\/td><td>PACKAGE CLASSIC<\/td><td>Within 3-5 wordays<\/td><td>\u20ac25,00<\/td><\/tr><tr><td>Sweden<\/td><td>PACKAGE CLASSIC<\/td><td>Within 3-5 wordays<\/td><td>\u20ac25,00<\/td><\/tr><\/tbody><\/table><\/figure>\n<p>Services Free delivery and Next day delivery are not available for orders outside the Croatian.<\/p>\n\n<p>Packages whose weight exceeds 25kg may incur additional costs. In this case you will receive a notification after we receive the order.<\/p>\n\n<p>Delivery will not be executed on Sundays and public holidays.<\/p>\n\n<p>Delivery time will vary for items that are not indicated on the stock.<\/p>\n\n<h2 class=\"wp-block-heading\">HR<\/h2>\n\n<p><strong>Cjenik dostave<\/strong><\/p>\n\n<p>KEMOTON GRUPA nudi Vam niz usluga dostave. Molimo Vas da provjerite tablicu za vi\u0161e informacija.<\/p>\n\n<p><strong>Hrvatska<\/strong><\/p>\n\n<p>Nudimo Vam niz\u00a0 usluga ovisno o Va\u0161im potrebama:<\/p>\n\n<figure class=\"wp-block-table\"><table><tbody><tr><td><strong>Usluga dostave<\/strong><\/td><td><strong>Opis<\/strong><\/td><td><strong>Napomena<\/strong><\/td><td><strong>Cijena<\/strong><\/td><\/tr><tr><td>Ekonomi\u010dna<\/td><td>U roku 3-5 radna dana(07:00-19:00h)<\/td><td>Samo radnim danom(narud\u017ebe pristigle prije 14h)<\/td><td><strong>BESPLATNO*<\/strong><\/td><\/tr><tr><td>Super U\u0161teda- dostava u roku 48 sati<\/td><td>2 radna dana(08:00-18:00h)<\/td><td>Samo radnim danom (narud\u017ebe pristigle prije 14h)<\/td><td>29,90 kn<\/td><\/tr><tr><td>PAKET Express \u2013 sljede\u0107i dan<\/td><td>Sljede\u0107i radni dan (08:00-12:00h)<\/td><td>Samo radnim danom (narud\u017ebe pristigle prije 14h)<\/td><td>59,90 kn<\/td><\/tr><\/tbody><\/table><\/figure>\n<p>*Besplatna dostava (minimalna narud\u017eba 375 kn)<\/p>\n\n<p><strong>Va\u017ena informacija:<\/strong>\u00a0Dostavu na otoke ne garantiramo u ovom vremenskom roku.<\/p>\n\n<p>Napomena: Narud\u017ebe zaprimljene poslije 16h biti \u0107e obra\u0111ene idu\u0107eg dana, te \u0107e se time usluga dostave pomaknuti za jo\u0161 jedan radni dan.\u00a0 Narud\u017ebe\u00a0 poslane \u010detvrtkom poslije 16h biti \u0107e dostavljene na adrese sljede\u0107i radni dan, a to je sljede\u0107i ponedjeljak. Za narud\u017ebe poslane tijekom neradnog dana (subota ili nedjelja) biti \u0107e obra\u0111ene u ponedjeljak.<\/p>\n\n<p>Imati \u0107ete opciju a\u017euriranja Va\u0161e dostave s jednom od sljede\u0107ih usluga:<\/p>\n\n<p>Dostava sljede\u0107eg dana ne uklju\u010duje predmete koji nisu nazna\u010deni na lageru.<\/p>\n\n<p>Ako su Va\u0161i predmeti prevelike te\u017eine (preko 25kg) mogu nastati dodatni tro\u0161kovi. U tom slu\u010daju dobiti \u0107ete obavijest nakon \u0161to zaprimimo narud\u017ebu.<\/p>\n\n<p>Ukoliko mi Vas ne kontaktiramo, Zbog obujma po\u0161iljki molimo Vas da pri\u010dekate period od 7 radnih dana prije nego \u0161to kontaktirate na\u0161u slu\u017ebu za korisnike. Vrijeme dostave je aproksimativno i mo\u017ee biti prolongirano zbog razli\u010ditih okolnosti koje su izvan na\u0161e kontrole.<\/p>\n\n<p><strong>Dostave se ne<\/strong><strong>\u0107e vr\u0161iti nedjeljama i praznicima.<\/strong><\/p>\n\n<p>Vrijeme dostave \u0107e varirati za predmete koji nisu nazna\u010deni na lageru.<\/p>\n\n<p><strong>Dr\u017eave u regiji<\/strong><\/p>\n\n<p>U mogu\u0107nosti smo Vam ponuditi fiksne cijene isporuka u ve\u0107ini europskih zemalja. Ukoliko nije druk\u010dije nazna\u010deno, na\u0161e fiksne cijene ne uklju\u010duju uvozne pristojbe, tro\u0161kove ili bilo kakvu vrstu carine te ne\u0107emo biti odgovorni za takve iznose.\u00a0 Nakon pristigle narud\u017ebe, kontaktirati \u0107emo Vas sa vi\u0161e informacija.<\/p>\n\n<figure class=\"wp-block-table\"><table><tbody><tr><td><strong>Usluga dostave za<\/strong><\/td><td><strong>Opis<\/strong>\u00a0<strong>usluge<\/strong><\/td><td><strong>Dostava(radni dani)<\/strong><\/td><td><strong>Cijena<\/strong><\/td><\/tr><tr><td>BiH<\/td><td>PAKET CLASSIC usluga<\/td><td>U roku 3-5 radnih dana<\/td><td>\u20ac18,75<\/td><\/tr><tr><td>Srbija<\/td><td>PAKET CLASSIC usluga<\/td><td>U roku 3-5 radnih dana<\/td><td>\u20ac18,75<\/td><\/tr><\/tbody><\/table><\/figure>\n<p><strong>Ostale zemlje EU<\/strong><\/p>\n\n<figure class=\"wp-block-table\"><table><tbody><tr><td><strong>Usluga dostave za<\/strong><\/td><td><strong>Opis<\/strong>\u00a0<strong>usluge<\/strong><\/td><td><strong>Dostava(radni dani)<\/strong><\/td><td><strong>Cijena<\/strong><\/td><\/tr><tr><td>Austrija<\/td><td>PAKET CLASSIC usluga<\/td><td>U roku 3-5 radnih dana<\/td><td>\u20ac18,75<\/td><\/tr><tr><td>Belgija<\/td><td>PAKET CLASSIC usluga<\/td><td>U roku 3-5 radnih dana<\/td><td>\u20ac25,00<\/td><\/tr><tr><td>Bugarska<\/td><td>PAKET CLASSIC usluga<\/td><td>U roku 3-5 radnih dana<\/td><td>\u20ac25,00<\/td><\/tr><tr><td>\u010ce\u0161ka<\/td><td>PAKET CLASSIC usluga<\/td><td>U roku 3-5 radnih dana<\/td><td>\u20ac18,75<\/td><\/tr><tr><td>Danska<\/td><td>PAKET CLASSIC usluga<\/td><td>U roku 3-5 radnih dana<\/td><td>\u20ac25,00<\/td><\/tr><tr><td>Estonija<\/td><td>PAKET CLASSIC usluga<\/td><td>U roku 3-5 radnih dana<\/td><td>\u20ac25,00<\/td><\/tr><tr><td>Finska<\/td><td>PAKET CLASSIC usluga<\/td><td>U roku 3-5 radnih dana<\/td><td>\u20ac25,00<\/td><\/tr><tr><td>Francuska<\/td><td>PAKET CLASSIC usluga<\/td><td>U roku 3-5 radnih dana<\/td><td>\u20ac25,00<\/td><\/tr><tr><td>Njema\u010dka<\/td><td>PAKET CLASSIC usluga<\/td><td>U roku 3-5 radnih dana<\/td><td>\u20ac18,75<\/td><\/tr><tr><td>Gr\u010dka<\/td><td>PAKET CLASSIC usluga<\/td><td>U roku 3-5 radnih dana<\/td><td>\u20ac25,00<\/td><\/tr><tr><td>Ma\u0111arska<\/td><td>PAKET CLASSIC usluga<\/td><td>U roku 3-5 radnih dana<\/td><td>\u20ac18,75<\/td><\/tr><tr><td>Italija<\/td><td>PAKET CLASSIC usluga<\/td><td>U roku 3-5 radnih dana<\/td><td>\u20ac18,75<\/td><\/tr><tr><td>Litva<\/td><td>PAKET CLASSIC usluga<\/td><td>U roku 3-5 radnih dana<\/td><td>\u20ac25,00<\/td><\/tr><tr><td>Latvija<\/td><td>PAKET CLASSIC usluga<\/td><td>U roku 3-5 radnih dana<\/td><td>\u20ac25,00<\/td><\/tr><tr><td>Luksemburg<\/td><td>PAKET CLASSIC usluga<\/td><td>U roku 3-5 radnih dana<\/td><td>\u20ac25,00<\/td><\/tr><tr><td>Nizozemska<\/td><td>PAKET CLASSIC usluga<\/td><td>U roku 3-5 radnih dana<\/td><td>\u20ac25,00<\/td><\/tr><tr><td>Poljska<\/td><td>PAKET CLASSIC usluga<\/td><td>U roku 3-5 radnih dana<\/td><td>\u20ac25,00<\/td><\/tr><tr><td>Portugal<\/td><td>PAKET CLASSIC usluga<\/td><td>U roku 3-5 radnih dana<\/td><td>\u20ac25,00<\/td><\/tr><tr><td>Rumunjska<\/td><td>PAKET CLASSIC usluga<\/td><td>U roku 3-5 radnih dana<\/td><td>\u20ac25,00<\/td><\/tr><tr><td>Slova\u010dka<\/td><td>PAKET CLASSIC usluga<\/td><td>U roku 3-5 radnih dana<\/td><td>\u20ac18,75<\/td><\/tr><tr><td>Slovenija<\/td><td>PAKET CLASSIC usluga<\/td><td>U roku 3-5 radnih dana<\/td><td>\u20ac18,75<\/td><\/tr><tr><td>\u0160panjolska<\/td><td>PAKET CLASSIC usluga<\/td><td>U roku 3-5 radnih dana<\/td><td>\u20ac25,00<\/td><\/tr><tr><td>\u0160vedska<\/td><td>PAKET CLASSIC usluga<\/td><td>U roku 3-5 radnih dana<\/td><td>\u20ac25,00<\/td><\/tr><\/tbody><\/table><\/figure>\n<p>Usluge Besplatna dostava i Dostava sljede\u0107i dan nisu dostupne za narud\u017ebe izvan Hrvatske.<\/p>\n\n<p>Ako Va\u0161 predmet spada u kategoriju izvangabaritnih (preko 25kg) biti \u0107e Vam napla\u0107eni dodatni tro\u0161kovi. U tom slu\u010daju biti \u0107ete obavije\u0161teni nakon \u0161to po\u0161aljete narud\u017ebu.<\/p>\n\n<p><strong>Dostava se ne<\/strong><strong>\u0107e vr\u0161iti nedjeljama i praznicima.<\/strong><\/p>\n\n<p>Vrijeme dostave \u0107e varirati za predmete koji nisu nazna\u010deni na lageru.<\/p>\n","protected":false},"excerpt":{"rendered":"<p>Shipping charges ENG Shipping charges KEMOTON GROUP Ltd. offers you several ways of shipping our products. Please check the table below for more information. Croatia We offer a variety of services depending on your needs: Delivery mode Description Remark Price Economical Within 3-5 business days(7 AM-7 PM) Only weekdays (orders received before 2 PM) FREE* [&#8230;]\n","protected":false},"author":2,"featured_media":0,"parent":0,"menu_order":0,"comment_status":"closed","ping_status":"closed","template":"page-right-sidebar.php","meta":{"_monsterinsights_skip_tracking":false,"_monsterinsights_sitenote_active":false,"_monsterinsights_sitenote_note":"","_monsterinsights_sitenote_category":0,"footnotes":""},"class_list":["post-664","page","type-page","status-publish","hentry"],"yoast_head":"<!-- This site is optimized with the Yoast SEO plugin v26.6 - https:\/\/yoast.com\/wordpress\/plugins\/seo\/ -->\n<title>Shipping charges - KEMOTON SHOP<\/title>\n<meta name=\"robots\" content=\"index, follow, max-snippet:-1, max-image-preview:large, max-video-preview:-1\" \/>\n<link rel=\"canonical\" href=\"https:\/\/kemoton.com\/hr\/shipping-charges\/\" \/>\n<meta property=\"og:locale\" content=\"hr_HR\" \/>\n<meta property=\"og:type\" content=\"article\" \/>\n<meta property=\"og:title\" content=\"Shipping charges - KEMOTON SHOP\" \/>\n<meta property=\"og:description\" content=\"Shipping charges ENG Shipping charges KEMOTON GROUP Ltd. offers you several ways of shipping our products. Please check the table below for more information. Croatia We offer a variety of services depending on your needs: Delivery mode Description Remark Price Economical Within 3-5 business days(7 AM-7 PM) Only weekdays (orders received before 2 PM) FREE* [...]\" \/>\n<meta property=\"og:url\" content=\"https:\/\/kemoton.com\/hr\/shipping-charges\/\" \/>\n<meta property=\"og:site_name\" content=\"KEMOTON SHOP\" \/>\n<meta property=\"article:modified_time\" content=\"2020-07-15T10:52:32+00:00\" \/>\n<meta name=\"twitter:card\" content=\"summary_large_image\" \/>\n<meta name=\"twitter:label1\" content=\"Procijenjeno vrijeme \u010ditanja\" \/>\n\t<meta name=\"twitter:data1\" content=\"6 minuta\" \/>\n<script type=\"application\/ld+json\" class=\"yoast-schema-graph\">{\"@context\":\"https:\/\/schema.org\",\"@graph\":[{\"@type\":\"WebPage\",\"@id\":\"https:\/\/kemoton.com\/hr\/shipping-charges\/\",\"url\":\"https:\/\/kemoton.com\/hr\/shipping-charges\/\",\"name\":\"Shipping charges - KEMOTON SHOP\",\"isPartOf\":{\"@id\":\"https:\/\/kemoton.com\/hr\/#website\"},\"datePublished\":\"2020-07-15T10:52:29+00:00\",\"dateModified\":\"2020-07-15T10:52:32+00:00\",\"breadcrumb\":{\"@id\":\"https:\/\/kemoton.com\/hr\/shipping-charges\/#breadcrumb\"},\"inLanguage\":\"hr\",\"potentialAction\":[{\"@type\":\"ReadAction\",\"target\":[\"https:\/\/kemoton.com\/hr\/shipping-charges\/\"]}]},{\"@type\":\"BreadcrumbList\",\"@id\":\"https:\/\/kemoton.com\/hr\/shipping-charges\/#breadcrumb\",\"itemListElement\":[{\"@type\":\"ListItem\",\"position\":1,\"name\":\"Home\",\"item\":\"https:\/\/kemoton.com\/hr\/\"},{\"@type\":\"ListItem\",\"position\":2,\"name\":\"Shipping charges\"}]},{\"@type\":\"WebSite\",\"@id\":\"https:\/\/kemoton.com\/hr\/#website\",\"url\":\"https:\/\/kemoton.com\/hr\/\",\"name\":\"KEMOTON SHOP\",\"description\":\"Home of Brands\",\"potentialAction\":[{\"@type\":\"SearchAction\",\"target\":{\"@type\":\"EntryPoint\",\"urlTemplate\":\"https:\/\/kemoton.com\/hr\/?s={search_term_string}\"},\"query-input\":{\"@type\":\"PropertyValueSpecification\",\"valueRequired\":true,\"valueName\":\"search_term_string\"}}],\"inLanguage\":\"hr\"}]}<\/script>\n<!-- \/ Yoast SEO plugin. -->","yoast_head_json":{"title":"Shipping charges - KEMOTON SHOP","robots":{"index":"index","follow":"follow","max-snippet":"max-snippet:-1","max-image-preview":"max-image-preview:large","max-video-preview":"max-video-preview:-1"},"canonical":"https:\/\/kemoton.com\/hr\/shipping-charges\/","og_locale":"hr_HR","og_type":"article","og_title":"Shipping charges - KEMOTON SHOP","og_description":"Shipping charges ENG Shipping charges KEMOTON GROUP Ltd. offers you several ways of shipping our products. Please check the table below for more information. Croatia We offer a variety of services depending on your needs: Delivery mode Description Remark Price Economical Within 3-5 business days(7 AM-7 PM) Only weekdays (orders received before 2 PM) FREE* [...]","og_url":"https:\/\/kemoton.com\/hr\/shipping-charges\/","og_site_name":"KEMOTON SHOP","article_modified_time":"2020-07-15T10:52:32+00:00","twitter_card":"summary_large_image","twitter_misc":{"Procijenjeno vrijeme \u010ditanja":"6 minuta"},"schema":{"@context":"https:\/\/schema.org","@graph":[{"@type":"WebPage","@id":"https:\/\/kemoton.com\/hr\/shipping-charges\/","url":"https:\/\/kemoton.com\/hr\/shipping-charges\/","name":"Shipping charges - KEMOTON SHOP","isPartOf":{"@id":"https:\/\/kemoton.com\/hr\/#website"},"datePublished":"2020-07-15T10:52:29+00:00","dateModified":"2020-07-15T10:52:32+00:00","breadcrumb":{"@id":"https:\/\/kemoton.com\/hr\/shipping-charges\/#breadcrumb"},"inLanguage":"hr","potentialAction":[{"@type":"ReadAction","target":["https:\/\/kemoton.com\/hr\/shipping-charges\/"]}]},{"@type":"BreadcrumbList","@id":"https:\/\/kemoton.com\/hr\/shipping-charges\/#breadcrumb","itemListElement":[{"@type":"ListItem","position":1,"name":"Home","item":"https:\/\/kemoton.com\/hr\/"},{"@type":"ListItem","position":2,"name":"Shipping charges"}]},{"@type":"WebSite","@id":"https:\/\/kemoton.com\/hr\/#website","url":"https:\/\/kemoton.com\/hr\/","name":"KEMOTON SHOP","description":"Home of Brands","potentialAction":[{"@type":"SearchAction","target":{"@type":"EntryPoint","urlTemplate":"https:\/\/kemoton.com\/hr\/?s={search_term_string}"},"query-input":{"@type":"PropertyValueSpecification","valueRequired":true,"valueName":"search_term_string"}}],"inLanguage":"hr"}]}},"jetpack_sharing_enabled":true,"_links":{"self":[{"href":"https:\/\/kemoton.com\/hr\/wp-json\/wp\/v2\/pages\/664","targetHints":{"allow":["GET"]}}],"collection":[{"href":"https:\/\/kemoton.com\/hr\/wp-json\/wp\/v2\/pages"}],"about":[{"href":"https:\/\/kemoton.com\/hr\/wp-json\/wp\/v2\/types\/page"}],"author":[{"embeddable":true,"href":"https:\/\/kemoton.com\/hr\/wp-json\/wp\/v2\/users\/2"}],"replies":[{"embeddable":true,"href":"https:\/\/kemoton.com\/hr\/wp-json\/wp\/v2\/comments?post=664"}],"version-history":[{"count":0,"href":"https:\/\/kemoton.com\/hr\/wp-json\/wp\/v2\/pages\/664\/revisions"}],"wp:attachment":[{"href":"https:\/\/kemoton.com\/hr\/wp-json\/wp\/v2\/media?parent=664"}],"curies":[{"name":"wp","href":"https:\/\/api.w.org\/{rel}","templated":true}]}}