{"id":687,"date":"2020-07-15T12:02:34","date_gmt":"2020-07-15T12:02:34","guid":{"rendered":"https:\/\/kemoton.com\/o-nama\/"},"modified":"2020-07-21T00:04:53","modified_gmt":"2020-07-20T22:04:53","slug":"o-nama","status":"publish","type":"page","link":"https:\/\/kemoton.com\/hr\/o-nama\/","title":{"rendered":"O nama"},"content":{"rendered":"\n\n  <div class=\"banner has-hover has-video has-parallax\" id=\"banner-1807349230\">\n          <div class=\"banner-inner fill\">\n        <div class=\"banner-bg fill\" data-parallax=\"-3\" data-parallax-container=\".banner\" data-parallax-background>\n            <div class=\"bg fill bg-fill \"><\/div>\n            \t<div class=\"video-overlay no-click fill hide-for-medium\"><\/div>\n\t<video class=\"video-bg fill hide-for-medium\" preload playsinline autoplay\n\t\tmuted\t\tloop>\n\t\t<source src=\"https:\/\/kemoton.com\/wp-content\/uploads\/2020\/07\/LadestaMain-1280x720-1.mp4\" type=\"video\/mp4\">\t<\/video>\n            <div class=\"overlay\"><\/div>            \n                    <\/div>\n\t\t\n        <div class=\"banner-layers container\">\n            <div class=\"fill banner-link\"><\/div>            \n\n   <div id=\"text-box-1024569888\" class=\"text-box banner-layer x50 md-x50 lg-x50 y80 md-y80 lg-y80 res-text\">\n                                <div class=\"text-box-content text dark\">\n              \n              <div class=\"text-inner text-center\">\n                  &#13;\n<h1 class=\"lead\">O nama<\/h1>&#13;\n<p class=\"lead\">Web trgovina Kemoton.com prodaje proizvode robne marke Spick &amp; Span, Xantor, Ladesta i Kemoton.<\/p>&#13;\n              <\/div>\n           <\/div>\n                            \n<style>\n#text-box-1024569888 {\n  width: 60%;\n}\n#text-box-1024569888 .text-box-content {\n  font-size: 100%;\n}\n<\/style>\n    <\/div>\n \n\n        <\/div>\n      <\/div>\n\n            \n<style>\n#banner-1807349230 {\n  padding-top: 507px;\n}\n#banner-1807349230 .bg.bg-loaded {\n  background-image: url(https:\/\/i0.wp.com\/kemoton.com\/wp-content\/uploads\/2016\/08\/dummy-2.jpg?fit=1000%2C650&ssl=1);\n}\n#banner-1807349230 .overlay {\n  background-color: rgba(0, 0, 0, 0.49);\n}\n#banner-1807349230 .ux-shape-divider--top svg {\n  height: 150px;\n  --divider-top-width: 100%;\n}\n#banner-1807349230 .ux-shape-divider--bottom svg {\n  height: 150px;\n  --divider-width: 100%;\n}\n<\/style>\n  <\/div>\n\n\n<div class=\"row\"  id=\"row-2103353289\">\n\n\n\t<div id=\"col-1849695218\" class=\"col small-12 large-12\"  >\n\t\t\t\t<div class=\"col-inner\"  >\n\t\t\t\n\t\t\t\n\n<div>Spick &amp; Span dio je KEMOTON GRUPE. Linija proizvoda Spick &amp; Span, s njenom optimalnom formulacijom, prilago\u0111ena je svim korisnicima koji tra\u017ee najbolje proizvode za odr\u017eavanje svog vozila. Tim ljudi koji rade na razvoju proizvoda dio je zajednice auto entuzijasta.<\/div>&#13;\n<div><\/div>&#13;\n<div>Brand Spick and Span, osnovana je 2005. godine u \u017eelji osniva\u010da da ponudi vrhunski proizvod po pristupa\u010dnoj cijeni. Razvijaju\u0107i liniju proizvoda, smislili smo optimalnu formulaciju koju nismo prestali razvijati do danas. Svaki redizajnirani proizvod u ovih 13 godina proizvodnje glatko je formuliran tako da su na\u0161i korisnici uvijek imali najkvalitetnije proizvode za svoje metalne ku\u0107ne ljubimce.<\/div>&#13;\n<div>Spick and Span je engleska fraza savr\u0161eno \u010diste i to je pravi izraz za stanje va\u0161eg ljubimca. To je spick &amp; span!<\/div>&#13;\n<div><\/div>&#13;\n<div>ZA\u0160TO IZBORITI SPICK &amp; SPAN<\/div>&#13;\n<div><\/div>&#13;\n<div>Spick &amp; Span proizvodi izra\u0111eni su prema potrebama korisnika. Kroz dugu tradiciju proizvodnje visokokvalitetnih proizvoda i stalna istra\u017eivanja tr\u017ei\u0161ta, kao i razvijanje na\u0161ih proizvoda po najvi\u0161im standardima u industriji, Spick &amp; Span proizvodi na najvi\u0161oj su razini i pru\u017eaju najbolje za va\u0161eg ljubimca, bez straha od mogu\u0107eg o\u0161te\u0107enja boje vozila.<\/div>&#13;\n<div><\/div>&#13;\n<div>&#8211; duga tradicija proizvodnje<\/div>&#13;\n<div>&#8211; kvaliteta i cijena<\/div>&#13;\n<div>&#8211; Jednostavnost kori\u0161tenja<\/div>&#13;\n<div>&#8211; sigurnost va\u0161eg vozila<\/div>&#13;\n<div>&#8211; stalan razvoj proizvoda prema najvi\u0161im standardima<\/div>&#13;\n<div>[razdjelnik poravnati = &#8220;sredi\u0161te&#8221;]<\/div>\n\n\n\t\t<\/div>\n\t\t\t\t\t<\/div>\n\n\t\n\n<\/div>\n\n","protected":false},"excerpt":{"rendered":"","protected":false},"author":1,"featured_media":736,"parent":0,"menu_order":0,"comment_status":"closed","ping_status":"closed","template":"page-transparent-header-light.php","meta":{"_monsterinsights_skip_tracking":false,"_monsterinsights_sitenote_active":false,"_monsterinsights_sitenote_note":"","_monsterinsights_sitenote_category":0,"footnotes":""},"class_list":["post-687","page","type-page","status-publish","has-post-thumbnail","hentry"],"yoast_head":"<!-- This site is optimized with the Yoast SEO plugin v26.6 - https:\/\/yoast.com\/wordpress\/plugins\/seo\/ -->\n<title>O nama - KEMOTON SHOP<\/title>\n<meta name=\"robots\" content=\"index, follow, max-snippet:-1, max-image-preview:large, max-video-preview:-1\" \/>\n<link rel=\"canonical\" href=\"https:\/\/kemoton.com\/hr\/o-nama\/\" \/>\n<meta property=\"og:locale\" content=\"hr_HR\" \/>\n<meta property=\"og:type\" content=\"article\" \/>\n<meta property=\"og:title\" content=\"O nama - KEMOTON SHOP\" \/>\n<meta property=\"og:url\" content=\"https:\/\/kemoton.com\/hr\/o-nama\/\" \/>\n<meta property=\"og:site_name\" content=\"KEMOTON SHOP\" \/>\n<meta property=\"article:modified_time\" content=\"2020-07-20T22:04:53+00:00\" \/>\n<meta property=\"og:image\" content=\"https:\/\/i0.wp.com\/kemoton.com\/wp-content\/uploads\/2020\/07\/ClorActiveBanner.png?fit=1417%2C867&ssl=1\" \/>\n\t<meta property=\"og:image:width\" content=\"1417\" \/>\n\t<meta property=\"og:image:height\" content=\"867\" \/>\n\t<meta property=\"og:image:type\" content=\"image\/png\" \/>\n<meta name=\"twitter:card\" content=\"summary_large_image\" \/>\n<meta name=\"twitter:label1\" content=\"Procijenjeno vrijeme \u010ditanja\" \/>\n\t<meta name=\"twitter:data1\" content=\"1 minuta\" \/>\n<script type=\"application\/ld+json\" class=\"yoast-schema-graph\">{\"@context\":\"https:\/\/schema.org\",\"@graph\":[{\"@type\":\"WebPage\",\"@id\":\"https:\/\/kemoton.com\/hr\/o-nama\/\",\"url\":\"https:\/\/kemoton.com\/hr\/o-nama\/\",\"name\":\"O nama - KEMOTON SHOP\",\"isPartOf\":{\"@id\":\"https:\/\/kemoton.com\/hr\/#website\"},\"primaryImageOfPage\":{\"@id\":\"https:\/\/kemoton.com\/hr\/o-nama\/#primaryimage\"},\"image\":{\"@id\":\"https:\/\/kemoton.com\/hr\/o-nama\/#primaryimage\"},\"thumbnailUrl\":\"https:\/\/i0.wp.com\/kemoton.com\/wp-content\/uploads\/2020\/07\/ClorActiveBanner.png?fit=1417%2C867&ssl=1\",\"datePublished\":\"2020-07-15T12:02:34+00:00\",\"dateModified\":\"2020-07-20T22:04:53+00:00\",\"breadcrumb\":{\"@id\":\"https:\/\/kemoton.com\/hr\/o-nama\/#breadcrumb\"},\"inLanguage\":\"hr\",\"potentialAction\":[{\"@type\":\"ReadAction\",\"target\":[\"https:\/\/kemoton.com\/hr\/o-nama\/\"]}]},{\"@type\":\"ImageObject\",\"inLanguage\":\"hr\",\"@id\":\"https:\/\/kemoton.com\/hr\/o-nama\/#primaryimage\",\"url\":\"https:\/\/i0.wp.com\/kemoton.com\/wp-content\/uploads\/2020\/07\/ClorActiveBanner.png?fit=1417%2C867&ssl=1\",\"contentUrl\":\"https:\/\/i0.wp.com\/kemoton.com\/wp-content\/uploads\/2020\/07\/ClorActiveBanner.png?fit=1417%2C867&ssl=1\",\"width\":1417,\"height\":867},{\"@type\":\"BreadcrumbList\",\"@id\":\"https:\/\/kemoton.com\/hr\/o-nama\/#breadcrumb\",\"itemListElement\":[{\"@type\":\"ListItem\",\"position\":1,\"name\":\"Home\",\"item\":\"https:\/\/kemoton.com\/hr\/\"},{\"@type\":\"ListItem\",\"position\":2,\"name\":\"O nama\"}]},{\"@type\":\"WebSite\",\"@id\":\"https:\/\/kemoton.com\/hr\/#website\",\"url\":\"https:\/\/kemoton.com\/hr\/\",\"name\":\"KEMOTON SHOP\",\"description\":\"Home of Brands\",\"potentialAction\":[{\"@type\":\"SearchAction\",\"target\":{\"@type\":\"EntryPoint\",\"urlTemplate\":\"https:\/\/kemoton.com\/hr\/?s={search_term_string}\"},\"query-input\":{\"@type\":\"PropertyValueSpecification\",\"valueRequired\":true,\"valueName\":\"search_term_string\"}}],\"inLanguage\":\"hr\"}]}<\/script>\n<!-- \/ Yoast SEO plugin. -->","yoast_head_json":{"title":"O nama - KEMOTON SHOP","robots":{"index":"index","follow":"follow","max-snippet":"max-snippet:-1","max-image-preview":"max-image-preview:large","max-video-preview":"max-video-preview:-1"},"canonical":"https:\/\/kemoton.com\/hr\/o-nama\/","og_locale":"hr_HR","og_type":"article","og_title":"O nama - KEMOTON SHOP","og_url":"https:\/\/kemoton.com\/hr\/o-nama\/","og_site_name":"KEMOTON SHOP","article_modified_time":"2020-07-20T22:04:53+00:00","og_image":[{"width":1417,"height":867,"url":"https:\/\/i0.wp.com\/kemoton.com\/wp-content\/uploads\/2020\/07\/ClorActiveBanner.png?fit=1417%2C867&ssl=1","type":"image\/png"}],"twitter_card":"summary_large_image","twitter_misc":{"Procijenjeno vrijeme \u010ditanja":"1 minuta"},"schema":{"@context":"https:\/\/schema.org","@graph":[{"@type":"WebPage","@id":"https:\/\/kemoton.com\/hr\/o-nama\/","url":"https:\/\/kemoton.com\/hr\/o-nama\/","name":"O nama - KEMOTON SHOP","isPartOf":{"@id":"https:\/\/kemoton.com\/hr\/#website"},"primaryImageOfPage":{"@id":"https:\/\/kemoton.com\/hr\/o-nama\/#primaryimage"},"image":{"@id":"https:\/\/kemoton.com\/hr\/o-nama\/#primaryimage"},"thumbnailUrl":"https:\/\/i0.wp.com\/kemoton.com\/wp-content\/uploads\/2020\/07\/ClorActiveBanner.png?fit=1417%2C867&ssl=1","datePublished":"2020-07-15T12:02:34+00:00","dateModified":"2020-07-20T22:04:53+00:00","breadcrumb":{"@id":"https:\/\/kemoton.com\/hr\/o-nama\/#breadcrumb"},"inLanguage":"hr","potentialAction":[{"@type":"ReadAction","target":["https:\/\/kemoton.com\/hr\/o-nama\/"]}]},{"@type":"ImageObject","inLanguage":"hr","@id":"https:\/\/kemoton.com\/hr\/o-nama\/#primaryimage","url":"https:\/\/i0.wp.com\/kemoton.com\/wp-content\/uploads\/2020\/07\/ClorActiveBanner.png?fit=1417%2C867&ssl=1","contentUrl":"https:\/\/i0.wp.com\/kemoton.com\/wp-content\/uploads\/2020\/07\/ClorActiveBanner.png?fit=1417%2C867&ssl=1","width":1417,"height":867},{"@type":"BreadcrumbList","@id":"https:\/\/kemoton.com\/hr\/o-nama\/#breadcrumb","itemListElement":[{"@type":"ListItem","position":1,"name":"Home","item":"https:\/\/kemoton.com\/hr\/"},{"@type":"ListItem","position":2,"name":"O nama"}]},{"@type":"WebSite","@id":"https:\/\/kemoton.com\/hr\/#website","url":"https:\/\/kemoton.com\/hr\/","name":"KEMOTON SHOP","description":"Home of Brands","potentialAction":[{"@type":"SearchAction","target":{"@type":"EntryPoint","urlTemplate":"https:\/\/kemoton.com\/hr\/?s={search_term_string}"},"query-input":{"@type":"PropertyValueSpecification","valueRequired":true,"valueName":"search_term_string"}}],"inLanguage":"hr"}]}},"jetpack_sharing_enabled":true,"_links":{"self":[{"href":"https:\/\/kemoton.com\/hr\/wp-json\/wp\/v2\/pages\/687","targetHints":{"allow":["GET"]}}],"collection":[{"href":"https:\/\/kemoton.com\/hr\/wp-json\/wp\/v2\/pages"}],"about":[{"href":"https:\/\/kemoton.com\/hr\/wp-json\/wp\/v2\/types\/page"}],"author":[{"embeddable":true,"href":"https:\/\/kemoton.com\/hr\/wp-json\/wp\/v2\/users\/1"}],"replies":[{"embeddable":true,"href":"https:\/\/kemoton.com\/hr\/wp-json\/wp\/v2\/comments?post=687"}],"version-history":[{"count":0,"href":"https:\/\/kemoton.com\/hr\/wp-json\/wp\/v2\/pages\/687\/revisions"}],"wp:featuredmedia":[{"embeddable":true,"href":"https:\/\/kemoton.com\/hr\/wp-json\/wp\/v2\/media\/736"}],"wp:attachment":[{"href":"https:\/\/kemoton.com\/hr\/wp-json\/wp\/v2\/media?parent=687"}],"curies":[{"name":"wp","href":"https:\/\/api.w.org\/{rel}","templated":true}]}}