{"id":327,"date":"2020-06-11T16:08:34","date_gmt":"2020-06-11T16:08:34","guid":{"rendered":"https:\/\/kemoton.com\/product\/xantor-fresh-power\/"},"modified":"2020-06-11T16:12:27","modified_gmt":"2020-06-11T16:12:27","slug":"xantor-fresh-power","status":"publish","type":"product","link":"https:\/\/kemoton.com\/hr\/proizvod\/xantor-fresh-power\/","title":{"rendered":"XANTOR FRESH POWER"},"content":{"rendered":"<p>Namijenjen za \u010di\u0161\u0107enje i uklanjanje mrlja od vodenog kamenca. Koristi se nerazrije\u0111en. Vrlo je aktivan, pa ve\u0107 nakon kratkog kontakta sa tretiranom povr\u0161inom temeljito \u010disti. Slu\u017ei za \u010di\u0161\u0107enje razli\u010ditih kerami\u010dkih i plasti\u010dnih povr\u0161ina, nehr\u0111aju\u0107eg \u010delika i kroma u kupaonici, kuhinji i na svim vodootpornim povr\u0161inama.<\/p>\n<p>Nerazrije\u0111eno sredstvo nanesite na povr\u0161inu koju \u017eelite o\u010distiti, sa\u010dekajte da sredstvo djeluje nekoliko minuta (3-5), nakon djelovanja obri\u0161ite spu\u017evom ili krpom i temeljito isperite vodom.<\/p>\n","protected":false},"excerpt":{"rendered":"<p>Namijenjen za \u010di\u0161\u0107enje i uklanjanje mrlja od vodenog kamenca. Koristi se nerazrije\u0111en. Vrlo je aktivan, pa ve\u0107 nakon kratkog kontakta sa tretiranom povr\u0161inom temeljito \u010disti. Slu\u017ei za \u010di\u0161\u0107enje razli\u010ditih kerami\u010dkih i plasti\u010dnih povr\u0161ina, nehr\u0111aju\u0107eg \u010delika i kroma u kupaonici, kuhinji i na svim vodootpornim povr\u0161inama. Nerazrije\u0111eno sredstvo nanesite na povr\u0161inu koju \u017eelite o\u010distiti, sa\u010dekajte da [&#8230;]\n","protected":false},"featured_media":0,"comment_status":"open","ping_status":"closed","template":"","meta":{"_monsterinsights_skip_tracking":false,"_monsterinsights_sitenote_active":false,"_monsterinsights_sitenote_note":"","_monsterinsights_sitenote_category":0},"product_brand":[],"product_cat":[56],"product_tag":[],"class_list":{"0":"post-327","1":"product","2":"type-product","3":"status-publish","5":"product_cat-xantor","7":"first","8":"instock","9":"taxable","10":"shipping-taxable","11":"product-type-simple"},"yoast_head":"<!-- This site is optimized with the Yoast SEO plugin v26.6 - https:\/\/yoast.com\/wordpress\/plugins\/seo\/ -->\n<title>XANTOR FRESH POWER - KEMOTON SHOP<\/title>\n<meta name=\"robots\" content=\"index, follow, max-snippet:-1, max-image-preview:large, max-video-preview:-1\" \/>\n<link rel=\"canonical\" href=\"https:\/\/kemoton.com\/hr\/proizvod\/xantor-fresh-power\/\" \/>\n<meta property=\"og:locale\" content=\"hr_HR\" \/>\n<meta property=\"og:type\" content=\"article\" \/>\n<meta property=\"og:title\" content=\"XANTOR FRESH POWER - KEMOTON SHOP\" \/>\n<meta property=\"og:description\" content=\"Namijenjen za \u010di\u0161\u0107enje i uklanjanje mrlja od vodenog kamenca. Koristi se nerazrije\u0111en. Vrlo je aktivan, pa ve\u0107 nakon kratkog kontakta sa tretiranom povr\u0161inom temeljito \u010disti. Slu\u017ei za \u010di\u0161\u0107enje razli\u010ditih kerami\u010dkih i plasti\u010dnih povr\u0161ina, nehr\u0111aju\u0107eg \u010delika i kroma u kupaonici, kuhinji i na svim vodootpornim povr\u0161inama. Nerazrije\u0111eno sredstvo nanesite na povr\u0161inu koju \u017eelite o\u010distiti, sa\u010dekajte da [...]\" \/>\n<meta property=\"og:url\" content=\"https:\/\/kemoton.com\/hr\/proizvod\/xantor-fresh-power\/\" \/>\n<meta property=\"og:site_name\" content=\"KEMOTON SHOP\" \/>\n<meta property=\"article:modified_time\" content=\"2020-06-11T16:12:27+00:00\" \/>\n<meta name=\"twitter:card\" content=\"summary_large_image\" \/>\n<script type=\"application\/ld+json\" class=\"yoast-schema-graph\">{\"@context\":\"https:\/\/schema.org\",\"@graph\":[{\"@type\":\"WebPage\",\"@id\":\"https:\/\/kemoton.com\/hr\/proizvod\/xantor-fresh-power\/\",\"url\":\"https:\/\/kemoton.com\/hr\/proizvod\/xantor-fresh-power\/\",\"name\":\"XANTOR FRESH POWER - KEMOTON SHOP\",\"isPartOf\":{\"@id\":\"https:\/\/kemoton.com\/hr\/#website\"},\"datePublished\":\"2020-06-11T16:08:34+00:00\",\"dateModified\":\"2020-06-11T16:12:27+00:00\",\"breadcrumb\":{\"@id\":\"https:\/\/kemoton.com\/hr\/proizvod\/xantor-fresh-power\/#breadcrumb\"},\"inLanguage\":\"hr\",\"potentialAction\":[{\"@type\":\"ReadAction\",\"target\":[\"https:\/\/kemoton.com\/hr\/proizvod\/xantor-fresh-power\/\"]}]},{\"@type\":\"BreadcrumbList\",\"@id\":\"https:\/\/kemoton.com\/hr\/proizvod\/xantor-fresh-power\/#breadcrumb\",\"itemListElement\":[{\"@type\":\"ListItem\",\"position\":1,\"name\":\"Home\",\"item\":\"https:\/\/kemoton.com\/hr\/\"},{\"@type\":\"ListItem\",\"position\":2,\"name\":\"Shop\",\"item\":\"https:\/\/kemoton.com\/hr\/shop-2\/\"},{\"@type\":\"ListItem\",\"position\":3,\"name\":\"XANTOR FRESH POWER\"}]},{\"@type\":\"WebSite\",\"@id\":\"https:\/\/kemoton.com\/hr\/#website\",\"url\":\"https:\/\/kemoton.com\/hr\/\",\"name\":\"KEMOTON SHOP\",\"description\":\"Home of Brands\",\"potentialAction\":[{\"@type\":\"SearchAction\",\"target\":{\"@type\":\"EntryPoint\",\"urlTemplate\":\"https:\/\/kemoton.com\/hr\/?s={search_term_string}\"},\"query-input\":{\"@type\":\"PropertyValueSpecification\",\"valueRequired\":true,\"valueName\":\"search_term_string\"}}],\"inLanguage\":\"hr\"}]}<\/script>\n<!-- \/ Yoast SEO plugin. -->","yoast_head_json":{"title":"XANTOR FRESH POWER - KEMOTON SHOP","robots":{"index":"index","follow":"follow","max-snippet":"max-snippet:-1","max-image-preview":"max-image-preview:large","max-video-preview":"max-video-preview:-1"},"canonical":"https:\/\/kemoton.com\/hr\/proizvod\/xantor-fresh-power\/","og_locale":"hr_HR","og_type":"article","og_title":"XANTOR FRESH POWER - KEMOTON SHOP","og_description":"Namijenjen za \u010di\u0161\u0107enje i uklanjanje mrlja od vodenog kamenca. Koristi se nerazrije\u0111en. Vrlo je aktivan, pa ve\u0107 nakon kratkog kontakta sa tretiranom povr\u0161inom temeljito \u010disti. Slu\u017ei za \u010di\u0161\u0107enje razli\u010ditih kerami\u010dkih i plasti\u010dnih povr\u0161ina, nehr\u0111aju\u0107eg \u010delika i kroma u kupaonici, kuhinji i na svim vodootpornim povr\u0161inama. Nerazrije\u0111eno sredstvo nanesite na povr\u0161inu koju \u017eelite o\u010distiti, sa\u010dekajte da [...]","og_url":"https:\/\/kemoton.com\/hr\/proizvod\/xantor-fresh-power\/","og_site_name":"KEMOTON SHOP","article_modified_time":"2020-06-11T16:12:27+00:00","twitter_card":"summary_large_image","schema":{"@context":"https:\/\/schema.org","@graph":[{"@type":"WebPage","@id":"https:\/\/kemoton.com\/hr\/proizvod\/xantor-fresh-power\/","url":"https:\/\/kemoton.com\/hr\/proizvod\/xantor-fresh-power\/","name":"XANTOR FRESH POWER - KEMOTON SHOP","isPartOf":{"@id":"https:\/\/kemoton.com\/hr\/#website"},"datePublished":"2020-06-11T16:08:34+00:00","dateModified":"2020-06-11T16:12:27+00:00","breadcrumb":{"@id":"https:\/\/kemoton.com\/hr\/proizvod\/xantor-fresh-power\/#breadcrumb"},"inLanguage":"hr","potentialAction":[{"@type":"ReadAction","target":["https:\/\/kemoton.com\/hr\/proizvod\/xantor-fresh-power\/"]}]},{"@type":"BreadcrumbList","@id":"https:\/\/kemoton.com\/hr\/proizvod\/xantor-fresh-power\/#breadcrumb","itemListElement":[{"@type":"ListItem","position":1,"name":"Home","item":"https:\/\/kemoton.com\/hr\/"},{"@type":"ListItem","position":2,"name":"Shop","item":"https:\/\/kemoton.com\/hr\/shop-2\/"},{"@type":"ListItem","position":3,"name":"XANTOR FRESH POWER"}]},{"@type":"WebSite","@id":"https:\/\/kemoton.com\/hr\/#website","url":"https:\/\/kemoton.com\/hr\/","name":"KEMOTON SHOP","description":"Home of Brands","potentialAction":[{"@type":"SearchAction","target":{"@type":"EntryPoint","urlTemplate":"https:\/\/kemoton.com\/hr\/?s={search_term_string}"},"query-input":{"@type":"PropertyValueSpecification","valueRequired":true,"valueName":"search_term_string"}}],"inLanguage":"hr"}]}},"jetpack_sharing_enabled":true,"_links":{"self":[{"href":"https:\/\/kemoton.com\/hr\/wp-json\/wp\/v2\/product\/327","targetHints":{"allow":["GET"]}}],"collection":[{"href":"https:\/\/kemoton.com\/hr\/wp-json\/wp\/v2\/product"}],"about":[{"href":"https:\/\/kemoton.com\/hr\/wp-json\/wp\/v2\/types\/product"}],"replies":[{"embeddable":true,"href":"https:\/\/kemoton.com\/hr\/wp-json\/wp\/v2\/comments?post=327"}],"wp:attachment":[{"href":"https:\/\/kemoton.com\/hr\/wp-json\/wp\/v2\/media?parent=327"}],"wp:term":[{"taxonomy":"product_brand","embeddable":true,"href":"https:\/\/kemoton.com\/hr\/wp-json\/wp\/v2\/product_brand?post=327"},{"taxonomy":"product_cat","embeddable":true,"href":"https:\/\/kemoton.com\/hr\/wp-json\/wp\/v2\/product_cat?post=327"},{"taxonomy":"product_tag","embeddable":true,"href":"https:\/\/kemoton.com\/hr\/wp-json\/wp\/v2\/product_tag?post=327"}],"curies":[{"name":"wp","href":"https:\/\/api.w.org\/{rel}","templated":true}]}}