{"id":353,"date":"2020-06-11T16:34:50","date_gmt":"2020-06-11T16:34:50","guid":{"rendered":"https:\/\/kemoton.com\/product\/xantor-terminator\/"},"modified":"2020-06-11T16:34:50","modified_gmt":"2020-06-11T16:34:50","slug":"xantor-terminator","status":"publish","type":"product","link":"https:\/\/kemoton.com\/hr\/proizvod\/xantor-terminator\/","title":{"rendered":"XANTOR TERMINATOR"},"content":{"rendered":"<p>SAVJET: kako bi sprije\u010dili za\u010depljenje odvoda ulijte u odvode svakih 5-7 dana kako nebi do\u0161lo do za\u010depljenja odvoda. Koristi se: ZA OD\u010cEPLJIVANJE ODVODA U KUHINJI I KUPAONICI (ne od\u010depljivati WC \u0161koljke), UNI\u0160TAVA SVE BAKTERIJE U ODVODIMA I UKLANJA SMRAD, SIGURAN ZA UPORABU U SVIM ODVODIMA.<\/p>\n<p>Preventivno: uliti 100-200 ml sredstva u odvode kako bi sprije\u010dili za\u0161topavanje odvoda, nakon 15 minuta temeljito isprati vru\u010dom vodom. Za vodu koja sporo otje\u010de: uliti 500 ml sredstva, nakon 15-30 minuta (ovisno o ja\u010dini za\u010depljenja) temeljito isperite vru\u010dom vodom. Za za\u010depljeni odvod (voda ne otje\u010de): uliti sadr\u017eaj cijele boce, nakon potpunog ot\u010depljenja temeljito isperite vru\u010dom vodom.<\/p>\n","protected":false},"excerpt":{"rendered":"<p>SAVJET: kako bi sprije\u010dili za\u010depljenje odvoda ulijte u odvode svakih 5-7 dana kako nebi do\u0161lo do za\u010depljenja odvoda. Koristi se: ZA OD\u010cEPLJIVANJE ODVODA U KUHINJI I KUPAONICI (ne od\u010depljivati WC \u0161koljke), UNI\u0160TAVA SVE BAKTERIJE U ODVODIMA I UKLANJA SMRAD, SIGURAN ZA UPORABU U SVIM ODVODIMA. Preventivno: uliti 100-200 ml sredstva u odvode kako bi sprije\u010dili [&#8230;]\n","protected":false},"featured_media":351,"comment_status":"open","ping_status":"closed","template":"","meta":{"_monsterinsights_skip_tracking":false,"_monsterinsights_sitenote_active":false,"_monsterinsights_sitenote_note":"","_monsterinsights_sitenote_category":0},"product_brand":[],"product_cat":[56],"product_tag":[],"class_list":{"0":"post-353","1":"product","2":"type-product","3":"status-publish","4":"has-post-thumbnail","6":"product_cat-xantor","8":"first","9":"instock","10":"taxable","11":"shipping-taxable","12":"purchasable","13":"product-type-simple"},"yoast_head":"<!-- This site is optimized with the Yoast SEO plugin v26.6 - https:\/\/yoast.com\/wordpress\/plugins\/seo\/ -->\n<title>XANTOR TERMINATOR - KEMOTON SHOP<\/title>\n<meta name=\"robots\" content=\"index, follow, max-snippet:-1, max-image-preview:large, max-video-preview:-1\" \/>\n<link rel=\"canonical\" href=\"https:\/\/kemoton.com\/hr\/proizvod\/xantor-terminator\/\" \/>\n<meta property=\"og:locale\" content=\"hr_HR\" \/>\n<meta property=\"og:type\" content=\"article\" \/>\n<meta property=\"og:title\" content=\"XANTOR TERMINATOR - KEMOTON SHOP\" \/>\n<meta property=\"og:description\" content=\"SAVJET: kako bi sprije\u010dili za\u010depljenje odvoda ulijte u odvode svakih 5-7 dana kako nebi do\u0161lo do za\u010depljenja odvoda. Koristi se: ZA OD\u010cEPLJIVANJE ODVODA U KUHINJI I KUPAONICI (ne od\u010depljivati WC \u0161koljke), UNI\u0160TAVA SVE BAKTERIJE U ODVODIMA I UKLANJA SMRAD, SIGURAN ZA UPORABU U SVIM ODVODIMA. Preventivno: uliti 100-200 ml sredstva u odvode kako bi sprije\u010dili [...]\" \/>\n<meta property=\"og:url\" content=\"https:\/\/kemoton.com\/hr\/proizvod\/xantor-terminator\/\" \/>\n<meta property=\"og:site_name\" content=\"KEMOTON SHOP\" \/>\n<meta property=\"og:image\" content=\"https:\/\/i0.wp.com\/kemoton.com\/wp-content\/uploads\/2020\/06\/XANTOR-TERMINATOR-750ml.jpg?fit=1785%2C1785&ssl=1\" \/>\n\t<meta property=\"og:image:width\" content=\"1785\" \/>\n\t<meta property=\"og:image:height\" content=\"1785\" \/>\n\t<meta property=\"og:image:type\" content=\"image\/jpeg\" \/>\n<meta name=\"twitter:card\" content=\"summary_large_image\" \/>\n<meta name=\"twitter:label1\" content=\"Procijenjeno vrijeme \u010ditanja\" \/>\n\t<meta name=\"twitter:data1\" content=\"1 minuta\" \/>\n<script type=\"application\/ld+json\" class=\"yoast-schema-graph\">{\"@context\":\"https:\/\/schema.org\",\"@graph\":[{\"@type\":\"WebPage\",\"@id\":\"https:\/\/kemoton.com\/hr\/proizvod\/xantor-terminator\/\",\"url\":\"https:\/\/kemoton.com\/hr\/proizvod\/xantor-terminator\/\",\"name\":\"XANTOR TERMINATOR - KEMOTON SHOP\",\"isPartOf\":{\"@id\":\"https:\/\/kemoton.com\/hr\/#website\"},\"primaryImageOfPage\":{\"@id\":\"https:\/\/kemoton.com\/hr\/proizvod\/xantor-terminator\/#primaryimage\"},\"image\":{\"@id\":\"https:\/\/kemoton.com\/hr\/proizvod\/xantor-terminator\/#primaryimage\"},\"thumbnailUrl\":\"https:\/\/i0.wp.com\/kemoton.com\/wp-content\/uploads\/2020\/06\/XANTOR-TERMINATOR-750ml.jpg?fit=1785%2C1785&ssl=1\",\"datePublished\":\"2020-06-11T16:34:50+00:00\",\"breadcrumb\":{\"@id\":\"https:\/\/kemoton.com\/hr\/proizvod\/xantor-terminator\/#breadcrumb\"},\"inLanguage\":\"hr\",\"potentialAction\":[{\"@type\":\"ReadAction\",\"target\":[\"https:\/\/kemoton.com\/hr\/proizvod\/xantor-terminator\/\"]}]},{\"@type\":\"ImageObject\",\"inLanguage\":\"hr\",\"@id\":\"https:\/\/kemoton.com\/hr\/proizvod\/xantor-terminator\/#primaryimage\",\"url\":\"https:\/\/i0.wp.com\/kemoton.com\/wp-content\/uploads\/2020\/06\/XANTOR-TERMINATOR-750ml.jpg?fit=1785%2C1785&ssl=1\",\"contentUrl\":\"https:\/\/i0.wp.com\/kemoton.com\/wp-content\/uploads\/2020\/06\/XANTOR-TERMINATOR-750ml.jpg?fit=1785%2C1785&ssl=1\",\"width\":1785,\"height\":1785,\"caption\":\"xantor-terminator\"},{\"@type\":\"BreadcrumbList\",\"@id\":\"https:\/\/kemoton.com\/hr\/proizvod\/xantor-terminator\/#breadcrumb\",\"itemListElement\":[{\"@type\":\"ListItem\",\"position\":1,\"name\":\"Home\",\"item\":\"https:\/\/kemoton.com\/hr\/\"},{\"@type\":\"ListItem\",\"position\":2,\"name\":\"Shop\",\"item\":\"https:\/\/kemoton.com\/hr\/shop-2\/\"},{\"@type\":\"ListItem\",\"position\":3,\"name\":\"XANTOR TERMINATOR\"}]},{\"@type\":\"WebSite\",\"@id\":\"https:\/\/kemoton.com\/hr\/#website\",\"url\":\"https:\/\/kemoton.com\/hr\/\",\"name\":\"KEMOTON SHOP\",\"description\":\"Home of Brands\",\"potentialAction\":[{\"@type\":\"SearchAction\",\"target\":{\"@type\":\"EntryPoint\",\"urlTemplate\":\"https:\/\/kemoton.com\/hr\/?s={search_term_string}\"},\"query-input\":{\"@type\":\"PropertyValueSpecification\",\"valueRequired\":true,\"valueName\":\"search_term_string\"}}],\"inLanguage\":\"hr\"}]}<\/script>\n<!-- \/ Yoast SEO plugin. -->","yoast_head_json":{"title":"XANTOR TERMINATOR - KEMOTON SHOP","robots":{"index":"index","follow":"follow","max-snippet":"max-snippet:-1","max-image-preview":"max-image-preview:large","max-video-preview":"max-video-preview:-1"},"canonical":"https:\/\/kemoton.com\/hr\/proizvod\/xantor-terminator\/","og_locale":"hr_HR","og_type":"article","og_title":"XANTOR TERMINATOR - KEMOTON SHOP","og_description":"SAVJET: kako bi sprije\u010dili za\u010depljenje odvoda ulijte u odvode svakih 5-7 dana kako nebi do\u0161lo do za\u010depljenja odvoda. Koristi se: ZA OD\u010cEPLJIVANJE ODVODA U KUHINJI I KUPAONICI (ne od\u010depljivati WC \u0161koljke), UNI\u0160TAVA SVE BAKTERIJE U ODVODIMA I UKLANJA SMRAD, SIGURAN ZA UPORABU U SVIM ODVODIMA. Preventivno: uliti 100-200 ml sredstva u odvode kako bi sprije\u010dili [...]","og_url":"https:\/\/kemoton.com\/hr\/proizvod\/xantor-terminator\/","og_site_name":"KEMOTON SHOP","og_image":[{"width":1785,"height":1785,"url":"https:\/\/i0.wp.com\/kemoton.com\/wp-content\/uploads\/2020\/06\/XANTOR-TERMINATOR-750ml.jpg?fit=1785%2C1785&ssl=1","type":"image\/jpeg"}],"twitter_card":"summary_large_image","twitter_misc":{"Procijenjeno vrijeme \u010ditanja":"1 minuta"},"schema":{"@context":"https:\/\/schema.org","@graph":[{"@type":"WebPage","@id":"https:\/\/kemoton.com\/hr\/proizvod\/xantor-terminator\/","url":"https:\/\/kemoton.com\/hr\/proizvod\/xantor-terminator\/","name":"XANTOR TERMINATOR - KEMOTON SHOP","isPartOf":{"@id":"https:\/\/kemoton.com\/hr\/#website"},"primaryImageOfPage":{"@id":"https:\/\/kemoton.com\/hr\/proizvod\/xantor-terminator\/#primaryimage"},"image":{"@id":"https:\/\/kemoton.com\/hr\/proizvod\/xantor-terminator\/#primaryimage"},"thumbnailUrl":"https:\/\/i0.wp.com\/kemoton.com\/wp-content\/uploads\/2020\/06\/XANTOR-TERMINATOR-750ml.jpg?fit=1785%2C1785&ssl=1","datePublished":"2020-06-11T16:34:50+00:00","breadcrumb":{"@id":"https:\/\/kemoton.com\/hr\/proizvod\/xantor-terminator\/#breadcrumb"},"inLanguage":"hr","potentialAction":[{"@type":"ReadAction","target":["https:\/\/kemoton.com\/hr\/proizvod\/xantor-terminator\/"]}]},{"@type":"ImageObject","inLanguage":"hr","@id":"https:\/\/kemoton.com\/hr\/proizvod\/xantor-terminator\/#primaryimage","url":"https:\/\/i0.wp.com\/kemoton.com\/wp-content\/uploads\/2020\/06\/XANTOR-TERMINATOR-750ml.jpg?fit=1785%2C1785&ssl=1","contentUrl":"https:\/\/i0.wp.com\/kemoton.com\/wp-content\/uploads\/2020\/06\/XANTOR-TERMINATOR-750ml.jpg?fit=1785%2C1785&ssl=1","width":1785,"height":1785,"caption":"xantor-terminator"},{"@type":"BreadcrumbList","@id":"https:\/\/kemoton.com\/hr\/proizvod\/xantor-terminator\/#breadcrumb","itemListElement":[{"@type":"ListItem","position":1,"name":"Home","item":"https:\/\/kemoton.com\/hr\/"},{"@type":"ListItem","position":2,"name":"Shop","item":"https:\/\/kemoton.com\/hr\/shop-2\/"},{"@type":"ListItem","position":3,"name":"XANTOR TERMINATOR"}]},{"@type":"WebSite","@id":"https:\/\/kemoton.com\/hr\/#website","url":"https:\/\/kemoton.com\/hr\/","name":"KEMOTON SHOP","description":"Home of Brands","potentialAction":[{"@type":"SearchAction","target":{"@type":"EntryPoint","urlTemplate":"https:\/\/kemoton.com\/hr\/?s={search_term_string}"},"query-input":{"@type":"PropertyValueSpecification","valueRequired":true,"valueName":"search_term_string"}}],"inLanguage":"hr"}]}},"jetpack_sharing_enabled":true,"_links":{"self":[{"href":"https:\/\/kemoton.com\/hr\/wp-json\/wp\/v2\/product\/353","targetHints":{"allow":["GET"]}}],"collection":[{"href":"https:\/\/kemoton.com\/hr\/wp-json\/wp\/v2\/product"}],"about":[{"href":"https:\/\/kemoton.com\/hr\/wp-json\/wp\/v2\/types\/product"}],"replies":[{"embeddable":true,"href":"https:\/\/kemoton.com\/hr\/wp-json\/wp\/v2\/comments?post=353"}],"wp:featuredmedia":[{"embeddable":true,"href":"https:\/\/kemoton.com\/hr\/wp-json\/wp\/v2\/media\/351"}],"wp:attachment":[{"href":"https:\/\/kemoton.com\/hr\/wp-json\/wp\/v2\/media?parent=353"}],"wp:term":[{"taxonomy":"product_brand","embeddable":true,"href":"https:\/\/kemoton.com\/hr\/wp-json\/wp\/v2\/product_brand?post=353"},{"taxonomy":"product_cat","embeddable":true,"href":"https:\/\/kemoton.com\/hr\/wp-json\/wp\/v2\/product_cat?post=353"},{"taxonomy":"product_tag","embeddable":true,"href":"https:\/\/kemoton.com\/hr\/wp-json\/wp\/v2\/product_tag?post=353"}],"curies":[{"name":"wp","href":"https:\/\/api.w.org\/{rel}","templated":true}]}}