{"id":362,"date":"2020-06-11T16:43:32","date_gmt":"2020-06-11T16:43:32","guid":{"rendered":"https:\/\/kemoton.com\/product\/santor-multi-power-5l\/"},"modified":"2020-06-11T16:45:27","modified_gmt":"2020-06-11T16:45:27","slug":"xantor-multi-power-5l","status":"publish","type":"product","link":"https:\/\/kemoton.com\/hr\/proizvod\/xantor-multi-power-5l\/","title":{"rendered":"XANTOR MULTI POWER 5L"},"content":{"rendered":"<p>Vi\u0161enamjensko sredstvo za \u010di\u0161\u0107enje. Uklanja mrlje od vodenog kamenca, mrlje na kromiranim povr\u0161inama, nakupine sapuna i svu ostalu ne\u010disto\u0107u u kupaonici, sanitarnim prostorima i ostalim vodootpornim povr\u0161inama.<\/p>\n<p>Nerazrije\u0111eno sredstvo nanesite na povr\u0161inu koju \u017eelite o\u010distiti, sa\u010dekajte da sredstvo djeluje nekoliko minuta (2-3), nakon djelovanja obri\u0161ite spu\u017evom ili krpom i temeljito isperite vodom. Sredstvo ne koristiti za drvene, lakirane, aluminijske, pozla\u0107ene i meko porozne povr\u0161ine.<\/p>\n","protected":false},"excerpt":{"rendered":"<p>Vi\u0161enamjensko sredstvo za \u010di\u0161\u0107enje. Uklanja mrlje od vodenog kamenca, mrlje na kromiranim povr\u0161inama, nakupine sapuna i svu ostalu ne\u010disto\u0107u u kupaonici, sanitarnim prostorima i ostalim vodootpornim povr\u0161inama. Nerazrije\u0111eno sredstvo nanesite na povr\u0161inu koju \u017eelite o\u010distiti, sa\u010dekajte da sredstvo djeluje nekoliko minuta (2-3), nakon djelovanja obri\u0161ite spu\u017evom ili krpom i temeljito isperite vodom. Sredstvo ne koristiti [&#8230;]\n","protected":false},"featured_media":357,"comment_status":"open","ping_status":"closed","template":"","meta":{"_monsterinsights_skip_tracking":false,"_monsterinsights_sitenote_active":false,"_monsterinsights_sitenote_note":"","_monsterinsights_sitenote_category":0},"product_brand":[],"product_cat":[56],"product_tag":[],"class_list":{"0":"post-362","1":"product","2":"type-product","3":"status-publish","4":"has-post-thumbnail","6":"product_cat-xantor","8":"first","9":"instock","10":"taxable","11":"shipping-taxable","12":"purchasable","13":"product-type-simple"},"yoast_head":"<!-- This site is optimized with the Yoast SEO plugin v26.6 - https:\/\/yoast.com\/wordpress\/plugins\/seo\/ -->\n<title>XANTOR MULTI POWER 5L - KEMOTON SHOP<\/title>\n<meta name=\"robots\" content=\"index, follow, max-snippet:-1, max-image-preview:large, max-video-preview:-1\" \/>\n<link rel=\"canonical\" href=\"https:\/\/kemoton.com\/hr\/proizvod\/xantor-multi-power-5l\/\" \/>\n<meta property=\"og:locale\" content=\"hr_HR\" \/>\n<meta property=\"og:type\" content=\"article\" \/>\n<meta property=\"og:title\" content=\"XANTOR MULTI POWER 5L - KEMOTON SHOP\" \/>\n<meta property=\"og:description\" content=\"Vi\u0161enamjensko sredstvo za \u010di\u0161\u0107enje. Uklanja mrlje od vodenog kamenca, mrlje na kromiranim povr\u0161inama, nakupine sapuna i svu ostalu ne\u010disto\u0107u u kupaonici, sanitarnim prostorima i ostalim vodootpornim povr\u0161inama. Nerazrije\u0111eno sredstvo nanesite na povr\u0161inu koju \u017eelite o\u010distiti, sa\u010dekajte da sredstvo djeluje nekoliko minuta (2-3), nakon djelovanja obri\u0161ite spu\u017evom ili krpom i temeljito isperite vodom. Sredstvo ne koristiti [...]\" \/>\n<meta property=\"og:url\" content=\"https:\/\/kemoton.com\/hr\/proizvod\/xantor-multi-power-5l\/\" \/>\n<meta property=\"og:site_name\" content=\"KEMOTON SHOP\" \/>\n<meta property=\"article:modified_time\" content=\"2020-06-11T16:45:27+00:00\" \/>\n<meta property=\"og:image\" content=\"https:\/\/i0.wp.com\/kemoton.com\/wp-content\/uploads\/2020\/06\/XANTOR-MULTIPOWER-SPRICA.jpg?fit=1891%2C1891&ssl=1\" \/>\n\t<meta property=\"og:image:width\" content=\"1891\" \/>\n\t<meta property=\"og:image:height\" content=\"1891\" \/>\n\t<meta property=\"og:image:type\" content=\"image\/jpeg\" \/>\n<meta name=\"twitter:card\" content=\"summary_large_image\" \/>\n<script type=\"application\/ld+json\" class=\"yoast-schema-graph\">{\"@context\":\"https:\/\/schema.org\",\"@graph\":[{\"@type\":\"WebPage\",\"@id\":\"https:\/\/kemoton.com\/hr\/proizvod\/xantor-multi-power-5l\/\",\"url\":\"https:\/\/kemoton.com\/hr\/proizvod\/xantor-multi-power-5l\/\",\"name\":\"XANTOR MULTI POWER 5L - KEMOTON SHOP\",\"isPartOf\":{\"@id\":\"https:\/\/kemoton.com\/hr\/#website\"},\"primaryImageOfPage\":{\"@id\":\"https:\/\/kemoton.com\/hr\/proizvod\/xantor-multi-power-5l\/#primaryimage\"},\"image\":{\"@id\":\"https:\/\/kemoton.com\/hr\/proizvod\/xantor-multi-power-5l\/#primaryimage\"},\"thumbnailUrl\":\"https:\/\/i0.wp.com\/kemoton.com\/wp-content\/uploads\/2020\/06\/XANTOR-MULTIPOWER-SPRICA.jpg?fit=1891%2C1891&ssl=1\",\"datePublished\":\"2020-06-11T16:43:32+00:00\",\"dateModified\":\"2020-06-11T16:45:27+00:00\",\"breadcrumb\":{\"@id\":\"https:\/\/kemoton.com\/hr\/proizvod\/xantor-multi-power-5l\/#breadcrumb\"},\"inLanguage\":\"hr\",\"potentialAction\":[{\"@type\":\"ReadAction\",\"target\":[\"https:\/\/kemoton.com\/hr\/proizvod\/xantor-multi-power-5l\/\"]}]},{\"@type\":\"ImageObject\",\"inLanguage\":\"hr\",\"@id\":\"https:\/\/kemoton.com\/hr\/proizvod\/xantor-multi-power-5l\/#primaryimage\",\"url\":\"https:\/\/i0.wp.com\/kemoton.com\/wp-content\/uploads\/2020\/06\/XANTOR-MULTIPOWER-SPRICA.jpg?fit=1891%2C1891&ssl=1\",\"contentUrl\":\"https:\/\/i0.wp.com\/kemoton.com\/wp-content\/uploads\/2020\/06\/XANTOR-MULTIPOWER-SPRICA.jpg?fit=1891%2C1891&ssl=1\",\"width\":1891,\"height\":1891,\"caption\":\"XANTOR-MULTIPOWER\"},{\"@type\":\"BreadcrumbList\",\"@id\":\"https:\/\/kemoton.com\/hr\/proizvod\/xantor-multi-power-5l\/#breadcrumb\",\"itemListElement\":[{\"@type\":\"ListItem\",\"position\":1,\"name\":\"Home\",\"item\":\"https:\/\/kemoton.com\/hr\/\"},{\"@type\":\"ListItem\",\"position\":2,\"name\":\"Shop\",\"item\":\"https:\/\/kemoton.com\/hr\/shop-2\/\"},{\"@type\":\"ListItem\",\"position\":3,\"name\":\"XANTOR MULTI POWER 5L\"}]},{\"@type\":\"WebSite\",\"@id\":\"https:\/\/kemoton.com\/hr\/#website\",\"url\":\"https:\/\/kemoton.com\/hr\/\",\"name\":\"KEMOTON SHOP\",\"description\":\"Home of Brands\",\"potentialAction\":[{\"@type\":\"SearchAction\",\"target\":{\"@type\":\"EntryPoint\",\"urlTemplate\":\"https:\/\/kemoton.com\/hr\/?s={search_term_string}\"},\"query-input\":{\"@type\":\"PropertyValueSpecification\",\"valueRequired\":true,\"valueName\":\"search_term_string\"}}],\"inLanguage\":\"hr\"}]}<\/script>\n<!-- \/ Yoast SEO plugin. -->","yoast_head_json":{"title":"XANTOR MULTI POWER 5L - KEMOTON SHOP","robots":{"index":"index","follow":"follow","max-snippet":"max-snippet:-1","max-image-preview":"max-image-preview:large","max-video-preview":"max-video-preview:-1"},"canonical":"https:\/\/kemoton.com\/hr\/proizvod\/xantor-multi-power-5l\/","og_locale":"hr_HR","og_type":"article","og_title":"XANTOR MULTI POWER 5L - KEMOTON SHOP","og_description":"Vi\u0161enamjensko sredstvo za \u010di\u0161\u0107enje. Uklanja mrlje od vodenog kamenca, mrlje na kromiranim povr\u0161inama, nakupine sapuna i svu ostalu ne\u010disto\u0107u u kupaonici, sanitarnim prostorima i ostalim vodootpornim povr\u0161inama. Nerazrije\u0111eno sredstvo nanesite na povr\u0161inu koju \u017eelite o\u010distiti, sa\u010dekajte da sredstvo djeluje nekoliko minuta (2-3), nakon djelovanja obri\u0161ite spu\u017evom ili krpom i temeljito isperite vodom. Sredstvo ne koristiti [...]","og_url":"https:\/\/kemoton.com\/hr\/proizvod\/xantor-multi-power-5l\/","og_site_name":"KEMOTON SHOP","article_modified_time":"2020-06-11T16:45:27+00:00","og_image":[{"width":1891,"height":1891,"url":"https:\/\/i0.wp.com\/kemoton.com\/wp-content\/uploads\/2020\/06\/XANTOR-MULTIPOWER-SPRICA.jpg?fit=1891%2C1891&ssl=1","type":"image\/jpeg"}],"twitter_card":"summary_large_image","schema":{"@context":"https:\/\/schema.org","@graph":[{"@type":"WebPage","@id":"https:\/\/kemoton.com\/hr\/proizvod\/xantor-multi-power-5l\/","url":"https:\/\/kemoton.com\/hr\/proizvod\/xantor-multi-power-5l\/","name":"XANTOR MULTI POWER 5L - KEMOTON SHOP","isPartOf":{"@id":"https:\/\/kemoton.com\/hr\/#website"},"primaryImageOfPage":{"@id":"https:\/\/kemoton.com\/hr\/proizvod\/xantor-multi-power-5l\/#primaryimage"},"image":{"@id":"https:\/\/kemoton.com\/hr\/proizvod\/xantor-multi-power-5l\/#primaryimage"},"thumbnailUrl":"https:\/\/i0.wp.com\/kemoton.com\/wp-content\/uploads\/2020\/06\/XANTOR-MULTIPOWER-SPRICA.jpg?fit=1891%2C1891&ssl=1","datePublished":"2020-06-11T16:43:32+00:00","dateModified":"2020-06-11T16:45:27+00:00","breadcrumb":{"@id":"https:\/\/kemoton.com\/hr\/proizvod\/xantor-multi-power-5l\/#breadcrumb"},"inLanguage":"hr","potentialAction":[{"@type":"ReadAction","target":["https:\/\/kemoton.com\/hr\/proizvod\/xantor-multi-power-5l\/"]}]},{"@type":"ImageObject","inLanguage":"hr","@id":"https:\/\/kemoton.com\/hr\/proizvod\/xantor-multi-power-5l\/#primaryimage","url":"https:\/\/i0.wp.com\/kemoton.com\/wp-content\/uploads\/2020\/06\/XANTOR-MULTIPOWER-SPRICA.jpg?fit=1891%2C1891&ssl=1","contentUrl":"https:\/\/i0.wp.com\/kemoton.com\/wp-content\/uploads\/2020\/06\/XANTOR-MULTIPOWER-SPRICA.jpg?fit=1891%2C1891&ssl=1","width":1891,"height":1891,"caption":"XANTOR-MULTIPOWER"},{"@type":"BreadcrumbList","@id":"https:\/\/kemoton.com\/hr\/proizvod\/xantor-multi-power-5l\/#breadcrumb","itemListElement":[{"@type":"ListItem","position":1,"name":"Home","item":"https:\/\/kemoton.com\/hr\/"},{"@type":"ListItem","position":2,"name":"Shop","item":"https:\/\/kemoton.com\/hr\/shop-2\/"},{"@type":"ListItem","position":3,"name":"XANTOR MULTI POWER 5L"}]},{"@type":"WebSite","@id":"https:\/\/kemoton.com\/hr\/#website","url":"https:\/\/kemoton.com\/hr\/","name":"KEMOTON SHOP","description":"Home of Brands","potentialAction":[{"@type":"SearchAction","target":{"@type":"EntryPoint","urlTemplate":"https:\/\/kemoton.com\/hr\/?s={search_term_string}"},"query-input":{"@type":"PropertyValueSpecification","valueRequired":true,"valueName":"search_term_string"}}],"inLanguage":"hr"}]}},"jetpack_sharing_enabled":true,"_links":{"self":[{"href":"https:\/\/kemoton.com\/hr\/wp-json\/wp\/v2\/product\/362","targetHints":{"allow":["GET"]}}],"collection":[{"href":"https:\/\/kemoton.com\/hr\/wp-json\/wp\/v2\/product"}],"about":[{"href":"https:\/\/kemoton.com\/hr\/wp-json\/wp\/v2\/types\/product"}],"replies":[{"embeddable":true,"href":"https:\/\/kemoton.com\/hr\/wp-json\/wp\/v2\/comments?post=362"}],"wp:featuredmedia":[{"embeddable":true,"href":"https:\/\/kemoton.com\/hr\/wp-json\/wp\/v2\/media\/357"}],"wp:attachment":[{"href":"https:\/\/kemoton.com\/hr\/wp-json\/wp\/v2\/media?parent=362"}],"wp:term":[{"taxonomy":"product_brand","embeddable":true,"href":"https:\/\/kemoton.com\/hr\/wp-json\/wp\/v2\/product_brand?post=362"},{"taxonomy":"product_cat","embeddable":true,"href":"https:\/\/kemoton.com\/hr\/wp-json\/wp\/v2\/product_cat?post=362"},{"taxonomy":"product_tag","embeddable":true,"href":"https:\/\/kemoton.com\/hr\/wp-json\/wp\/v2\/product_tag?post=362"}],"curies":[{"name":"wp","href":"https:\/\/api.w.org\/{rel}","templated":true}]}}