{"id":376,"date":"2020-06-11T16:50:44","date_gmt":"2020-06-11T16:50:44","guid":{"rendered":"https:\/\/kemoton.com\/product\/xantor-kitchen-fantasy-5l\/"},"modified":"2020-06-11T16:53:12","modified_gmt":"2020-06-11T16:53:12","slug":"xantor-kitchen-fantasy-5l","status":"publish","type":"product","link":"https:\/\/kemoton.com\/hr\/proizvod\/xantor-kitchen-fantasy-5l\/","title":{"rendered":"XANTOR KITCHEN FANTASY 5L"},"content":{"rendered":"<p>Sredstvo za \u010di\u0161\u0107enje kuhinjskih povr\u0161ina. U\u010dinkovita kombinacija sastojaka u proizvodu odstranjuje masno\u0107u, neutralizira povr\u0161inu i odstranjuje pra\u0161inu, daje intenzivan miris i sjaj o\u010di\u0161\u0107enoj povr\u0161ini. Preporu\u010duje se za \u010di\u0161\u0107enje svih radnih povr\u0161ina, drva, keramike, plastike (svih vodootpornih povr\u0161ina).<\/p>\n<p>Nerazrije\u0111eno sredstvo nanesite na povr\u0161inu koju \u017eelite o\u010distiti, sa\u010dekajte da sredstvo djeluje nekoliko minuta (1-2), nakon djelovanja obri\u0161ite spu\u017evom ili krpom. Ne koristiti na pozla\u0107enim povr\u0161inama.<\/p>\n","protected":false},"excerpt":{"rendered":"<p>Sredstvo za \u010di\u0161\u0107enje kuhinjskih povr\u0161ina. U\u010dinkovita kombinacija sastojaka u proizvodu odstranjuje masno\u0107u, neutralizira povr\u0161inu i odstranjuje pra\u0161inu, daje intenzivan miris i sjaj o\u010di\u0161\u0107enoj povr\u0161ini. Preporu\u010duje se za \u010di\u0161\u0107enje svih radnih povr\u0161ina, drva, keramike, plastike (svih vodootpornih povr\u0161ina). Nerazrije\u0111eno sredstvo nanesite na povr\u0161inu koju \u017eelite o\u010distiti, sa\u010dekajte da sredstvo djeluje nekoliko minuta (1-2), nakon djelovanja obri\u0161ite [&#8230;]\n","protected":false},"featured_media":373,"comment_status":"open","ping_status":"closed","template":"","meta":{"_monsterinsights_skip_tracking":false,"_monsterinsights_sitenote_active":false,"_monsterinsights_sitenote_note":"","_monsterinsights_sitenote_category":0},"product_brand":[],"product_cat":[56],"product_tag":[],"class_list":{"0":"post-376","1":"product","2":"type-product","3":"status-publish","4":"has-post-thumbnail","6":"product_cat-xantor","8":"first","9":"instock","10":"taxable","11":"shipping-taxable","12":"purchasable","13":"product-type-simple"},"yoast_head":"<!-- This site is optimized with the Yoast SEO plugin v26.6 - https:\/\/yoast.com\/wordpress\/plugins\/seo\/ -->\n<title>XANTOR KITCHEN FANTASY 5L - KEMOTON SHOP<\/title>\n<meta name=\"robots\" content=\"index, follow, max-snippet:-1, max-image-preview:large, max-video-preview:-1\" \/>\n<link rel=\"canonical\" href=\"https:\/\/kemoton.com\/hr\/proizvod\/xantor-kitchen-fantasy-5l\/\" \/>\n<meta property=\"og:locale\" content=\"hr_HR\" \/>\n<meta property=\"og:type\" content=\"article\" \/>\n<meta property=\"og:title\" content=\"XANTOR KITCHEN FANTASY 5L - KEMOTON SHOP\" \/>\n<meta property=\"og:description\" content=\"Sredstvo za \u010di\u0161\u0107enje kuhinjskih povr\u0161ina. U\u010dinkovita kombinacija sastojaka u proizvodu odstranjuje masno\u0107u, neutralizira povr\u0161inu i odstranjuje pra\u0161inu, daje intenzivan miris i sjaj o\u010di\u0161\u0107enoj povr\u0161ini. Preporu\u010duje se za \u010di\u0161\u0107enje svih radnih povr\u0161ina, drva, keramike, plastike (svih vodootpornih povr\u0161ina). Nerazrije\u0111eno sredstvo nanesite na povr\u0161inu koju \u017eelite o\u010distiti, sa\u010dekajte da sredstvo djeluje nekoliko minuta (1-2), nakon djelovanja obri\u0161ite [...]\" \/>\n<meta property=\"og:url\" content=\"https:\/\/kemoton.com\/hr\/proizvod\/xantor-kitchen-fantasy-5l\/\" \/>\n<meta property=\"og:site_name\" content=\"KEMOTON SHOP\" \/>\n<meta property=\"article:modified_time\" content=\"2020-06-11T16:53:12+00:00\" \/>\n<meta property=\"og:image\" content=\"https:\/\/i0.wp.com\/kemoton.com\/wp-content\/uploads\/2020\/06\/XANTOR-KITCHENFANTASY-SPRICA-1.jpg?fit=1891%2C1891&ssl=1\" \/>\n\t<meta property=\"og:image:width\" content=\"1891\" \/>\n\t<meta property=\"og:image:height\" content=\"1891\" \/>\n\t<meta property=\"og:image:type\" content=\"image\/jpeg\" \/>\n<meta name=\"twitter:card\" content=\"summary_large_image\" \/>\n<script type=\"application\/ld+json\" class=\"yoast-schema-graph\">{\"@context\":\"https:\/\/schema.org\",\"@graph\":[{\"@type\":\"WebPage\",\"@id\":\"https:\/\/kemoton.com\/hr\/proizvod\/xantor-kitchen-fantasy-5l\/\",\"url\":\"https:\/\/kemoton.com\/hr\/proizvod\/xantor-kitchen-fantasy-5l\/\",\"name\":\"XANTOR KITCHEN FANTASY 5L - KEMOTON SHOP\",\"isPartOf\":{\"@id\":\"https:\/\/kemoton.com\/hr\/#website\"},\"primaryImageOfPage\":{\"@id\":\"https:\/\/kemoton.com\/hr\/proizvod\/xantor-kitchen-fantasy-5l\/#primaryimage\"},\"image\":{\"@id\":\"https:\/\/kemoton.com\/hr\/proizvod\/xantor-kitchen-fantasy-5l\/#primaryimage\"},\"thumbnailUrl\":\"https:\/\/i0.wp.com\/kemoton.com\/wp-content\/uploads\/2020\/06\/XANTOR-KITCHENFANTASY-SPRICA-1.jpg?fit=1891%2C1891&ssl=1\",\"datePublished\":\"2020-06-11T16:50:44+00:00\",\"dateModified\":\"2020-06-11T16:53:12+00:00\",\"breadcrumb\":{\"@id\":\"https:\/\/kemoton.com\/hr\/proizvod\/xantor-kitchen-fantasy-5l\/#breadcrumb\"},\"inLanguage\":\"hr\",\"potentialAction\":[{\"@type\":\"ReadAction\",\"target\":[\"https:\/\/kemoton.com\/hr\/proizvod\/xantor-kitchen-fantasy-5l\/\"]}]},{\"@type\":\"ImageObject\",\"inLanguage\":\"hr\",\"@id\":\"https:\/\/kemoton.com\/hr\/proizvod\/xantor-kitchen-fantasy-5l\/#primaryimage\",\"url\":\"https:\/\/i0.wp.com\/kemoton.com\/wp-content\/uploads\/2020\/06\/XANTOR-KITCHENFANTASY-SPRICA-1.jpg?fit=1891%2C1891&ssl=1\",\"contentUrl\":\"https:\/\/i0.wp.com\/kemoton.com\/wp-content\/uploads\/2020\/06\/XANTOR-KITCHENFANTASY-SPRICA-1.jpg?fit=1891%2C1891&ssl=1\",\"width\":1891,\"height\":1891,\"caption\":\"XANTOR-KITCHEN-FANTASY-5L\"},{\"@type\":\"BreadcrumbList\",\"@id\":\"https:\/\/kemoton.com\/hr\/proizvod\/xantor-kitchen-fantasy-5l\/#breadcrumb\",\"itemListElement\":[{\"@type\":\"ListItem\",\"position\":1,\"name\":\"Home\",\"item\":\"https:\/\/kemoton.com\/hr\/\"},{\"@type\":\"ListItem\",\"position\":2,\"name\":\"Shop\",\"item\":\"https:\/\/kemoton.com\/hr\/shop-2\/\"},{\"@type\":\"ListItem\",\"position\":3,\"name\":\"XANTOR KITCHEN FANTASY 5L\"}]},{\"@type\":\"WebSite\",\"@id\":\"https:\/\/kemoton.com\/hr\/#website\",\"url\":\"https:\/\/kemoton.com\/hr\/\",\"name\":\"KEMOTON SHOP\",\"description\":\"Home of Brands\",\"potentialAction\":[{\"@type\":\"SearchAction\",\"target\":{\"@type\":\"EntryPoint\",\"urlTemplate\":\"https:\/\/kemoton.com\/hr\/?s={search_term_string}\"},\"query-input\":{\"@type\":\"PropertyValueSpecification\",\"valueRequired\":true,\"valueName\":\"search_term_string\"}}],\"inLanguage\":\"hr\"}]}<\/script>\n<!-- \/ Yoast SEO plugin. -->","yoast_head_json":{"title":"XANTOR KITCHEN FANTASY 5L - KEMOTON SHOP","robots":{"index":"index","follow":"follow","max-snippet":"max-snippet:-1","max-image-preview":"max-image-preview:large","max-video-preview":"max-video-preview:-1"},"canonical":"https:\/\/kemoton.com\/hr\/proizvod\/xantor-kitchen-fantasy-5l\/","og_locale":"hr_HR","og_type":"article","og_title":"XANTOR KITCHEN FANTASY 5L - KEMOTON SHOP","og_description":"Sredstvo za \u010di\u0161\u0107enje kuhinjskih povr\u0161ina. U\u010dinkovita kombinacija sastojaka u proizvodu odstranjuje masno\u0107u, neutralizira povr\u0161inu i odstranjuje pra\u0161inu, daje intenzivan miris i sjaj o\u010di\u0161\u0107enoj povr\u0161ini. Preporu\u010duje se za \u010di\u0161\u0107enje svih radnih povr\u0161ina, drva, keramike, plastike (svih vodootpornih povr\u0161ina). Nerazrije\u0111eno sredstvo nanesite na povr\u0161inu koju \u017eelite o\u010distiti, sa\u010dekajte da sredstvo djeluje nekoliko minuta (1-2), nakon djelovanja obri\u0161ite [...]","og_url":"https:\/\/kemoton.com\/hr\/proizvod\/xantor-kitchen-fantasy-5l\/","og_site_name":"KEMOTON SHOP","article_modified_time":"2020-06-11T16:53:12+00:00","og_image":[{"width":1891,"height":1891,"url":"https:\/\/i0.wp.com\/kemoton.com\/wp-content\/uploads\/2020\/06\/XANTOR-KITCHENFANTASY-SPRICA-1.jpg?fit=1891%2C1891&ssl=1","type":"image\/jpeg"}],"twitter_card":"summary_large_image","schema":{"@context":"https:\/\/schema.org","@graph":[{"@type":"WebPage","@id":"https:\/\/kemoton.com\/hr\/proizvod\/xantor-kitchen-fantasy-5l\/","url":"https:\/\/kemoton.com\/hr\/proizvod\/xantor-kitchen-fantasy-5l\/","name":"XANTOR KITCHEN FANTASY 5L - KEMOTON SHOP","isPartOf":{"@id":"https:\/\/kemoton.com\/hr\/#website"},"primaryImageOfPage":{"@id":"https:\/\/kemoton.com\/hr\/proizvod\/xantor-kitchen-fantasy-5l\/#primaryimage"},"image":{"@id":"https:\/\/kemoton.com\/hr\/proizvod\/xantor-kitchen-fantasy-5l\/#primaryimage"},"thumbnailUrl":"https:\/\/i0.wp.com\/kemoton.com\/wp-content\/uploads\/2020\/06\/XANTOR-KITCHENFANTASY-SPRICA-1.jpg?fit=1891%2C1891&ssl=1","datePublished":"2020-06-11T16:50:44+00:00","dateModified":"2020-06-11T16:53:12+00:00","breadcrumb":{"@id":"https:\/\/kemoton.com\/hr\/proizvod\/xantor-kitchen-fantasy-5l\/#breadcrumb"},"inLanguage":"hr","potentialAction":[{"@type":"ReadAction","target":["https:\/\/kemoton.com\/hr\/proizvod\/xantor-kitchen-fantasy-5l\/"]}]},{"@type":"ImageObject","inLanguage":"hr","@id":"https:\/\/kemoton.com\/hr\/proizvod\/xantor-kitchen-fantasy-5l\/#primaryimage","url":"https:\/\/i0.wp.com\/kemoton.com\/wp-content\/uploads\/2020\/06\/XANTOR-KITCHENFANTASY-SPRICA-1.jpg?fit=1891%2C1891&ssl=1","contentUrl":"https:\/\/i0.wp.com\/kemoton.com\/wp-content\/uploads\/2020\/06\/XANTOR-KITCHENFANTASY-SPRICA-1.jpg?fit=1891%2C1891&ssl=1","width":1891,"height":1891,"caption":"XANTOR-KITCHEN-FANTASY-5L"},{"@type":"BreadcrumbList","@id":"https:\/\/kemoton.com\/hr\/proizvod\/xantor-kitchen-fantasy-5l\/#breadcrumb","itemListElement":[{"@type":"ListItem","position":1,"name":"Home","item":"https:\/\/kemoton.com\/hr\/"},{"@type":"ListItem","position":2,"name":"Shop","item":"https:\/\/kemoton.com\/hr\/shop-2\/"},{"@type":"ListItem","position":3,"name":"XANTOR KITCHEN FANTASY 5L"}]},{"@type":"WebSite","@id":"https:\/\/kemoton.com\/hr\/#website","url":"https:\/\/kemoton.com\/hr\/","name":"KEMOTON SHOP","description":"Home of Brands","potentialAction":[{"@type":"SearchAction","target":{"@type":"EntryPoint","urlTemplate":"https:\/\/kemoton.com\/hr\/?s={search_term_string}"},"query-input":{"@type":"PropertyValueSpecification","valueRequired":true,"valueName":"search_term_string"}}],"inLanguage":"hr"}]}},"jetpack_sharing_enabled":true,"_links":{"self":[{"href":"https:\/\/kemoton.com\/hr\/wp-json\/wp\/v2\/product\/376","targetHints":{"allow":["GET"]}}],"collection":[{"href":"https:\/\/kemoton.com\/hr\/wp-json\/wp\/v2\/product"}],"about":[{"href":"https:\/\/kemoton.com\/hr\/wp-json\/wp\/v2\/types\/product"}],"replies":[{"embeddable":true,"href":"https:\/\/kemoton.com\/hr\/wp-json\/wp\/v2\/comments?post=376"}],"wp:featuredmedia":[{"embeddable":true,"href":"https:\/\/kemoton.com\/hr\/wp-json\/wp\/v2\/media\/373"}],"wp:attachment":[{"href":"https:\/\/kemoton.com\/hr\/wp-json\/wp\/v2\/media?parent=376"}],"wp:term":[{"taxonomy":"product_brand","embeddable":true,"href":"https:\/\/kemoton.com\/hr\/wp-json\/wp\/v2\/product_brand?post=376"},{"taxonomy":"product_cat","embeddable":true,"href":"https:\/\/kemoton.com\/hr\/wp-json\/wp\/v2\/product_cat?post=376"},{"taxonomy":"product_tag","embeddable":true,"href":"https:\/\/kemoton.com\/hr\/wp-json\/wp\/v2\/product_tag?post=376"}],"curies":[{"name":"wp","href":"https:\/\/api.w.org\/{rel}","templated":true}]}}