{"id":396,"date":"2020-06-11T16:59:53","date_gmt":"2020-06-11T16:59:53","guid":{"rendered":"https:\/\/kemoton.com\/product\/santor-crystal-blue\/"},"modified":"2020-06-16T15:19:42","modified_gmt":"2020-06-16T15:19:42","slug":"xantor-crystal-blue","status":"publish","type":"product","link":"https:\/\/kemoton.com\/hr\/proizvod\/xantor-crystal-blue\/","title":{"rendered":"XANTOR CRYSTAL BLUE"},"content":{"rendered":"<p>Sredstvo za \u010di\u0161\u0107enje staklenih i glatkih povr\u0161ina. Slu\u017ei za \u010di\u0161\u0107enje prozora, ogledala ,ekrana TV-a , ra\u010dunala te ostalih staklenih povr\u0161ina. Neutralizira stati\u010dki elektricitet i dugotrajno \u0161titi od nakupljanja pra\u0161ine i smoga. Spre\u010dava zamagljivanje o\u010di\u0161\u0107enih povr\u0161ina. Ekolo\u0161ki prihvatljiv.<\/p>\n<p>Raspr\u0161iva\u010d okrenite na oznaku SPRAY ili STREAM, sredstvo raspr\u0161ite po povr\u0161ini koju \u010distite i obri\u0161ite papirom ili suhom krpom. Nakon \u010di\u0161\u0107enja raspr\u0161iva\u010d okrenite na oznaku OFF. Kod tvrdokornijih naslaga ne\u010disto\u0107a ostavite da sredstvo djeluje 30 sekundi, te nakon toga obri\u0161ite suhom krpom.<\/p>\n","protected":false},"excerpt":{"rendered":"<p>Sredstvo za \u010di\u0161\u0107enje staklenih i glatkih povr\u0161ina. Slu\u017ei za \u010di\u0161\u0107enje prozora, ogledala ,ekrana TV-a , ra\u010dunala te ostalih staklenih povr\u0161ina. Neutralizira stati\u010dki elektricitet i dugotrajno \u0161titi od nakupljanja pra\u0161ine i smoga. Spre\u010dava zamagljivanje o\u010di\u0161\u0107enih povr\u0161ina. Ekolo\u0161ki prihvatljiv. Raspr\u0161iva\u010d okrenite na oznaku SPRAY ili STREAM, sredstvo raspr\u0161ite po povr\u0161ini koju \u010distite i obri\u0161ite papirom ili suhom [&#8230;]\n","protected":false},"featured_media":393,"comment_status":"open","ping_status":"closed","template":"","meta":{"_monsterinsights_skip_tracking":false,"_monsterinsights_sitenote_active":false,"_monsterinsights_sitenote_note":"","_monsterinsights_sitenote_category":0},"product_brand":[],"product_cat":[56],"product_tag":[],"class_list":{"0":"post-396","1":"product","2":"type-product","3":"status-publish","4":"has-post-thumbnail","6":"product_cat-xantor","8":"first","9":"instock","10":"taxable","11":"shipping-taxable","12":"purchasable","13":"product-type-simple"},"yoast_head":"<!-- This site is optimized with the Yoast SEO plugin v26.6 - https:\/\/yoast.com\/wordpress\/plugins\/seo\/ -->\n<title>XANTOR CRYSTAL BLUE - KEMOTON SHOP<\/title>\n<meta name=\"robots\" content=\"index, follow, max-snippet:-1, max-image-preview:large, max-video-preview:-1\" \/>\n<link rel=\"canonical\" href=\"https:\/\/kemoton.com\/hr\/proizvod\/xantor-crystal-blue\/\" \/>\n<meta property=\"og:locale\" content=\"hr_HR\" \/>\n<meta property=\"og:type\" content=\"article\" \/>\n<meta property=\"og:title\" content=\"XANTOR CRYSTAL BLUE - KEMOTON SHOP\" \/>\n<meta property=\"og:description\" content=\"Sredstvo za \u010di\u0161\u0107enje staklenih i glatkih povr\u0161ina. Slu\u017ei za \u010di\u0161\u0107enje prozora, ogledala ,ekrana TV-a , ra\u010dunala te ostalih staklenih povr\u0161ina. Neutralizira stati\u010dki elektricitet i dugotrajno \u0161titi od nakupljanja pra\u0161ine i smoga. Spre\u010dava zamagljivanje o\u010di\u0161\u0107enih povr\u0161ina. Ekolo\u0161ki prihvatljiv. Raspr\u0161iva\u010d okrenite na oznaku SPRAY ili STREAM, sredstvo raspr\u0161ite po povr\u0161ini koju \u010distite i obri\u0161ite papirom ili suhom [...]\" \/>\n<meta property=\"og:url\" content=\"https:\/\/kemoton.com\/hr\/proizvod\/xantor-crystal-blue\/\" \/>\n<meta property=\"og:site_name\" content=\"KEMOTON SHOP\" \/>\n<meta property=\"article:modified_time\" content=\"2020-06-16T15:19:42+00:00\" \/>\n<meta property=\"og:image\" content=\"https:\/\/i0.wp.com\/kemoton.com\/wp-content\/uploads\/2020\/06\/XANTOR-CRYSTALBLUE-SPRICA.jpg?fit=1891%2C1891&ssl=1\" \/>\n\t<meta property=\"og:image:width\" content=\"1891\" \/>\n\t<meta property=\"og:image:height\" content=\"1891\" \/>\n\t<meta property=\"og:image:type\" content=\"image\/jpeg\" \/>\n<meta name=\"twitter:card\" content=\"summary_large_image\" \/>\n<script type=\"application\/ld+json\" class=\"yoast-schema-graph\">{\"@context\":\"https:\/\/schema.org\",\"@graph\":[{\"@type\":\"WebPage\",\"@id\":\"https:\/\/kemoton.com\/hr\/proizvod\/xantor-crystal-blue\/\",\"url\":\"https:\/\/kemoton.com\/hr\/proizvod\/xantor-crystal-blue\/\",\"name\":\"XANTOR CRYSTAL BLUE - KEMOTON SHOP\",\"isPartOf\":{\"@id\":\"https:\/\/kemoton.com\/hr\/#website\"},\"primaryImageOfPage\":{\"@id\":\"https:\/\/kemoton.com\/hr\/proizvod\/xantor-crystal-blue\/#primaryimage\"},\"image\":{\"@id\":\"https:\/\/kemoton.com\/hr\/proizvod\/xantor-crystal-blue\/#primaryimage\"},\"thumbnailUrl\":\"https:\/\/i0.wp.com\/kemoton.com\/wp-content\/uploads\/2020\/06\/XANTOR-CRYSTALBLUE-SPRICA.jpg?fit=1891%2C1891&ssl=1\",\"datePublished\":\"2020-06-11T16:59:53+00:00\",\"dateModified\":\"2020-06-16T15:19:42+00:00\",\"breadcrumb\":{\"@id\":\"https:\/\/kemoton.com\/hr\/proizvod\/xantor-crystal-blue\/#breadcrumb\"},\"inLanguage\":\"hr\",\"potentialAction\":[{\"@type\":\"ReadAction\",\"target\":[\"https:\/\/kemoton.com\/hr\/proizvod\/xantor-crystal-blue\/\"]}]},{\"@type\":\"ImageObject\",\"inLanguage\":\"hr\",\"@id\":\"https:\/\/kemoton.com\/hr\/proizvod\/xantor-crystal-blue\/#primaryimage\",\"url\":\"https:\/\/i0.wp.com\/kemoton.com\/wp-content\/uploads\/2020\/06\/XANTOR-CRYSTALBLUE-SPRICA.jpg?fit=1891%2C1891&ssl=1\",\"contentUrl\":\"https:\/\/i0.wp.com\/kemoton.com\/wp-content\/uploads\/2020\/06\/XANTOR-CRYSTALBLUE-SPRICA.jpg?fit=1891%2C1891&ssl=1\",\"width\":1891,\"height\":1891,\"caption\":\"XANTOR-CRYSTAL-BLUE\"},{\"@type\":\"BreadcrumbList\",\"@id\":\"https:\/\/kemoton.com\/hr\/proizvod\/xantor-crystal-blue\/#breadcrumb\",\"itemListElement\":[{\"@type\":\"ListItem\",\"position\":1,\"name\":\"Home\",\"item\":\"https:\/\/kemoton.com\/hr\/\"},{\"@type\":\"ListItem\",\"position\":2,\"name\":\"Shop\",\"item\":\"https:\/\/kemoton.com\/hr\/shop-2\/\"},{\"@type\":\"ListItem\",\"position\":3,\"name\":\"XANTOR CRYSTAL BLUE\"}]},{\"@type\":\"WebSite\",\"@id\":\"https:\/\/kemoton.com\/hr\/#website\",\"url\":\"https:\/\/kemoton.com\/hr\/\",\"name\":\"KEMOTON SHOP\",\"description\":\"Home of Brands\",\"potentialAction\":[{\"@type\":\"SearchAction\",\"target\":{\"@type\":\"EntryPoint\",\"urlTemplate\":\"https:\/\/kemoton.com\/hr\/?s={search_term_string}\"},\"query-input\":{\"@type\":\"PropertyValueSpecification\",\"valueRequired\":true,\"valueName\":\"search_term_string\"}}],\"inLanguage\":\"hr\"}]}<\/script>\n<!-- \/ Yoast SEO plugin. -->","yoast_head_json":{"title":"XANTOR CRYSTAL BLUE - KEMOTON SHOP","robots":{"index":"index","follow":"follow","max-snippet":"max-snippet:-1","max-image-preview":"max-image-preview:large","max-video-preview":"max-video-preview:-1"},"canonical":"https:\/\/kemoton.com\/hr\/proizvod\/xantor-crystal-blue\/","og_locale":"hr_HR","og_type":"article","og_title":"XANTOR CRYSTAL BLUE - KEMOTON SHOP","og_description":"Sredstvo za \u010di\u0161\u0107enje staklenih i glatkih povr\u0161ina. Slu\u017ei za \u010di\u0161\u0107enje prozora, ogledala ,ekrana TV-a , ra\u010dunala te ostalih staklenih povr\u0161ina. Neutralizira stati\u010dki elektricitet i dugotrajno \u0161titi od nakupljanja pra\u0161ine i smoga. Spre\u010dava zamagljivanje o\u010di\u0161\u0107enih povr\u0161ina. Ekolo\u0161ki prihvatljiv. Raspr\u0161iva\u010d okrenite na oznaku SPRAY ili STREAM, sredstvo raspr\u0161ite po povr\u0161ini koju \u010distite i obri\u0161ite papirom ili suhom [...]","og_url":"https:\/\/kemoton.com\/hr\/proizvod\/xantor-crystal-blue\/","og_site_name":"KEMOTON SHOP","article_modified_time":"2020-06-16T15:19:42+00:00","og_image":[{"width":1891,"height":1891,"url":"https:\/\/i0.wp.com\/kemoton.com\/wp-content\/uploads\/2020\/06\/XANTOR-CRYSTALBLUE-SPRICA.jpg?fit=1891%2C1891&ssl=1","type":"image\/jpeg"}],"twitter_card":"summary_large_image","schema":{"@context":"https:\/\/schema.org","@graph":[{"@type":"WebPage","@id":"https:\/\/kemoton.com\/hr\/proizvod\/xantor-crystal-blue\/","url":"https:\/\/kemoton.com\/hr\/proizvod\/xantor-crystal-blue\/","name":"XANTOR CRYSTAL BLUE - KEMOTON SHOP","isPartOf":{"@id":"https:\/\/kemoton.com\/hr\/#website"},"primaryImageOfPage":{"@id":"https:\/\/kemoton.com\/hr\/proizvod\/xantor-crystal-blue\/#primaryimage"},"image":{"@id":"https:\/\/kemoton.com\/hr\/proizvod\/xantor-crystal-blue\/#primaryimage"},"thumbnailUrl":"https:\/\/i0.wp.com\/kemoton.com\/wp-content\/uploads\/2020\/06\/XANTOR-CRYSTALBLUE-SPRICA.jpg?fit=1891%2C1891&ssl=1","datePublished":"2020-06-11T16:59:53+00:00","dateModified":"2020-06-16T15:19:42+00:00","breadcrumb":{"@id":"https:\/\/kemoton.com\/hr\/proizvod\/xantor-crystal-blue\/#breadcrumb"},"inLanguage":"hr","potentialAction":[{"@type":"ReadAction","target":["https:\/\/kemoton.com\/hr\/proizvod\/xantor-crystal-blue\/"]}]},{"@type":"ImageObject","inLanguage":"hr","@id":"https:\/\/kemoton.com\/hr\/proizvod\/xantor-crystal-blue\/#primaryimage","url":"https:\/\/i0.wp.com\/kemoton.com\/wp-content\/uploads\/2020\/06\/XANTOR-CRYSTALBLUE-SPRICA.jpg?fit=1891%2C1891&ssl=1","contentUrl":"https:\/\/i0.wp.com\/kemoton.com\/wp-content\/uploads\/2020\/06\/XANTOR-CRYSTALBLUE-SPRICA.jpg?fit=1891%2C1891&ssl=1","width":1891,"height":1891,"caption":"XANTOR-CRYSTAL-BLUE"},{"@type":"BreadcrumbList","@id":"https:\/\/kemoton.com\/hr\/proizvod\/xantor-crystal-blue\/#breadcrumb","itemListElement":[{"@type":"ListItem","position":1,"name":"Home","item":"https:\/\/kemoton.com\/hr\/"},{"@type":"ListItem","position":2,"name":"Shop","item":"https:\/\/kemoton.com\/hr\/shop-2\/"},{"@type":"ListItem","position":3,"name":"XANTOR CRYSTAL BLUE"}]},{"@type":"WebSite","@id":"https:\/\/kemoton.com\/hr\/#website","url":"https:\/\/kemoton.com\/hr\/","name":"KEMOTON SHOP","description":"Home of Brands","potentialAction":[{"@type":"SearchAction","target":{"@type":"EntryPoint","urlTemplate":"https:\/\/kemoton.com\/hr\/?s={search_term_string}"},"query-input":{"@type":"PropertyValueSpecification","valueRequired":true,"valueName":"search_term_string"}}],"inLanguage":"hr"}]}},"jetpack_sharing_enabled":true,"_links":{"self":[{"href":"https:\/\/kemoton.com\/hr\/wp-json\/wp\/v2\/product\/396","targetHints":{"allow":["GET"]}}],"collection":[{"href":"https:\/\/kemoton.com\/hr\/wp-json\/wp\/v2\/product"}],"about":[{"href":"https:\/\/kemoton.com\/hr\/wp-json\/wp\/v2\/types\/product"}],"replies":[{"embeddable":true,"href":"https:\/\/kemoton.com\/hr\/wp-json\/wp\/v2\/comments?post=396"}],"wp:featuredmedia":[{"embeddable":true,"href":"https:\/\/kemoton.com\/hr\/wp-json\/wp\/v2\/media\/393"}],"wp:attachment":[{"href":"https:\/\/kemoton.com\/hr\/wp-json\/wp\/v2\/media?parent=396"}],"wp:term":[{"taxonomy":"product_brand","embeddable":true,"href":"https:\/\/kemoton.com\/hr\/wp-json\/wp\/v2\/product_brand?post=396"},{"taxonomy":"product_cat","embeddable":true,"href":"https:\/\/kemoton.com\/hr\/wp-json\/wp\/v2\/product_cat?post=396"},{"taxonomy":"product_tag","embeddable":true,"href":"https:\/\/kemoton.com\/hr\/wp-json\/wp\/v2\/product_tag?post=396"}],"curies":[{"name":"wp","href":"https:\/\/api.w.org\/{rel}","templated":true}]}}