{"id":398,"date":"2020-06-11T17:01:43","date_gmt":"2020-06-11T17:01:43","guid":{"rendered":"https:\/\/kemoton.com\/product\/santor-universal-orange-concentrate\/"},"modified":"2020-06-16T15:33:58","modified_gmt":"2020-06-16T15:33:58","slug":"xantor-universal-orange-concentrate","status":"publish","type":"product","link":"https:\/\/kemoton.com\/hr\/proizvod\/xantor-universal-orange-concentrate\/","title":{"rendered":"XANTOR UNIVERSAL ORANGE concentrate"},"content":{"rendered":"<p>Univerzalno sredstvo za \u010di\u0161\u0107enje u\u010dinkovito odstranjuje masno\u0107e i osigurava besprijekornu \u010disto\u0107u. Slu\u017ei za \u010di\u0161\u0107enje podova, zidova, plo\u010dica i drugih povr\u0161ina od kamena, mramora i umjetnih materijala. Za sjaj i ugodan miris u \u010ditavoj ku\u0107i.<\/p>\n<p>Razrije\u0111eno sredstvo upotrebljava se za \u010di\u0161\u0107enje ve\u0107ih povr\u0161ina (1-2 \u010depa na 5 lit. vode).Nije potrebno ispirati. Za tvrdokornu prljav\u0161tinu upotrebljavajte nerazrije\u0111eno sredstvo (nanesite ga direktno na spu\u017evu ili krpu kojom \u010distite). Kod posebno osjetljivih povr\u0161ina isprobajte proizvod na manjoj povr\u0161ini.<\/p>\n","protected":false},"excerpt":{"rendered":"<p>Univerzalno sredstvo za \u010di\u0161\u0107enje u\u010dinkovito odstranjuje masno\u0107e i osigurava besprijekornu \u010disto\u0107u. Slu\u017ei za \u010di\u0161\u0107enje podova, zidova, plo\u010dica i drugih povr\u0161ina od kamena, mramora i umjetnih materijala. Za sjaj i ugodan miris u \u010ditavoj ku\u0107i. Razrije\u0111eno sredstvo upotrebljava se za \u010di\u0161\u0107enje ve\u0107ih povr\u0161ina (1-2 \u010depa na 5 lit. vode).Nije potrebno ispirati. Za tvrdokornu prljav\u0161tinu upotrebljavajte nerazrije\u0111eno [&#8230;]\n","protected":false},"featured_media":379,"comment_status":"open","ping_status":"closed","template":"","meta":{"_monsterinsights_skip_tracking":false,"_monsterinsights_sitenote_active":false,"_monsterinsights_sitenote_note":"","_monsterinsights_sitenote_category":0},"product_brand":[],"product_cat":[56],"product_tag":[],"class_list":{"0":"post-398","1":"product","2":"type-product","3":"status-publish","4":"has-post-thumbnail","6":"product_cat-xantor","8":"first","9":"instock","10":"taxable","11":"shipping-taxable","12":"purchasable","13":"product-type-simple"},"yoast_head":"<!-- This site is optimized with the Yoast SEO plugin v26.6 - https:\/\/yoast.com\/wordpress\/plugins\/seo\/ -->\n<title>XANTOR UNIVERSAL ORANGE concentrate - KEMOTON SHOP<\/title>\n<meta name=\"robots\" content=\"index, follow, max-snippet:-1, max-image-preview:large, max-video-preview:-1\" \/>\n<link rel=\"canonical\" href=\"https:\/\/kemoton.com\/hr\/proizvod\/xantor-universal-orange-concentrate\/\" \/>\n<meta property=\"og:locale\" content=\"hr_HR\" \/>\n<meta property=\"og:type\" content=\"article\" \/>\n<meta property=\"og:title\" content=\"XANTOR UNIVERSAL ORANGE concentrate - KEMOTON SHOP\" \/>\n<meta property=\"og:description\" content=\"Univerzalno sredstvo za \u010di\u0161\u0107enje u\u010dinkovito odstranjuje masno\u0107e i osigurava besprijekornu \u010disto\u0107u. Slu\u017ei za \u010di\u0161\u0107enje podova, zidova, plo\u010dica i drugih povr\u0161ina od kamena, mramora i umjetnih materijala. Za sjaj i ugodan miris u \u010ditavoj ku\u0107i. Razrije\u0111eno sredstvo upotrebljava se za \u010di\u0161\u0107enje ve\u0107ih povr\u0161ina (1-2 \u010depa na 5 lit. vode).Nije potrebno ispirati. Za tvrdokornu prljav\u0161tinu upotrebljavajte nerazrije\u0111eno [...]\" \/>\n<meta property=\"og:url\" content=\"https:\/\/kemoton.com\/hr\/proizvod\/xantor-universal-orange-concentrate\/\" \/>\n<meta property=\"og:site_name\" content=\"KEMOTON SHOP\" \/>\n<meta property=\"article:modified_time\" content=\"2020-06-16T15:33:58+00:00\" \/>\n<meta property=\"og:image\" content=\"https:\/\/i0.wp.com\/kemoton.com\/wp-content\/uploads\/2020\/06\/XANTOR-UNIVERSAL-ORANGE.jpg?fit=1520%2C1520&ssl=1\" \/>\n\t<meta property=\"og:image:width\" content=\"1520\" \/>\n\t<meta property=\"og:image:height\" content=\"1520\" \/>\n\t<meta property=\"og:image:type\" content=\"image\/jpeg\" \/>\n<meta name=\"twitter:card\" content=\"summary_large_image\" \/>\n<script type=\"application\/ld+json\" class=\"yoast-schema-graph\">{\"@context\":\"https:\/\/schema.org\",\"@graph\":[{\"@type\":\"WebPage\",\"@id\":\"https:\/\/kemoton.com\/hr\/proizvod\/xantor-universal-orange-concentrate\/\",\"url\":\"https:\/\/kemoton.com\/hr\/proizvod\/xantor-universal-orange-concentrate\/\",\"name\":\"XANTOR UNIVERSAL ORANGE concentrate - KEMOTON SHOP\",\"isPartOf\":{\"@id\":\"https:\/\/kemoton.com\/hr\/#website\"},\"primaryImageOfPage\":{\"@id\":\"https:\/\/kemoton.com\/hr\/proizvod\/xantor-universal-orange-concentrate\/#primaryimage\"},\"image\":{\"@id\":\"https:\/\/kemoton.com\/hr\/proizvod\/xantor-universal-orange-concentrate\/#primaryimage\"},\"thumbnailUrl\":\"https:\/\/i0.wp.com\/kemoton.com\/wp-content\/uploads\/2020\/06\/XANTOR-UNIVERSAL-ORANGE.jpg?fit=1520%2C1520&ssl=1\",\"datePublished\":\"2020-06-11T17:01:43+00:00\",\"dateModified\":\"2020-06-16T15:33:58+00:00\",\"breadcrumb\":{\"@id\":\"https:\/\/kemoton.com\/hr\/proizvod\/xantor-universal-orange-concentrate\/#breadcrumb\"},\"inLanguage\":\"hr\",\"potentialAction\":[{\"@type\":\"ReadAction\",\"target\":[\"https:\/\/kemoton.com\/hr\/proizvod\/xantor-universal-orange-concentrate\/\"]}]},{\"@type\":\"ImageObject\",\"inLanguage\":\"hr\",\"@id\":\"https:\/\/kemoton.com\/hr\/proizvod\/xantor-universal-orange-concentrate\/#primaryimage\",\"url\":\"https:\/\/i0.wp.com\/kemoton.com\/wp-content\/uploads\/2020\/06\/XANTOR-UNIVERSAL-ORANGE.jpg?fit=1520%2C1520&ssl=1\",\"contentUrl\":\"https:\/\/i0.wp.com\/kemoton.com\/wp-content\/uploads\/2020\/06\/XANTOR-UNIVERSAL-ORANGE.jpg?fit=1520%2C1520&ssl=1\",\"width\":1520,\"height\":1520,\"caption\":\"XANTOR-UNIVERSAL-ORANGE\"},{\"@type\":\"BreadcrumbList\",\"@id\":\"https:\/\/kemoton.com\/hr\/proizvod\/xantor-universal-orange-concentrate\/#breadcrumb\",\"itemListElement\":[{\"@type\":\"ListItem\",\"position\":1,\"name\":\"Home\",\"item\":\"https:\/\/kemoton.com\/hr\/\"},{\"@type\":\"ListItem\",\"position\":2,\"name\":\"Shop\",\"item\":\"https:\/\/kemoton.com\/hr\/shop-2\/\"},{\"@type\":\"ListItem\",\"position\":3,\"name\":\"XANTOR UNIVERSAL ORANGE concentrate\"}]},{\"@type\":\"WebSite\",\"@id\":\"https:\/\/kemoton.com\/hr\/#website\",\"url\":\"https:\/\/kemoton.com\/hr\/\",\"name\":\"KEMOTON SHOP\",\"description\":\"Home of Brands\",\"potentialAction\":[{\"@type\":\"SearchAction\",\"target\":{\"@type\":\"EntryPoint\",\"urlTemplate\":\"https:\/\/kemoton.com\/hr\/?s={search_term_string}\"},\"query-input\":{\"@type\":\"PropertyValueSpecification\",\"valueRequired\":true,\"valueName\":\"search_term_string\"}}],\"inLanguage\":\"hr\"}]}<\/script>\n<!-- \/ Yoast SEO plugin. -->","yoast_head_json":{"title":"XANTOR UNIVERSAL ORANGE concentrate - KEMOTON SHOP","robots":{"index":"index","follow":"follow","max-snippet":"max-snippet:-1","max-image-preview":"max-image-preview:large","max-video-preview":"max-video-preview:-1"},"canonical":"https:\/\/kemoton.com\/hr\/proizvod\/xantor-universal-orange-concentrate\/","og_locale":"hr_HR","og_type":"article","og_title":"XANTOR UNIVERSAL ORANGE concentrate - KEMOTON SHOP","og_description":"Univerzalno sredstvo za \u010di\u0161\u0107enje u\u010dinkovito odstranjuje masno\u0107e i osigurava besprijekornu \u010disto\u0107u. Slu\u017ei za \u010di\u0161\u0107enje podova, zidova, plo\u010dica i drugih povr\u0161ina od kamena, mramora i umjetnih materijala. Za sjaj i ugodan miris u \u010ditavoj ku\u0107i. Razrije\u0111eno sredstvo upotrebljava se za \u010di\u0161\u0107enje ve\u0107ih povr\u0161ina (1-2 \u010depa na 5 lit. vode).Nije potrebno ispirati. Za tvrdokornu prljav\u0161tinu upotrebljavajte nerazrije\u0111eno [...]","og_url":"https:\/\/kemoton.com\/hr\/proizvod\/xantor-universal-orange-concentrate\/","og_site_name":"KEMOTON SHOP","article_modified_time":"2020-06-16T15:33:58+00:00","og_image":[{"width":1520,"height":1520,"url":"https:\/\/i0.wp.com\/kemoton.com\/wp-content\/uploads\/2020\/06\/XANTOR-UNIVERSAL-ORANGE.jpg?fit=1520%2C1520&ssl=1","type":"image\/jpeg"}],"twitter_card":"summary_large_image","schema":{"@context":"https:\/\/schema.org","@graph":[{"@type":"WebPage","@id":"https:\/\/kemoton.com\/hr\/proizvod\/xantor-universal-orange-concentrate\/","url":"https:\/\/kemoton.com\/hr\/proizvod\/xantor-universal-orange-concentrate\/","name":"XANTOR UNIVERSAL ORANGE concentrate - KEMOTON SHOP","isPartOf":{"@id":"https:\/\/kemoton.com\/hr\/#website"},"primaryImageOfPage":{"@id":"https:\/\/kemoton.com\/hr\/proizvod\/xantor-universal-orange-concentrate\/#primaryimage"},"image":{"@id":"https:\/\/kemoton.com\/hr\/proizvod\/xantor-universal-orange-concentrate\/#primaryimage"},"thumbnailUrl":"https:\/\/i0.wp.com\/kemoton.com\/wp-content\/uploads\/2020\/06\/XANTOR-UNIVERSAL-ORANGE.jpg?fit=1520%2C1520&ssl=1","datePublished":"2020-06-11T17:01:43+00:00","dateModified":"2020-06-16T15:33:58+00:00","breadcrumb":{"@id":"https:\/\/kemoton.com\/hr\/proizvod\/xantor-universal-orange-concentrate\/#breadcrumb"},"inLanguage":"hr","potentialAction":[{"@type":"ReadAction","target":["https:\/\/kemoton.com\/hr\/proizvod\/xantor-universal-orange-concentrate\/"]}]},{"@type":"ImageObject","inLanguage":"hr","@id":"https:\/\/kemoton.com\/hr\/proizvod\/xantor-universal-orange-concentrate\/#primaryimage","url":"https:\/\/i0.wp.com\/kemoton.com\/wp-content\/uploads\/2020\/06\/XANTOR-UNIVERSAL-ORANGE.jpg?fit=1520%2C1520&ssl=1","contentUrl":"https:\/\/i0.wp.com\/kemoton.com\/wp-content\/uploads\/2020\/06\/XANTOR-UNIVERSAL-ORANGE.jpg?fit=1520%2C1520&ssl=1","width":1520,"height":1520,"caption":"XANTOR-UNIVERSAL-ORANGE"},{"@type":"BreadcrumbList","@id":"https:\/\/kemoton.com\/hr\/proizvod\/xantor-universal-orange-concentrate\/#breadcrumb","itemListElement":[{"@type":"ListItem","position":1,"name":"Home","item":"https:\/\/kemoton.com\/hr\/"},{"@type":"ListItem","position":2,"name":"Shop","item":"https:\/\/kemoton.com\/hr\/shop-2\/"},{"@type":"ListItem","position":3,"name":"XANTOR UNIVERSAL ORANGE concentrate"}]},{"@type":"WebSite","@id":"https:\/\/kemoton.com\/hr\/#website","url":"https:\/\/kemoton.com\/hr\/","name":"KEMOTON SHOP","description":"Home of Brands","potentialAction":[{"@type":"SearchAction","target":{"@type":"EntryPoint","urlTemplate":"https:\/\/kemoton.com\/hr\/?s={search_term_string}"},"query-input":{"@type":"PropertyValueSpecification","valueRequired":true,"valueName":"search_term_string"}}],"inLanguage":"hr"}]}},"jetpack_sharing_enabled":true,"_links":{"self":[{"href":"https:\/\/kemoton.com\/hr\/wp-json\/wp\/v2\/product\/398","targetHints":{"allow":["GET"]}}],"collection":[{"href":"https:\/\/kemoton.com\/hr\/wp-json\/wp\/v2\/product"}],"about":[{"href":"https:\/\/kemoton.com\/hr\/wp-json\/wp\/v2\/types\/product"}],"replies":[{"embeddable":true,"href":"https:\/\/kemoton.com\/hr\/wp-json\/wp\/v2\/comments?post=398"}],"wp:featuredmedia":[{"embeddable":true,"href":"https:\/\/kemoton.com\/hr\/wp-json\/wp\/v2\/media\/379"}],"wp:attachment":[{"href":"https:\/\/kemoton.com\/hr\/wp-json\/wp\/v2\/media?parent=398"}],"wp:term":[{"taxonomy":"product_brand","embeddable":true,"href":"https:\/\/kemoton.com\/hr\/wp-json\/wp\/v2\/product_brand?post=398"},{"taxonomy":"product_cat","embeddable":true,"href":"https:\/\/kemoton.com\/hr\/wp-json\/wp\/v2\/product_cat?post=398"},{"taxonomy":"product_tag","embeddable":true,"href":"https:\/\/kemoton.com\/hr\/wp-json\/wp\/v2\/product_tag?post=398"}],"curies":[{"name":"wp","href":"https:\/\/api.w.org\/{rel}","templated":true}]}}