{"id":459,"date":"2020-06-13T15:46:12","date_gmt":"2020-06-13T15:46:12","guid":{"rendered":"https:\/\/kemoton.com\/product\/ladesta-classic\/"},"modified":"2020-06-16T13:46:24","modified_gmt":"2020-06-16T13:46:24","slug":"ladesta-classic","status":"publish","type":"product","link":"https:\/\/kemoton.com\/hr\/proizvod\/ladesta-classic\/","title":{"rendered":"LADESTA CLASSIC"},"content":{"rendered":"<p>Omek\u0161iva\u010d za rublje &#8211; koncentrat 1l=4l. Dodavanjem omek\u0161iva\u010da u zadnju vodu za ispiranje rublje postaje mek\u0161e i mirisno te se olak\u0161ava gla\u010danje. Uklanja se stati\u010dki elektricitet, a rublje je ugodnije za no\u0161enje. Skra\u0107uje vrijeme su\u0161enja. Za sve vrste tkanina. Biorazgradiv &#8211; bez fosfata.<\/p>\n<p>Omek\u0161iva\u010d dodajte u zadnju vodu za ispiranje. Doziranje prema uputama proizvo\u0111a\u010da (vidi tablicu). Doziranje: 35 ml omek\u0161iva\u010da na 4-5 kg rublja.<\/p>\n","protected":false},"excerpt":{"rendered":"<p>Omek\u0161iva\u010d za rublje &#8211; koncentrat 1l=4l. Dodavanjem omek\u0161iva\u010da u zadnju vodu za ispiranje rublje postaje mek\u0161e i mirisno te se olak\u0161ava gla\u010danje. Uklanja se stati\u010dki elektricitet, a rublje je ugodnije za no\u0161enje. Skra\u0107uje vrijeme su\u0161enja. Za sve vrste tkanina. Biorazgradiv &#8211; bez fosfata. Omek\u0161iva\u010d dodajte u zadnju vodu za ispiranje. Doziranje prema uputama proizvo\u0111a\u010da (vidi [&#8230;]\n","protected":false},"featured_media":477,"comment_status":"open","ping_status":"closed","template":"","meta":{"_monsterinsights_skip_tracking":false,"_monsterinsights_sitenote_active":false,"_monsterinsights_sitenote_note":"","_monsterinsights_sitenote_category":0},"product_brand":[],"product_cat":[60],"product_tag":[],"class_list":{"0":"post-459","1":"product","2":"type-product","3":"status-publish","4":"has-post-thumbnail","6":"product_cat-ladesta-hr","8":"first","9":"instock","10":"taxable","11":"shipping-taxable","12":"purchasable","13":"product-type-simple"},"yoast_head":"<!-- This site is optimized with the Yoast SEO plugin v26.6 - https:\/\/yoast.com\/wordpress\/plugins\/seo\/ -->\n<title>LADESTA CLASSIC - KEMOTON SHOP<\/title>\n<meta name=\"robots\" content=\"index, follow, max-snippet:-1, max-image-preview:large, max-video-preview:-1\" \/>\n<link rel=\"canonical\" href=\"https:\/\/kemoton.com\/hr\/proizvod\/ladesta-classic\/\" \/>\n<meta property=\"og:locale\" content=\"hr_HR\" \/>\n<meta property=\"og:type\" content=\"article\" \/>\n<meta property=\"og:title\" content=\"LADESTA CLASSIC - KEMOTON SHOP\" \/>\n<meta property=\"og:description\" content=\"Omek\u0161iva\u010d za rublje &#8211; koncentrat 1l=4l. Dodavanjem omek\u0161iva\u010da u zadnju vodu za ispiranje rublje postaje mek\u0161e i mirisno te se olak\u0161ava gla\u010danje. Uklanja se stati\u010dki elektricitet, a rublje je ugodnije za no\u0161enje. Skra\u0107uje vrijeme su\u0161enja. Za sve vrste tkanina. Biorazgradiv &#8211; bez fosfata. Omek\u0161iva\u010d dodajte u zadnju vodu za ispiranje. Doziranje prema uputama proizvo\u0111a\u010da (vidi [...]\" \/>\n<meta property=\"og:url\" content=\"https:\/\/kemoton.com\/hr\/proizvod\/ladesta-classic\/\" \/>\n<meta property=\"og:site_name\" content=\"KEMOTON SHOP\" \/>\n<meta property=\"article:modified_time\" content=\"2020-06-16T13:46:24+00:00\" \/>\n<meta property=\"og:image\" content=\"https:\/\/i0.wp.com\/kemoton.com\/wp-content\/uploads\/2020\/06\/ladesta-classic-1.png?fit=795%2C795&ssl=1\" \/>\n\t<meta property=\"og:image:width\" content=\"795\" \/>\n\t<meta property=\"og:image:height\" content=\"795\" \/>\n\t<meta property=\"og:image:type\" content=\"image\/png\" \/>\n<meta name=\"twitter:card\" content=\"summary_large_image\" \/>\n<script type=\"application\/ld+json\" class=\"yoast-schema-graph\">{\"@context\":\"https:\/\/schema.org\",\"@graph\":[{\"@type\":\"WebPage\",\"@id\":\"https:\/\/kemoton.com\/hr\/proizvod\/ladesta-classic\/\",\"url\":\"https:\/\/kemoton.com\/hr\/proizvod\/ladesta-classic\/\",\"name\":\"LADESTA CLASSIC - KEMOTON SHOP\",\"isPartOf\":{\"@id\":\"https:\/\/kemoton.com\/hr\/#website\"},\"primaryImageOfPage\":{\"@id\":\"https:\/\/kemoton.com\/hr\/proizvod\/ladesta-classic\/#primaryimage\"},\"image\":{\"@id\":\"https:\/\/kemoton.com\/hr\/proizvod\/ladesta-classic\/#primaryimage\"},\"thumbnailUrl\":\"https:\/\/i0.wp.com\/kemoton.com\/wp-content\/uploads\/2020\/06\/ladesta-classic-1.png?fit=795%2C795&ssl=1\",\"datePublished\":\"2020-06-13T15:46:12+00:00\",\"dateModified\":\"2020-06-16T13:46:24+00:00\",\"breadcrumb\":{\"@id\":\"https:\/\/kemoton.com\/hr\/proizvod\/ladesta-classic\/#breadcrumb\"},\"inLanguage\":\"hr\",\"potentialAction\":[{\"@type\":\"ReadAction\",\"target\":[\"https:\/\/kemoton.com\/hr\/proizvod\/ladesta-classic\/\"]}]},{\"@type\":\"ImageObject\",\"inLanguage\":\"hr\",\"@id\":\"https:\/\/kemoton.com\/hr\/proizvod\/ladesta-classic\/#primaryimage\",\"url\":\"https:\/\/i0.wp.com\/kemoton.com\/wp-content\/uploads\/2020\/06\/ladesta-classic-1.png?fit=795%2C795&ssl=1\",\"contentUrl\":\"https:\/\/i0.wp.com\/kemoton.com\/wp-content\/uploads\/2020\/06\/ladesta-classic-1.png?fit=795%2C795&ssl=1\",\"width\":795,\"height\":795,\"caption\":\"ladesta-classic\"},{\"@type\":\"BreadcrumbList\",\"@id\":\"https:\/\/kemoton.com\/hr\/proizvod\/ladesta-classic\/#breadcrumb\",\"itemListElement\":[{\"@type\":\"ListItem\",\"position\":1,\"name\":\"Home\",\"item\":\"https:\/\/kemoton.com\/hr\/\"},{\"@type\":\"ListItem\",\"position\":2,\"name\":\"Shop\",\"item\":\"https:\/\/kemoton.com\/hr\/shop-2\/\"},{\"@type\":\"ListItem\",\"position\":3,\"name\":\"LADESTA CLASSIC\"}]},{\"@type\":\"WebSite\",\"@id\":\"https:\/\/kemoton.com\/hr\/#website\",\"url\":\"https:\/\/kemoton.com\/hr\/\",\"name\":\"KEMOTON SHOP\",\"description\":\"Home of Brands\",\"potentialAction\":[{\"@type\":\"SearchAction\",\"target\":{\"@type\":\"EntryPoint\",\"urlTemplate\":\"https:\/\/kemoton.com\/hr\/?s={search_term_string}\"},\"query-input\":{\"@type\":\"PropertyValueSpecification\",\"valueRequired\":true,\"valueName\":\"search_term_string\"}}],\"inLanguage\":\"hr\"}]}<\/script>\n<!-- \/ Yoast SEO plugin. -->","yoast_head_json":{"title":"LADESTA CLASSIC - KEMOTON SHOP","robots":{"index":"index","follow":"follow","max-snippet":"max-snippet:-1","max-image-preview":"max-image-preview:large","max-video-preview":"max-video-preview:-1"},"canonical":"https:\/\/kemoton.com\/hr\/proizvod\/ladesta-classic\/","og_locale":"hr_HR","og_type":"article","og_title":"LADESTA CLASSIC - KEMOTON SHOP","og_description":"Omek\u0161iva\u010d za rublje &#8211; koncentrat 1l=4l. Dodavanjem omek\u0161iva\u010da u zadnju vodu za ispiranje rublje postaje mek\u0161e i mirisno te se olak\u0161ava gla\u010danje. Uklanja se stati\u010dki elektricitet, a rublje je ugodnije za no\u0161enje. Skra\u0107uje vrijeme su\u0161enja. Za sve vrste tkanina. Biorazgradiv &#8211; bez fosfata. Omek\u0161iva\u010d dodajte u zadnju vodu za ispiranje. Doziranje prema uputama proizvo\u0111a\u010da (vidi [...]","og_url":"https:\/\/kemoton.com\/hr\/proizvod\/ladesta-classic\/","og_site_name":"KEMOTON SHOP","article_modified_time":"2020-06-16T13:46:24+00:00","og_image":[{"width":795,"height":795,"url":"https:\/\/i0.wp.com\/kemoton.com\/wp-content\/uploads\/2020\/06\/ladesta-classic-1.png?fit=795%2C795&ssl=1","type":"image\/png"}],"twitter_card":"summary_large_image","schema":{"@context":"https:\/\/schema.org","@graph":[{"@type":"WebPage","@id":"https:\/\/kemoton.com\/hr\/proizvod\/ladesta-classic\/","url":"https:\/\/kemoton.com\/hr\/proizvod\/ladesta-classic\/","name":"LADESTA CLASSIC - KEMOTON SHOP","isPartOf":{"@id":"https:\/\/kemoton.com\/hr\/#website"},"primaryImageOfPage":{"@id":"https:\/\/kemoton.com\/hr\/proizvod\/ladesta-classic\/#primaryimage"},"image":{"@id":"https:\/\/kemoton.com\/hr\/proizvod\/ladesta-classic\/#primaryimage"},"thumbnailUrl":"https:\/\/i0.wp.com\/kemoton.com\/wp-content\/uploads\/2020\/06\/ladesta-classic-1.png?fit=795%2C795&ssl=1","datePublished":"2020-06-13T15:46:12+00:00","dateModified":"2020-06-16T13:46:24+00:00","breadcrumb":{"@id":"https:\/\/kemoton.com\/hr\/proizvod\/ladesta-classic\/#breadcrumb"},"inLanguage":"hr","potentialAction":[{"@type":"ReadAction","target":["https:\/\/kemoton.com\/hr\/proizvod\/ladesta-classic\/"]}]},{"@type":"ImageObject","inLanguage":"hr","@id":"https:\/\/kemoton.com\/hr\/proizvod\/ladesta-classic\/#primaryimage","url":"https:\/\/i0.wp.com\/kemoton.com\/wp-content\/uploads\/2020\/06\/ladesta-classic-1.png?fit=795%2C795&ssl=1","contentUrl":"https:\/\/i0.wp.com\/kemoton.com\/wp-content\/uploads\/2020\/06\/ladesta-classic-1.png?fit=795%2C795&ssl=1","width":795,"height":795,"caption":"ladesta-classic"},{"@type":"BreadcrumbList","@id":"https:\/\/kemoton.com\/hr\/proizvod\/ladesta-classic\/#breadcrumb","itemListElement":[{"@type":"ListItem","position":1,"name":"Home","item":"https:\/\/kemoton.com\/hr\/"},{"@type":"ListItem","position":2,"name":"Shop","item":"https:\/\/kemoton.com\/hr\/shop-2\/"},{"@type":"ListItem","position":3,"name":"LADESTA CLASSIC"}]},{"@type":"WebSite","@id":"https:\/\/kemoton.com\/hr\/#website","url":"https:\/\/kemoton.com\/hr\/","name":"KEMOTON SHOP","description":"Home of Brands","potentialAction":[{"@type":"SearchAction","target":{"@type":"EntryPoint","urlTemplate":"https:\/\/kemoton.com\/hr\/?s={search_term_string}"},"query-input":{"@type":"PropertyValueSpecification","valueRequired":true,"valueName":"search_term_string"}}],"inLanguage":"hr"}]}},"jetpack_sharing_enabled":true,"_links":{"self":[{"href":"https:\/\/kemoton.com\/hr\/wp-json\/wp\/v2\/product\/459","targetHints":{"allow":["GET"]}}],"collection":[{"href":"https:\/\/kemoton.com\/hr\/wp-json\/wp\/v2\/product"}],"about":[{"href":"https:\/\/kemoton.com\/hr\/wp-json\/wp\/v2\/types\/product"}],"replies":[{"embeddable":true,"href":"https:\/\/kemoton.com\/hr\/wp-json\/wp\/v2\/comments?post=459"}],"wp:featuredmedia":[{"embeddable":true,"href":"https:\/\/kemoton.com\/hr\/wp-json\/wp\/v2\/media\/477"}],"wp:attachment":[{"href":"https:\/\/kemoton.com\/hr\/wp-json\/wp\/v2\/media?parent=459"}],"wp:term":[{"taxonomy":"product_brand","embeddable":true,"href":"https:\/\/kemoton.com\/hr\/wp-json\/wp\/v2\/product_brand?post=459"},{"taxonomy":"product_cat","embeddable":true,"href":"https:\/\/kemoton.com\/hr\/wp-json\/wp\/v2\/product_cat?post=459"},{"taxonomy":"product_tag","embeddable":true,"href":"https:\/\/kemoton.com\/hr\/wp-json\/wp\/v2\/product_tag?post=459"}],"curies":[{"name":"wp","href":"https:\/\/api.w.org\/{rel}","templated":true}]}}