{"id":620,"date":"2020-06-09T12:17:10","date_gmt":"2020-06-09T12:17:10","guid":{"rendered":"https:\/\/kemoton.com\/product\/auto-blitz-rucni-auto-sampon-s-voskom\/"},"modified":"2020-06-09T12:17:10","modified_gmt":"2020-06-09T12:17:10","slug":"auto-blitz-rucni-auto-sampon-s-voskom","status":"publish","type":"product","link":"https:\/\/kemoton.com\/hr\/proizvod\/auto-blitz-rucni-auto-sampon-s-voskom\/","title":{"rendered":"AUTO BLITZ &#8211; Ru\u010dni auto \u0161ampon s voskom"},"content":{"rendered":"<div>Sredstvo je namijenjeno odr\u017eavanim vozilima. Lak vozila mora biti u<\/div>\n<div>dobrome stanju da bi sredstvo postiglo \u017eeljeni u\u010dinak.<\/div>\n<div><\/div>\n<div>Prednosti:<\/div>\n<div><\/div>\n<ul>\n<li>Malo doziranje<\/li>\n<li>pravi Karnauba vosak<\/li>\n<li>dugotrajnija i stabilnija pjena<\/li>\n<li>ostavlja sjajnu i suhu povr\u0161inu vozila<\/li>\n<\/ul>\n","protected":false},"excerpt":{"rendered":"<p>Sredstvo je namijenjeno odr\u017eavanim vozilima. Lak vozila mora biti u dobrome stanju da bi sredstvo postiglo \u017eeljeni u\u010dinak. Prednosti: Malo doziranje pravi Karnauba vosak dugotrajnija i stabilnija pjena ostavlja sjajnu i suhu povr\u0161inu vozila<\/p>\n","protected":false},"featured_media":0,"comment_status":"open","ping_status":"closed","template":"","meta":{"_monsterinsights_skip_tracking":false,"_monsterinsights_sitenote_active":false,"_monsterinsights_sitenote_note":"","_monsterinsights_sitenote_category":0},"product_brand":[],"product_cat":[59],"product_tag":[],"class_list":{"0":"post-620","1":"product","2":"type-product","3":"status-publish","5":"product_cat-spick-span-hr","7":"first","8":"instock","9":"featured","10":"taxable","11":"shipping-taxable","12":"purchasable","13":"product-type-simple"},"yoast_head":"<!-- This site is optimized with the Yoast SEO plugin v26.6 - https:\/\/yoast.com\/wordpress\/plugins\/seo\/ -->\n<title>AUTO BLITZ - Ru\u010dni auto \u0161ampon s voskom - KEMOTON SHOP<\/title>\n<meta name=\"robots\" content=\"index, follow, max-snippet:-1, max-image-preview:large, max-video-preview:-1\" \/>\n<link rel=\"canonical\" href=\"https:\/\/kemoton.com\/hr\/proizvod\/auto-blitz-rucni-auto-sampon-s-voskom\/\" \/>\n<meta property=\"og:locale\" content=\"hr_HR\" \/>\n<meta property=\"og:type\" content=\"article\" \/>\n<meta property=\"og:title\" content=\"AUTO BLITZ - Ru\u010dni auto \u0161ampon s voskom - KEMOTON SHOP\" \/>\n<meta property=\"og:description\" content=\"Sredstvo je namijenjeno odr\u017eavanim vozilima. Lak vozila mora biti u dobrome stanju da bi sredstvo postiglo \u017eeljeni u\u010dinak. Prednosti: Malo doziranje pravi Karnauba vosak dugotrajnija i stabilnija pjena ostavlja sjajnu i suhu povr\u0161inu vozila\" \/>\n<meta property=\"og:url\" content=\"https:\/\/kemoton.com\/hr\/proizvod\/auto-blitz-rucni-auto-sampon-s-voskom\/\" \/>\n<meta property=\"og:site_name\" content=\"KEMOTON SHOP\" \/>\n<meta name=\"twitter:card\" content=\"summary_large_image\" \/>\n<script type=\"application\/ld+json\" class=\"yoast-schema-graph\">{\"@context\":\"https:\/\/schema.org\",\"@graph\":[{\"@type\":\"WebPage\",\"@id\":\"https:\/\/kemoton.com\/hr\/proizvod\/auto-blitz-rucni-auto-sampon-s-voskom\/\",\"url\":\"https:\/\/kemoton.com\/hr\/proizvod\/auto-blitz-rucni-auto-sampon-s-voskom\/\",\"name\":\"AUTO BLITZ - Ru\u010dni auto \u0161ampon s voskom - KEMOTON SHOP\",\"isPartOf\":{\"@id\":\"https:\/\/kemoton.com\/hr\/#website\"},\"datePublished\":\"2020-06-09T12:17:10+00:00\",\"breadcrumb\":{\"@id\":\"https:\/\/kemoton.com\/hr\/proizvod\/auto-blitz-rucni-auto-sampon-s-voskom\/#breadcrumb\"},\"inLanguage\":\"hr\",\"potentialAction\":[{\"@type\":\"ReadAction\",\"target\":[\"https:\/\/kemoton.com\/hr\/proizvod\/auto-blitz-rucni-auto-sampon-s-voskom\/\"]}]},{\"@type\":\"BreadcrumbList\",\"@id\":\"https:\/\/kemoton.com\/hr\/proizvod\/auto-blitz-rucni-auto-sampon-s-voskom\/#breadcrumb\",\"itemListElement\":[{\"@type\":\"ListItem\",\"position\":1,\"name\":\"Home\",\"item\":\"https:\/\/kemoton.com\/hr\/\"},{\"@type\":\"ListItem\",\"position\":2,\"name\":\"Shop\",\"item\":\"https:\/\/kemoton.com\/hr\/shop-2\/\"},{\"@type\":\"ListItem\",\"position\":3,\"name\":\"AUTO BLITZ &#8211; Ru\u010dni auto \u0161ampon s voskom\"}]},{\"@type\":\"WebSite\",\"@id\":\"https:\/\/kemoton.com\/hr\/#website\",\"url\":\"https:\/\/kemoton.com\/hr\/\",\"name\":\"KEMOTON SHOP\",\"description\":\"Home of Brands\",\"potentialAction\":[{\"@type\":\"SearchAction\",\"target\":{\"@type\":\"EntryPoint\",\"urlTemplate\":\"https:\/\/kemoton.com\/hr\/?s={search_term_string}\"},\"query-input\":{\"@type\":\"PropertyValueSpecification\",\"valueRequired\":true,\"valueName\":\"search_term_string\"}}],\"inLanguage\":\"hr\"}]}<\/script>\n<!-- \/ Yoast SEO plugin. -->","yoast_head_json":{"title":"AUTO BLITZ - Ru\u010dni auto \u0161ampon s voskom - KEMOTON SHOP","robots":{"index":"index","follow":"follow","max-snippet":"max-snippet:-1","max-image-preview":"max-image-preview:large","max-video-preview":"max-video-preview:-1"},"canonical":"https:\/\/kemoton.com\/hr\/proizvod\/auto-blitz-rucni-auto-sampon-s-voskom\/","og_locale":"hr_HR","og_type":"article","og_title":"AUTO BLITZ - Ru\u010dni auto \u0161ampon s voskom - KEMOTON SHOP","og_description":"Sredstvo je namijenjeno odr\u017eavanim vozilima. Lak vozila mora biti u dobrome stanju da bi sredstvo postiglo \u017eeljeni u\u010dinak. Prednosti: Malo doziranje pravi Karnauba vosak dugotrajnija i stabilnija pjena ostavlja sjajnu i suhu povr\u0161inu vozila","og_url":"https:\/\/kemoton.com\/hr\/proizvod\/auto-blitz-rucni-auto-sampon-s-voskom\/","og_site_name":"KEMOTON SHOP","twitter_card":"summary_large_image","schema":{"@context":"https:\/\/schema.org","@graph":[{"@type":"WebPage","@id":"https:\/\/kemoton.com\/hr\/proizvod\/auto-blitz-rucni-auto-sampon-s-voskom\/","url":"https:\/\/kemoton.com\/hr\/proizvod\/auto-blitz-rucni-auto-sampon-s-voskom\/","name":"AUTO BLITZ - Ru\u010dni auto \u0161ampon s voskom - KEMOTON SHOP","isPartOf":{"@id":"https:\/\/kemoton.com\/hr\/#website"},"datePublished":"2020-06-09T12:17:10+00:00","breadcrumb":{"@id":"https:\/\/kemoton.com\/hr\/proizvod\/auto-blitz-rucni-auto-sampon-s-voskom\/#breadcrumb"},"inLanguage":"hr","potentialAction":[{"@type":"ReadAction","target":["https:\/\/kemoton.com\/hr\/proizvod\/auto-blitz-rucni-auto-sampon-s-voskom\/"]}]},{"@type":"BreadcrumbList","@id":"https:\/\/kemoton.com\/hr\/proizvod\/auto-blitz-rucni-auto-sampon-s-voskom\/#breadcrumb","itemListElement":[{"@type":"ListItem","position":1,"name":"Home","item":"https:\/\/kemoton.com\/hr\/"},{"@type":"ListItem","position":2,"name":"Shop","item":"https:\/\/kemoton.com\/hr\/shop-2\/"},{"@type":"ListItem","position":3,"name":"AUTO BLITZ &#8211; Ru\u010dni auto \u0161ampon s voskom"}]},{"@type":"WebSite","@id":"https:\/\/kemoton.com\/hr\/#website","url":"https:\/\/kemoton.com\/hr\/","name":"KEMOTON SHOP","description":"Home of Brands","potentialAction":[{"@type":"SearchAction","target":{"@type":"EntryPoint","urlTemplate":"https:\/\/kemoton.com\/hr\/?s={search_term_string}"},"query-input":{"@type":"PropertyValueSpecification","valueRequired":true,"valueName":"search_term_string"}}],"inLanguage":"hr"}]}},"jetpack_sharing_enabled":true,"_links":{"self":[{"href":"https:\/\/kemoton.com\/hr\/wp-json\/wp\/v2\/product\/620","targetHints":{"allow":["GET"]}}],"collection":[{"href":"https:\/\/kemoton.com\/hr\/wp-json\/wp\/v2\/product"}],"about":[{"href":"https:\/\/kemoton.com\/hr\/wp-json\/wp\/v2\/types\/product"}],"replies":[{"embeddable":true,"href":"https:\/\/kemoton.com\/hr\/wp-json\/wp\/v2\/comments?post=620"}],"wp:attachment":[{"href":"https:\/\/kemoton.com\/hr\/wp-json\/wp\/v2\/media?parent=620"}],"wp:term":[{"taxonomy":"product_brand","embeddable":true,"href":"https:\/\/kemoton.com\/hr\/wp-json\/wp\/v2\/product_brand?post=620"},{"taxonomy":"product_cat","embeddable":true,"href":"https:\/\/kemoton.com\/hr\/wp-json\/wp\/v2\/product_cat?post=620"},{"taxonomy":"product_tag","embeddable":true,"href":"https:\/\/kemoton.com\/hr\/wp-json\/wp\/v2\/product_tag?post=620"}],"curies":[{"name":"wp","href":"https:\/\/api.w.org\/{rel}","templated":true}]}}