{"id":630,"date":"2020-06-09T12:17:11","date_gmt":"2020-06-09T12:17:11","guid":{"rendered":"https:\/\/kemoton.com\/product\/v720d-sredstvo-za-pretpranje-i-odmascivanje\/"},"modified":"2020-06-09T12:17:11","modified_gmt":"2020-06-09T12:17:11","slug":"v720d-sredstvo-za-pretpranje-i-odmascivanje","status":"publish","type":"product","link":"https:\/\/kemoton.com\/hr\/proizvod\/v720d-sredstvo-za-pretpranje-i-odmascivanje\/","title":{"rendered":"v720D &#8211; Sredstvo za pretpranje i odma\u0161\u0107ivanje"},"content":{"rendered":"<div>Vrhunski formulirano sredstvo na bazi tenzida \u010disti i odma\u0161\u0107uje najte\u017ee oblike prljav\u0161tine. Sredstvo je prvenstveno namjenjeno za profesionalnu upotrebu u autopraonicama, a zbog svoje kvalitetne formulacije v720D nalazi primjenu u auto servisima i industriji u pogledu odma\u0161\u0107ivanja bilo koje vrste.<\/div>\n<div><\/div>\n<div>Prednosti:<\/div>\n<div><\/div>\n<ul>\n<li>formulacija koja uklanja do 97% prljav\u0161tine sa laka vozila<\/li>\n<li>skida ostatke insekata, ko\u010dionu pra\u0161inu s naplatka vozila, ostatke katrana na pragovima vozila<\/li>\n<\/ul>\n","protected":false},"excerpt":{"rendered":"<p>Vrhunski formulirano sredstvo na bazi tenzida \u010disti i odma\u0161\u0107uje najte\u017ee oblike prljav\u0161tine. Sredstvo je prvenstveno namjenjeno za profesionalnu upotrebu u autopraonicama, a zbog svoje kvalitetne formulacije v720D nalazi primjenu u auto servisima i industriji u pogledu odma\u0161\u0107ivanja bilo koje vrste. Prednosti: formulacija koja uklanja do 97% prljav\u0161tine sa laka vozila skida ostatke insekata, ko\u010dionu pra\u0161inu [&#8230;]\n","protected":false},"featured_media":0,"comment_status":"open","ping_status":"closed","template":"","meta":{"_monsterinsights_skip_tracking":false,"_monsterinsights_sitenote_active":false,"_monsterinsights_sitenote_note":"","_monsterinsights_sitenote_category":0},"product_brand":[],"product_cat":[59],"product_tag":[],"class_list":{"0":"post-630","1":"product","2":"type-product","3":"status-publish","5":"product_cat-spick-span-hr","7":"first","8":"instock","9":"featured","10":"taxable","11":"shipping-taxable","12":"purchasable","13":"product-type-simple"},"yoast_head":"<!-- This site is optimized with the Yoast SEO plugin v26.6 - https:\/\/yoast.com\/wordpress\/plugins\/seo\/ -->\n<title>v720D - Sredstvo za pretpranje i odma\u0161\u0107ivanje - KEMOTON SHOP<\/title>\n<meta name=\"robots\" content=\"index, follow, max-snippet:-1, max-image-preview:large, max-video-preview:-1\" \/>\n<link rel=\"canonical\" href=\"https:\/\/kemoton.com\/hr\/proizvod\/v720d-sredstvo-za-pretpranje-i-odmascivanje\/\" \/>\n<meta property=\"og:locale\" content=\"hr_HR\" \/>\n<meta property=\"og:type\" content=\"article\" \/>\n<meta property=\"og:title\" content=\"v720D - Sredstvo za pretpranje i odma\u0161\u0107ivanje - KEMOTON SHOP\" \/>\n<meta property=\"og:description\" content=\"Vrhunski formulirano sredstvo na bazi tenzida \u010disti i odma\u0161\u0107uje najte\u017ee oblike prljav\u0161tine. Sredstvo je prvenstveno namjenjeno za profesionalnu upotrebu u autopraonicama, a zbog svoje kvalitetne formulacije v720D nalazi primjenu u auto servisima i industriji u pogledu odma\u0161\u0107ivanja bilo koje vrste. Prednosti: formulacija koja uklanja do 97% prljav\u0161tine sa laka vozila skida ostatke insekata, ko\u010dionu pra\u0161inu [...]\" \/>\n<meta property=\"og:url\" content=\"https:\/\/kemoton.com\/hr\/proizvod\/v720d-sredstvo-za-pretpranje-i-odmascivanje\/\" \/>\n<meta property=\"og:site_name\" content=\"KEMOTON SHOP\" \/>\n<meta name=\"twitter:card\" content=\"summary_large_image\" \/>\n<script type=\"application\/ld+json\" class=\"yoast-schema-graph\">{\"@context\":\"https:\/\/schema.org\",\"@graph\":[{\"@type\":\"WebPage\",\"@id\":\"https:\/\/kemoton.com\/hr\/proizvod\/v720d-sredstvo-za-pretpranje-i-odmascivanje\/\",\"url\":\"https:\/\/kemoton.com\/hr\/proizvod\/v720d-sredstvo-za-pretpranje-i-odmascivanje\/\",\"name\":\"v720D - Sredstvo za pretpranje i odma\u0161\u0107ivanje - KEMOTON SHOP\",\"isPartOf\":{\"@id\":\"https:\/\/kemoton.com\/hr\/#website\"},\"datePublished\":\"2020-06-09T12:17:11+00:00\",\"breadcrumb\":{\"@id\":\"https:\/\/kemoton.com\/hr\/proizvod\/v720d-sredstvo-za-pretpranje-i-odmascivanje\/#breadcrumb\"},\"inLanguage\":\"hr\",\"potentialAction\":[{\"@type\":\"ReadAction\",\"target\":[\"https:\/\/kemoton.com\/hr\/proizvod\/v720d-sredstvo-za-pretpranje-i-odmascivanje\/\"]}]},{\"@type\":\"BreadcrumbList\",\"@id\":\"https:\/\/kemoton.com\/hr\/proizvod\/v720d-sredstvo-za-pretpranje-i-odmascivanje\/#breadcrumb\",\"itemListElement\":[{\"@type\":\"ListItem\",\"position\":1,\"name\":\"Home\",\"item\":\"https:\/\/kemoton.com\/hr\/\"},{\"@type\":\"ListItem\",\"position\":2,\"name\":\"Shop\",\"item\":\"https:\/\/kemoton.com\/hr\/shop-2\/\"},{\"@type\":\"ListItem\",\"position\":3,\"name\":\"v720D &#8211; Sredstvo za pretpranje i odma\u0161\u0107ivanje\"}]},{\"@type\":\"WebSite\",\"@id\":\"https:\/\/kemoton.com\/hr\/#website\",\"url\":\"https:\/\/kemoton.com\/hr\/\",\"name\":\"KEMOTON SHOP\",\"description\":\"Home of Brands\",\"potentialAction\":[{\"@type\":\"SearchAction\",\"target\":{\"@type\":\"EntryPoint\",\"urlTemplate\":\"https:\/\/kemoton.com\/hr\/?s={search_term_string}\"},\"query-input\":{\"@type\":\"PropertyValueSpecification\",\"valueRequired\":true,\"valueName\":\"search_term_string\"}}],\"inLanguage\":\"hr\"}]}<\/script>\n<!-- \/ Yoast SEO plugin. -->","yoast_head_json":{"title":"v720D - Sredstvo za pretpranje i odma\u0161\u0107ivanje - KEMOTON SHOP","robots":{"index":"index","follow":"follow","max-snippet":"max-snippet:-1","max-image-preview":"max-image-preview:large","max-video-preview":"max-video-preview:-1"},"canonical":"https:\/\/kemoton.com\/hr\/proizvod\/v720d-sredstvo-za-pretpranje-i-odmascivanje\/","og_locale":"hr_HR","og_type":"article","og_title":"v720D - Sredstvo za pretpranje i odma\u0161\u0107ivanje - KEMOTON SHOP","og_description":"Vrhunski formulirano sredstvo na bazi tenzida \u010disti i odma\u0161\u0107uje najte\u017ee oblike prljav\u0161tine. Sredstvo je prvenstveno namjenjeno za profesionalnu upotrebu u autopraonicama, a zbog svoje kvalitetne formulacije v720D nalazi primjenu u auto servisima i industriji u pogledu odma\u0161\u0107ivanja bilo koje vrste. Prednosti: formulacija koja uklanja do 97% prljav\u0161tine sa laka vozila skida ostatke insekata, ko\u010dionu pra\u0161inu [...]","og_url":"https:\/\/kemoton.com\/hr\/proizvod\/v720d-sredstvo-za-pretpranje-i-odmascivanje\/","og_site_name":"KEMOTON SHOP","twitter_card":"summary_large_image","schema":{"@context":"https:\/\/schema.org","@graph":[{"@type":"WebPage","@id":"https:\/\/kemoton.com\/hr\/proizvod\/v720d-sredstvo-za-pretpranje-i-odmascivanje\/","url":"https:\/\/kemoton.com\/hr\/proizvod\/v720d-sredstvo-za-pretpranje-i-odmascivanje\/","name":"v720D - Sredstvo za pretpranje i odma\u0161\u0107ivanje - KEMOTON SHOP","isPartOf":{"@id":"https:\/\/kemoton.com\/hr\/#website"},"datePublished":"2020-06-09T12:17:11+00:00","breadcrumb":{"@id":"https:\/\/kemoton.com\/hr\/proizvod\/v720d-sredstvo-za-pretpranje-i-odmascivanje\/#breadcrumb"},"inLanguage":"hr","potentialAction":[{"@type":"ReadAction","target":["https:\/\/kemoton.com\/hr\/proizvod\/v720d-sredstvo-za-pretpranje-i-odmascivanje\/"]}]},{"@type":"BreadcrumbList","@id":"https:\/\/kemoton.com\/hr\/proizvod\/v720d-sredstvo-za-pretpranje-i-odmascivanje\/#breadcrumb","itemListElement":[{"@type":"ListItem","position":1,"name":"Home","item":"https:\/\/kemoton.com\/hr\/"},{"@type":"ListItem","position":2,"name":"Shop","item":"https:\/\/kemoton.com\/hr\/shop-2\/"},{"@type":"ListItem","position":3,"name":"v720D &#8211; Sredstvo za pretpranje i odma\u0161\u0107ivanje"}]},{"@type":"WebSite","@id":"https:\/\/kemoton.com\/hr\/#website","url":"https:\/\/kemoton.com\/hr\/","name":"KEMOTON SHOP","description":"Home of Brands","potentialAction":[{"@type":"SearchAction","target":{"@type":"EntryPoint","urlTemplate":"https:\/\/kemoton.com\/hr\/?s={search_term_string}"},"query-input":{"@type":"PropertyValueSpecification","valueRequired":true,"valueName":"search_term_string"}}],"inLanguage":"hr"}]}},"jetpack_sharing_enabled":true,"_links":{"self":[{"href":"https:\/\/kemoton.com\/hr\/wp-json\/wp\/v2\/product\/630","targetHints":{"allow":["GET"]}}],"collection":[{"href":"https:\/\/kemoton.com\/hr\/wp-json\/wp\/v2\/product"}],"about":[{"href":"https:\/\/kemoton.com\/hr\/wp-json\/wp\/v2\/types\/product"}],"replies":[{"embeddable":true,"href":"https:\/\/kemoton.com\/hr\/wp-json\/wp\/v2\/comments?post=630"}],"wp:attachment":[{"href":"https:\/\/kemoton.com\/hr\/wp-json\/wp\/v2\/media?parent=630"}],"wp:term":[{"taxonomy":"product_brand","embeddable":true,"href":"https:\/\/kemoton.com\/hr\/wp-json\/wp\/v2\/product_brand?post=630"},{"taxonomy":"product_cat","embeddable":true,"href":"https:\/\/kemoton.com\/hr\/wp-json\/wp\/v2\/product_cat?post=630"},{"taxonomy":"product_tag","embeddable":true,"href":"https:\/\/kemoton.com\/hr\/wp-json\/wp\/v2\/product_tag?post=630"}],"curies":[{"name":"wp","href":"https:\/\/api.w.org\/{rel}","templated":true}]}}