{"id":636,"date":"2020-06-09T12:17:11","date_gmt":"2020-06-09T12:17:11","guid":{"rendered":"https:\/\/kemoton.com\/product\/tlp-cleaner-cistac-unutrasnjosti\/"},"modified":"2022-06-28T03:22:05","modified_gmt":"2022-06-28T01:22:05","slug":"tlp-cleaner-cistac-unutrasnjosti","status":"publish","type":"product","link":"https:\/\/kemoton.com\/hr\/proizvod\/tlp-cleaner-cistac-unutrasnjosti\/","title":{"rendered":"TLP CLEANER &#8211; \u010dista\u010d unutra\u0161njosti"},"content":{"rendered":"<div>Univerzalno sredstvo za \u010di\u0161\u0107enje tekstilnih, ko\u017enih i plasti\u010dnih dijelova vozila. Univerzalno formulirano sredstvo za \u010di\u0161\u0107enje svih unutra\u0161njih povr\u0161ina vozila, tako da nemate potrebe za zamjenu sredstva ovisno o vrsti podloge koju tretirate. Univerzalna formulacija vam \u0161tedi vrijeme i novac, dok kvalitetno sredstvo je dovoljno jako za svaku mrlju i dovoljno blago za svaku povr\u0161inu.<\/div>\n<div><\/div>\n<div>Prednosti:<\/div>\n<div><\/div>\n<ul>\n<li>sredstvo se blago pjeni, ugodnog je mirisa, uklanja mirise nikotina, izlu\u010devina \u017eivotinja, ostatke hrane te ostala<\/li>\n<li>zaprljanja u vozilu, mrlje sa tekstila ubudu\u0107e lak\u0161e se peru, ostavlja antistati\u010dku povr\u0161inu koja ne privla\u010di pra\u0161inu a povr\u0161ina je ugodna na dodir<\/li>\n<\/ul>\n","protected":false},"excerpt":{"rendered":"<p>Univerzalno sredstvo za \u010di\u0161\u0107enje tekstilnih, ko\u017enih i plasti\u010dnih dijelova vozila. Univerzalno formulirano sredstvo za \u010di\u0161\u0107enje svih unutra\u0161njih povr\u0161ina vozila, tako da nemate potrebe za zamjenu sredstva ovisno o vrsti podloge koju tretirate. Univerzalna formulacija vam \u0161tedi vrijeme i novac, dok kvalitetno sredstvo je dovoljno jako za svaku mrlju i dovoljno blago za svaku povr\u0161inu. Prednosti: [&#8230;]\n","protected":false},"featured_media":0,"comment_status":"open","ping_status":"closed","template":"","meta":{"_monsterinsights_skip_tracking":false,"_monsterinsights_sitenote_active":false,"_monsterinsights_sitenote_note":"","_monsterinsights_sitenote_category":0},"product_brand":[],"product_cat":[59],"product_tag":[],"class_list":{"0":"post-636","1":"product","2":"type-product","3":"status-publish","5":"product_cat-spick-span-hr","7":"first","8":"instock","9":"featured","10":"taxable","11":"shipping-taxable","12":"purchasable","13":"product-type-simple"},"yoast_head":"<!-- This site is optimized with the Yoast SEO plugin v26.6 - https:\/\/yoast.com\/wordpress\/plugins\/seo\/ -->\n<title>TLP CLEANER - \u010dista\u010d unutra\u0161njosti - KEMOTON SHOP<\/title>\n<meta name=\"robots\" content=\"index, follow, max-snippet:-1, max-image-preview:large, max-video-preview:-1\" \/>\n<link rel=\"canonical\" href=\"https:\/\/kemoton.com\/hr\/proizvod\/tlp-cleaner-cistac-unutrasnjosti\/\" \/>\n<meta property=\"og:locale\" content=\"hr_HR\" \/>\n<meta property=\"og:type\" content=\"article\" \/>\n<meta property=\"og:title\" content=\"TLP CLEANER - \u010dista\u010d unutra\u0161njosti - KEMOTON SHOP\" \/>\n<meta property=\"og:description\" content=\"Univerzalno sredstvo za \u010di\u0161\u0107enje tekstilnih, ko\u017enih i plasti\u010dnih dijelova vozila. Univerzalno formulirano sredstvo za \u010di\u0161\u0107enje svih unutra\u0161njih povr\u0161ina vozila, tako da nemate potrebe za zamjenu sredstva ovisno o vrsti podloge koju tretirate. Univerzalna formulacija vam \u0161tedi vrijeme i novac, dok kvalitetno sredstvo je dovoljno jako za svaku mrlju i dovoljno blago za svaku povr\u0161inu. Prednosti: [...]\" \/>\n<meta property=\"og:url\" content=\"https:\/\/kemoton.com\/hr\/proizvod\/tlp-cleaner-cistac-unutrasnjosti\/\" \/>\n<meta property=\"og:site_name\" content=\"KEMOTON SHOP\" \/>\n<meta property=\"article:modified_time\" content=\"2022-06-28T01:22:05+00:00\" \/>\n<meta name=\"twitter:card\" content=\"summary_large_image\" \/>\n<meta name=\"twitter:label1\" content=\"Procijenjeno vrijeme \u010ditanja\" \/>\n\t<meta name=\"twitter:data1\" content=\"1 minuta\" \/>\n<script type=\"application\/ld+json\" class=\"yoast-schema-graph\">{\"@context\":\"https:\/\/schema.org\",\"@graph\":[{\"@type\":\"WebPage\",\"@id\":\"https:\/\/kemoton.com\/hr\/proizvod\/tlp-cleaner-cistac-unutrasnjosti\/\",\"url\":\"https:\/\/kemoton.com\/hr\/proizvod\/tlp-cleaner-cistac-unutrasnjosti\/\",\"name\":\"TLP CLEANER - \u010dista\u010d unutra\u0161njosti - KEMOTON SHOP\",\"isPartOf\":{\"@id\":\"https:\/\/kemoton.com\/hr\/#website\"},\"datePublished\":\"2020-06-09T12:17:11+00:00\",\"dateModified\":\"2022-06-28T01:22:05+00:00\",\"breadcrumb\":{\"@id\":\"https:\/\/kemoton.com\/hr\/proizvod\/tlp-cleaner-cistac-unutrasnjosti\/#breadcrumb\"},\"inLanguage\":\"hr\",\"potentialAction\":[{\"@type\":\"ReadAction\",\"target\":[\"https:\/\/kemoton.com\/hr\/proizvod\/tlp-cleaner-cistac-unutrasnjosti\/\"]}]},{\"@type\":\"BreadcrumbList\",\"@id\":\"https:\/\/kemoton.com\/hr\/proizvod\/tlp-cleaner-cistac-unutrasnjosti\/#breadcrumb\",\"itemListElement\":[{\"@type\":\"ListItem\",\"position\":1,\"name\":\"Home\",\"item\":\"https:\/\/kemoton.com\/hr\/\"},{\"@type\":\"ListItem\",\"position\":2,\"name\":\"Shop\",\"item\":\"https:\/\/kemoton.com\/hr\/shop-2\/\"},{\"@type\":\"ListItem\",\"position\":3,\"name\":\"TLP CLEANER &#8211; \u010dista\u010d unutra\u0161njosti\"}]},{\"@type\":\"WebSite\",\"@id\":\"https:\/\/kemoton.com\/hr\/#website\",\"url\":\"https:\/\/kemoton.com\/hr\/\",\"name\":\"KEMOTON SHOP\",\"description\":\"Home of Brands\",\"potentialAction\":[{\"@type\":\"SearchAction\",\"target\":{\"@type\":\"EntryPoint\",\"urlTemplate\":\"https:\/\/kemoton.com\/hr\/?s={search_term_string}\"},\"query-input\":{\"@type\":\"PropertyValueSpecification\",\"valueRequired\":true,\"valueName\":\"search_term_string\"}}],\"inLanguage\":\"hr\"}]}<\/script>\n<!-- \/ Yoast SEO plugin. -->","yoast_head_json":{"title":"TLP CLEANER - \u010dista\u010d unutra\u0161njosti - KEMOTON SHOP","robots":{"index":"index","follow":"follow","max-snippet":"max-snippet:-1","max-image-preview":"max-image-preview:large","max-video-preview":"max-video-preview:-1"},"canonical":"https:\/\/kemoton.com\/hr\/proizvod\/tlp-cleaner-cistac-unutrasnjosti\/","og_locale":"hr_HR","og_type":"article","og_title":"TLP CLEANER - \u010dista\u010d unutra\u0161njosti - KEMOTON SHOP","og_description":"Univerzalno sredstvo za \u010di\u0161\u0107enje tekstilnih, ko\u017enih i plasti\u010dnih dijelova vozila. Univerzalno formulirano sredstvo za \u010di\u0161\u0107enje svih unutra\u0161njih povr\u0161ina vozila, tako da nemate potrebe za zamjenu sredstva ovisno o vrsti podloge koju tretirate. Univerzalna formulacija vam \u0161tedi vrijeme i novac, dok kvalitetno sredstvo je dovoljno jako za svaku mrlju i dovoljno blago za svaku povr\u0161inu. Prednosti: [...]","og_url":"https:\/\/kemoton.com\/hr\/proizvod\/tlp-cleaner-cistac-unutrasnjosti\/","og_site_name":"KEMOTON SHOP","article_modified_time":"2022-06-28T01:22:05+00:00","twitter_card":"summary_large_image","twitter_misc":{"Procijenjeno vrijeme \u010ditanja":"1 minuta"},"schema":{"@context":"https:\/\/schema.org","@graph":[{"@type":"WebPage","@id":"https:\/\/kemoton.com\/hr\/proizvod\/tlp-cleaner-cistac-unutrasnjosti\/","url":"https:\/\/kemoton.com\/hr\/proizvod\/tlp-cleaner-cistac-unutrasnjosti\/","name":"TLP CLEANER - \u010dista\u010d unutra\u0161njosti - KEMOTON SHOP","isPartOf":{"@id":"https:\/\/kemoton.com\/hr\/#website"},"datePublished":"2020-06-09T12:17:11+00:00","dateModified":"2022-06-28T01:22:05+00:00","breadcrumb":{"@id":"https:\/\/kemoton.com\/hr\/proizvod\/tlp-cleaner-cistac-unutrasnjosti\/#breadcrumb"},"inLanguage":"hr","potentialAction":[{"@type":"ReadAction","target":["https:\/\/kemoton.com\/hr\/proizvod\/tlp-cleaner-cistac-unutrasnjosti\/"]}]},{"@type":"BreadcrumbList","@id":"https:\/\/kemoton.com\/hr\/proizvod\/tlp-cleaner-cistac-unutrasnjosti\/#breadcrumb","itemListElement":[{"@type":"ListItem","position":1,"name":"Home","item":"https:\/\/kemoton.com\/hr\/"},{"@type":"ListItem","position":2,"name":"Shop","item":"https:\/\/kemoton.com\/hr\/shop-2\/"},{"@type":"ListItem","position":3,"name":"TLP CLEANER &#8211; \u010dista\u010d unutra\u0161njosti"}]},{"@type":"WebSite","@id":"https:\/\/kemoton.com\/hr\/#website","url":"https:\/\/kemoton.com\/hr\/","name":"KEMOTON SHOP","description":"Home of Brands","potentialAction":[{"@type":"SearchAction","target":{"@type":"EntryPoint","urlTemplate":"https:\/\/kemoton.com\/hr\/?s={search_term_string}"},"query-input":{"@type":"PropertyValueSpecification","valueRequired":true,"valueName":"search_term_string"}}],"inLanguage":"hr"}]}},"jetpack_sharing_enabled":true,"_links":{"self":[{"href":"https:\/\/kemoton.com\/hr\/wp-json\/wp\/v2\/product\/636","targetHints":{"allow":["GET"]}}],"collection":[{"href":"https:\/\/kemoton.com\/hr\/wp-json\/wp\/v2\/product"}],"about":[{"href":"https:\/\/kemoton.com\/hr\/wp-json\/wp\/v2\/types\/product"}],"replies":[{"embeddable":true,"href":"https:\/\/kemoton.com\/hr\/wp-json\/wp\/v2\/comments?post=636"}],"wp:attachment":[{"href":"https:\/\/kemoton.com\/hr\/wp-json\/wp\/v2\/media?parent=636"}],"wp:term":[{"taxonomy":"product_brand","embeddable":true,"href":"https:\/\/kemoton.com\/hr\/wp-json\/wp\/v2\/product_brand?post=636"},{"taxonomy":"product_cat","embeddable":true,"href":"https:\/\/kemoton.com\/hr\/wp-json\/wp\/v2\/product_cat?post=636"},{"taxonomy":"product_tag","embeddable":true,"href":"https:\/\/kemoton.com\/hr\/wp-json\/wp\/v2\/product_tag?post=636"}],"curies":[{"name":"wp","href":"https:\/\/api.w.org\/{rel}","templated":true}]}}