{"id":639,"date":"2020-06-09T12:17:12","date_gmt":"2020-06-09T12:17:12","guid":{"rendered":"https:\/\/kemoton.com\/product\/auto-blitz-rucni-auto-sampon\/"},"modified":"2020-06-09T12:17:12","modified_gmt":"2020-06-09T12:17:12","slug":"auto-blitz-rucni-auto-sampon","status":"publish","type":"product","link":"https:\/\/kemoton.com\/hr\/proizvod\/auto-blitz-rucni-auto-sampon\/","title":{"rendered":"AUTO BLITZ &#8211; Ru\u010dni auto \u0161ampon"},"content":{"rendered":"<div>\u0160ampon za ru\u010dno pranje vozila u koncentriranom obliku. Sredstvo u svojoj formulaciji sadr\u017ei potrebne sastojke za \u201cpodmazivanje\u201d povr\u0161ine laka prilikom pranja spu\u017evama, da se smanji mogu\u0107nost grebanja prljav\u0161tine po laku vozila. Bogata i stabilna pjena garantira ravnomjerno i kvalitetno pranje vozila ostavljaju\u0107i vidljivu stabilnu pjenu na tretiranoj povr\u0161ini, olak\u0161avaju\u0107i tako operateru rad i u\u0161tedu vremena.<\/div>\n<div><\/div>\n<div>Prednosti:<\/div>\n<div><\/div>\n<ul>\n<li>malo doziranje<\/li>\n<li>dugotrajna i stabilna pjena<\/li>\n<li>vra\u0107a sjaj povr\u0161ini vozila<\/li>\n<\/ul>\n","protected":false},"excerpt":{"rendered":"<p>\u0160ampon za ru\u010dno pranje vozila u koncentriranom obliku. Sredstvo u svojoj formulaciji sadr\u017ei potrebne sastojke za \u201cpodmazivanje\u201d povr\u0161ine laka prilikom pranja spu\u017evama, da se smanji mogu\u0107nost grebanja prljav\u0161tine po laku vozila. Bogata i stabilna pjena garantira ravnomjerno i kvalitetno pranje vozila ostavljaju\u0107i vidljivu stabilnu pjenu na tretiranoj povr\u0161ini, olak\u0161avaju\u0107i tako operateru rad i u\u0161tedu vremena. [&#8230;]\n","protected":false},"featured_media":282,"comment_status":"open","ping_status":"closed","template":"","meta":{"_monsterinsights_skip_tracking":false,"_monsterinsights_sitenote_active":false,"_monsterinsights_sitenote_note":"","_monsterinsights_sitenote_category":0},"product_brand":[],"product_cat":[63],"product_tag":[],"class_list":{"0":"post-639","1":"product","2":"type-product","3":"status-publish","4":"has-post-thumbnail","6":"product_cat-kemoton-professional-hr","8":"first","9":"instock","10":"taxable","11":"shipping-taxable","12":"purchasable","13":"product-type-simple"},"yoast_head":"<!-- This site is optimized with the Yoast SEO plugin v26.6 - https:\/\/yoast.com\/wordpress\/plugins\/seo\/ -->\n<title>AUTO BLITZ - Ru\u010dni auto \u0161ampon - KEMOTON SHOP<\/title>\n<meta name=\"robots\" content=\"index, follow, max-snippet:-1, max-image-preview:large, max-video-preview:-1\" \/>\n<link rel=\"canonical\" href=\"https:\/\/kemoton.com\/hr\/proizvod\/auto-blitz-rucni-auto-sampon\/\" \/>\n<meta property=\"og:locale\" content=\"hr_HR\" \/>\n<meta property=\"og:type\" content=\"article\" \/>\n<meta property=\"og:title\" content=\"AUTO BLITZ - Ru\u010dni auto \u0161ampon - KEMOTON SHOP\" \/>\n<meta property=\"og:description\" content=\"\u0160ampon za ru\u010dno pranje vozila u koncentriranom obliku. Sredstvo u svojoj formulaciji sadr\u017ei potrebne sastojke za \u201cpodmazivanje\u201d povr\u0161ine laka prilikom pranja spu\u017evama, da se smanji mogu\u0107nost grebanja prljav\u0161tine po laku vozila. Bogata i stabilna pjena garantira ravnomjerno i kvalitetno pranje vozila ostavljaju\u0107i vidljivu stabilnu pjenu na tretiranoj povr\u0161ini, olak\u0161avaju\u0107i tako operateru rad i u\u0161tedu vremena. [...]\" \/>\n<meta property=\"og:url\" content=\"https:\/\/kemoton.com\/hr\/proizvod\/auto-blitz-rucni-auto-sampon\/\" \/>\n<meta property=\"og:site_name\" content=\"KEMOTON SHOP\" \/>\n<meta property=\"og:image\" content=\"https:\/\/i0.wp.com\/kemoton.com\/wp-content\/uploads\/2020\/06\/AutoBlitzProSHOP.png?fit=800%2C800&ssl=1\" \/>\n\t<meta property=\"og:image:width\" content=\"800\" \/>\n\t<meta property=\"og:image:height\" content=\"800\" \/>\n\t<meta property=\"og:image:type\" content=\"image\/png\" \/>\n<meta name=\"twitter:card\" content=\"summary_large_image\" \/>\n<script type=\"application\/ld+json\" class=\"yoast-schema-graph\">{\"@context\":\"https:\/\/schema.org\",\"@graph\":[{\"@type\":\"WebPage\",\"@id\":\"https:\/\/kemoton.com\/hr\/proizvod\/auto-blitz-rucni-auto-sampon\/\",\"url\":\"https:\/\/kemoton.com\/hr\/proizvod\/auto-blitz-rucni-auto-sampon\/\",\"name\":\"AUTO BLITZ - Ru\u010dni auto \u0161ampon - KEMOTON SHOP\",\"isPartOf\":{\"@id\":\"https:\/\/kemoton.com\/hr\/#website\"},\"primaryImageOfPage\":{\"@id\":\"https:\/\/kemoton.com\/hr\/proizvod\/auto-blitz-rucni-auto-sampon\/#primaryimage\"},\"image\":{\"@id\":\"https:\/\/kemoton.com\/hr\/proizvod\/auto-blitz-rucni-auto-sampon\/#primaryimage\"},\"thumbnailUrl\":\"https:\/\/i0.wp.com\/kemoton.com\/wp-content\/uploads\/2020\/06\/AutoBlitzProSHOP.png?fit=800%2C800&ssl=1\",\"datePublished\":\"2020-06-09T12:17:12+00:00\",\"breadcrumb\":{\"@id\":\"https:\/\/kemoton.com\/hr\/proizvod\/auto-blitz-rucni-auto-sampon\/#breadcrumb\"},\"inLanguage\":\"hr\",\"potentialAction\":[{\"@type\":\"ReadAction\",\"target\":[\"https:\/\/kemoton.com\/hr\/proizvod\/auto-blitz-rucni-auto-sampon\/\"]}]},{\"@type\":\"ImageObject\",\"inLanguage\":\"hr\",\"@id\":\"https:\/\/kemoton.com\/hr\/proizvod\/auto-blitz-rucni-auto-sampon\/#primaryimage\",\"url\":\"https:\/\/i0.wp.com\/kemoton.com\/wp-content\/uploads\/2020\/06\/AutoBlitzProSHOP.png?fit=800%2C800&ssl=1\",\"contentUrl\":\"https:\/\/i0.wp.com\/kemoton.com\/wp-content\/uploads\/2020\/06\/AutoBlitzProSHOP.png?fit=800%2C800&ssl=1\",\"width\":800,\"height\":800},{\"@type\":\"BreadcrumbList\",\"@id\":\"https:\/\/kemoton.com\/hr\/proizvod\/auto-blitz-rucni-auto-sampon\/#breadcrumb\",\"itemListElement\":[{\"@type\":\"ListItem\",\"position\":1,\"name\":\"Home\",\"item\":\"https:\/\/kemoton.com\/hr\/\"},{\"@type\":\"ListItem\",\"position\":2,\"name\":\"Shop\",\"item\":\"https:\/\/kemoton.com\/hr\/shop-2\/\"},{\"@type\":\"ListItem\",\"position\":3,\"name\":\"AUTO BLITZ &#8211; Ru\u010dni auto \u0161ampon\"}]},{\"@type\":\"WebSite\",\"@id\":\"https:\/\/kemoton.com\/hr\/#website\",\"url\":\"https:\/\/kemoton.com\/hr\/\",\"name\":\"KEMOTON SHOP\",\"description\":\"Home of Brands\",\"potentialAction\":[{\"@type\":\"SearchAction\",\"target\":{\"@type\":\"EntryPoint\",\"urlTemplate\":\"https:\/\/kemoton.com\/hr\/?s={search_term_string}\"},\"query-input\":{\"@type\":\"PropertyValueSpecification\",\"valueRequired\":true,\"valueName\":\"search_term_string\"}}],\"inLanguage\":\"hr\"}]}<\/script>\n<!-- \/ Yoast SEO plugin. -->","yoast_head_json":{"title":"AUTO BLITZ - Ru\u010dni auto \u0161ampon - KEMOTON SHOP","robots":{"index":"index","follow":"follow","max-snippet":"max-snippet:-1","max-image-preview":"max-image-preview:large","max-video-preview":"max-video-preview:-1"},"canonical":"https:\/\/kemoton.com\/hr\/proizvod\/auto-blitz-rucni-auto-sampon\/","og_locale":"hr_HR","og_type":"article","og_title":"AUTO BLITZ - Ru\u010dni auto \u0161ampon - KEMOTON SHOP","og_description":"\u0160ampon za ru\u010dno pranje vozila u koncentriranom obliku. Sredstvo u svojoj formulaciji sadr\u017ei potrebne sastojke za \u201cpodmazivanje\u201d povr\u0161ine laka prilikom pranja spu\u017evama, da se smanji mogu\u0107nost grebanja prljav\u0161tine po laku vozila. Bogata i stabilna pjena garantira ravnomjerno i kvalitetno pranje vozila ostavljaju\u0107i vidljivu stabilnu pjenu na tretiranoj povr\u0161ini, olak\u0161avaju\u0107i tako operateru rad i u\u0161tedu vremena. [...]","og_url":"https:\/\/kemoton.com\/hr\/proizvod\/auto-blitz-rucni-auto-sampon\/","og_site_name":"KEMOTON SHOP","og_image":[{"width":800,"height":800,"url":"https:\/\/i0.wp.com\/kemoton.com\/wp-content\/uploads\/2020\/06\/AutoBlitzProSHOP.png?fit=800%2C800&ssl=1","type":"image\/png"}],"twitter_card":"summary_large_image","schema":{"@context":"https:\/\/schema.org","@graph":[{"@type":"WebPage","@id":"https:\/\/kemoton.com\/hr\/proizvod\/auto-blitz-rucni-auto-sampon\/","url":"https:\/\/kemoton.com\/hr\/proizvod\/auto-blitz-rucni-auto-sampon\/","name":"AUTO BLITZ - Ru\u010dni auto \u0161ampon - KEMOTON SHOP","isPartOf":{"@id":"https:\/\/kemoton.com\/hr\/#website"},"primaryImageOfPage":{"@id":"https:\/\/kemoton.com\/hr\/proizvod\/auto-blitz-rucni-auto-sampon\/#primaryimage"},"image":{"@id":"https:\/\/kemoton.com\/hr\/proizvod\/auto-blitz-rucni-auto-sampon\/#primaryimage"},"thumbnailUrl":"https:\/\/i0.wp.com\/kemoton.com\/wp-content\/uploads\/2020\/06\/AutoBlitzProSHOP.png?fit=800%2C800&ssl=1","datePublished":"2020-06-09T12:17:12+00:00","breadcrumb":{"@id":"https:\/\/kemoton.com\/hr\/proizvod\/auto-blitz-rucni-auto-sampon\/#breadcrumb"},"inLanguage":"hr","potentialAction":[{"@type":"ReadAction","target":["https:\/\/kemoton.com\/hr\/proizvod\/auto-blitz-rucni-auto-sampon\/"]}]},{"@type":"ImageObject","inLanguage":"hr","@id":"https:\/\/kemoton.com\/hr\/proizvod\/auto-blitz-rucni-auto-sampon\/#primaryimage","url":"https:\/\/i0.wp.com\/kemoton.com\/wp-content\/uploads\/2020\/06\/AutoBlitzProSHOP.png?fit=800%2C800&ssl=1","contentUrl":"https:\/\/i0.wp.com\/kemoton.com\/wp-content\/uploads\/2020\/06\/AutoBlitzProSHOP.png?fit=800%2C800&ssl=1","width":800,"height":800},{"@type":"BreadcrumbList","@id":"https:\/\/kemoton.com\/hr\/proizvod\/auto-blitz-rucni-auto-sampon\/#breadcrumb","itemListElement":[{"@type":"ListItem","position":1,"name":"Home","item":"https:\/\/kemoton.com\/hr\/"},{"@type":"ListItem","position":2,"name":"Shop","item":"https:\/\/kemoton.com\/hr\/shop-2\/"},{"@type":"ListItem","position":3,"name":"AUTO BLITZ &#8211; Ru\u010dni auto \u0161ampon"}]},{"@type":"WebSite","@id":"https:\/\/kemoton.com\/hr\/#website","url":"https:\/\/kemoton.com\/hr\/","name":"KEMOTON SHOP","description":"Home of Brands","potentialAction":[{"@type":"SearchAction","target":{"@type":"EntryPoint","urlTemplate":"https:\/\/kemoton.com\/hr\/?s={search_term_string}"},"query-input":{"@type":"PropertyValueSpecification","valueRequired":true,"valueName":"search_term_string"}}],"inLanguage":"hr"}]}},"jetpack_sharing_enabled":true,"_links":{"self":[{"href":"https:\/\/kemoton.com\/hr\/wp-json\/wp\/v2\/product\/639","targetHints":{"allow":["GET"]}}],"collection":[{"href":"https:\/\/kemoton.com\/hr\/wp-json\/wp\/v2\/product"}],"about":[{"href":"https:\/\/kemoton.com\/hr\/wp-json\/wp\/v2\/types\/product"}],"replies":[{"embeddable":true,"href":"https:\/\/kemoton.com\/hr\/wp-json\/wp\/v2\/comments?post=639"}],"wp:featuredmedia":[{"embeddable":true,"href":"https:\/\/kemoton.com\/hr\/wp-json\/wp\/v2\/media\/282"}],"wp:attachment":[{"href":"https:\/\/kemoton.com\/hr\/wp-json\/wp\/v2\/media?parent=639"}],"wp:term":[{"taxonomy":"product_brand","embeddable":true,"href":"https:\/\/kemoton.com\/hr\/wp-json\/wp\/v2\/product_brand?post=639"},{"taxonomy":"product_cat","embeddable":true,"href":"https:\/\/kemoton.com\/hr\/wp-json\/wp\/v2\/product_cat?post=639"},{"taxonomy":"product_tag","embeddable":true,"href":"https:\/\/kemoton.com\/hr\/wp-json\/wp\/v2\/product_tag?post=639"}],"curies":[{"name":"wp","href":"https:\/\/api.w.org\/{rel}","templated":true}]}}