{"id":646,"date":"2020-06-09T12:17:13","date_gmt":"2020-06-09T12:17:13","guid":{"rendered":"https:\/\/kemoton.com\/product\/jetwash-powder-micropowder-detergent\/"},"modified":"2020-06-09T12:17:13","modified_gmt":"2020-06-09T12:17:13","slug":"jetwash-powder-micropowder-detergent","status":"publish","type":"product","link":"https:\/\/kemoton.com\/hr\/proizvod\/jetwash-powder-micropowder-detergent\/","title":{"rendered":"JetWash Powder &#8211; pra\u0161ak za samoposlu\u017ene praonice"},"content":{"rendered":"<div><\/div>\n<div>JetWash Powder je pra\u0161kasti deterd\u017eent, s visokim stupnjem stvaranja pjene, posebno pogodan za samoposlu\u017ene autopraonice. JetWash Powder je mikropra\u0161ak posebno pogodan za pranje visokim pritiskom u samoposlu\u017enim autopraonicama. Optimalna formulacija, lu\u017enatost i specifi\u010dne aktivne tvari daju proizvodu visoku mo\u0107 odma\u0161\u0107ivanja, uklanjanja tragova ulja te prljav\u0161tine uzrokovane vremenskim utjecajima i prometom. JetWash Powder je mikropra\u0161ak niske gusto\u0107e, lako topljiv i u hladnoj vodi i ne stvara nikakva za\u010depljenja.<\/div>\n<div><\/div>\n<div>Primjena:<\/div>\n<div>Preporu\u010dena koli\u010dina doziranja u stroju iznosi od 10g do 20g po minuti (0,1-0,5%)<\/div>\n<div>Koristiti omek\u0161anu ili deioniziranu vodu zagrijanu na 40 &#8211; 50\u00b0C<\/div>\n<p>&nbsp;<\/p>\n<p><iframe loading=\"lazy\" title=\"JetWashPowder - Commercial\" width=\"1020\" height=\"574\" src=\"https:\/\/www.youtube.com\/embed\/gBiYmQTrW-0?feature=oembed\" frameborder=\"0\" allow=\"accelerometer; autoplay; encrypted-media; gyroscope; picture-in-picture\" allowfullscreen><\/iframe><\/p>\n<p>&nbsp;<\/p>\n","protected":false},"excerpt":{"rendered":"<p>JetWash Powder je pra\u0161kasti deterd\u017eent, s visokim stupnjem stvaranja pjene, posebno pogodan za samoposlu\u017ene autopraonice. JetWash Powder je mikropra\u0161ak posebno pogodan za pranje visokim pritiskom u samoposlu\u017enim autopraonicama. Optimalna formulacija, lu\u017enatost i specifi\u010dne aktivne tvari daju proizvodu visoku mo\u0107 odma\u0161\u0107ivanja, uklanjanja tragova ulja te prljav\u0161tine uzrokovane vremenskim utjecajima i prometom. JetWash Powder je mikropra\u0161ak niske [&#8230;]\n","protected":false},"featured_media":0,"comment_status":"open","ping_status":"closed","template":"","meta":{"_monsterinsights_skip_tracking":false,"_monsterinsights_sitenote_active":false,"_monsterinsights_sitenote_note":"","_monsterinsights_sitenote_category":0},"product_brand":[],"product_cat":[63],"product_tag":[],"class_list":{"0":"post-646","1":"product","2":"type-product","3":"status-publish","5":"product_cat-kemoton-professional-hr","7":"first","8":"instock","9":"sold-individually","10":"taxable","11":"shipping-taxable","12":"purchasable","13":"product-type-simple"},"yoast_head":"<!-- This site is optimized with the Yoast SEO plugin v26.6 - https:\/\/yoast.com\/wordpress\/plugins\/seo\/ -->\n<title>JetWash Powder - pra\u0161ak za samoposlu\u017ene praonice -<\/title>\n<meta name=\"description\" content=\"JetWash Powder is a micropowder detergent, with a high foaming powder, especially suitable for the exterior car wash for high pressure washing centers.|JetWash Powder je pra\u0161kasti deterd\u017eent, s visokim stupnjem stvaranja pjene, posebno pogodan za samoposlu\u017ene autopraonice.\" \/>\n<meta name=\"robots\" content=\"index, follow, max-snippet:-1, max-image-preview:large, max-video-preview:-1\" \/>\n<link rel=\"canonical\" href=\"https:\/\/kemoton.com\/hr\/proizvod\/jetwash-powder-micropowder-detergent\/\" \/>\n<meta property=\"og:locale\" content=\"hr_HR\" \/>\n<meta property=\"og:type\" content=\"article\" \/>\n<meta property=\"og:title\" content=\"JetWash Powder - pra\u0161ak za samoposlu\u017ene praonice -\" \/>\n<meta property=\"og:description\" content=\"JetWash Powder is a micropowder detergent, with a high foaming powder, especially suitable for the exterior car wash for high pressure washing centers.|JetWash Powder je pra\u0161kasti deterd\u017eent, s visokim stupnjem stvaranja pjene, posebno pogodan za samoposlu\u017ene autopraonice.\" \/>\n<meta property=\"og:url\" content=\"https:\/\/kemoton.com\/hr\/proizvod\/jetwash-powder-micropowder-detergent\/\" \/>\n<meta property=\"og:site_name\" content=\"KEMOTON SHOP\" \/>\n<meta name=\"twitter:card\" content=\"summary_large_image\" \/>\n<meta name=\"twitter:label1\" content=\"Procijenjeno vrijeme \u010ditanja\" \/>\n\t<meta name=\"twitter:data1\" content=\"1 minuta\" \/>\n<script type=\"application\/ld+json\" class=\"yoast-schema-graph\">{\"@context\":\"https:\/\/schema.org\",\"@graph\":[{\"@type\":\"WebPage\",\"@id\":\"https:\/\/kemoton.com\/hr\/proizvod\/jetwash-powder-micropowder-detergent\/\",\"url\":\"https:\/\/kemoton.com\/hr\/proizvod\/jetwash-powder-micropowder-detergent\/\",\"name\":\"JetWash Powder - pra\u0161ak za samoposlu\u017ene praonice -\",\"isPartOf\":{\"@id\":\"https:\/\/kemoton.com\/hr\/#website\"},\"datePublished\":\"2020-06-09T12:17:13+00:00\",\"description\":\"JetWash Powder is a micropowder detergent, with a high foaming powder, especially suitable for the exterior car wash for high pressure washing centers.|JetWash Powder je pra\u0161kasti deterd\u017eent, s visokim stupnjem stvaranja pjene, posebno pogodan za samoposlu\u017ene autopraonice.\",\"breadcrumb\":{\"@id\":\"https:\/\/kemoton.com\/hr\/proizvod\/jetwash-powder-micropowder-detergent\/#breadcrumb\"},\"inLanguage\":\"hr\",\"potentialAction\":[{\"@type\":\"ReadAction\",\"target\":[\"https:\/\/kemoton.com\/hr\/proizvod\/jetwash-powder-micropowder-detergent\/\"]}]},{\"@type\":\"BreadcrumbList\",\"@id\":\"https:\/\/kemoton.com\/hr\/proizvod\/jetwash-powder-micropowder-detergent\/#breadcrumb\",\"itemListElement\":[{\"@type\":\"ListItem\",\"position\":1,\"name\":\"Home\",\"item\":\"https:\/\/kemoton.com\/hr\/\"},{\"@type\":\"ListItem\",\"position\":2,\"name\":\"Shop\",\"item\":\"https:\/\/kemoton.com\/hr\/shop-2\/\"},{\"@type\":\"ListItem\",\"position\":3,\"name\":\"JetWash Powder &#8211; pra\u0161ak za samoposlu\u017ene praonice\"}]},{\"@type\":\"WebSite\",\"@id\":\"https:\/\/kemoton.com\/hr\/#website\",\"url\":\"https:\/\/kemoton.com\/hr\/\",\"name\":\"KEMOTON SHOP\",\"description\":\"Home of Brands\",\"potentialAction\":[{\"@type\":\"SearchAction\",\"target\":{\"@type\":\"EntryPoint\",\"urlTemplate\":\"https:\/\/kemoton.com\/hr\/?s={search_term_string}\"},\"query-input\":{\"@type\":\"PropertyValueSpecification\",\"valueRequired\":true,\"valueName\":\"search_term_string\"}}],\"inLanguage\":\"hr\"}]}<\/script>\n<!-- \/ Yoast SEO plugin. -->","yoast_head_json":{"title":"JetWash Powder - pra\u0161ak za samoposlu\u017ene praonice -","description":"JetWash Powder is a micropowder detergent, with a high foaming powder, especially suitable for the exterior car wash for high pressure washing centers.|JetWash Powder je pra\u0161kasti deterd\u017eent, s visokim stupnjem stvaranja pjene, posebno pogodan za samoposlu\u017ene autopraonice.","robots":{"index":"index","follow":"follow","max-snippet":"max-snippet:-1","max-image-preview":"max-image-preview:large","max-video-preview":"max-video-preview:-1"},"canonical":"https:\/\/kemoton.com\/hr\/proizvod\/jetwash-powder-micropowder-detergent\/","og_locale":"hr_HR","og_type":"article","og_title":"JetWash Powder - pra\u0161ak za samoposlu\u017ene praonice -","og_description":"JetWash Powder is a micropowder detergent, with a high foaming powder, especially suitable for the exterior car wash for high pressure washing centers.|JetWash Powder je pra\u0161kasti deterd\u017eent, s visokim stupnjem stvaranja pjene, posebno pogodan za samoposlu\u017ene autopraonice.","og_url":"https:\/\/kemoton.com\/hr\/proizvod\/jetwash-powder-micropowder-detergent\/","og_site_name":"KEMOTON SHOP","twitter_card":"summary_large_image","twitter_misc":{"Procijenjeno vrijeme \u010ditanja":"1 minuta"},"schema":{"@context":"https:\/\/schema.org","@graph":[{"@type":"WebPage","@id":"https:\/\/kemoton.com\/hr\/proizvod\/jetwash-powder-micropowder-detergent\/","url":"https:\/\/kemoton.com\/hr\/proizvod\/jetwash-powder-micropowder-detergent\/","name":"JetWash Powder - pra\u0161ak za samoposlu\u017ene praonice -","isPartOf":{"@id":"https:\/\/kemoton.com\/hr\/#website"},"datePublished":"2020-06-09T12:17:13+00:00","description":"JetWash Powder is a micropowder detergent, with a high foaming powder, especially suitable for the exterior car wash for high pressure washing centers.|JetWash Powder je pra\u0161kasti deterd\u017eent, s visokim stupnjem stvaranja pjene, posebno pogodan za samoposlu\u017ene autopraonice.","breadcrumb":{"@id":"https:\/\/kemoton.com\/hr\/proizvod\/jetwash-powder-micropowder-detergent\/#breadcrumb"},"inLanguage":"hr","potentialAction":[{"@type":"ReadAction","target":["https:\/\/kemoton.com\/hr\/proizvod\/jetwash-powder-micropowder-detergent\/"]}]},{"@type":"BreadcrumbList","@id":"https:\/\/kemoton.com\/hr\/proizvod\/jetwash-powder-micropowder-detergent\/#breadcrumb","itemListElement":[{"@type":"ListItem","position":1,"name":"Home","item":"https:\/\/kemoton.com\/hr\/"},{"@type":"ListItem","position":2,"name":"Shop","item":"https:\/\/kemoton.com\/hr\/shop-2\/"},{"@type":"ListItem","position":3,"name":"JetWash Powder &#8211; pra\u0161ak za samoposlu\u017ene praonice"}]},{"@type":"WebSite","@id":"https:\/\/kemoton.com\/hr\/#website","url":"https:\/\/kemoton.com\/hr\/","name":"KEMOTON SHOP","description":"Home of Brands","potentialAction":[{"@type":"SearchAction","target":{"@type":"EntryPoint","urlTemplate":"https:\/\/kemoton.com\/hr\/?s={search_term_string}"},"query-input":{"@type":"PropertyValueSpecification","valueRequired":true,"valueName":"search_term_string"}}],"inLanguage":"hr"}]}},"jetpack_sharing_enabled":true,"_links":{"self":[{"href":"https:\/\/kemoton.com\/hr\/wp-json\/wp\/v2\/product\/646","targetHints":{"allow":["GET"]}}],"collection":[{"href":"https:\/\/kemoton.com\/hr\/wp-json\/wp\/v2\/product"}],"about":[{"href":"https:\/\/kemoton.com\/hr\/wp-json\/wp\/v2\/types\/product"}],"replies":[{"embeddable":true,"href":"https:\/\/kemoton.com\/hr\/wp-json\/wp\/v2\/comments?post=646"}],"wp:attachment":[{"href":"https:\/\/kemoton.com\/hr\/wp-json\/wp\/v2\/media?parent=646"}],"wp:term":[{"taxonomy":"product_brand","embeddable":true,"href":"https:\/\/kemoton.com\/hr\/wp-json\/wp\/v2\/product_brand?post=646"},{"taxonomy":"product_cat","embeddable":true,"href":"https:\/\/kemoton.com\/hr\/wp-json\/wp\/v2\/product_cat?post=646"},{"taxonomy":"product_tag","embeddable":true,"href":"https:\/\/kemoton.com\/hr\/wp-json\/wp\/v2\/product_tag?post=646"}],"curies":[{"name":"wp","href":"https:\/\/api.w.org\/{rel}","templated":true}]}}